{"id":107,"date":"2015-06-19T16:37:20","date_gmt":"2015-06-19T16:37:20","guid":{"rendered":"http:\/\/escuelademagia.com\/?page_id=107"},"modified":"2025-08-25T10:34:47","modified_gmt":"2025-08-25T10:34:47","slug":"curso-profesional-magia-senior","status":"publish","type":"page","link":"https:\/\/escuelademagia.net\/ca\/curso-profesional-magia-senior\/","title":{"rendered":"CURSO PROFESIONAL DE MAGIA"},"content":{"rendered":"<div class=\"article-content\">\n<h2><strong><span style=\"color: #ff0000;\">\u00a1MATR\u00cdCULA ABIERTA CURSO 2023-24!<\/span><br \/>\n<\/strong><\/h2>\n<p><a href=\"http:\/\/escuelademagia.net\/wp-content\/uploads\/2015\/06\/3.jpg\"><img loading=\"lazy\" decoding=\"async\" class=\"alignnone wp-image-601\" src=\"http:\/\/escuelademagia.net\/wp-content\/uploads\/2015\/06\/3-300x206.jpg\" alt=\"3\" width=\"351\" height=\"241\" srcset=\"https:\/\/escuelademagia.net\/wp-content\/uploads\/2015\/06\/3-300x206.jpg 300w, https:\/\/escuelademagia.net\/wp-content\/uploads\/2015\/06\/3-218x150.jpg 218w, https:\/\/escuelademagia.net\/wp-content\/uploads\/2015\/06\/3-150x103.jpg 150w, https:\/\/escuelademagia.net\/wp-content\/uploads\/2015\/06\/3.jpg 425w\" sizes=\"auto, (max-width: 351px) 100vw, 351px\" \/><\/a>\u00a0\u00a0 <a href=\"http:\/\/escuelademagia.net\/wp-content\/uploads\/2015\/06\/GEORGE.jpg\"><img loading=\"lazy\" decoding=\"async\" class=\"alignnone wp-image-659\" src=\"http:\/\/escuelademagia.net\/wp-content\/uploads\/2015\/06\/GEORGE-300x221.jpg\" alt=\"GEORGE\" width=\"327\" height=\"241\" srcset=\"https:\/\/escuelademagia.net\/wp-content\/uploads\/2015\/06\/GEORGE-300x221.jpg 300w, https:\/\/escuelademagia.net\/wp-content\/uploads\/2015\/06\/GEORGE-203x150.jpg 203w, https:\/\/escuelademagia.net\/wp-content\/uploads\/2015\/06\/GEORGE-150x111.jpg 150w, https:\/\/escuelademagia.net\/wp-content\/uploads\/2015\/06\/GEORGE.jpg 397w\" sizes=\"auto, (max-width: 327px) 100vw, 327px\" \/><\/a><\/p>\n<p>Nuestros cursos profesionales se componen de <span style=\"color: #ff0000;\"><span style=\"color: #ffffff;\"><strong>cuatro\u00a0 cursos<\/strong> de un a\u00f1o escolar de duraci\u00f3n cada uno<\/span><strong> + <span style=\"color: #ff9900;\">(<em>si lo quieres<\/em>)<\/span>\u00a0 <span style=\"color: #ffffff;\">un m\u00e1ster de especializaci\u00f3n de dos a\u00f1os.<\/span><\/strong><\/span><br \/>\nTras ellos el alumno sale preparado para enfrentarse a cualquier reto m\u00e1gico con plenas garant\u00edas de \u00e9xito.<br \/>\nEn \u00e9l se introducir\u00e1 al alumno en el maravilloso mundo de la Magia de mano de aut\u00e9nticos especialistas en Magia (<span style=\"color: #999999;\">Ver profesorado<\/span>),<br \/>\ncon formaci\u00f3n de:<\/p>\n<ul>\n<li><span style=\"color: #ff0000;\">Magia de escenario<br \/>\n<\/span><\/li>\n<li><span style=\"color: #ff0000;\">Magia de sal\u00f3n<\/span><\/li>\n<li><span style=\"color: #ff0000;\">Manipulaci\u00f3n<\/span><\/li>\n<li><span style=\"color: #ff0000;\">Hipnosis<\/span><\/li>\n<li><span style=\"color: #ff0000;\">Mentalismo<\/span><\/li>\n<li><span style=\"color: #ff0000;\">Magia de cerca<\/span><\/li>\n<li><span style=\"color: #ff0000;\">Cartomagia<\/span><\/li>\n<li><span style=\"color: #ff0000;\">Magia electr\u00f3nica<\/span><\/li>\n<li><span style=\"color: #ff0000;\">Maquillaje<\/span><\/li>\n<li><span style=\"color: #ff0000;\">Sonido e iluminaci\u00f3n<\/span><\/li>\n<li><span style=\"color: #ff0000;\">Interpretaci\u00f3n teatral<\/span><\/li>\n<li><span style=\"color: #ff0000;\">Expresi\u00f3n corporal<\/span><\/li>\n<li><span style=\"color: #ff0000;\">Escenograf\u00eda<\/span><\/li>\n<li><span style=\"color: #ff0000;\">B\u00fasqueda del personaje<\/span><\/li>\n<li><span style=\"color: #ff0000;\">Artes anexa<\/span><\/li>\n<li><span style=\"color: #ff0000;\">Gimnasia para la Magia<\/span><\/li>\n<li><span style=\"color: #ff0000;\">Neuromagia<\/span><\/li>\n<li><span style=\"color: #ff0000;\">Historia de la Magia<\/span><\/li>\n<li><span style=\"color: #ff0000;\">Teor\u00eda M\u00e1gica<\/span><\/li>\n<\/ul>\n<p>Si est\u00e1s interesado en saber m\u00e1s de las materias impartidas, ponte en contacto con nosotros en el n\u00famero de tel\u00e9fono indicado m\u00e1s abajo<strong>\u00a0<\/strong><\/p>\n<p><strong><span style=\"color: #ff0000;\">CONSULTAR HORARIO DE CURSOS Y NIVELES<\/span><\/strong><\/p>\n<p><strong><span style=\"color: #ff0000;\">Precio:<\/span>\u00a0 <\/strong><strong>Matr\u00edcula 120\u202f\u20ac y 135\u202f\u20ac al mes<\/strong><\/p>\n<p><strong>Edad:<\/strong> <strong>De<\/strong>\u00a0\u00a0<strong>16 a\u00f1os en adelante<\/strong><\/p>\n<p><strong>Horarios: s\u00e1bados (dos al mes) de 10:00 h a 14:00 h<\/strong><strong><br \/>\n<\/strong><\/p>\n<p><strong><span style=\"color: #ff0000;\">PLAZAS LIMITADAS<\/span><\/strong><\/p>\n<ul>\n<li>Posibilidad de recuperaci\u00f3n de clases<\/li>\n<li>Apoyo online y repasos<\/li>\n<li>Profesorado variado y especializado<\/li>\n<li>Tutor\u00edas personales<\/li>\n<\/ul>\n<\/div>\n<p>\u00a0<\/p>\n","protected":false},"excerpt":{"rendered":"<p class=\"continue-reading-button\"> <a class=\"continue-reading-link\" href=\"https:\/\/escuelademagia.net\/ca\/curso-profesional-magia-senior\/\"><i class=\"crycon-right-dir\"><\/i><\/a><\/p>\n","protected":false},"author":1,"featured_media":0,"parent":0,"menu_order":0,"comment_status":"closed","ping_status":"closed","template":"","meta":{"_crdt_document":"","footnotes":""},"class_list":["post-107","page","type-page","status-publish","hentry"],"translation":{"provider":"WPGlobus","version":"3.0.2","language":"ca","enabled_languages":["es","ca"],"languages":{"es":{"title":true,"content":true,"excerpt":false},"ca":{"title":false,"content":false,"excerpt":false}}},"yoast_head":"<!-- This site is optimized with the Yoast SEO plugin v27.4 - https:\/\/yoast.com\/product\/yoast-seo-wordpress\/ -->\n<title>CURSO PROFESIONAL DE MAGIA - Escuela de Magia<\/title>\n<meta name=\"robots\" content=\"index, follow, max-snippet:-1, max-image-preview:large, max-video-preview:-1\" \/>\n<link rel=\"canonical\" href=\"https:\/\/escuelademagia.net\/curso-profesional-magia-senior\/\" \/>\n<meta property=\"og:locale\" content=\"ca_ES\" \/>\n<meta property=\"og:type\" content=\"article\" \/>\n<meta property=\"og:title\" content=\"CURSO PROFESIONAL DE MAGIA - Escuela de Magia\" \/>\n<meta property=\"og:url\" content=\"https:\/\/escuelademagia.net\/curso-profesional-magia-senior\/\" \/>\n<meta property=\"og:site_name\" content=\"Escuela de Magia\" \/>\n<meta property=\"article:publisher\" content=\"https:\/\/www.facebook.com\/escuela3detrebol\" \/>\n<meta property=\"article:modified_time\" content=\"2025-08-25T10:34:47+00:00\" \/>\n<meta property=\"og:image\" content=\"https:\/\/escuelademagia.net\/wp-content\/uploads\/2015\/06\/3.jpg\" \/>\n\t<meta property=\"og:image:width\" content=\"425\" \/>\n\t<meta property=\"og:image:height\" content=\"292\" \/>\n\t<meta property=\"og:image:type\" content=\"image\/jpeg\" \/>\n<meta name=\"twitter:card\" content=\"summary_large_image\" \/>\n<meta name=\"twitter:label1\" content=\"Est. reading time\" \/>\n\t<meta name=\"twitter:data1\" content=\"2 minutes\" \/>\n<script type=\"application\/ld+json\" class=\"yoast-schema-graph\">{\"@context\":\"https:\\\/\\\/schema.org\",\"@graph\":[{\"@type\":\"WebPage\",\"@id\":\"https:\\\/\\\/escuelademagia.net\\\/curso-profesional-magia-senior\\\/\",\"url\":\"https:\\\/\\\/escuelademagia.net\\\/curso-profesional-magia-senior\\\/\",\"name\":\"CURSO PROFESIONAL DE MAGIA - Escuela de Magia\",\"isPartOf\":{\"@id\":\"https:\\\/\\\/escuelademagia.net\\\/#website\"},\"primaryImageOfPage\":{\"@id\":\"https:\\\/\\\/escuelademagia.net\\\/curso-profesional-magia-senior\\\/#primaryimage\"},\"image\":{\"@id\":\"https:\\\/\\\/escuelademagia.net\\\/curso-profesional-magia-senior\\\/#primaryimage\"},\"thumbnailUrl\":\"http:\\\/\\\/escuelademagia.net\\\/wp-content\\\/uploads\\\/2015\\\/06\\\/3-300x206.jpg\",\"datePublished\":\"2015-06-19T16:37:20+00:00\",\"dateModified\":\"2025-08-25T10:34:47+00:00\",\"breadcrumb\":{\"@id\":\"https:\\\/\\\/escuelademagia.net\\\/curso-profesional-magia-senior\\\/#breadcrumb\"},\"inLanguage\":\"ca-ES\",\"potentialAction\":[{\"@type\":\"ReadAction\",\"target\":[\"https:\\\/\\\/escuelademagia.net\\\/curso-profesional-magia-senior\\\/\"]}]},{\"@type\":\"ImageObject\",\"inLanguage\":\"ca-ES\",\"@id\":\"https:\\\/\\\/escuelademagia.net\\\/curso-profesional-magia-senior\\\/#primaryimage\",\"url\":\"http:\\\/\\\/escuelademagia.net\\\/wp-content\\\/uploads\\\/2015\\\/06\\\/3-300x206.jpg\",\"contentUrl\":\"http:\\\/\\\/escuelademagia.net\\\/wp-content\\\/uploads\\\/2015\\\/06\\\/3-300x206.jpg\"},{\"@type\":\"BreadcrumbList\",\"@id\":\"https:\\\/\\\/escuelademagia.net\\\/curso-profesional-magia-senior\\\/#breadcrumb\",\"itemListElement\":[{\"@type\":\"ListItem\",\"position\":1,\"name\":\"Portada\",\"item\":\"https:\\\/\\\/escuelademagia.net\\\/\"},{\"@type\":\"ListItem\",\"position\":2,\"name\":\"CURSO PROFESIONAL DE MAGIA\"}]},{\"@type\":\"WebSite\",\"@id\":\"https:\\\/\\\/escuelademagia.net\\\/#website\",\"url\":\"https:\\\/\\\/escuelademagia.net\\\/\",\"name\":\"{:es}Escuela de Magia{:}{:ca}Escola de M\u00e0gia{:}\",\"description\":\"Escola de M&Atilde;&nbsp;gia a Barcelona per aficionats i profesionals\",\"publisher\":{\"@id\":\"https:\\\/\\\/escuelademagia.net\\\/#organization\"},\"potentialAction\":[{\"@type\":\"SearchAction\",\"target\":{\"@type\":\"EntryPoint\",\"urlTemplate\":\"https:\\\/\\\/escuelademagia.net\\\/?s={search_term_string}\"},\"query-input\":{\"@type\":\"PropertyValueSpecification\",\"valueRequired\":true,\"valueName\":\"search_term_string\"}}],\"inLanguage\":\"ca-ES\"},{\"@type\":\"Organization\",\"@id\":\"https:\\\/\\\/escuelademagia.net\\\/#organization\",\"name\":\"{:es}Escuela de Magia{:}{:ca}Escola de M\u00e0gia{:}\",\"url\":\"https:\\\/\\\/escuelademagia.net\\\/\",\"logo\":{\"@type\":\"ImageObject\",\"inLanguage\":\"ca-ES\",\"@id\":\"https:\\\/\\\/escuelademagia.net\\\/#\\\/schema\\\/logo\\\/image\\\/\",\"url\":\"http:\\\/\\\/escuelademagia.net\\\/wp-content\\\/uploads\\\/2024\\\/10\\\/logo-3detrebol.jpg\",\"contentUrl\":\"http:\\\/\\\/escuelademagia.net\\\/wp-content\\\/uploads\\\/2024\\\/10\\\/logo-3detrebol.jpg\",\"width\":669,\"height\":568,\"caption\":\"{:es}Escuela de Magia{:}{:ca}Escola de M\u00e0gia{:}\"},\"image\":{\"@id\":\"https:\\\/\\\/escuelademagia.net\\\/#\\\/schema\\\/logo\\\/image\\\/\"},\"sameAs\":[\"https:\\\/\\\/www.facebook.com\\\/escuela3detrebol\",\"https:\\\/\\\/www.instagram.com\\\/escuelademagianet\\\/\"]}]}<\/script>\n<!-- \/ Yoast SEO plugin. -->","yoast_head_json":{"title":"CURSO PROFESIONAL DE MAGIA - Escuela de Magia","robots":{"index":"index","follow":"follow","max-snippet":"max-snippet:-1","max-image-preview":"max-image-preview:large","max-video-preview":"max-video-preview:-1"},"canonical":"https:\/\/escuelademagia.net\/curso-profesional-magia-senior\/","og_locale":"ca_ES","og_type":"article","og_title":"CURSO PROFESIONAL DE MAGIA - Escuela de Magia","og_url":"https:\/\/escuelademagia.net\/curso-profesional-magia-senior\/","og_site_name":"Escuela de Magia","article_publisher":"https:\/\/www.facebook.com\/escuela3detrebol","article_modified_time":"2025-08-25T10:34:47+00:00","og_image":[{"width":425,"height":292,"url":"https:\/\/escuelademagia.net\/wp-content\/uploads\/2015\/06\/3.jpg","type":"image\/jpeg"}],"twitter_card":"summary_large_image","twitter_misc":{"Est. reading time":"2 minutes"},"schema":{"@context":"https:\/\/schema.org","@graph":[{"@type":"WebPage","@id":"https:\/\/escuelademagia.net\/curso-profesional-magia-senior\/","url":"https:\/\/escuelademagia.net\/curso-profesional-magia-senior\/","name":"CURSO PROFESIONAL DE MAGIA - Escuela de Magia","isPartOf":{"@id":"https:\/\/escuelademagia.net\/#website"},"primaryImageOfPage":{"@id":"https:\/\/escuelademagia.net\/curso-profesional-magia-senior\/#primaryimage"},"image":{"@id":"https:\/\/escuelademagia.net\/curso-profesional-magia-senior\/#primaryimage"},"thumbnailUrl":"http:\/\/escuelademagia.net\/wp-content\/uploads\/2015\/06\/3-300x206.jpg","datePublished":"2015-06-19T16:37:20+00:00","dateModified":"2025-08-25T10:34:47+00:00","breadcrumb":{"@id":"https:\/\/escuelademagia.net\/curso-profesional-magia-senior\/#breadcrumb"},"inLanguage":"ca-ES","potentialAction":[{"@type":"ReadAction","target":["https:\/\/escuelademagia.net\/curso-profesional-magia-senior\/"]}]},{"@type":"ImageObject","inLanguage":"ca-ES","@id":"https:\/\/escuelademagia.net\/curso-profesional-magia-senior\/#primaryimage","url":"http:\/\/escuelademagia.net\/wp-content\/uploads\/2015\/06\/3-300x206.jpg","contentUrl":"http:\/\/escuelademagia.net\/wp-content\/uploads\/2015\/06\/3-300x206.jpg"},{"@type":"BreadcrumbList","@id":"https:\/\/escuelademagia.net\/curso-profesional-magia-senior\/#breadcrumb","itemListElement":[{"@type":"ListItem","position":1,"name":"Portada","item":"https:\/\/escuelademagia.net\/"},{"@type":"ListItem","position":2,"name":"CURSO PROFESIONAL DE MAGIA"}]},{"@type":"WebSite","@id":"https:\/\/escuelademagia.net\/#website","url":"https:\/\/escuelademagia.net\/","name":"{:es}Escuela de Magia{:}{:ca}Escola de M\u00e0gia{:}","description":"Escola de M&Atilde;&nbsp;gia a Barcelona per aficionats i profesionals","publisher":{"@id":"https:\/\/escuelademagia.net\/#organization"},"potentialAction":[{"@type":"SearchAction","target":{"@type":"EntryPoint","urlTemplate":"https:\/\/escuelademagia.net\/?s={search_term_string}"},"query-input":{"@type":"PropertyValueSpecification","valueRequired":true,"valueName":"search_term_string"}}],"inLanguage":"ca-ES"},{"@type":"Organization","@id":"https:\/\/escuelademagia.net\/#organization","name":"{:es}Escuela de Magia{:}{:ca}Escola de M\u00e0gia{:}","url":"https:\/\/escuelademagia.net\/","logo":{"@type":"ImageObject","inLanguage":"ca-ES","@id":"https:\/\/escuelademagia.net\/#\/schema\/logo\/image\/","url":"http:\/\/escuelademagia.net\/wp-content\/uploads\/2024\/10\/logo-3detrebol.jpg","contentUrl":"http:\/\/escuelademagia.net\/wp-content\/uploads\/2024\/10\/logo-3detrebol.jpg","width":669,"height":568,"caption":"{:es}Escuela de Magia{:}{:ca}Escola de M\u00e0gia{:}"},"image":{"@id":"https:\/\/escuelademagia.net\/#\/schema\/logo\/image\/"},"sameAs":["https:\/\/www.facebook.com\/escuela3detrebol","https:\/\/www.instagram.com\/escuelademagianet\/"]}]}},"_links":{"self":[{"href":"https:\/\/escuelademagia.net\/ca\/wp-json\/wp\/v2\/pages\/107","targetHints":{"allow":["GET"]}}],"collection":[{"href":"https:\/\/escuelademagia.net\/ca\/wp-json\/wp\/v2\/pages"}],"about":[{"href":"https:\/\/escuelademagia.net\/ca\/wp-json\/wp\/v2\/types\/page"}],"author":[{"embeddable":true,"href":"https:\/\/escuelademagia.net\/ca\/wp-json\/wp\/v2\/users\/1"}],"replies":[{"embeddable":true,"href":"https:\/\/escuelademagia.net\/ca\/wp-json\/wp\/v2\/comments?post=107"}],"version-history":[{"count":40,"href":"https:\/\/escuelademagia.net\/ca\/wp-json\/wp\/v2\/pages\/107\/revisions"}],"predecessor-version":[{"id":7981,"href":"https:\/\/escuelademagia.net\/ca\/wp-json\/wp\/v2\/pages\/107\/revisions\/7981"}],"wp:attachment":[{"href":"https:\/\/escuelademagia.net\/ca\/wp-json\/wp\/v2\/media?parent=107"}],"curies":[{"name":"wp","href":"https:\/\/api.w.org\/{rel}","templated":true}]}}