{"id":120,"date":"2015-06-20T07:27:26","date_gmt":"2015-06-20T07:27:26","guid":{"rendered":"http:\/\/escuelademagia.com\/?page_id=120"},"modified":"2016-05-02T04:31:37","modified_gmt":"2016-05-02T04:31:37","slug":"cursos-intensivos","status":"publish","type":"page","link":"https:\/\/escuelademagia.net\/ca\/cursos-de-magia\/cursos-intensivos\/","title":{"rendered":"CURSOS INTENSIUS"},"content":{"rendered":"<p><a href=\"http:\/\/escuelademagia.net\/wp-content\/uploads\/2015\/06\/thumbs-up.jpg\"><img loading=\"lazy\" decoding=\"async\" class=\"alignnone size-medium wp-image-737\" src=\"http:\/\/escuelademagia.net\/wp-content\/uploads\/2015\/06\/thumbs-up-300x130.jpg\" alt=\"thumbs-up\" width=\"300\" height=\"130\" srcset=\"https:\/\/escuelademagia.net\/wp-content\/uploads\/2015\/06\/thumbs-up-300x130.jpg 300w, https:\/\/escuelademagia.net\/wp-content\/uploads\/2015\/06\/thumbs-up-250x108.jpg 250w, https:\/\/escuelademagia.net\/wp-content\/uploads\/2015\/06\/thumbs-up-150x65.jpg 150w, https:\/\/escuelademagia.net\/wp-content\/uploads\/2015\/06\/thumbs-up.jpg 570w\" sizes=\"auto, (max-width: 300px) 100vw, 300px\" \/><\/a><\/p>\n<p>Quan no hi ha temps per a seguir un curs, perqu\u00e8 es dilata en el temps, per les nostres obligacions, o per motiu de la dist\u00e0ncia, per aix\u00f2 precisament tenim els cursos intensiu de dos o m\u00e9s dies que condensen en poc temps cursos mes llargs.<\/p>\n<ul>\n<li><span style=\"color: #ff9900;\"><a href=\"https:\/\/escuelademagia.net\/cursos-de-magia\/cursos-intensivos\/intensivo-iniciacion\/\" target=\"_blank\">CURS INTENSIU DE INICIACI\u00d3 A LA M\u00c0GIA 1<\/a><\/span><\/li>\n<li><a href=\"https:\/\/escuelademagia.net\/cursos-de-magia\/cursos-intensivos\/intensivo-de-iniciacion-2\/\" target=\"_blank\"><span style=\"color: #ff9900;\">CURS INTENSIU DE INICIACIO A LA M\u00c0GIA 2<\/span><\/a><\/li>\n<li><a href=\"https:\/\/escuelademagia.net\/cursos-de-magia\/cursos-intensivos\/curso-de-iniciacion-intensivo-semanal\/\" target=\"_blank\"><span style=\"color: #ff9900;\">CURSO INTENSIU DE INICIACIO A LA M\u00c0GIA DE 20H <em>(4 DIAS)<\/em><\/span><\/a><\/li>\n<li><span style=\"color: #ff9900;\">CURSOS INTENSIU D&#8217;ESPECIALITATS <em>MANIPULACIO, CARTAS ETC<\/em>  (Ver)<\/span><\/li>\n<\/ul>\n","protected":false},"excerpt":{"rendered":"<p class=\"continue-reading-button\"> <a class=\"continue-reading-link\" href=\"https:\/\/escuelademagia.net\/ca\/cursos-de-magia\/cursos-intensivos\/\"><i class=\"crycon-right-dir\"><\/i><\/a><\/p>\n","protected":false},"author":1,"featured_media":0,"parent":212,"menu_order":0,"comment_status":"closed","ping_status":"closed","template":"","meta":{"_crdt_document":"","footnotes":""},"class_list":["post-120","page","type-page","status-publish","hentry"],"translation":{"provider":"WPGlobus","version":"3.0.2","language":"ca","enabled_languages":["es","ca"],"languages":{"es":{"title":true,"content":true,"excerpt":false},"ca":{"title":true,"content":true,"excerpt":false}}},"yoast_head":"<!-- This site is optimized with the Yoast SEO plugin v27.4 - https:\/\/yoast.com\/product\/yoast-seo-wordpress\/ -->\n<title>CURSOS INTENSIUS - Escuela de Magia<\/title>\n<meta name=\"robots\" content=\"index, follow, max-snippet:-1, max-image-preview:large, max-video-preview:-1\" \/>\n<link rel=\"canonical\" href=\"https:\/\/escuelademagia.net\/cursos-de-magia\/cursos-intensivos\/\" \/>\n<meta property=\"og:locale\" content=\"ca_ES\" \/>\n<meta property=\"og:type\" content=\"article\" \/>\n<meta property=\"og:title\" content=\"CURSOS INTENSIUS - Escuela de Magia\" \/>\n<meta property=\"og:url\" content=\"https:\/\/escuelademagia.net\/cursos-de-magia\/cursos-intensivos\/\" \/>\n<meta property=\"og:site_name\" content=\"Escuela de Magia\" \/>\n<meta property=\"article:publisher\" content=\"https:\/\/www.facebook.com\/escuela3detrebol\" \/>\n<meta property=\"article:modified_time\" content=\"2016-05-02T04:31:37+00:00\" \/>\n<meta property=\"og:image\" content=\"http:\/\/escuelademagia.net\/wp-content\/uploads\/2015\/06\/thumbs-up-300x130.jpg\" \/>\n<meta name=\"twitter:card\" content=\"summary_large_image\" \/>\n<meta name=\"twitter:label1\" content=\"Est. reading time\" \/>\n\t<meta name=\"twitter:data1\" content=\"1 minute\" \/>\n<script type=\"application\/ld+json\" class=\"yoast-schema-graph\">{\"@context\":\"https:\\\/\\\/schema.org\",\"@graph\":[{\"@type\":\"WebPage\",\"@id\":\"https:\\\/\\\/escuelademagia.net\\\/cursos-de-magia\\\/cursos-intensivos\\\/\",\"url\":\"https:\\\/\\\/escuelademagia.net\\\/cursos-de-magia\\\/cursos-intensivos\\\/\",\"name\":\"CURSOS INTENSIUS - Escuela de Magia\",\"isPartOf\":{\"@id\":\"https:\\\/\\\/escuelademagia.net\\\/#website\"},\"primaryImageOfPage\":{\"@id\":\"https:\\\/\\\/escuelademagia.net\\\/cursos-de-magia\\\/cursos-intensivos\\\/#primaryimage\"},\"image\":{\"@id\":\"https:\\\/\\\/escuelademagia.net\\\/cursos-de-magia\\\/cursos-intensivos\\\/#primaryimage\"},\"thumbnailUrl\":\"http:\\\/\\\/escuelademagia.net\\\/wp-content\\\/uploads\\\/2015\\\/06\\\/thumbs-up-300x130.jpg\",\"datePublished\":\"2015-06-20T07:27:26+00:00\",\"dateModified\":\"2016-05-02T04:31:37+00:00\",\"breadcrumb\":{\"@id\":\"https:\\\/\\\/escuelademagia.net\\\/cursos-de-magia\\\/cursos-intensivos\\\/#breadcrumb\"},\"inLanguage\":\"ca-ES\",\"potentialAction\":[{\"@type\":\"ReadAction\",\"target\":[\"https:\\\/\\\/escuelademagia.net\\\/cursos-de-magia\\\/cursos-intensivos\\\/\"]}]},{\"@type\":\"ImageObject\",\"inLanguage\":\"ca-ES\",\"@id\":\"https:\\\/\\\/escuelademagia.net\\\/cursos-de-magia\\\/cursos-intensivos\\\/#primaryimage\",\"url\":\"http:\\\/\\\/escuelademagia.net\\\/wp-content\\\/uploads\\\/2015\\\/06\\\/thumbs-up-300x130.jpg\",\"contentUrl\":\"http:\\\/\\\/escuelademagia.net\\\/wp-content\\\/uploads\\\/2015\\\/06\\\/thumbs-up-300x130.jpg\"},{\"@type\":\"BreadcrumbList\",\"@id\":\"https:\\\/\\\/escuelademagia.net\\\/cursos-de-magia\\\/cursos-intensivos\\\/#breadcrumb\",\"itemListElement\":[{\"@type\":\"ListItem\",\"position\":1,\"name\":\"Portada\",\"item\":\"https:\\\/\\\/escuelademagia.net\\\/\"},{\"@type\":\"ListItem\",\"position\":2,\"name\":\"CURSOS DE MAGIA\",\"item\":\"https:\\\/\\\/escuelademagia.net\\\/cursos-de-magia\\\/\"},{\"@type\":\"ListItem\",\"position\":3,\"name\":\"CURSOS INTENSIVOS\"}]},{\"@type\":\"WebSite\",\"@id\":\"https:\\\/\\\/escuelademagia.net\\\/#website\",\"url\":\"https:\\\/\\\/escuelademagia.net\\\/\",\"name\":\"{:es}Escuela de Magia{:}{:ca}Escola de M\u00e0gia{:}\",\"description\":\"Escola de M&Atilde;&nbsp;gia a Barcelona per aficionats i profesionals\",\"publisher\":{\"@id\":\"https:\\\/\\\/escuelademagia.net\\\/#organization\"},\"potentialAction\":[{\"@type\":\"SearchAction\",\"target\":{\"@type\":\"EntryPoint\",\"urlTemplate\":\"https:\\\/\\\/escuelademagia.net\\\/?s={search_term_string}\"},\"query-input\":{\"@type\":\"PropertyValueSpecification\",\"valueRequired\":true,\"valueName\":\"search_term_string\"}}],\"inLanguage\":\"ca-ES\"},{\"@type\":\"Organization\",\"@id\":\"https:\\\/\\\/escuelademagia.net\\\/#organization\",\"name\":\"{:es}Escuela de Magia{:}{:ca}Escola de M\u00e0gia{:}\",\"url\":\"https:\\\/\\\/escuelademagia.net\\\/\",\"logo\":{\"@type\":\"ImageObject\",\"inLanguage\":\"ca-ES\",\"@id\":\"https:\\\/\\\/escuelademagia.net\\\/#\\\/schema\\\/logo\\\/image\\\/\",\"url\":\"http:\\\/\\\/escuelademagia.net\\\/wp-content\\\/uploads\\\/2024\\\/10\\\/logo-3detrebol.jpg\",\"contentUrl\":\"http:\\\/\\\/escuelademagia.net\\\/wp-content\\\/uploads\\\/2024\\\/10\\\/logo-3detrebol.jpg\",\"width\":669,\"height\":568,\"caption\":\"{:es}Escuela de Magia{:}{:ca}Escola de M\u00e0gia{:}\"},\"image\":{\"@id\":\"https:\\\/\\\/escuelademagia.net\\\/#\\\/schema\\\/logo\\\/image\\\/\"},\"sameAs\":[\"https:\\\/\\\/www.facebook.com\\\/escuela3detrebol\",\"https:\\\/\\\/www.instagram.com\\\/escuelademagianet\\\/\"]}]}<\/script>\n<!-- \/ Yoast SEO plugin. -->","yoast_head_json":{"title":"CURSOS INTENSIUS - Escuela de Magia","robots":{"index":"index","follow":"follow","max-snippet":"max-snippet:-1","max-image-preview":"max-image-preview:large","max-video-preview":"max-video-preview:-1"},"canonical":"https:\/\/escuelademagia.net\/cursos-de-magia\/cursos-intensivos\/","og_locale":"ca_ES","og_type":"article","og_title":"CURSOS INTENSIUS - Escuela de Magia","og_url":"https:\/\/escuelademagia.net\/cursos-de-magia\/cursos-intensivos\/","og_site_name":"Escuela de Magia","article_publisher":"https:\/\/www.facebook.com\/escuela3detrebol","article_modified_time":"2016-05-02T04:31:37+00:00","og_image":[{"url":"http:\/\/escuelademagia.net\/wp-content\/uploads\/2015\/06\/thumbs-up-300x130.jpg","type":"","width":"","height":""}],"twitter_card":"summary_large_image","twitter_misc":{"Est. reading time":"1 minute"},"schema":{"@context":"https:\/\/schema.org","@graph":[{"@type":"WebPage","@id":"https:\/\/escuelademagia.net\/cursos-de-magia\/cursos-intensivos\/","url":"https:\/\/escuelademagia.net\/cursos-de-magia\/cursos-intensivos\/","name":"CURSOS INTENSIUS - Escuela de Magia","isPartOf":{"@id":"https:\/\/escuelademagia.net\/#website"},"primaryImageOfPage":{"@id":"https:\/\/escuelademagia.net\/cursos-de-magia\/cursos-intensivos\/#primaryimage"},"image":{"@id":"https:\/\/escuelademagia.net\/cursos-de-magia\/cursos-intensivos\/#primaryimage"},"thumbnailUrl":"http:\/\/escuelademagia.net\/wp-content\/uploads\/2015\/06\/thumbs-up-300x130.jpg","datePublished":"2015-06-20T07:27:26+00:00","dateModified":"2016-05-02T04:31:37+00:00","breadcrumb":{"@id":"https:\/\/escuelademagia.net\/cursos-de-magia\/cursos-intensivos\/#breadcrumb"},"inLanguage":"ca-ES","potentialAction":[{"@type":"ReadAction","target":["https:\/\/escuelademagia.net\/cursos-de-magia\/cursos-intensivos\/"]}]},{"@type":"ImageObject","inLanguage":"ca-ES","@id":"https:\/\/escuelademagia.net\/cursos-de-magia\/cursos-intensivos\/#primaryimage","url":"http:\/\/escuelademagia.net\/wp-content\/uploads\/2015\/06\/thumbs-up-300x130.jpg","contentUrl":"http:\/\/escuelademagia.net\/wp-content\/uploads\/2015\/06\/thumbs-up-300x130.jpg"},{"@type":"BreadcrumbList","@id":"https:\/\/escuelademagia.net\/cursos-de-magia\/cursos-intensivos\/#breadcrumb","itemListElement":[{"@type":"ListItem","position":1,"name":"Portada","item":"https:\/\/escuelademagia.net\/"},{"@type":"ListItem","position":2,"name":"CURSOS DE MAGIA","item":"https:\/\/escuelademagia.net\/cursos-de-magia\/"},{"@type":"ListItem","position":3,"name":"CURSOS INTENSIVOS"}]},{"@type":"WebSite","@id":"https:\/\/escuelademagia.net\/#website","url":"https:\/\/escuelademagia.net\/","name":"{:es}Escuela de Magia{:}{:ca}Escola de M\u00e0gia{:}","description":"Escola de M&Atilde;&nbsp;gia a Barcelona per aficionats i profesionals","publisher":{"@id":"https:\/\/escuelademagia.net\/#organization"},"potentialAction":[{"@type":"SearchAction","target":{"@type":"EntryPoint","urlTemplate":"https:\/\/escuelademagia.net\/?s={search_term_string}"},"query-input":{"@type":"PropertyValueSpecification","valueRequired":true,"valueName":"search_term_string"}}],"inLanguage":"ca-ES"},{"@type":"Organization","@id":"https:\/\/escuelademagia.net\/#organization","name":"{:es}Escuela de Magia{:}{:ca}Escola de M\u00e0gia{:}","url":"https:\/\/escuelademagia.net\/","logo":{"@type":"ImageObject","inLanguage":"ca-ES","@id":"https:\/\/escuelademagia.net\/#\/schema\/logo\/image\/","url":"http:\/\/escuelademagia.net\/wp-content\/uploads\/2024\/10\/logo-3detrebol.jpg","contentUrl":"http:\/\/escuelademagia.net\/wp-content\/uploads\/2024\/10\/logo-3detrebol.jpg","width":669,"height":568,"caption":"{:es}Escuela de Magia{:}{:ca}Escola de M\u00e0gia{:}"},"image":{"@id":"https:\/\/escuelademagia.net\/#\/schema\/logo\/image\/"},"sameAs":["https:\/\/www.facebook.com\/escuela3detrebol","https:\/\/www.instagram.com\/escuelademagianet\/"]}]}},"_links":{"self":[{"href":"https:\/\/escuelademagia.net\/ca\/wp-json\/wp\/v2\/pages\/120","targetHints":{"allow":["GET"]}}],"collection":[{"href":"https:\/\/escuelademagia.net\/ca\/wp-json\/wp\/v2\/pages"}],"about":[{"href":"https:\/\/escuelademagia.net\/ca\/wp-json\/wp\/v2\/types\/page"}],"author":[{"embeddable":true,"href":"https:\/\/escuelademagia.net\/ca\/wp-json\/wp\/v2\/users\/1"}],"replies":[{"embeddable":true,"href":"https:\/\/escuelademagia.net\/ca\/wp-json\/wp\/v2\/comments?post=120"}],"version-history":[{"count":9,"href":"https:\/\/escuelademagia.net\/ca\/wp-json\/wp\/v2\/pages\/120\/revisions"}],"predecessor-version":[{"id":954,"href":"https:\/\/escuelademagia.net\/ca\/wp-json\/wp\/v2\/pages\/120\/revisions\/954"}],"up":[{"embeddable":true,"href":"https:\/\/escuelademagia.net\/ca\/wp-json\/wp\/v2\/pages\/212"}],"wp:attachment":[{"href":"https:\/\/escuelademagia.net\/ca\/wp-json\/wp\/v2\/media?parent=120"}],"curies":[{"name":"wp","href":"https:\/\/api.w.org\/{rel}","templated":true}]}}