{"id":127,"date":"2015-06-20T07:44:35","date_gmt":"2015-06-20T07:44:35","guid":{"rendered":"http:\/\/escuelademagia.com\/?page_id=127"},"modified":"2025-09-01T16:10:19","modified_gmt":"2025-09-01T16:10:19","slug":"curso-profesional-junior","status":"publish","type":"page","link":"https:\/\/escuelademagia.net\/ca\/cursos-de-magia\/cursos-infantiles\/curso-profesional-junior\/","title":{"rendered":"CURSO PROFESIONAL JUNIOR"},"content":{"rendered":"<div class=\"article-content\">\n<h2 style=\"text-align: center;\"><span style=\"color: #ff0000;\"><strong>! MATR\u00cdCULA ABIERTA, CURSO 2022-23!<\/strong><\/span><\/h2>\n<p><a href=\"http:\/\/escuelademagia.net\/wp-content\/uploads\/2018\/10\/DSC_2981-1.jpg\"><img loading=\"lazy\" decoding=\"async\" class=\" wp-image-3009 aligncenter\" src=\"http:\/\/escuelademagia.net\/wp-content\/uploads\/2018\/10\/DSC_2981-1-300x200.jpg\" alt=\"\" width=\"368\" height=\"245\" srcset=\"https:\/\/escuelademagia.net\/wp-content\/uploads\/2018\/10\/DSC_2981-1-300x200.jpg 300w, https:\/\/escuelademagia.net\/wp-content\/uploads\/2018\/10\/DSC_2981-1-150x100.jpg 150w, https:\/\/escuelademagia.net\/wp-content\/uploads\/2018\/10\/DSC_2981-1.jpg 425w\" sizes=\"auto, (max-width: 368px) 100vw, 368px\" \/><\/a><\/p>\n<p><strong><span style=\"color: #ff0000;\">CURSO DE MAGIA PROFESIONAL<\/span><\/strong><\/p>\n<p><span style=\"color: #ff6600;\">Curso\u00a0 de tres a\u00f1os lectivos de duraci\u00f3n + M\u00e1ster especializaci\u00f3n.<\/span><\/p>\n<p>Esta Ud. ante uno de los cursos que con m\u00e1s mimo, cari\u00f1o y seriedad hemos preparado en<span style=\"color: #ff0000;\"><span style=\"color: #ffffff;\"> E<\/span><strong>scuela de Magia.net &#8211; 3 de Tr\u00e9bol<br \/>\n<\/strong><\/span><\/p>\n<p>En \u00e9l se introducir\u00e1 al ni\u00f1o-adolescente, en el maravilloso mundo de la Magia de mano de unos aut\u00e9nticos especialistas en cada materia m\u00e1gica, con formaci\u00f3n no solo m\u00e1gica, sino de Artes Esc\u00e9nicas,\u00a0 teatro, baile, etc.<\/p>\n<p>Durante cada curso escolar los alumnos asimilar\u00e1n\u00a0 t\u00e9cnicas m\u00e1gicas tanto de escena como de cerca y sal\u00f3n.<\/p>\n<p>Y todo ello de mano de los mejores especialistas en cada materia del Mundo<\/p>\n<p>Pero adem\u00e1s&#8230;<\/p>\n<ul>\n<li>Evaluaciones peri\u00f3dicas<\/li>\n<li>Actuaciones en festivales de la Escuela<\/li>\n<li>Actuaciones en festivales m\u00e1gicos externos<\/li>\n<li>Tutor\u00edas personalizadas para cada alumno<\/li>\n<\/ul>\n<p>Si est\u00e1s interesado en saber m\u00e1s de las materias impartidas ponte en contacto con nosotros en el n\u00famero de tel\u00e9fono indicado m\u00e1s abajo<\/p>\n<p><strong>Fechas:<\/strong><\/p>\n<p>Desde el mes de Octubre del 2023\u00a0 hasta el mes de Junio del 2024, dos d\u00edas al mes 4 horas<\/p>\n<p><strong>Horario:<\/strong> Dos s\u00e1bados al mes de\u00a0 10\u202fh a 14,00 h alterno<\/p>\n<p><strong>Plazas limitadas<\/strong><\/p>\n<p><strong>Precio: matr\u00edcula 120 \u20ac y 135 \u20ac al mes<\/strong><\/p>\n<p><strong><span style=\"color: #ff0000;\">\u00a1La Matr\u00edcula CURSO 2026-2026 ya est\u00e1 ABIERTA!<\/span> <\/strong><\/p>\n<p>Para m\u00e1s informaci\u00f3n llamar al tel\u00e9fono<span style=\"color: #ff0000;\"><b> 932989572 de 16,30\u202fh a 20,30\u202fh., <\/b><\/span>o al<span style=\"color: #ff0000;\"><b> 696428407 <\/b><\/span>a cualquier hora,<\/p>\n<\/div>\n","protected":false},"excerpt":{"rendered":"<p class=\"continue-reading-button\"> <a class=\"continue-reading-link\" href=\"https:\/\/escuelademagia.net\/ca\/cursos-de-magia\/cursos-infantiles\/curso-profesional-junior\/\"><i class=\"crycon-right-dir\"><\/i><\/a><\/p>\n","protected":false},"author":1,"featured_media":609,"parent":113,"menu_order":0,"comment_status":"closed","ping_status":"closed","template":"","meta":{"_crdt_document":"","footnotes":""},"class_list":["post-127","page","type-page","status-publish","has-post-thumbnail","hentry"],"translation":{"provider":"WPGlobus","version":"3.0.2","language":"ca","enabled_languages":["es","ca"],"languages":{"es":{"title":true,"content":true,"excerpt":false},"ca":{"title":false,"content":false,"excerpt":false}}},"yoast_head":"<!-- This site is optimized with the Yoast SEO plugin v27.4 - https:\/\/yoast.com\/product\/yoast-seo-wordpress\/ -->\n<title>CURSO PROFESIONAL JUNIOR - Escuela de Magia<\/title>\n<meta name=\"robots\" content=\"index, follow, max-snippet:-1, max-image-preview:large, max-video-preview:-1\" \/>\n<link rel=\"canonical\" href=\"https:\/\/escuelademagia.net\/cursos-de-magia\/cursos-infantiles\/curso-profesional-junior\/\" \/>\n<meta property=\"og:locale\" content=\"ca_ES\" \/>\n<meta property=\"og:type\" content=\"article\" \/>\n<meta property=\"og:title\" content=\"CURSO PROFESIONAL JUNIOR - Escuela de Magia\" \/>\n<meta property=\"og:url\" content=\"https:\/\/escuelademagia.net\/cursos-de-magia\/cursos-infantiles\/curso-profesional-junior\/\" \/>\n<meta property=\"og:site_name\" content=\"Escuela de Magia\" \/>\n<meta property=\"article:publisher\" content=\"https:\/\/www.facebook.com\/escuela3detrebol\" \/>\n<meta property=\"article:modified_time\" content=\"2025-09-01T16:10:19+00:00\" \/>\n<meta property=\"og:image\" content=\"http:\/\/escuelademagia.net\/wp-content\/uploads\/2015\/06\/4.jpg\" \/>\n\t<meta property=\"og:image:width\" content=\"425\" \/>\n\t<meta property=\"og:image:height\" content=\"283\" \/>\n\t<meta property=\"og:image:type\" content=\"image\/jpeg\" \/>\n<meta name=\"twitter:card\" content=\"summary_large_image\" \/>\n<meta name=\"twitter:label1\" content=\"Est. reading time\" \/>\n\t<meta name=\"twitter:data1\" content=\"2 minutes\" \/>\n<script type=\"application\/ld+json\" class=\"yoast-schema-graph\">{\"@context\":\"https:\\\/\\\/schema.org\",\"@graph\":[{\"@type\":\"WebPage\",\"@id\":\"https:\\\/\\\/escuelademagia.net\\\/cursos-de-magia\\\/cursos-infantiles\\\/curso-profesional-junior\\\/\",\"url\":\"https:\\\/\\\/escuelademagia.net\\\/cursos-de-magia\\\/cursos-infantiles\\\/curso-profesional-junior\\\/\",\"name\":\"CURSO PROFESIONAL JUNIOR - Escuela de Magia\",\"isPartOf\":{\"@id\":\"https:\\\/\\\/escuelademagia.net\\\/#website\"},\"primaryImageOfPage\":{\"@id\":\"https:\\\/\\\/escuelademagia.net\\\/cursos-de-magia\\\/cursos-infantiles\\\/curso-profesional-junior\\\/#primaryimage\"},\"image\":{\"@id\":\"https:\\\/\\\/escuelademagia.net\\\/cursos-de-magia\\\/cursos-infantiles\\\/curso-profesional-junior\\\/#primaryimage\"},\"thumbnailUrl\":\"https:\\\/\\\/escuelademagia.net\\\/wp-content\\\/uploads\\\/2015\\\/06\\\/4.jpg\",\"datePublished\":\"2015-06-20T07:44:35+00:00\",\"dateModified\":\"2025-09-01T16:10:19+00:00\",\"breadcrumb\":{\"@id\":\"https:\\\/\\\/escuelademagia.net\\\/cursos-de-magia\\\/cursos-infantiles\\\/curso-profesional-junior\\\/#breadcrumb\"},\"inLanguage\":\"ca-ES\",\"potentialAction\":[{\"@type\":\"ReadAction\",\"target\":[\"https:\\\/\\\/escuelademagia.net\\\/cursos-de-magia\\\/cursos-infantiles\\\/curso-profesional-junior\\\/\"]}]},{\"@type\":\"ImageObject\",\"inLanguage\":\"ca-ES\",\"@id\":\"https:\\\/\\\/escuelademagia.net\\\/cursos-de-magia\\\/cursos-infantiles\\\/curso-profesional-junior\\\/#primaryimage\",\"url\":\"https:\\\/\\\/escuelademagia.net\\\/wp-content\\\/uploads\\\/2015\\\/06\\\/4.jpg\",\"contentUrl\":\"https:\\\/\\\/escuelademagia.net\\\/wp-content\\\/uploads\\\/2015\\\/06\\\/4.jpg\",\"width\":425,\"height\":283},{\"@type\":\"BreadcrumbList\",\"@id\":\"https:\\\/\\\/escuelademagia.net\\\/cursos-de-magia\\\/cursos-infantiles\\\/curso-profesional-junior\\\/#breadcrumb\",\"itemListElement\":[{\"@type\":\"ListItem\",\"position\":1,\"name\":\"Portada\",\"item\":\"https:\\\/\\\/escuelademagia.net\\\/\"},{\"@type\":\"ListItem\",\"position\":2,\"name\":\"CURSOS DE MAGIA\",\"item\":\"https:\\\/\\\/escuelademagia.net\\\/cursos-de-magia\\\/\"},{\"@type\":\"ListItem\",\"position\":3,\"name\":\"CURSOS INFANTILES DE MAGIA\",\"item\":\"https:\\\/\\\/escuelademagia.net\\\/cursos-de-magia\\\/cursos-infantiles\\\/\"},{\"@type\":\"ListItem\",\"position\":4,\"name\":\"CURSO PROFESIONAL JUNIOR\"}]},{\"@type\":\"WebSite\",\"@id\":\"https:\\\/\\\/escuelademagia.net\\\/#website\",\"url\":\"https:\\\/\\\/escuelademagia.net\\\/\",\"name\":\"{:es}Escuela de Magia{:}{:ca}Escola de M\u00e0gia{:}\",\"description\":\"Escola de M&Atilde;&nbsp;gia a Barcelona per aficionats i profesionals\",\"publisher\":{\"@id\":\"https:\\\/\\\/escuelademagia.net\\\/#organization\"},\"potentialAction\":[{\"@type\":\"SearchAction\",\"target\":{\"@type\":\"EntryPoint\",\"urlTemplate\":\"https:\\\/\\\/escuelademagia.net\\\/?s={search_term_string}\"},\"query-input\":{\"@type\":\"PropertyValueSpecification\",\"valueRequired\":true,\"valueName\":\"search_term_string\"}}],\"inLanguage\":\"ca-ES\"},{\"@type\":\"Organization\",\"@id\":\"https:\\\/\\\/escuelademagia.net\\\/#organization\",\"name\":\"{:es}Escuela de Magia{:}{:ca}Escola de M\u00e0gia{:}\",\"url\":\"https:\\\/\\\/escuelademagia.net\\\/\",\"logo\":{\"@type\":\"ImageObject\",\"inLanguage\":\"ca-ES\",\"@id\":\"https:\\\/\\\/escuelademagia.net\\\/#\\\/schema\\\/logo\\\/image\\\/\",\"url\":\"http:\\\/\\\/escuelademagia.net\\\/wp-content\\\/uploads\\\/2024\\\/10\\\/logo-3detrebol.jpg\",\"contentUrl\":\"http:\\\/\\\/escuelademagia.net\\\/wp-content\\\/uploads\\\/2024\\\/10\\\/logo-3detrebol.jpg\",\"width\":669,\"height\":568,\"caption\":\"{:es}Escuela de Magia{:}{:ca}Escola de M\u00e0gia{:}\"},\"image\":{\"@id\":\"https:\\\/\\\/escuelademagia.net\\\/#\\\/schema\\\/logo\\\/image\\\/\"},\"sameAs\":[\"https:\\\/\\\/www.facebook.com\\\/escuela3detrebol\",\"https:\\\/\\\/www.instagram.com\\\/escuelademagianet\\\/\"]}]}<\/script>\n<!-- \/ Yoast SEO plugin. -->","yoast_head_json":{"title":"CURSO PROFESIONAL JUNIOR - Escuela de Magia","robots":{"index":"index","follow":"follow","max-snippet":"max-snippet:-1","max-image-preview":"max-image-preview:large","max-video-preview":"max-video-preview:-1"},"canonical":"https:\/\/escuelademagia.net\/cursos-de-magia\/cursos-infantiles\/curso-profesional-junior\/","og_locale":"ca_ES","og_type":"article","og_title":"CURSO PROFESIONAL JUNIOR - Escuela de Magia","og_url":"https:\/\/escuelademagia.net\/cursos-de-magia\/cursos-infantiles\/curso-profesional-junior\/","og_site_name":"Escuela de Magia","article_publisher":"https:\/\/www.facebook.com\/escuela3detrebol","article_modified_time":"2025-09-01T16:10:19+00:00","og_image":[{"width":425,"height":283,"url":"http:\/\/escuelademagia.net\/wp-content\/uploads\/2015\/06\/4.jpg","type":"image\/jpeg"}],"twitter_card":"summary_large_image","twitter_misc":{"Est. reading time":"2 minutes"},"schema":{"@context":"https:\/\/schema.org","@graph":[{"@type":"WebPage","@id":"https:\/\/escuelademagia.net\/cursos-de-magia\/cursos-infantiles\/curso-profesional-junior\/","url":"https:\/\/escuelademagia.net\/cursos-de-magia\/cursos-infantiles\/curso-profesional-junior\/","name":"CURSO PROFESIONAL JUNIOR - Escuela de Magia","isPartOf":{"@id":"https:\/\/escuelademagia.net\/#website"},"primaryImageOfPage":{"@id":"https:\/\/escuelademagia.net\/cursos-de-magia\/cursos-infantiles\/curso-profesional-junior\/#primaryimage"},"image":{"@id":"https:\/\/escuelademagia.net\/cursos-de-magia\/cursos-infantiles\/curso-profesional-junior\/#primaryimage"},"thumbnailUrl":"https:\/\/escuelademagia.net\/wp-content\/uploads\/2015\/06\/4.jpg","datePublished":"2015-06-20T07:44:35+00:00","dateModified":"2025-09-01T16:10:19+00:00","breadcrumb":{"@id":"https:\/\/escuelademagia.net\/cursos-de-magia\/cursos-infantiles\/curso-profesional-junior\/#breadcrumb"},"inLanguage":"ca-ES","potentialAction":[{"@type":"ReadAction","target":["https:\/\/escuelademagia.net\/cursos-de-magia\/cursos-infantiles\/curso-profesional-junior\/"]}]},{"@type":"ImageObject","inLanguage":"ca-ES","@id":"https:\/\/escuelademagia.net\/cursos-de-magia\/cursos-infantiles\/curso-profesional-junior\/#primaryimage","url":"https:\/\/escuelademagia.net\/wp-content\/uploads\/2015\/06\/4.jpg","contentUrl":"https:\/\/escuelademagia.net\/wp-content\/uploads\/2015\/06\/4.jpg","width":425,"height":283},{"@type":"BreadcrumbList","@id":"https:\/\/escuelademagia.net\/cursos-de-magia\/cursos-infantiles\/curso-profesional-junior\/#breadcrumb","itemListElement":[{"@type":"ListItem","position":1,"name":"Portada","item":"https:\/\/escuelademagia.net\/"},{"@type":"ListItem","position":2,"name":"CURSOS DE MAGIA","item":"https:\/\/escuelademagia.net\/cursos-de-magia\/"},{"@type":"ListItem","position":3,"name":"CURSOS INFANTILES DE MAGIA","item":"https:\/\/escuelademagia.net\/cursos-de-magia\/cursos-infantiles\/"},{"@type":"ListItem","position":4,"name":"CURSO PROFESIONAL JUNIOR"}]},{"@type":"WebSite","@id":"https:\/\/escuelademagia.net\/#website","url":"https:\/\/escuelademagia.net\/","name":"{:es}Escuela de Magia{:}{:ca}Escola de M\u00e0gia{:}","description":"Escola de M&Atilde;&nbsp;gia a Barcelona per aficionats i profesionals","publisher":{"@id":"https:\/\/escuelademagia.net\/#organization"},"potentialAction":[{"@type":"SearchAction","target":{"@type":"EntryPoint","urlTemplate":"https:\/\/escuelademagia.net\/?s={search_term_string}"},"query-input":{"@type":"PropertyValueSpecification","valueRequired":true,"valueName":"search_term_string"}}],"inLanguage":"ca-ES"},{"@type":"Organization","@id":"https:\/\/escuelademagia.net\/#organization","name":"{:es}Escuela de Magia{:}{:ca}Escola de M\u00e0gia{:}","url":"https:\/\/escuelademagia.net\/","logo":{"@type":"ImageObject","inLanguage":"ca-ES","@id":"https:\/\/escuelademagia.net\/#\/schema\/logo\/image\/","url":"http:\/\/escuelademagia.net\/wp-content\/uploads\/2024\/10\/logo-3detrebol.jpg","contentUrl":"http:\/\/escuelademagia.net\/wp-content\/uploads\/2024\/10\/logo-3detrebol.jpg","width":669,"height":568,"caption":"{:es}Escuela de Magia{:}{:ca}Escola de M\u00e0gia{:}"},"image":{"@id":"https:\/\/escuelademagia.net\/#\/schema\/logo\/image\/"},"sameAs":["https:\/\/www.facebook.com\/escuela3detrebol","https:\/\/www.instagram.com\/escuelademagianet\/"]}]}},"_links":{"self":[{"href":"https:\/\/escuelademagia.net\/ca\/wp-json\/wp\/v2\/pages\/127","targetHints":{"allow":["GET"]}}],"collection":[{"href":"https:\/\/escuelademagia.net\/ca\/wp-json\/wp\/v2\/pages"}],"about":[{"href":"https:\/\/escuelademagia.net\/ca\/wp-json\/wp\/v2\/types\/page"}],"author":[{"embeddable":true,"href":"https:\/\/escuelademagia.net\/ca\/wp-json\/wp\/v2\/users\/1"}],"replies":[{"embeddable":true,"href":"https:\/\/escuelademagia.net\/ca\/wp-json\/wp\/v2\/comments?post=127"}],"version-history":[{"count":34,"href":"https:\/\/escuelademagia.net\/ca\/wp-json\/wp\/v2\/pages\/127\/revisions"}],"predecessor-version":[{"id":6609,"href":"https:\/\/escuelademagia.net\/ca\/wp-json\/wp\/v2\/pages\/127\/revisions\/6609"}],"up":[{"embeddable":true,"href":"https:\/\/escuelademagia.net\/ca\/wp-json\/wp\/v2\/pages\/113"}],"wp:featuredmedia":[{"embeddable":true,"href":"https:\/\/escuelademagia.net\/ca\/wp-json\/wp\/v2\/media\/609"}],"wp:attachment":[{"href":"https:\/\/escuelademagia.net\/ca\/wp-json\/wp\/v2\/media?parent=127"}],"curies":[{"name":"wp","href":"https:\/\/api.w.org\/{rel}","templated":true}]}}