{"id":144,"date":"2015-06-20T08:07:00","date_gmt":"2015-06-20T08:07:00","guid":{"rendered":"http:\/\/escuelademagia.com\/?page_id=144"},"modified":"2026-03-11T19:17:36","modified_gmt":"2026-03-11T19:17:36","slug":"dudas","status":"publish","type":"page","link":"https:\/\/escuelademagia.net\/ca\/escuela-3-de-trebol\/dudas\/","title":{"rendered":"\u00bfDUBTES?"},"content":{"rendered":"<p><span class=\"\" lang=\"ca\" style=\"color: #ffffff;\" tabindex=\"-1\"><span title=\"TENEMOS UNA SERIE DE PREGUNTAS QUE HABITUALMENTE NOS HACEN LOS ALUMNOS Y QUE QUEREMOS RESPONDER PARA INTENTAR RESOLVER SUS DUDAS&lt;\/p&gt;\n&lt;p&gt;\">\u00a0<\/span><\/span><\/p>\n<div class=\"article-content\">\n<p><a href=\"http:\/\/escuelademagia.net\/wp-content\/uploads\/2015\/06\/duda.gif\"><img loading=\"lazy\" decoding=\"async\" class=\"alignnone size-medium wp-image-689\" src=\"http:\/\/escuelademagia.net\/wp-content\/uploads\/2015\/06\/duda-236x300.gif\" alt=\"duda\" width=\"236\" height=\"300\" srcset=\"https:\/\/escuelademagia.net\/wp-content\/uploads\/2015\/06\/duda-236x300.gif 236w, https:\/\/escuelademagia.net\/wp-content\/uploads\/2015\/06\/duda-118x150.gif 118w\" sizes=\"auto, (max-width: 236px) 100vw, 236px\" \/><\/a><\/p>\n<div class=\"text-wrap tlid-copy-target\">\n<div class=\"result-shield-container tlid-copy-target\" tabindex=\"0\">\n<p><strong><span class=\"tlid-translation translation\" lang=\"ca\" style=\"color: #ff0000;\">TENIM UNA S\u00c8RIE DE PREGUNTES QUE HABITUALMENT ENS FAN ELS ALUMNES I QUE VOLEM RESPONDRE PER INTENTAR RESOLDRE ELS SEUS DUBTES<\/span><\/strong><\/p>\n<p><strong><span style=\"color: #ff0000;\">QUI POT APRENDRE M\u00c0GIA?<\/span><\/strong><\/p>\n<p>Qualsevol persona sense cap coneixement previ sobre la mat\u00e8ria i sense cap habilitat especial<\/p>\n<p>La m\u00e0gia \u00e9s tan variada i extensa que tenen cabuda dins d&#8217;ella tamb\u00e9 les persones que pateixin algun tipus de defici\u00e8ncia ps\u00edquica o f\u00edsica.<\/p>\n<p><strong><span style=\"color: #ff0000;\">A quina edat PUC APRENDRE M\u00c0GIA?<\/span><\/strong><\/p>\n<p>A partir dels 7 anys d&#8217;edat fins als 250 anys, ja pots entrar dins el m\u00f3n m\u00e0gic i convertir-te en mag.<\/p>\n<p>Hi a m\u00e9s dins de la nostra escola curset especialment dissenyats per a nens menors de 7 anys que introdueixen al nen en el m\u00f3n M\u00e0gic i el seu entorn juntament amb les normes que el regulen.<\/p>\n<p><strong><span style=\"color: #ff0000;\">\u00bfQUE VIRTUTS T\u00c9 LA M\u00c0GIA?<\/span><\/strong><\/p>\n<p>La M\u00e0gia t\u00e9 una s\u00e8rie de qualitats que pot\u00e8ncia a la persona per integrar-se en el M\u00f3n Modern:<\/p>\n<p>Habilitats motrius, pisosociales, atencio, percepci\u00f3, cognitives i un llarg etc. Perfectament definides pels nostres professors i especialista, reconegudes fins i tot en programa de recuperacions psicol\u00f2giques i f\u00edsiques<\/p>\n<p><strong><span style=\"color: #ff0000;\">\u00bf\u00c9S QUE EM CONEC I S\u00d3C UN \u00abpocatra\u00e7a\u00bb<\/span><\/strong><\/p>\n<p>No importa, els nostres cursos de m\u00e0gia est\u00e0 pensat per a tot tipus de persones i en la m\u00e0gia t\u00e9 cabuda gaireb\u00e9 tot el M\u00f3n.<\/p>\n<p>Els cursos de m\u00e0gia comencen amb jocs senzills i de vegades fins autom\u00e0tics, perqu\u00e8 des de la primera classe puguis fer jocs a la mateixa vegada que vas agafant confian\u00e7a amb el p\u00fablic.<\/p>\n<p><strong><span style=\"color: #ff0000;\">\u00c9S QUE JO TINC LES MANS PETITES<\/span><\/strong><\/p>\n<p>Aix\u00f2 \u00e9s molt freq\u00fcent el complex de mans petites, per\u00f2 es treu de seguida quan veus alumnes de tot just 8 anyets manipulat amb destresa<\/p>\n<p><strong><span style=\"color: #ff0000;\">\u00bfPERQU\u00c8 SERVEIX UN CURS DE M\u00c0GIA?<\/span><\/strong><\/p>\n<p>Podr\u00e0s ser l&#8217;\u00e0nima d&#8217;una festa, tenir una afici\u00f3, et donar\u00e0 seguretat en tu mateix, et ajud\u00e9s en la teva professi\u00f3 i qui sap potser \u00e9s el teu futur<\/p>\n<p><strong><span style=\"color: #ff0000;\">\u00bfNECESSITO CONEIXEMENTS PREVIS?<\/span><\/strong><\/p>\n<p>Depenent del curs, per als cursos d&#8217;iniciaci\u00f3 no necessites absolutament cap coneixement<\/p>\n<p><strong><span style=\"color: #ff0000;\">QUANTS DIES A LA SETMANA ES DONEN CLASSES?<\/span><\/strong><\/p>\n<p>Nom\u00e9s es d\u00f3na una classe per setmana exceptuant els cursos intensius que ens veiem amb la necessitat de agrupar-los en diversos dies<\/p>\n<p><strong><span style=\"color: #ff0000;\">\u00bfQUE HORARI TENEN?<\/span><\/strong><\/p>\n<p>Tenim tot tipus d&#8217;horaris per a la gent que treballa, per a la qual estudia per la qual fer les dues coses i nom\u00e9s t\u00e9 disponible els caps de setmana ..! Informate\u00a1<\/p>\n<p><strong><span style=\"color: #ff0000;\">QUANTS ALUMNES HI HA PER CLASSE?<\/span><\/strong><\/p>\n<p>Un m\u00e0xim de 8 alumnes per classe, excepte cursos excepcionals (professors vinguts de l&#8217;estranger etc) que poden ser mes.<\/p>\n<p><strong><span style=\"color: #ff0000;\">I SI NO PUC ASSISTIR UN DIA?<\/span><\/strong><\/p>\n<p>Pots recuperar-la de diverses maneres. Pregunta&#8217;ns<\/p>\n<p><strong><span style=\"color: #ff0000;\">\u00bfQUE MATERIAL ES NECESSITA?<\/span><\/strong><\/p>\n<p>\u00a1Cap!<\/p>\n<p><strong><span style=\"color: #ff0000;\">TOT ESTA INCL\u00d2S EN EL PREU <\/span>i<\/strong> despr\u00e9s et quedessis amb ell, (excepte en els cursos professionals que el material no est\u00e0 incl\u00f2s), per\u00f2 igualment, l&#8217;escola t\u00e9 material perqu\u00e8 practiquis.<\/p>\n<\/div>\n<\/div>\n<\/div>\n","protected":false},"excerpt":{"rendered":"<p class=\"continue-reading-button\"> <a class=\"continue-reading-link\" href=\"https:\/\/escuelademagia.net\/ca\/escuela-3-de-trebol\/dudas\/\"><i class=\"crycon-right-dir\"><\/i><\/a><\/p>\n","protected":false},"author":1,"featured_media":689,"parent":192,"menu_order":0,"comment_status":"closed","ping_status":"closed","template":"","meta":{"_crdt_document":"","footnotes":""},"class_list":["post-144","page","type-page","status-publish","has-post-thumbnail","hentry"],"translation":{"provider":"WPGlobus","version":"3.0.2","language":"ca","enabled_languages":["es","ca"],"languages":{"es":{"title":true,"content":true,"excerpt":false},"ca":{"title":true,"content":true,"excerpt":false}}},"yoast_head":"<!-- This site is optimized with the Yoast SEO plugin v27.4 - https:\/\/yoast.com\/product\/yoast-seo-wordpress\/ -->\n<title>\u00bfDUBTES? - Escuela de Magia<\/title>\n<meta name=\"robots\" content=\"index, follow, max-snippet:-1, max-image-preview:large, max-video-preview:-1\" \/>\n<link rel=\"canonical\" href=\"https:\/\/escuelademagia.net\/escuela-3-de-trebol\/dudas\/\" \/>\n<meta property=\"og:locale\" content=\"ca_ES\" \/>\n<meta property=\"og:type\" content=\"article\" \/>\n<meta property=\"og:title\" content=\"\u00bfDUBTES? - Escuela de Magia\" \/>\n<meta property=\"og:url\" content=\"https:\/\/escuelademagia.net\/escuela-3-de-trebol\/dudas\/\" \/>\n<meta property=\"og:site_name\" content=\"Escuela de Magia\" \/>\n<meta property=\"article:publisher\" content=\"https:\/\/www.facebook.com\/escuela3detrebol\" \/>\n<meta property=\"article:modified_time\" content=\"2026-03-11T19:17:36+00:00\" \/>\n<meta property=\"og:image\" content=\"https:\/\/escuelademagia.net\/wp-content\/uploads\/2015\/06\/duda.gif\" \/>\n\t<meta property=\"og:image:width\" content=\"250\" \/>\n\t<meta property=\"og:image:height\" content=\"318\" \/>\n\t<meta property=\"og:image:type\" content=\"image\/gif\" \/>\n<meta name=\"twitter:card\" content=\"summary_large_image\" \/>\n<meta name=\"twitter:label1\" content=\"Est. reading time\" \/>\n\t<meta name=\"twitter:data1\" content=\"3 minutes\" \/>\n<script type=\"application\/ld+json\" class=\"yoast-schema-graph\">{\"@context\":\"https:\\\/\\\/schema.org\",\"@graph\":[{\"@type\":\"WebPage\",\"@id\":\"https:\\\/\\\/escuelademagia.net\\\/escuela-3-de-trebol\\\/dudas\\\/\",\"url\":\"https:\\\/\\\/escuelademagia.net\\\/escuela-3-de-trebol\\\/dudas\\\/\",\"name\":\"\u00bfDUBTES? - Escuela de Magia\",\"isPartOf\":{\"@id\":\"https:\\\/\\\/escuelademagia.net\\\/#website\"},\"primaryImageOfPage\":{\"@id\":\"https:\\\/\\\/escuelademagia.net\\\/escuela-3-de-trebol\\\/dudas\\\/#primaryimage\"},\"image\":{\"@id\":\"https:\\\/\\\/escuelademagia.net\\\/escuela-3-de-trebol\\\/dudas\\\/#primaryimage\"},\"thumbnailUrl\":\"https:\\\/\\\/escuelademagia.net\\\/wp-content\\\/uploads\\\/2015\\\/06\\\/duda.gif\",\"datePublished\":\"2015-06-20T08:07:00+00:00\",\"dateModified\":\"2026-03-11T19:17:36+00:00\",\"breadcrumb\":{\"@id\":\"https:\\\/\\\/escuelademagia.net\\\/escuela-3-de-trebol\\\/dudas\\\/#breadcrumb\"},\"inLanguage\":\"ca-ES\",\"potentialAction\":[{\"@type\":\"ReadAction\",\"target\":[\"https:\\\/\\\/escuelademagia.net\\\/escuela-3-de-trebol\\\/dudas\\\/\"]}]},{\"@type\":\"ImageObject\",\"inLanguage\":\"ca-ES\",\"@id\":\"https:\\\/\\\/escuelademagia.net\\\/escuela-3-de-trebol\\\/dudas\\\/#primaryimage\",\"url\":\"https:\\\/\\\/escuelademagia.net\\\/wp-content\\\/uploads\\\/2015\\\/06\\\/duda.gif\",\"contentUrl\":\"https:\\\/\\\/escuelademagia.net\\\/wp-content\\\/uploads\\\/2015\\\/06\\\/duda.gif\",\"width\":250,\"height\":318},{\"@type\":\"BreadcrumbList\",\"@id\":\"https:\\\/\\\/escuelademagia.net\\\/escuela-3-de-trebol\\\/dudas\\\/#breadcrumb\",\"itemListElement\":[{\"@type\":\"ListItem\",\"position\":1,\"name\":\"Portada\",\"item\":\"https:\\\/\\\/escuelademagia.net\\\/\"},{\"@type\":\"ListItem\",\"position\":2,\"name\":\"ESCUELA 3 DE TREBOL\",\"item\":\"https:\\\/\\\/escuelademagia.net\\\/escuela-3-de-trebol\\\/\"},{\"@type\":\"ListItem\",\"position\":3,\"name\":\"\u00bfDUDAS?\"}]},{\"@type\":\"WebSite\",\"@id\":\"https:\\\/\\\/escuelademagia.net\\\/#website\",\"url\":\"https:\\\/\\\/escuelademagia.net\\\/\",\"name\":\"{:es}Escuela de Magia{:}{:ca}Escola de M\u00e0gia{:}\",\"description\":\"Escola de M&Atilde;&nbsp;gia a Barcelona per aficionats i profesionals\",\"publisher\":{\"@id\":\"https:\\\/\\\/escuelademagia.net\\\/#organization\"},\"potentialAction\":[{\"@type\":\"SearchAction\",\"target\":{\"@type\":\"EntryPoint\",\"urlTemplate\":\"https:\\\/\\\/escuelademagia.net\\\/?s={search_term_string}\"},\"query-input\":{\"@type\":\"PropertyValueSpecification\",\"valueRequired\":true,\"valueName\":\"search_term_string\"}}],\"inLanguage\":\"ca-ES\"},{\"@type\":\"Organization\",\"@id\":\"https:\\\/\\\/escuelademagia.net\\\/#organization\",\"name\":\"{:es}Escuela de Magia{:}{:ca}Escola de M\u00e0gia{:}\",\"url\":\"https:\\\/\\\/escuelademagia.net\\\/\",\"logo\":{\"@type\":\"ImageObject\",\"inLanguage\":\"ca-ES\",\"@id\":\"https:\\\/\\\/escuelademagia.net\\\/#\\\/schema\\\/logo\\\/image\\\/\",\"url\":\"http:\\\/\\\/escuelademagia.net\\\/wp-content\\\/uploads\\\/2024\\\/10\\\/logo-3detrebol.jpg\",\"contentUrl\":\"http:\\\/\\\/escuelademagia.net\\\/wp-content\\\/uploads\\\/2024\\\/10\\\/logo-3detrebol.jpg\",\"width\":669,\"height\":568,\"caption\":\"{:es}Escuela de Magia{:}{:ca}Escola de M\u00e0gia{:}\"},\"image\":{\"@id\":\"https:\\\/\\\/escuelademagia.net\\\/#\\\/schema\\\/logo\\\/image\\\/\"},\"sameAs\":[\"https:\\\/\\\/www.facebook.com\\\/escuela3detrebol\",\"https:\\\/\\\/www.instagram.com\\\/escuelademagianet\\\/\"]}]}<\/script>\n<!-- \/ Yoast SEO plugin. -->","yoast_head_json":{"title":"\u00bfDUBTES? - Escuela de Magia","robots":{"index":"index","follow":"follow","max-snippet":"max-snippet:-1","max-image-preview":"max-image-preview:large","max-video-preview":"max-video-preview:-1"},"canonical":"https:\/\/escuelademagia.net\/escuela-3-de-trebol\/dudas\/","og_locale":"ca_ES","og_type":"article","og_title":"\u00bfDUBTES? - Escuela de Magia","og_url":"https:\/\/escuelademagia.net\/escuela-3-de-trebol\/dudas\/","og_site_name":"Escuela de Magia","article_publisher":"https:\/\/www.facebook.com\/escuela3detrebol","article_modified_time":"2026-03-11T19:17:36+00:00","og_image":[{"width":250,"height":318,"url":"https:\/\/escuelademagia.net\/wp-content\/uploads\/2015\/06\/duda.gif","type":"image\/gif"}],"twitter_card":"summary_large_image","twitter_misc":{"Est. reading time":"3 minutes"},"schema":{"@context":"https:\/\/schema.org","@graph":[{"@type":"WebPage","@id":"https:\/\/escuelademagia.net\/escuela-3-de-trebol\/dudas\/","url":"https:\/\/escuelademagia.net\/escuela-3-de-trebol\/dudas\/","name":"\u00bfDUBTES? - Escuela de Magia","isPartOf":{"@id":"https:\/\/escuelademagia.net\/#website"},"primaryImageOfPage":{"@id":"https:\/\/escuelademagia.net\/escuela-3-de-trebol\/dudas\/#primaryimage"},"image":{"@id":"https:\/\/escuelademagia.net\/escuela-3-de-trebol\/dudas\/#primaryimage"},"thumbnailUrl":"https:\/\/escuelademagia.net\/wp-content\/uploads\/2015\/06\/duda.gif","datePublished":"2015-06-20T08:07:00+00:00","dateModified":"2026-03-11T19:17:36+00:00","breadcrumb":{"@id":"https:\/\/escuelademagia.net\/escuela-3-de-trebol\/dudas\/#breadcrumb"},"inLanguage":"ca-ES","potentialAction":[{"@type":"ReadAction","target":["https:\/\/escuelademagia.net\/escuela-3-de-trebol\/dudas\/"]}]},{"@type":"ImageObject","inLanguage":"ca-ES","@id":"https:\/\/escuelademagia.net\/escuela-3-de-trebol\/dudas\/#primaryimage","url":"https:\/\/escuelademagia.net\/wp-content\/uploads\/2015\/06\/duda.gif","contentUrl":"https:\/\/escuelademagia.net\/wp-content\/uploads\/2015\/06\/duda.gif","width":250,"height":318},{"@type":"BreadcrumbList","@id":"https:\/\/escuelademagia.net\/escuela-3-de-trebol\/dudas\/#breadcrumb","itemListElement":[{"@type":"ListItem","position":1,"name":"Portada","item":"https:\/\/escuelademagia.net\/"},{"@type":"ListItem","position":2,"name":"ESCUELA 3 DE TREBOL","item":"https:\/\/escuelademagia.net\/escuela-3-de-trebol\/"},{"@type":"ListItem","position":3,"name":"\u00bfDUDAS?"}]},{"@type":"WebSite","@id":"https:\/\/escuelademagia.net\/#website","url":"https:\/\/escuelademagia.net\/","name":"{:es}Escuela de Magia{:}{:ca}Escola de M\u00e0gia{:}","description":"Escola de M&Atilde;&nbsp;gia a Barcelona per aficionats i profesionals","publisher":{"@id":"https:\/\/escuelademagia.net\/#organization"},"potentialAction":[{"@type":"SearchAction","target":{"@type":"EntryPoint","urlTemplate":"https:\/\/escuelademagia.net\/?s={search_term_string}"},"query-input":{"@type":"PropertyValueSpecification","valueRequired":true,"valueName":"search_term_string"}}],"inLanguage":"ca-ES"},{"@type":"Organization","@id":"https:\/\/escuelademagia.net\/#organization","name":"{:es}Escuela de Magia{:}{:ca}Escola de M\u00e0gia{:}","url":"https:\/\/escuelademagia.net\/","logo":{"@type":"ImageObject","inLanguage":"ca-ES","@id":"https:\/\/escuelademagia.net\/#\/schema\/logo\/image\/","url":"http:\/\/escuelademagia.net\/wp-content\/uploads\/2024\/10\/logo-3detrebol.jpg","contentUrl":"http:\/\/escuelademagia.net\/wp-content\/uploads\/2024\/10\/logo-3detrebol.jpg","width":669,"height":568,"caption":"{:es}Escuela de Magia{:}{:ca}Escola de M\u00e0gia{:}"},"image":{"@id":"https:\/\/escuelademagia.net\/#\/schema\/logo\/image\/"},"sameAs":["https:\/\/www.facebook.com\/escuela3detrebol","https:\/\/www.instagram.com\/escuelademagianet\/"]}]}},"_links":{"self":[{"href":"https:\/\/escuelademagia.net\/ca\/wp-json\/wp\/v2\/pages\/144","targetHints":{"allow":["GET"]}}],"collection":[{"href":"https:\/\/escuelademagia.net\/ca\/wp-json\/wp\/v2\/pages"}],"about":[{"href":"https:\/\/escuelademagia.net\/ca\/wp-json\/wp\/v2\/types\/page"}],"author":[{"embeddable":true,"href":"https:\/\/escuelademagia.net\/ca\/wp-json\/wp\/v2\/users\/1"}],"replies":[{"embeddable":true,"href":"https:\/\/escuelademagia.net\/ca\/wp-json\/wp\/v2\/comments?post=144"}],"version-history":[{"count":36,"href":"https:\/\/escuelademagia.net\/ca\/wp-json\/wp\/v2\/pages\/144\/revisions"}],"predecessor-version":[{"id":8367,"href":"https:\/\/escuelademagia.net\/ca\/wp-json\/wp\/v2\/pages\/144\/revisions\/8367"}],"up":[{"embeddable":true,"href":"https:\/\/escuelademagia.net\/ca\/wp-json\/wp\/v2\/pages\/192"}],"wp:featuredmedia":[{"embeddable":true,"href":"https:\/\/escuelademagia.net\/ca\/wp-json\/wp\/v2\/media\/689"}],"wp:attachment":[{"href":"https:\/\/escuelademagia.net\/ca\/wp-json\/wp\/v2\/media?parent=144"}],"curies":[{"name":"wp","href":"https:\/\/api.w.org\/{rel}","templated":true}]}}