{"id":2,"date":"2015-06-16T22:27:41","date_gmt":"2015-06-16T22:27:41","guid":{"rendered":"http:\/\/escuelademagia.com\/?page_id=2"},"modified":"2016-10-29T12:34:14","modified_gmt":"2016-10-29T12:34:14","slug":"sample-page","status":"publish","type":"page","link":"https:\/\/escuelademagia.net\/ca\/escuela-3-de-trebol\/sample-page\/","title":{"rendered":"\u00bfQUE \u00c9S ESCOLA DE M\u00c0GIA 3 DE TREBOL?"},"content":{"rendered":"<p>[huge_it_slider id=&#8221;2&#8243;]<\/p>\n<p><span id=\"result_box\" class=\"\" lang=\"ca\" tabindex=\"-1\"><span title=\"Escuela permanente de Magia donde se ense\u00f1an las t\u00e9cnicas necesarias para dominar el maravilloso Arte del ilusionismo. \">Escola permanent de M\u00e0gia on s&#8217;ensenyen les t\u00e8cniques necess\u00e0ries per dominar el meravell\u00f3s Art de l&#8217;il\u00b7lusionisme.<\/span><\/span><\/p>\n<p><span title=\"Con car\u00e1cter presencial, Escuelademagia.net est\u00e1 situada en el centro de Barcelona, con una comunicaci\u00f3n variada y m\u00faltiple (ver localizaci\u00f3n) \">Amb car\u00e0cter presencial, Escuelademagia.net est\u00e0 situada al centre de Barcelona, \u200b\u200bamb una comunicaci\u00f3 variada i m\u00faltiple (veure localitzaci\u00f3)<br \/>\n<\/span><span title=\"Los cursos est\u00e1n impartidos por diferentes profesores (ver profesores) de reconocido prestigio dirigidos por Magic Trebol (ver curriculum). \">Els cursos estan impartits per diferents professors (veure professors) de reconegut prestigi dirigits per Magic Trebol (veure curr\u00edculum).<br \/>\n<\/span><span title=\"Periodicamente se organizan conferencias y coloquios con los mejores especialista \">Peri\u00f2dicament s&#8217;organitzen confer\u00e8ncies i col\u00b7loquis amb els millors especialista<br \/>\n<\/span><span title=\"La experiencia de muchos a\u00f1os avalan nuestros cursos. \">L&#8217;experi\u00e8ncia de molts anys avalen els nostres cursos.<\/span><\/p>\n<p><strong><span title=\"\u00bfQUIEN PUEDE APRENDER MAGIA?\">\u00bfQUI POT APRENDRE M\u00c0GIA?<\/span><\/strong><\/p>\n<p><span id=\"result_box\" class=\"\" lang=\"ca\" tabindex=\"-1\"> <span title=\"Cualquier persona sin ningun conocimiento previo sobre la materia y sin ninguna habilidad especial \">Qualsevol persona sense cap coneixement previ sobre la mat\u00e8ria i sense cap habilitat especial<br \/>\n<\/span><span title=\"La magia es tan variada y extensa que tienen cabida dentro de ella tambien las personas que padezcan algun tipo de deficiencia psiquica o fisica . \">La m\u00e0gia \u00e9s tan variada i extensa que tenen cabuda dins d&#8217;ella tamb\u00e9 les persones que pateixin algun tipus de defici\u00e8ncia ps\u00edquica o f\u00edsica.<\/span><\/span><\/p>\n<p><span id=\"result_box\" class=\"\" lang=\"ca\" tabindex=\"-1\"><span title=\"La magia es tan variada y extensa que tienen cabida dentro de ella tambien las personas que padezcan algun tipo de deficiencia psiquica o fisica . \"><br \/>\n<\/span><strong><span title=\"\u00bfA QUE EDAD PUEDO APRENDER MAGIA?\">A quina edat PUC APRENDRE M\u00c0GIA?<\/span><\/strong><\/span><\/p>\n<p><span id=\"result_box\" class=\"\" lang=\"ca\" tabindex=\"-1\"> <span title=\"A partir de los 7 a\u00f1os de edad hasta los 250 a\u00f1os ,ya puedes entrar dentro del mundo magico y convertirte en mago. \">A partir dels 7 anys d&#8217;edat fins als 250 anys, ja pots entrar dins el m\u00f3n m\u00e0gic i convertir-te en mag.<br \/>\n<\/span><span title=\"Existe ademas dentro de nuestra escuela cursillo especialmente dise\u00f1ados para ni\u00f1os menores de 7 a\u00f1os que introducen al ni\u00f1o en el mundo Magico y su entorno junto con las normas que lo regulan. \">Hi a m\u00e9s dins de la nostra escola curset especialment dissenyats per a nens menors de 7 anys que introdueixen al nen en el m\u00f3n M\u00e0gic i el seu entorn juntament amb les normes que el regulen.<\/span><\/span><\/p>\n<p><span id=\"result_box\" class=\"\" lang=\"ca\" tabindex=\"-1\"><span title=\"Existe ademas dentro de nuestra escuela cursillo especialmente dise\u00f1ados para ni\u00f1os menores de 7 a\u00f1os que introducen al ni\u00f1o en el mundo Magico y su entorno junto con las normas que lo regulan. \"><br \/>\n<\/span><strong><span title=\"\u00bfQUE VIRTUDES TIENE LA MAGIA?\">\u00bfQUE VIRTUTS T\u00c9 LA M\u00c0GIA?<\/span><\/strong><\/span><\/p>\n<ul>\n<li><span class=\"\" lang=\"ca\" tabindex=\"-1\"><span class=\"\" lang=\"ca\" tabindex=\"-1\"> <span title=\"La Magia tiene una serie de cualidades que potencia a la persona para integrase en el Mundo Moderno: \">La M\u00e0gia t\u00e9 una s\u00e8rie de qualitats que potencia la persona per integrar-se en el M\u00f3n Modern:<br \/>\n<\/span><span title=\"Habilidades motrices, pisosociales, atencion ,percepcion, cognitivas y un largo etc.\">Habilitats motrius, pisosociales, atencio, percepci\u00f3, cognitives i un llarg etc. <\/span><span title=\"Perfectamente definidas por nuestros profesores y especialista, reconocidas incluso en programa de recuperaciones psicologicas y fisicas \">Perfectament definides pels nostres professors i especialista, reconegudes fins i tot en programa de recuperacions psicol\u00f2giques i f\u00edsiques<br \/>\n<\/span><span title=\"Para cualquier tipo de informaci\u00f3n, contactar con el tel\u00e9f.\">Per a qualsevol tipus d&#8217;informaci\u00f3, contactar amb el tel. <\/span><span title=\"932989572 (Esther) de de 16,30h a 20,30 h.\">932989572 (Esther) de de 16,30h a 20,30 h. <\/span><span title=\"o bien enviar un email a info@escuelademagia.net \">o b\u00e9 enviar un e-mail a info@escuelademagia.net<\/span><\/span><\/span><span id=\"result_box\" class=\"\" lang=\"ca\" tabindex=\"-1\"><span title=\"Pero escuelademagia.net, es tambi\u00e9n: \u00a0\u00a0\u00a0\u00a0\u00a0\u00a0\u00a0\u00a0\u00a0\u00a0\u00a0\u00a0\u00a0\u00a0\u00a0\u00a0\u00a0\u00a0\u00a0\u00a0\u00a0\u00a0\u00a0\u00a0\">Per\u00f2 escuelademagia.net, \u00e9s tamb\u00e9:<br \/>\n<strong>\u00a0\u00a0<\/strong><\/span><strong><span title=\"UNA TIENDA DE ARTICULOS DE MAGIA \u00a0\u00a0\u00a0\u00a0\u00a0\u00a0\u00a0\u00a0\u00a0\u00a0\u00a0\u00a0\u00a0\u00a0\u00a0\u00a0\u00a0\u00a0\u00a0\u00a0\u00a0\u00a0\u00a0\u00a0\u00a0\">UNA BOTIGA D&#8217;ARTICLES DE M\u00c0GIA<br \/>\n<\/span><span title=\"UN ESPACIO ESCENICO (LA REBOTIGA MAGICA) \u00a0\u00a0\u00a0\u00a0\u00a0\u00a0\u00a0\u00a0\u00a0\u00a0\u00a0\u00a0\u00a0\u00a0\u00a0\u00a0\u00a0\u00a0\u00a0\u00a0\u00a0\u00a0\u00a0\u00a0\u00a0\u00a0\">UN ESPAI ESC\u00c8NIC (LA rebotiga MAGICA)<br \/>\n<\/span><span title=\"SALA DE REUNIONES CENTRO DE CONFERENCIAS UN FORO DE MAGIA\">SALA REUNIONS I CENTRE DE CONFER\u00c8NCIES<\/span><\/strong><\/span><\/li>\n<\/ul>\n<p>&nbsp;<\/p>\n","protected":false},"excerpt":{"rendered":"<p class=\"continue-reading-button\"> <a class=\"continue-reading-link\" href=\"https:\/\/escuelademagia.net\/ca\/escuela-3-de-trebol\/sample-page\/\"><i class=\"crycon-right-dir\"><\/i><\/a><\/p>\n","protected":false},"author":1,"featured_media":0,"parent":192,"menu_order":0,"comment_status":"closed","ping_status":"closed","template":"","meta":{"_crdt_document":"","footnotes":""},"class_list":["post-2","page","type-page","status-publish","hentry"],"translation":{"provider":"WPGlobus","version":"3.0.2","language":"ca","enabled_languages":["es","ca"],"languages":{"es":{"title":true,"content":true,"excerpt":false},"ca":{"title":true,"content":true,"excerpt":false}}},"yoast_head":"<!-- This site is optimized with the Yoast SEO plugin v27.4 - https:\/\/yoast.com\/product\/yoast-seo-wordpress\/ -->\n<title>\u00bfQUE \u00c9S ESCOLA DE M\u00c0GIA 3 DE TREBOL? - Escuela de Magia<\/title>\n<meta name=\"robots\" content=\"index, follow, max-snippet:-1, max-image-preview:large, max-video-preview:-1\" \/>\n<link rel=\"canonical\" href=\"https:\/\/escuelademagia.net\/escuela-3-de-trebol\/sample-page\/\" \/>\n<meta property=\"og:locale\" content=\"ca_ES\" \/>\n<meta property=\"og:type\" content=\"article\" \/>\n<meta property=\"og:title\" content=\"\u00bfQUE \u00c9S ESCOLA DE M\u00c0GIA 3 DE TREBOL? - Escuela de Magia\" \/>\n<meta property=\"og:url\" content=\"https:\/\/escuelademagia.net\/escuela-3-de-trebol\/sample-page\/\" \/>\n<meta property=\"og:site_name\" content=\"Escuela de Magia\" \/>\n<meta property=\"article:publisher\" content=\"https:\/\/www.facebook.com\/escuela3detrebol\" \/>\n<meta property=\"article:modified_time\" content=\"2016-10-29T12:34:14+00:00\" \/>\n<meta property=\"og:image\" content=\"http:\/\/escuelademagia.net\/wp-content\/uploads\/2016\/10\/boton-opiniones2-small.jpg\" \/>\n<meta name=\"twitter:card\" content=\"summary_large_image\" \/>\n<meta name=\"twitter:label1\" content=\"Est. reading time\" \/>\n\t<meta name=\"twitter:data1\" content=\"3 minutes\" \/>\n<script type=\"application\/ld+json\" class=\"yoast-schema-graph\">{\"@context\":\"https:\\\/\\\/schema.org\",\"@graph\":[{\"@type\":\"WebPage\",\"@id\":\"https:\\\/\\\/escuelademagia.net\\\/escuela-3-de-trebol\\\/sample-page\\\/\",\"url\":\"https:\\\/\\\/escuelademagia.net\\\/escuela-3-de-trebol\\\/sample-page\\\/\",\"name\":\"\u00bfQUE \u00c9S ESCOLA DE M\u00c0GIA 3 DE TREBOL? - Escuela de Magia\",\"isPartOf\":{\"@id\":\"https:\\\/\\\/escuelademagia.net\\\/#website\"},\"primaryImageOfPage\":{\"@id\":\"https:\\\/\\\/escuelademagia.net\\\/escuela-3-de-trebol\\\/sample-page\\\/#primaryimage\"},\"image\":{\"@id\":\"https:\\\/\\\/escuelademagia.net\\\/escuela-3-de-trebol\\\/sample-page\\\/#primaryimage\"},\"thumbnailUrl\":\"http:\\\/\\\/escuelademagia.net\\\/wp-content\\\/uploads\\\/2016\\\/10\\\/boton-opiniones2-small.jpg\",\"datePublished\":\"2015-06-16T22:27:41+00:00\",\"dateModified\":\"2016-10-29T12:34:14+00:00\",\"breadcrumb\":{\"@id\":\"https:\\\/\\\/escuelademagia.net\\\/escuela-3-de-trebol\\\/sample-page\\\/#breadcrumb\"},\"inLanguage\":\"ca-ES\",\"potentialAction\":[{\"@type\":\"ReadAction\",\"target\":[\"https:\\\/\\\/escuelademagia.net\\\/escuela-3-de-trebol\\\/sample-page\\\/\"]}]},{\"@type\":\"ImageObject\",\"inLanguage\":\"ca-ES\",\"@id\":\"https:\\\/\\\/escuelademagia.net\\\/escuela-3-de-trebol\\\/sample-page\\\/#primaryimage\",\"url\":\"http:\\\/\\\/escuelademagia.net\\\/wp-content\\\/uploads\\\/2016\\\/10\\\/boton-opiniones2-small.jpg\",\"contentUrl\":\"http:\\\/\\\/escuelademagia.net\\\/wp-content\\\/uploads\\\/2016\\\/10\\\/boton-opiniones2-small.jpg\"},{\"@type\":\"BreadcrumbList\",\"@id\":\"https:\\\/\\\/escuelademagia.net\\\/escuela-3-de-trebol\\\/sample-page\\\/#breadcrumb\",\"itemListElement\":[{\"@type\":\"ListItem\",\"position\":1,\"name\":\"Portada\",\"item\":\"https:\\\/\\\/escuelademagia.net\\\/\"},{\"@type\":\"ListItem\",\"position\":2,\"name\":\"ESCUELA 3 DE TREBOL\",\"item\":\"https:\\\/\\\/escuelademagia.net\\\/escuela-3-de-trebol\\\/\"},{\"@type\":\"ListItem\",\"position\":3,\"name\":\"\u00bfQUE ES ESCUELA DE MAGIA 3 DE TREBOL?\"}]},{\"@type\":\"WebSite\",\"@id\":\"https:\\\/\\\/escuelademagia.net\\\/#website\",\"url\":\"https:\\\/\\\/escuelademagia.net\\\/\",\"name\":\"{:es}Escuela de Magia{:}{:ca}Escola de M\u00e0gia{:}\",\"description\":\"Escola de M&Atilde;&nbsp;gia a Barcelona per aficionats i profesionals\",\"publisher\":{\"@id\":\"https:\\\/\\\/escuelademagia.net\\\/#organization\"},\"potentialAction\":[{\"@type\":\"SearchAction\",\"target\":{\"@type\":\"EntryPoint\",\"urlTemplate\":\"https:\\\/\\\/escuelademagia.net\\\/?s={search_term_string}\"},\"query-input\":{\"@type\":\"PropertyValueSpecification\",\"valueRequired\":true,\"valueName\":\"search_term_string\"}}],\"inLanguage\":\"ca-ES\"},{\"@type\":\"Organization\",\"@id\":\"https:\\\/\\\/escuelademagia.net\\\/#organization\",\"name\":\"{:es}Escuela de Magia{:}{:ca}Escola de M\u00e0gia{:}\",\"url\":\"https:\\\/\\\/escuelademagia.net\\\/\",\"logo\":{\"@type\":\"ImageObject\",\"inLanguage\":\"ca-ES\",\"@id\":\"https:\\\/\\\/escuelademagia.net\\\/#\\\/schema\\\/logo\\\/image\\\/\",\"url\":\"http:\\\/\\\/escuelademagia.net\\\/wp-content\\\/uploads\\\/2024\\\/10\\\/logo-3detrebol.jpg\",\"contentUrl\":\"http:\\\/\\\/escuelademagia.net\\\/wp-content\\\/uploads\\\/2024\\\/10\\\/logo-3detrebol.jpg\",\"width\":669,\"height\":568,\"caption\":\"{:es}Escuela de Magia{:}{:ca}Escola de M\u00e0gia{:}\"},\"image\":{\"@id\":\"https:\\\/\\\/escuelademagia.net\\\/#\\\/schema\\\/logo\\\/image\\\/\"},\"sameAs\":[\"https:\\\/\\\/www.facebook.com\\\/escuela3detrebol\",\"https:\\\/\\\/www.instagram.com\\\/escuelademagianet\\\/\"]}]}<\/script>\n<!-- \/ Yoast SEO plugin. -->","yoast_head_json":{"title":"\u00bfQUE \u00c9S ESCOLA DE M\u00c0GIA 3 DE TREBOL? - Escuela de Magia","robots":{"index":"index","follow":"follow","max-snippet":"max-snippet:-1","max-image-preview":"max-image-preview:large","max-video-preview":"max-video-preview:-1"},"canonical":"https:\/\/escuelademagia.net\/escuela-3-de-trebol\/sample-page\/","og_locale":"ca_ES","og_type":"article","og_title":"\u00bfQUE \u00c9S ESCOLA DE M\u00c0GIA 3 DE TREBOL? - Escuela de Magia","og_url":"https:\/\/escuelademagia.net\/escuela-3-de-trebol\/sample-page\/","og_site_name":"Escuela de Magia","article_publisher":"https:\/\/www.facebook.com\/escuela3detrebol","article_modified_time":"2016-10-29T12:34:14+00:00","og_image":[{"url":"http:\/\/escuelademagia.net\/wp-content\/uploads\/2016\/10\/boton-opiniones2-small.jpg","type":"","width":"","height":""}],"twitter_card":"summary_large_image","twitter_misc":{"Est. reading time":"3 minutes"},"schema":{"@context":"https:\/\/schema.org","@graph":[{"@type":"WebPage","@id":"https:\/\/escuelademagia.net\/escuela-3-de-trebol\/sample-page\/","url":"https:\/\/escuelademagia.net\/escuela-3-de-trebol\/sample-page\/","name":"\u00bfQUE \u00c9S ESCOLA DE M\u00c0GIA 3 DE TREBOL? - Escuela de Magia","isPartOf":{"@id":"https:\/\/escuelademagia.net\/#website"},"primaryImageOfPage":{"@id":"https:\/\/escuelademagia.net\/escuela-3-de-trebol\/sample-page\/#primaryimage"},"image":{"@id":"https:\/\/escuelademagia.net\/escuela-3-de-trebol\/sample-page\/#primaryimage"},"thumbnailUrl":"http:\/\/escuelademagia.net\/wp-content\/uploads\/2016\/10\/boton-opiniones2-small.jpg","datePublished":"2015-06-16T22:27:41+00:00","dateModified":"2016-10-29T12:34:14+00:00","breadcrumb":{"@id":"https:\/\/escuelademagia.net\/escuela-3-de-trebol\/sample-page\/#breadcrumb"},"inLanguage":"ca-ES","potentialAction":[{"@type":"ReadAction","target":["https:\/\/escuelademagia.net\/escuela-3-de-trebol\/sample-page\/"]}]},{"@type":"ImageObject","inLanguage":"ca-ES","@id":"https:\/\/escuelademagia.net\/escuela-3-de-trebol\/sample-page\/#primaryimage","url":"http:\/\/escuelademagia.net\/wp-content\/uploads\/2016\/10\/boton-opiniones2-small.jpg","contentUrl":"http:\/\/escuelademagia.net\/wp-content\/uploads\/2016\/10\/boton-opiniones2-small.jpg"},{"@type":"BreadcrumbList","@id":"https:\/\/escuelademagia.net\/escuela-3-de-trebol\/sample-page\/#breadcrumb","itemListElement":[{"@type":"ListItem","position":1,"name":"Portada","item":"https:\/\/escuelademagia.net\/"},{"@type":"ListItem","position":2,"name":"ESCUELA 3 DE TREBOL","item":"https:\/\/escuelademagia.net\/escuela-3-de-trebol\/"},{"@type":"ListItem","position":3,"name":"\u00bfQUE ES ESCUELA DE MAGIA 3 DE TREBOL?"}]},{"@type":"WebSite","@id":"https:\/\/escuelademagia.net\/#website","url":"https:\/\/escuelademagia.net\/","name":"{:es}Escuela de Magia{:}{:ca}Escola de M\u00e0gia{:}","description":"Escola de M&Atilde;&nbsp;gia a Barcelona per aficionats i profesionals","publisher":{"@id":"https:\/\/escuelademagia.net\/#organization"},"potentialAction":[{"@type":"SearchAction","target":{"@type":"EntryPoint","urlTemplate":"https:\/\/escuelademagia.net\/?s={search_term_string}"},"query-input":{"@type":"PropertyValueSpecification","valueRequired":true,"valueName":"search_term_string"}}],"inLanguage":"ca-ES"},{"@type":"Organization","@id":"https:\/\/escuelademagia.net\/#organization","name":"{:es}Escuela de Magia{:}{:ca}Escola de M\u00e0gia{:}","url":"https:\/\/escuelademagia.net\/","logo":{"@type":"ImageObject","inLanguage":"ca-ES","@id":"https:\/\/escuelademagia.net\/#\/schema\/logo\/image\/","url":"http:\/\/escuelademagia.net\/wp-content\/uploads\/2024\/10\/logo-3detrebol.jpg","contentUrl":"http:\/\/escuelademagia.net\/wp-content\/uploads\/2024\/10\/logo-3detrebol.jpg","width":669,"height":568,"caption":"{:es}Escuela de Magia{:}{:ca}Escola de M\u00e0gia{:}"},"image":{"@id":"https:\/\/escuelademagia.net\/#\/schema\/logo\/image\/"},"sameAs":["https:\/\/www.facebook.com\/escuela3detrebol","https:\/\/www.instagram.com\/escuelademagianet\/"]}]}},"_links":{"self":[{"href":"https:\/\/escuelademagia.net\/ca\/wp-json\/wp\/v2\/pages\/2","targetHints":{"allow":["GET"]}}],"collection":[{"href":"https:\/\/escuelademagia.net\/ca\/wp-json\/wp\/v2\/pages"}],"about":[{"href":"https:\/\/escuelademagia.net\/ca\/wp-json\/wp\/v2\/types\/page"}],"author":[{"embeddable":true,"href":"https:\/\/escuelademagia.net\/ca\/wp-json\/wp\/v2\/users\/1"}],"replies":[{"embeddable":true,"href":"https:\/\/escuelademagia.net\/ca\/wp-json\/wp\/v2\/comments?post=2"}],"version-history":[{"count":30,"href":"https:\/\/escuelademagia.net\/ca\/wp-json\/wp\/v2\/pages\/2\/revisions"}],"predecessor-version":[{"id":981,"href":"https:\/\/escuelademagia.net\/ca\/wp-json\/wp\/v2\/pages\/2\/revisions\/981"}],"up":[{"embeddable":true,"href":"https:\/\/escuelademagia.net\/ca\/wp-json\/wp\/v2\/pages\/192"}],"wp:attachment":[{"href":"https:\/\/escuelademagia.net\/ca\/wp-json\/wp\/v2\/media?parent=2"}],"curies":[{"name":"wp","href":"https:\/\/api.w.org\/{rel}","templated":true}]}}