{"id":210,"date":"2015-06-22T11:19:42","date_gmt":"2015-06-22T11:19:42","guid":{"rendered":"http:\/\/escuelademagia.com\/?page_id=210"},"modified":"2016-09-21T16:06:31","modified_gmt":"2016-09-21T16:06:31","slug":"curso-personal","status":"publish","type":"page","link":"https:\/\/escuelademagia.net\/ca\/cursos-de-magia\/curso-personal\/","title":{"rendered":"CURSOS PERSONALS D&#8217;ASESORAMENT M\u00c0GIC"},"content":{"rendered":"<div class=\"article-content\">\n<p><a href=\"http:\/\/escuelademagia.net\/wp-content\/uploads\/2015\/06\/PERSONALES1.jpg\"><img loading=\"lazy\" decoding=\"async\" class=\"alignnone size-medium wp-image-354\" src=\"http:\/\/escuelademagia.net\/wp-content\/uploads\/2015\/06\/PERSONALES1-300x122.jpg\" alt=\"PERSONALES\" width=\"300\" height=\"122\" srcset=\"https:\/\/escuelademagia.net\/wp-content\/uploads\/2015\/06\/PERSONALES1-300x122.jpg 300w, https:\/\/escuelademagia.net\/wp-content\/uploads\/2015\/06\/PERSONALES1-250x102.jpg 250w, https:\/\/escuelademagia.net\/wp-content\/uploads\/2015\/06\/PERSONALES1-150x61.jpg 150w, https:\/\/escuelademagia.net\/wp-content\/uploads\/2015\/06\/PERSONALES1.jpg 425w\" sizes=\"auto, (max-width: 300px) 100vw, 300px\" \/><\/a><\/p>\n<p>Sense cap dubte, on resulta m\u00e9s dif\u00edcil de progressar \u00e9s en el perfeccionament o posada a punt del nostre n\u00famero.<\/p>\n<p>\u00bfPer\u00f2 qu\u00e8 et semblaria tenir al teu abast un director d&#8217;escena, un assessor m\u00e0gic i un director art\u00edstic?<\/p>\n<p>Aix\u00f2 abans nom\u00e9s estava a l&#8217;abast d&#8217;uns pocs privilegiats, per\u00f2 ara i gr\u00e0cies a<span style=\"color: #ff0000;\"> <strong><span style=\"color: #ff0000;\">3 DE TREBOL<\/span> <\/strong><\/span><b><span style=\"color: #ff0000;\">(Escuelademagia.net)<\/span> <\/b> ha deixat de ser &#8211; <i> gaireb\u00e9 per Art de M\u00e0gia &#8211; una quimera per passar a ser una realitat. <\/i><\/p>\n<p>I tot aix\u00f2, de la m\u00e0 de professors amb m\u00e9s de 35 anys d&#8217;experi\u00e8ncia, campions nacionals, internacionals i mundials de reconeguda qualitat, assessors en l&#8217;\u00e0mbit teatral o d&#8217;arts aplicades, jurat en concursos internacionals, assessors de programes de Televisions .<\/p>\n<p>Curs de durada il\u00b7limitada (<b> minimo12 classes ) per perfeccionar, retocar o avivar aquest nombre que pretens presentar en un concurs, o b\u00e9 vols arrodonir, perfeccionar, o que tens en ment i pretens posar en pr\u00e0ctica. <\/b><\/p>\n<p>Els professors seran en cada cas, els m\u00e9s adequats, per a cada circumst\u00e0ncia i mat\u00e8ria, dins de l&#8217;ampli ventall de docents de la nostra escola.<\/p>\n<p>Per iniciar el curs, el m\u00ednim exigit de durada ser\u00e0 de <b> tres mesos , prorrogable fins que sigui necessari o estimis oport\u00fa. <\/b><\/p>\n<p><span style=\"color: # ff0000;\"> <b> HORARI A DETERMINAR <\/b><\/span><\/p>\n<p><span style=\"color: # ff0000;\"> <b> CLASSES INDIVIDUALS <\/b><\/span><\/p>\n<p><span style=\"color: # ff0000;\"> <strong> LLOC : A les nostres instal\u00b7lacions dins de l&#8217;Espai esc\u00e8nic <strong> <span style=\"color: # ff0000;\"> L&#8217;rebotiga MAGICA , amb llums, so, m\u00e0quines d&#8217;efectes especials, etc. <strong><br \/>\n<\/strong><\/span><\/strong><\/strong><\/span><\/p>\n<p><span style=\"color: # ff0000;\"> <b> 4 CLASSES AL MES, 2 HORES CADA CLASSE <span style=\"color: #ffffff;\"> amb un total mensual de 8 HORES <\/span><\/b><\/span><\/p>\n<p><b> <span style=\"color: # ff0000;\"> PREU 200 \u20ac \/ <span style=\"color: # ff0000;\"> MES + la matr\u00edcula (un sol cop) 60 \u20ac &lt; \/ span&gt; <\/span><\/span><\/b><\/p>\n<p>Per a m\u00e9s informaci\u00f3 o per a un horaris personalitzats trucar al tel\u00e8fon <span style=\"color: # ff0000;\"> <b> <span style=\"color: # ff0000;\"> 932.989.572 de 16,30h a 20,30h., o al <span style=\"color: # ff0000;\"> <b> 696.428.407 a qualsevol hora, o tamb\u00e9 pots omplir el formulari <\/b><\/span><\/span><\/b><\/span><\/p>\n<p class=\"wpcf7-contact-form-not-found\"><strong>Error:<\/strong> Contact form not found.<\/p>\n<p>&nbsp;<\/p>\n<\/div>\n","protected":false},"excerpt":{"rendered":"<p class=\"continue-reading-button\"> <a class=\"continue-reading-link\" href=\"https:\/\/escuelademagia.net\/ca\/cursos-de-magia\/curso-personal\/\"><i class=\"crycon-right-dir\"><\/i><\/a><\/p>\n","protected":false},"author":1,"featured_media":0,"parent":212,"menu_order":0,"comment_status":"closed","ping_status":"closed","template":"","meta":{"_crdt_document":"","footnotes":""},"class_list":["post-210","page","type-page","status-publish","hentry"],"translation":{"provider":"WPGlobus","version":"3.0.2","language":"ca","enabled_languages":["es","ca"],"languages":{"es":{"title":true,"content":true,"excerpt":false},"ca":{"title":true,"content":true,"excerpt":false}}},"yoast_head":"<!-- This site is optimized with the Yoast SEO plugin v27.4 - https:\/\/yoast.com\/product\/yoast-seo-wordpress\/ -->\n<title>CURSOS PERSONALS D&#039;ASESORAMENT M\u00c0GIC - Escuela de Magia<\/title>\n<meta name=\"robots\" content=\"index, follow, max-snippet:-1, max-image-preview:large, max-video-preview:-1\" \/>\n<link rel=\"canonical\" href=\"https:\/\/escuelademagia.net\/cursos-de-magia\/curso-personal\/\" \/>\n<meta property=\"og:locale\" content=\"ca_ES\" \/>\n<meta property=\"og:type\" content=\"article\" \/>\n<meta property=\"og:title\" content=\"CURSOS PERSONALS D&#039;ASESORAMENT M\u00c0GIC - Escuela de Magia\" \/>\n<meta property=\"og:url\" content=\"https:\/\/escuelademagia.net\/cursos-de-magia\/curso-personal\/\" \/>\n<meta property=\"og:site_name\" content=\"Escuela de Magia\" \/>\n<meta property=\"article:publisher\" content=\"https:\/\/www.facebook.com\/escuela3detrebol\" \/>\n<meta property=\"article:modified_time\" content=\"2016-09-21T16:06:31+00:00\" \/>\n<meta property=\"og:image\" content=\"http:\/\/escuelademagia.net\/wp-content\/uploads\/2015\/06\/PERSONALES1-300x122.jpg\" \/>\n<meta name=\"twitter:card\" content=\"summary_large_image\" \/>\n<meta name=\"twitter:label1\" content=\"Est. reading time\" \/>\n\t<meta name=\"twitter:data1\" content=\"3 minutes\" \/>\n<script type=\"application\/ld+json\" class=\"yoast-schema-graph\">{\"@context\":\"https:\\\/\\\/schema.org\",\"@graph\":[{\"@type\":\"WebPage\",\"@id\":\"https:\\\/\\\/escuelademagia.net\\\/cursos-de-magia\\\/curso-personal\\\/\",\"url\":\"https:\\\/\\\/escuelademagia.net\\\/cursos-de-magia\\\/curso-personal\\\/\",\"name\":\"CURSOS PERSONALS D'ASESORAMENT M\u00c0GIC - Escuela de Magia\",\"isPartOf\":{\"@id\":\"https:\\\/\\\/escuelademagia.net\\\/#website\"},\"primaryImageOfPage\":{\"@id\":\"https:\\\/\\\/escuelademagia.net\\\/cursos-de-magia\\\/curso-personal\\\/#primaryimage\"},\"image\":{\"@id\":\"https:\\\/\\\/escuelademagia.net\\\/cursos-de-magia\\\/curso-personal\\\/#primaryimage\"},\"thumbnailUrl\":\"http:\\\/\\\/escuelademagia.net\\\/wp-content\\\/uploads\\\/2015\\\/06\\\/PERSONALES1-300x122.jpg\",\"datePublished\":\"2015-06-22T11:19:42+00:00\",\"dateModified\":\"2016-09-21T16:06:31+00:00\",\"breadcrumb\":{\"@id\":\"https:\\\/\\\/escuelademagia.net\\\/cursos-de-magia\\\/curso-personal\\\/#breadcrumb\"},\"inLanguage\":\"ca-ES\",\"potentialAction\":[{\"@type\":\"ReadAction\",\"target\":[\"https:\\\/\\\/escuelademagia.net\\\/cursos-de-magia\\\/curso-personal\\\/\"]}]},{\"@type\":\"ImageObject\",\"inLanguage\":\"ca-ES\",\"@id\":\"https:\\\/\\\/escuelademagia.net\\\/cursos-de-magia\\\/curso-personal\\\/#primaryimage\",\"url\":\"http:\\\/\\\/escuelademagia.net\\\/wp-content\\\/uploads\\\/2015\\\/06\\\/PERSONALES1-300x122.jpg\",\"contentUrl\":\"http:\\\/\\\/escuelademagia.net\\\/wp-content\\\/uploads\\\/2015\\\/06\\\/PERSONALES1-300x122.jpg\"},{\"@type\":\"BreadcrumbList\",\"@id\":\"https:\\\/\\\/escuelademagia.net\\\/cursos-de-magia\\\/curso-personal\\\/#breadcrumb\",\"itemListElement\":[{\"@type\":\"ListItem\",\"position\":1,\"name\":\"Portada\",\"item\":\"https:\\\/\\\/escuelademagia.net\\\/\"},{\"@type\":\"ListItem\",\"position\":2,\"name\":\"CURSOS DE MAGIA\",\"item\":\"https:\\\/\\\/escuelademagia.net\\\/cursos-de-magia\\\/\"},{\"@type\":\"ListItem\",\"position\":3,\"name\":\"CURSO PERSONAL DE ASESORAMIENTO MAGICO\"}]},{\"@type\":\"WebSite\",\"@id\":\"https:\\\/\\\/escuelademagia.net\\\/#website\",\"url\":\"https:\\\/\\\/escuelademagia.net\\\/\",\"name\":\"{:es}Escuela de Magia{:}{:ca}Escola de M\u00e0gia{:}\",\"description\":\"Escola de M&Atilde;&nbsp;gia a Barcelona per aficionats i profesionals\",\"publisher\":{\"@id\":\"https:\\\/\\\/escuelademagia.net\\\/#organization\"},\"potentialAction\":[{\"@type\":\"SearchAction\",\"target\":{\"@type\":\"EntryPoint\",\"urlTemplate\":\"https:\\\/\\\/escuelademagia.net\\\/?s={search_term_string}\"},\"query-input\":{\"@type\":\"PropertyValueSpecification\",\"valueRequired\":true,\"valueName\":\"search_term_string\"}}],\"inLanguage\":\"ca-ES\"},{\"@type\":\"Organization\",\"@id\":\"https:\\\/\\\/escuelademagia.net\\\/#organization\",\"name\":\"{:es}Escuela de Magia{:}{:ca}Escola de M\u00e0gia{:}\",\"url\":\"https:\\\/\\\/escuelademagia.net\\\/\",\"logo\":{\"@type\":\"ImageObject\",\"inLanguage\":\"ca-ES\",\"@id\":\"https:\\\/\\\/escuelademagia.net\\\/#\\\/schema\\\/logo\\\/image\\\/\",\"url\":\"http:\\\/\\\/escuelademagia.net\\\/wp-content\\\/uploads\\\/2024\\\/10\\\/logo-3detrebol.jpg\",\"contentUrl\":\"http:\\\/\\\/escuelademagia.net\\\/wp-content\\\/uploads\\\/2024\\\/10\\\/logo-3detrebol.jpg\",\"width\":669,\"height\":568,\"caption\":\"{:es}Escuela de Magia{:}{:ca}Escola de M\u00e0gia{:}\"},\"image\":{\"@id\":\"https:\\\/\\\/escuelademagia.net\\\/#\\\/schema\\\/logo\\\/image\\\/\"},\"sameAs\":[\"https:\\\/\\\/www.facebook.com\\\/escuela3detrebol\",\"https:\\\/\\\/www.instagram.com\\\/escuelademagianet\\\/\"]}]}<\/script>\n<!-- \/ Yoast SEO plugin. -->","yoast_head_json":{"title":"CURSOS PERSONALS D'ASESORAMENT M\u00c0GIC - Escuela de Magia","robots":{"index":"index","follow":"follow","max-snippet":"max-snippet:-1","max-image-preview":"max-image-preview:large","max-video-preview":"max-video-preview:-1"},"canonical":"https:\/\/escuelademagia.net\/cursos-de-magia\/curso-personal\/","og_locale":"ca_ES","og_type":"article","og_title":"CURSOS PERSONALS D'ASESORAMENT M\u00c0GIC - Escuela de Magia","og_url":"https:\/\/escuelademagia.net\/cursos-de-magia\/curso-personal\/","og_site_name":"Escuela de Magia","article_publisher":"https:\/\/www.facebook.com\/escuela3detrebol","article_modified_time":"2016-09-21T16:06:31+00:00","og_image":[{"url":"http:\/\/escuelademagia.net\/wp-content\/uploads\/2015\/06\/PERSONALES1-300x122.jpg","type":"","width":"","height":""}],"twitter_card":"summary_large_image","twitter_misc":{"Est. reading time":"3 minutes"},"schema":{"@context":"https:\/\/schema.org","@graph":[{"@type":"WebPage","@id":"https:\/\/escuelademagia.net\/cursos-de-magia\/curso-personal\/","url":"https:\/\/escuelademagia.net\/cursos-de-magia\/curso-personal\/","name":"CURSOS PERSONALS D'ASESORAMENT M\u00c0GIC - Escuela de Magia","isPartOf":{"@id":"https:\/\/escuelademagia.net\/#website"},"primaryImageOfPage":{"@id":"https:\/\/escuelademagia.net\/cursos-de-magia\/curso-personal\/#primaryimage"},"image":{"@id":"https:\/\/escuelademagia.net\/cursos-de-magia\/curso-personal\/#primaryimage"},"thumbnailUrl":"http:\/\/escuelademagia.net\/wp-content\/uploads\/2015\/06\/PERSONALES1-300x122.jpg","datePublished":"2015-06-22T11:19:42+00:00","dateModified":"2016-09-21T16:06:31+00:00","breadcrumb":{"@id":"https:\/\/escuelademagia.net\/cursos-de-magia\/curso-personal\/#breadcrumb"},"inLanguage":"ca-ES","potentialAction":[{"@type":"ReadAction","target":["https:\/\/escuelademagia.net\/cursos-de-magia\/curso-personal\/"]}]},{"@type":"ImageObject","inLanguage":"ca-ES","@id":"https:\/\/escuelademagia.net\/cursos-de-magia\/curso-personal\/#primaryimage","url":"http:\/\/escuelademagia.net\/wp-content\/uploads\/2015\/06\/PERSONALES1-300x122.jpg","contentUrl":"http:\/\/escuelademagia.net\/wp-content\/uploads\/2015\/06\/PERSONALES1-300x122.jpg"},{"@type":"BreadcrumbList","@id":"https:\/\/escuelademagia.net\/cursos-de-magia\/curso-personal\/#breadcrumb","itemListElement":[{"@type":"ListItem","position":1,"name":"Portada","item":"https:\/\/escuelademagia.net\/"},{"@type":"ListItem","position":2,"name":"CURSOS DE MAGIA","item":"https:\/\/escuelademagia.net\/cursos-de-magia\/"},{"@type":"ListItem","position":3,"name":"CURSO PERSONAL DE ASESORAMIENTO MAGICO"}]},{"@type":"WebSite","@id":"https:\/\/escuelademagia.net\/#website","url":"https:\/\/escuelademagia.net\/","name":"{:es}Escuela de Magia{:}{:ca}Escola de M\u00e0gia{:}","description":"Escola de M&Atilde;&nbsp;gia a Barcelona per aficionats i profesionals","publisher":{"@id":"https:\/\/escuelademagia.net\/#organization"},"potentialAction":[{"@type":"SearchAction","target":{"@type":"EntryPoint","urlTemplate":"https:\/\/escuelademagia.net\/?s={search_term_string}"},"query-input":{"@type":"PropertyValueSpecification","valueRequired":true,"valueName":"search_term_string"}}],"inLanguage":"ca-ES"},{"@type":"Organization","@id":"https:\/\/escuelademagia.net\/#organization","name":"{:es}Escuela de Magia{:}{:ca}Escola de M\u00e0gia{:}","url":"https:\/\/escuelademagia.net\/","logo":{"@type":"ImageObject","inLanguage":"ca-ES","@id":"https:\/\/escuelademagia.net\/#\/schema\/logo\/image\/","url":"http:\/\/escuelademagia.net\/wp-content\/uploads\/2024\/10\/logo-3detrebol.jpg","contentUrl":"http:\/\/escuelademagia.net\/wp-content\/uploads\/2024\/10\/logo-3detrebol.jpg","width":669,"height":568,"caption":"{:es}Escuela de Magia{:}{:ca}Escola de M\u00e0gia{:}"},"image":{"@id":"https:\/\/escuelademagia.net\/#\/schema\/logo\/image\/"},"sameAs":["https:\/\/www.facebook.com\/escuela3detrebol","https:\/\/www.instagram.com\/escuelademagianet\/"]}]}},"_links":{"self":[{"href":"https:\/\/escuelademagia.net\/ca\/wp-json\/wp\/v2\/pages\/210","targetHints":{"allow":["GET"]}}],"collection":[{"href":"https:\/\/escuelademagia.net\/ca\/wp-json\/wp\/v2\/pages"}],"about":[{"href":"https:\/\/escuelademagia.net\/ca\/wp-json\/wp\/v2\/types\/page"}],"author":[{"embeddable":true,"href":"https:\/\/escuelademagia.net\/ca\/wp-json\/wp\/v2\/users\/1"}],"replies":[{"embeddable":true,"href":"https:\/\/escuelademagia.net\/ca\/wp-json\/wp\/v2\/comments?post=210"}],"version-history":[{"count":20,"href":"https:\/\/escuelademagia.net\/ca\/wp-json\/wp\/v2\/pages\/210\/revisions"}],"predecessor-version":[{"id":1780,"href":"https:\/\/escuelademagia.net\/ca\/wp-json\/wp\/v2\/pages\/210\/revisions\/1780"}],"up":[{"embeddable":true,"href":"https:\/\/escuelademagia.net\/ca\/wp-json\/wp\/v2\/pages\/212"}],"wp:attachment":[{"href":"https:\/\/escuelademagia.net\/ca\/wp-json\/wp\/v2\/media?parent=210"}],"curies":[{"name":"wp","href":"https:\/\/api.w.org\/{rel}","templated":true}]}}