{"id":236,"date":"2015-06-23T07:53:55","date_gmt":"2015-06-23T07:53:55","guid":{"rendered":"http:\/\/escuelademagia.com\/?page_id=236"},"modified":"2019-11-15T15:59:56","modified_gmt":"2019-11-15T15:59:56","slug":"intensivo-de-iniciacion-2","status":"publish","type":"page","link":"https:\/\/escuelademagia.net\/ca\/cursos-de-magia\/cursos-intensivos\/intensivo-de-iniciacion-2\/","title":{"rendered":"CURS INTENSIU D&#8217;INICIACI\u00d3 A LA M\u00c0GIA 2"},"content":{"rendered":"<p><a href=\"http:\/\/escuelademagia.net\/wp-content\/uploads\/2015\/06\/intensivo.jpg\"><img loading=\"lazy\" decoding=\"async\" class=\"size-medium wp-image-559 aligncenter\" src=\"http:\/\/escuelademagia.net\/wp-content\/uploads\/2015\/06\/intensivo-300x104.jpg\" alt=\"intensivo\" width=\"300\" height=\"104\" srcset=\"https:\/\/escuelademagia.net\/wp-content\/uploads\/2015\/06\/intensivo-300x104.jpg 300w, https:\/\/escuelademagia.net\/wp-content\/uploads\/2015\/06\/intensivo-250x87.jpg 250w, https:\/\/escuelademagia.net\/wp-content\/uploads\/2015\/06\/intensivo-150x52.jpg 150w, https:\/\/escuelademagia.net\/wp-content\/uploads\/2015\/06\/intensivo.jpg 794w\" sizes=\"auto, (max-width: 300px) 100vw, 300px\" \/><\/a><\/p>\n<p style=\"text-align: center;\">Per a aquells que ja van cursar el curs intensiu 1, i volen tenir mes repertori o avan\u00e7ar una mica m\u00e9s.<\/p>\n<p style=\"text-align: center;\">Curs de 8 hores repartit en dos dies dissabte i diumenge de 16h a 20h, dissabte i 10h a 14 diumenge<\/p>\n<p style=\"text-align: center;\"><span style=\"color: #ff0000;\"><strong>Comen\u00e7ament:<\/strong><\/span><\/p>\n<p style=\"text-align: center;\">24 I 25 DE FEBRER 2018<\/p>\n<p style=\"text-align: center;\"><span id=\"result_box\" class=\"short_text\" lang=\"ca\" tabindex=\"-1\">CAL RESERVAR PLA\u00c7A <span class=\"\">ALS<\/span> <span class=\"\">TEL\u00c8FONS<\/span> DE MAS\u00a0 A BAIX<\/span><\/p>\n<p>Per a m\u00e9s informaci\u00f3 trucar al tel\u00e8fon <span style=\"color: #ff0000;\"> <b> 932.989.572 de 16,30h a 20,30h., o al <b> 696.428.407 a qualsevol hora, o tamb\u00e9 pots omplir el formulari <\/b><\/b><\/span><\/p>\n<p><span style=\"color: #ffffff;\"><p class=\"wpcf7-contact-form-not-found\"><strong>Error:<\/strong> Contact form not found.<\/p><\/span><\/p>\n","protected":false},"excerpt":{"rendered":"<p class=\"continue-reading-button\"> <a class=\"continue-reading-link\" href=\"https:\/\/escuelademagia.net\/ca\/cursos-de-magia\/cursos-intensivos\/intensivo-de-iniciacion-2\/\"><i class=\"crycon-right-dir\"><\/i><\/a><\/p>\n","protected":false},"author":1,"featured_media":0,"parent":120,"menu_order":0,"comment_status":"closed","ping_status":"closed","template":"","meta":{"_crdt_document":"","footnotes":""},"class_list":["post-236","page","type-page","status-publish","hentry"],"translation":{"provider":"WPGlobus","version":"3.0.2","language":"ca","enabled_languages":["es","ca"],"languages":{"es":{"title":true,"content":true,"excerpt":false},"ca":{"title":true,"content":true,"excerpt":false}}},"yoast_head":"<!-- This site is optimized with the Yoast SEO plugin v27.4 - https:\/\/yoast.com\/product\/yoast-seo-wordpress\/ -->\n<title>CURS INTENSIU D&#039;INICIACI\u00d3 A LA M\u00c0GIA 2 - Escuela de Magia<\/title>\n<meta name=\"robots\" content=\"index, follow, max-snippet:-1, max-image-preview:large, max-video-preview:-1\" \/>\n<link rel=\"canonical\" href=\"https:\/\/escuelademagia.net\/cursos-de-magia\/cursos-intensivos\/intensivo-de-iniciacion-2\/\" \/>\n<meta property=\"og:locale\" content=\"ca_ES\" \/>\n<meta property=\"og:type\" content=\"article\" \/>\n<meta property=\"og:title\" content=\"CURS INTENSIU D&#039;INICIACI\u00d3 A LA M\u00c0GIA 2 - Escuela de Magia\" \/>\n<meta property=\"og:url\" content=\"https:\/\/escuelademagia.net\/cursos-de-magia\/cursos-intensivos\/intensivo-de-iniciacion-2\/\" \/>\n<meta property=\"og:site_name\" content=\"Escuela de Magia\" \/>\n<meta property=\"article:publisher\" content=\"https:\/\/www.facebook.com\/escuela3detrebol\" \/>\n<meta property=\"article:modified_time\" content=\"2019-11-15T15:59:56+00:00\" \/>\n<meta property=\"og:image\" content=\"http:\/\/escuelademagia.net\/wp-content\/uploads\/2019\/11\/clase-169x300.jpg\" \/>\n<meta name=\"twitter:card\" content=\"summary_large_image\" \/>\n<meta name=\"twitter:label1\" content=\"Est. reading time\" \/>\n\t<meta name=\"twitter:data1\" content=\"1 minute\" \/>\n<script type=\"application\/ld+json\" class=\"yoast-schema-graph\">{\"@context\":\"https:\\\/\\\/schema.org\",\"@graph\":[{\"@type\":\"WebPage\",\"@id\":\"https:\\\/\\\/escuelademagia.net\\\/cursos-de-magia\\\/cursos-intensivos\\\/intensivo-de-iniciacion-2\\\/\",\"url\":\"https:\\\/\\\/escuelademagia.net\\\/cursos-de-magia\\\/cursos-intensivos\\\/intensivo-de-iniciacion-2\\\/\",\"name\":\"CURS INTENSIU D'INICIACI\u00d3 A LA M\u00c0GIA 2 - Escuela de Magia\",\"isPartOf\":{\"@id\":\"https:\\\/\\\/escuelademagia.net\\\/#website\"},\"primaryImageOfPage\":{\"@id\":\"https:\\\/\\\/escuelademagia.net\\\/cursos-de-magia\\\/cursos-intensivos\\\/intensivo-de-iniciacion-2\\\/#primaryimage\"},\"image\":{\"@id\":\"https:\\\/\\\/escuelademagia.net\\\/cursos-de-magia\\\/cursos-intensivos\\\/intensivo-de-iniciacion-2\\\/#primaryimage\"},\"thumbnailUrl\":\"http:\\\/\\\/escuelademagia.net\\\/wp-content\\\/uploads\\\/2019\\\/11\\\/clase-169x300.jpg\",\"datePublished\":\"2015-06-23T07:53:55+00:00\",\"dateModified\":\"2019-11-15T15:59:56+00:00\",\"breadcrumb\":{\"@id\":\"https:\\\/\\\/escuelademagia.net\\\/cursos-de-magia\\\/cursos-intensivos\\\/intensivo-de-iniciacion-2\\\/#breadcrumb\"},\"inLanguage\":\"ca-ES\",\"potentialAction\":[{\"@type\":\"ReadAction\",\"target\":[\"https:\\\/\\\/escuelademagia.net\\\/cursos-de-magia\\\/cursos-intensivos\\\/intensivo-de-iniciacion-2\\\/\"]}]},{\"@type\":\"ImageObject\",\"inLanguage\":\"ca-ES\",\"@id\":\"https:\\\/\\\/escuelademagia.net\\\/cursos-de-magia\\\/cursos-intensivos\\\/intensivo-de-iniciacion-2\\\/#primaryimage\",\"url\":\"http:\\\/\\\/escuelademagia.net\\\/wp-content\\\/uploads\\\/2019\\\/11\\\/clase-169x300.jpg\",\"contentUrl\":\"http:\\\/\\\/escuelademagia.net\\\/wp-content\\\/uploads\\\/2019\\\/11\\\/clase-169x300.jpg\"},{\"@type\":\"BreadcrumbList\",\"@id\":\"https:\\\/\\\/escuelademagia.net\\\/cursos-de-magia\\\/cursos-intensivos\\\/intensivo-de-iniciacion-2\\\/#breadcrumb\",\"itemListElement\":[{\"@type\":\"ListItem\",\"position\":1,\"name\":\"Portada\",\"item\":\"https:\\\/\\\/escuelademagia.net\\\/\"},{\"@type\":\"ListItem\",\"position\":2,\"name\":\"CURSOS DE MAGIA\",\"item\":\"https:\\\/\\\/escuelademagia.net\\\/cursos-de-magia\\\/\"},{\"@type\":\"ListItem\",\"position\":3,\"name\":\"CURSOS INTENSIVOS\",\"item\":\"https:\\\/\\\/escuelademagia.net\\\/cursos-de-magia\\\/cursos-intensivos\\\/\"},{\"@type\":\"ListItem\",\"position\":4,\"name\":\"CURSO INTENSIVO INICIACION A LA MAGIA 2\"}]},{\"@type\":\"WebSite\",\"@id\":\"https:\\\/\\\/escuelademagia.net\\\/#website\",\"url\":\"https:\\\/\\\/escuelademagia.net\\\/\",\"name\":\"{:es}Escuela de Magia{:}{:ca}Escola de M\u00e0gia{:}\",\"description\":\"Escola de M&Atilde;&nbsp;gia a Barcelona per aficionats i profesionals\",\"publisher\":{\"@id\":\"https:\\\/\\\/escuelademagia.net\\\/#organization\"},\"potentialAction\":[{\"@type\":\"SearchAction\",\"target\":{\"@type\":\"EntryPoint\",\"urlTemplate\":\"https:\\\/\\\/escuelademagia.net\\\/?s={search_term_string}\"},\"query-input\":{\"@type\":\"PropertyValueSpecification\",\"valueRequired\":true,\"valueName\":\"search_term_string\"}}],\"inLanguage\":\"ca-ES\"},{\"@type\":\"Organization\",\"@id\":\"https:\\\/\\\/escuelademagia.net\\\/#organization\",\"name\":\"{:es}Escuela de Magia{:}{:ca}Escola de M\u00e0gia{:}\",\"url\":\"https:\\\/\\\/escuelademagia.net\\\/\",\"logo\":{\"@type\":\"ImageObject\",\"inLanguage\":\"ca-ES\",\"@id\":\"https:\\\/\\\/escuelademagia.net\\\/#\\\/schema\\\/logo\\\/image\\\/\",\"url\":\"http:\\\/\\\/escuelademagia.net\\\/wp-content\\\/uploads\\\/2024\\\/10\\\/logo-3detrebol.jpg\",\"contentUrl\":\"http:\\\/\\\/escuelademagia.net\\\/wp-content\\\/uploads\\\/2024\\\/10\\\/logo-3detrebol.jpg\",\"width\":669,\"height\":568,\"caption\":\"{:es}Escuela de Magia{:}{:ca}Escola de M\u00e0gia{:}\"},\"image\":{\"@id\":\"https:\\\/\\\/escuelademagia.net\\\/#\\\/schema\\\/logo\\\/image\\\/\"},\"sameAs\":[\"https:\\\/\\\/www.facebook.com\\\/escuela3detrebol\",\"https:\\\/\\\/www.instagram.com\\\/escuelademagianet\\\/\"]}]}<\/script>\n<!-- \/ Yoast SEO plugin. -->","yoast_head_json":{"title":"CURS INTENSIU D'INICIACI\u00d3 A LA M\u00c0GIA 2 - Escuela de Magia","robots":{"index":"index","follow":"follow","max-snippet":"max-snippet:-1","max-image-preview":"max-image-preview:large","max-video-preview":"max-video-preview:-1"},"canonical":"https:\/\/escuelademagia.net\/cursos-de-magia\/cursos-intensivos\/intensivo-de-iniciacion-2\/","og_locale":"ca_ES","og_type":"article","og_title":"CURS INTENSIU D'INICIACI\u00d3 A LA M\u00c0GIA 2 - Escuela de Magia","og_url":"https:\/\/escuelademagia.net\/cursos-de-magia\/cursos-intensivos\/intensivo-de-iniciacion-2\/","og_site_name":"Escuela de Magia","article_publisher":"https:\/\/www.facebook.com\/escuela3detrebol","article_modified_time":"2019-11-15T15:59:56+00:00","og_image":[{"url":"http:\/\/escuelademagia.net\/wp-content\/uploads\/2019\/11\/clase-169x300.jpg","type":"","width":"","height":""}],"twitter_card":"summary_large_image","twitter_misc":{"Est. reading time":"1 minute"},"schema":{"@context":"https:\/\/schema.org","@graph":[{"@type":"WebPage","@id":"https:\/\/escuelademagia.net\/cursos-de-magia\/cursos-intensivos\/intensivo-de-iniciacion-2\/","url":"https:\/\/escuelademagia.net\/cursos-de-magia\/cursos-intensivos\/intensivo-de-iniciacion-2\/","name":"CURS INTENSIU D'INICIACI\u00d3 A LA M\u00c0GIA 2 - Escuela de Magia","isPartOf":{"@id":"https:\/\/escuelademagia.net\/#website"},"primaryImageOfPage":{"@id":"https:\/\/escuelademagia.net\/cursos-de-magia\/cursos-intensivos\/intensivo-de-iniciacion-2\/#primaryimage"},"image":{"@id":"https:\/\/escuelademagia.net\/cursos-de-magia\/cursos-intensivos\/intensivo-de-iniciacion-2\/#primaryimage"},"thumbnailUrl":"http:\/\/escuelademagia.net\/wp-content\/uploads\/2019\/11\/clase-169x300.jpg","datePublished":"2015-06-23T07:53:55+00:00","dateModified":"2019-11-15T15:59:56+00:00","breadcrumb":{"@id":"https:\/\/escuelademagia.net\/cursos-de-magia\/cursos-intensivos\/intensivo-de-iniciacion-2\/#breadcrumb"},"inLanguage":"ca-ES","potentialAction":[{"@type":"ReadAction","target":["https:\/\/escuelademagia.net\/cursos-de-magia\/cursos-intensivos\/intensivo-de-iniciacion-2\/"]}]},{"@type":"ImageObject","inLanguage":"ca-ES","@id":"https:\/\/escuelademagia.net\/cursos-de-magia\/cursos-intensivos\/intensivo-de-iniciacion-2\/#primaryimage","url":"http:\/\/escuelademagia.net\/wp-content\/uploads\/2019\/11\/clase-169x300.jpg","contentUrl":"http:\/\/escuelademagia.net\/wp-content\/uploads\/2019\/11\/clase-169x300.jpg"},{"@type":"BreadcrumbList","@id":"https:\/\/escuelademagia.net\/cursos-de-magia\/cursos-intensivos\/intensivo-de-iniciacion-2\/#breadcrumb","itemListElement":[{"@type":"ListItem","position":1,"name":"Portada","item":"https:\/\/escuelademagia.net\/"},{"@type":"ListItem","position":2,"name":"CURSOS DE MAGIA","item":"https:\/\/escuelademagia.net\/cursos-de-magia\/"},{"@type":"ListItem","position":3,"name":"CURSOS INTENSIVOS","item":"https:\/\/escuelademagia.net\/cursos-de-magia\/cursos-intensivos\/"},{"@type":"ListItem","position":4,"name":"CURSO INTENSIVO INICIACION A LA MAGIA 2"}]},{"@type":"WebSite","@id":"https:\/\/escuelademagia.net\/#website","url":"https:\/\/escuelademagia.net\/","name":"{:es}Escuela de Magia{:}{:ca}Escola de M\u00e0gia{:}","description":"Escola de M&Atilde;&nbsp;gia a Barcelona per aficionats i profesionals","publisher":{"@id":"https:\/\/escuelademagia.net\/#organization"},"potentialAction":[{"@type":"SearchAction","target":{"@type":"EntryPoint","urlTemplate":"https:\/\/escuelademagia.net\/?s={search_term_string}"},"query-input":{"@type":"PropertyValueSpecification","valueRequired":true,"valueName":"search_term_string"}}],"inLanguage":"ca-ES"},{"@type":"Organization","@id":"https:\/\/escuelademagia.net\/#organization","name":"{:es}Escuela de Magia{:}{:ca}Escola de M\u00e0gia{:}","url":"https:\/\/escuelademagia.net\/","logo":{"@type":"ImageObject","inLanguage":"ca-ES","@id":"https:\/\/escuelademagia.net\/#\/schema\/logo\/image\/","url":"http:\/\/escuelademagia.net\/wp-content\/uploads\/2024\/10\/logo-3detrebol.jpg","contentUrl":"http:\/\/escuelademagia.net\/wp-content\/uploads\/2024\/10\/logo-3detrebol.jpg","width":669,"height":568,"caption":"{:es}Escuela de Magia{:}{:ca}Escola de M\u00e0gia{:}"},"image":{"@id":"https:\/\/escuelademagia.net\/#\/schema\/logo\/image\/"},"sameAs":["https:\/\/www.facebook.com\/escuela3detrebol","https:\/\/www.instagram.com\/escuelademagianet\/"]}]}},"_links":{"self":[{"href":"https:\/\/escuelademagia.net\/ca\/wp-json\/wp\/v2\/pages\/236","targetHints":{"allow":["GET"]}}],"collection":[{"href":"https:\/\/escuelademagia.net\/ca\/wp-json\/wp\/v2\/pages"}],"about":[{"href":"https:\/\/escuelademagia.net\/ca\/wp-json\/wp\/v2\/types\/page"}],"author":[{"embeddable":true,"href":"https:\/\/escuelademagia.net\/ca\/wp-json\/wp\/v2\/users\/1"}],"replies":[{"embeddable":true,"href":"https:\/\/escuelademagia.net\/ca\/wp-json\/wp\/v2\/comments?post=236"}],"version-history":[{"count":23,"href":"https:\/\/escuelademagia.net\/ca\/wp-json\/wp\/v2\/pages\/236\/revisions"}],"predecessor-version":[{"id":5281,"href":"https:\/\/escuelademagia.net\/ca\/wp-json\/wp\/v2\/pages\/236\/revisions\/5281"}],"up":[{"embeddable":true,"href":"https:\/\/escuelademagia.net\/ca\/wp-json\/wp\/v2\/pages\/120"}],"wp:attachment":[{"href":"https:\/\/escuelademagia.net\/ca\/wp-json\/wp\/v2\/media?parent=236"}],"curies":[{"name":"wp","href":"https:\/\/api.w.org\/{rel}","templated":true}]}}