{"id":2660,"date":"2018-01-09T17:00:28","date_gmt":"2018-01-09T17:00:28","guid":{"rendered":"https:\/\/escuelademagia.net\/?page_id=2660"},"modified":"2026-01-26T11:39:20","modified_gmt":"2026-01-26T11:39:20","slug":"intensivo-de-cartomagia-avanzada","status":"publish","type":"page","link":"https:\/\/escuelademagia.net\/ca\/intensivo-de-cartomagia-avanzada\/","title":{"rendered":"CARTOMAGIA AVANZADA"},"content":{"rendered":"<div class=\"wp-block-image\">\n<figure class=\"aligncenter size-full is-resized\"><a href=\"http:\/\/escuelademagia.net\/wp-content\/uploads\/2024\/02\/micky-conesa-.png\"><img loading=\"lazy\" decoding=\"async\" width=\"282\" height=\"399\" src=\"http:\/\/escuelademagia.net\/wp-content\/uploads\/2024\/02\/micky-conesa-.png\" alt=\"\" class=\"wp-image-6938\" style=\"width:302px;height:auto\" srcset=\"https:\/\/escuelademagia.net\/wp-content\/uploads\/2024\/02\/micky-conesa-.png 282w, https:\/\/escuelademagia.net\/wp-content\/uploads\/2024\/02\/micky-conesa--212x300.png 212w, https:\/\/escuelademagia.net\/wp-content\/uploads\/2024\/02\/micky-conesa--106x150.png 106w\" sizes=\"auto, (max-width: 282px) 100vw, 282px\" \/><\/a><\/figure>\n<\/div>\n\n\n<p class=\"wp-block-paragraph\">\u00a1Sabemos lo que quer\u00e9is! No en vano somos magos<\/p>\n\n\n\n<p class=\"wp-block-paragraph\">Y sabemos que est\u00e1is deseando un curso de <strong><span style=\"color: #ff0000;\">CARTOMAGIA AVANZADA,<\/span><\/strong> que os har\u00e1 avanzar \u00a1no d\u00edas, ni meses\u2026 sino a\u00f1ooos!<\/p>\n\n\n\n<p class=\"has-white-color has-text-color has-link-color wp-elements-fb4c134bf8bfb49575240a6c52f8981b wp-block-paragraph\"><strong>CON UN MAESTRO DE LA CARTOMAGIA MICKY CONESA<\/strong><\/p>\n\n\n\n<p class=\"has-vivid-red-color has-text-color has-link-color wp-elements-43b3317346dec8ee589efb2a38077f57 wp-block-paragraph\"><strong>LOS JUEVES&nbsp;&nbsp; de 19,00\u202fh a 21,00\u202fh<\/strong><\/p>\n\n\n\n<p class=\"has-vivid-red-color has-text-color has-link-color wp-elements-c9365267f914bd71ea50e5e539e3962b wp-block-paragraph\"><\/p>\n\n\n\n<p class=\"has-vivid-red-color has-text-color has-link-color wp-elements-9fcb91eed517b58883eae25d746549c7 wp-block-paragraph\"><strong>DURACI\u00d3N 4 CLASES DE 2 H<\/strong><\/p>\n\n\n\n<p class=\"has-vivid-red-color has-text-color has-link-color wp-elements-e7116e9b738ae5251b0e90b308a633de wp-block-paragraph\"><strong>Precio: 120 \u20ac<\/strong><br>\/p informaci\u00f3n<\/p>\n\n\n\n<p class=\"wp-block-paragraph\">Para informaci\u00f3n y reservas tel\u00e9fonos 932989572 0 696428407 o comprar vuestro ticket a trav\u00e9s de Paypal o tarjeta de d\u00e9bito o cr\u00e9dito m\u00e1s abajo<\/p>\n\n\n\n<form action=\"https:\/\/www.paypal.com\/cgi-bin\/webscr\" method=\"post\" target=\"_top\">\n  <input type=\"hidden\" name=\"cmd\" value=\"_s-xclick\" \/>\n  <input type=\"hidden\" name=\"hosted_button_id\" value=\"RRZLH77ADBGY8\" \/>\n  <table>\n    <tr>\n      <td>\n        <input type=\"hidden\" name=\"on0\" value=\"RESERVAS\"\/>\n        RESERVAS\n      <\/td>\n    <\/tr>\n    <tr>\n      <td>\n        <select name=\"os0\">\n          <option value=\"1 RESERVA 120 \u20ac\">\n            1 RESERVA 120 \u20ac\n          <\/option>\n          <option value=\"2 RESERVAS 240 \u20ac\">\n            2 RESERVAS 240 \u20ac\n          <\/option>\n        <\/select>\n      <\/td>\n    <\/tr>\n    <tr>\n      <td>\n        <input type=\"hidden\" name=\"on1\" value=\"NOMBRE Y APELLIDOS\"\/>\n        NOMBRE Y APELLIDOS\n      <\/td>\n    <\/tr>\n    <tr>\n      <td>\n        <input type=\"text\" name=\"os1\" maxLength=\"200\" \/>\n      <\/td>\n    <\/tr>\n  <\/table>\n  <input type=\"hidden\" name=\"currency_code\" value=\"EUR\" \/>\n  <input type=\"image\" src=\"https:\/\/www.paypalobjects.com\/es_ES\/i\/btn\/btn_buynowCC_LG.gif\" border=\"0\" name=\"submit\" title=\"PayPal, la forma r\u00e1pida y segura de pagar en Internet.\" alt=\"Comprar ahora\" \/>\n<\/form>\n\n\n\n\n\n<div class=\"wpcf7 no-js\" id=\"wpcf7-f7270-o1\" lang=\"es-ES\" dir=\"ltr\" data-wpcf7-id=\"7270\">\n<div class=\"screen-reader-response\"><p role=\"status\" aria-live=\"polite\" aria-atomic=\"true\"><\/p> <ul><\/ul><\/div>\n<form action=\"\/ca\/wp-json\/wp\/v2\/pages\/2660#wpcf7-f7270-o1\" method=\"post\" class=\"wpcf7-form init\" aria-label=\"Contact form\" novalidate=\"novalidate\" data-status=\"init\">\n<fieldset class=\"hidden-fields-container\"><input type=\"hidden\" name=\"_wpcf7\" value=\"7270\" \/><input type=\"hidden\" name=\"_wpcf7_version\" value=\"6.1.5\" \/><input type=\"hidden\" name=\"_wpcf7_locale\" value=\"es_ES\" \/><input type=\"hidden\" name=\"_wpcf7_unit_tag\" value=\"wpcf7-f7270-o1\" \/><input type=\"hidden\" name=\"_wpcf7_container_post\" value=\"0\" \/><input type=\"hidden\" name=\"_wpcf7_posted_data_hash\" value=\"\" \/>\n<\/fieldset>\n<p><label> Tu nombre<br \/>\n<span class=\"wpcf7-form-control-wrap\" data-name=\"your-name\"><input size=\"40\" maxlength=\"400\" class=\"wpcf7-form-control wpcf7-text wpcf7-validates-as-required\" autocomplete=\"name\" aria-required=\"true\" aria-invalid=\"false\" value=\"\" type=\"text\" name=\"your-name\" \/><\/span> <\/label>\n<\/p>\n<p><label> Tu correo electr\u00f3nico<br \/>\n<span class=\"wpcf7-form-control-wrap\" data-name=\"your-email\"><input size=\"40\" maxlength=\"400\" class=\"wpcf7-form-control wpcf7-email wpcf7-validates-as-required wpcf7-text wpcf7-validates-as-email\" autocomplete=\"email\" aria-required=\"true\" aria-invalid=\"false\" value=\"\" type=\"email\" name=\"your-email\" \/><\/span> <\/label>\n<\/p>\n<p><label> Asunto<br \/>\n<span class=\"wpcf7-form-control-wrap\" data-name=\"your-subject\"><input size=\"40\" maxlength=\"400\" class=\"wpcf7-form-control wpcf7-text wpcf7-validates-as-required\" aria-required=\"true\" aria-invalid=\"false\" value=\"\" type=\"text\" name=\"your-subject\" \/><\/span> <\/label>\n<\/p>\n<p><span class=\"wpcf7-form-control-wrap\" data-name=\"tel-467\"><input size=\"40\" maxlength=\"400\" class=\"wpcf7-form-control wpcf7-tel wpcf7-validates-as-required wpcf7-text wpcf7-validates-as-tel\" aria-required=\"true\" aria-invalid=\"false\" value=\"\" type=\"tel\" name=\"tel-467\" \/><\/span>\n<\/p>\n<p><label> Tu mensaje (opcional)<br \/>\n<span class=\"wpcf7-form-control-wrap\" data-name=\"your-message\"><textarea cols=\"40\" rows=\"10\" maxlength=\"2000\" class=\"wpcf7-form-control wpcf7-textarea\" aria-invalid=\"false\" name=\"your-message\"><\/textarea><\/span> <\/label>\n<\/p>\n<p><input class=\"wpcf7-form-control wpcf7-submit has-spinner\" type=\"submit\" value=\"Enviar\" \/>\n<\/p>\n<p>Este formulario usa Akismet para reducir el spam. <a target=\"_blank\" rel=\"nofollow noopener\" href=\"https:\/\/akismet.com\/privacy\/\">Aprende c\u00f3mo se procesan tus datos.<\/a>\n<\/p><div class=\"wpcf7-response-output\" aria-hidden=\"true\"><\/div>\n<\/form>\n<\/div>\n","protected":false},"excerpt":{"rendered":"<p class=\"continue-reading-button\"> <a class=\"continue-reading-link\" href=\"https:\/\/escuelademagia.net\/ca\/intensivo-de-cartomagia-avanzada\/\"><i class=\"crycon-right-dir\"><\/i><\/a><\/p>\n","protected":false},"author":1,"featured_media":0,"parent":0,"menu_order":0,"comment_status":"closed","ping_status":"closed","template":"","meta":{"_crdt_document":"","footnotes":""},"class_list":["post-2660","page","type-page","status-publish","hentry"],"translation":{"provider":"WPGlobus","version":"3.0.2","language":"ca","enabled_languages":["es","ca"],"languages":{"es":{"title":true,"content":true,"excerpt":false},"ca":{"title":false,"content":false,"excerpt":false}}},"yoast_head":"<!-- This site is optimized with the Yoast SEO plugin v27.4 - https:\/\/yoast.com\/product\/yoast-seo-wordpress\/ -->\n<title>CARTOMAGIA AVANZADA - Escuela de Magia<\/title>\n<meta name=\"robots\" content=\"index, follow, max-snippet:-1, max-image-preview:large, max-video-preview:-1\" \/>\n<link rel=\"canonical\" href=\"https:\/\/escuelademagia.net\/intensivo-de-cartomagia-avanzada\/\" \/>\n<meta property=\"og:locale\" content=\"ca_ES\" \/>\n<meta property=\"og:type\" content=\"article\" \/>\n<meta property=\"og:title\" content=\"CARTOMAGIA AVANZADA - Escuela de Magia\" \/>\n<meta property=\"og:url\" content=\"https:\/\/escuelademagia.net\/intensivo-de-cartomagia-avanzada\/\" \/>\n<meta property=\"og:site_name\" content=\"Escuela de Magia\" \/>\n<meta property=\"article:publisher\" content=\"https:\/\/www.facebook.com\/escuela3detrebol\" \/>\n<meta property=\"article:modified_time\" content=\"2026-01-26T11:39:20+00:00\" \/>\n<meta property=\"og:image\" content=\"https:\/\/escuelademagia.net\/wp-content\/uploads\/2024\/02\/micky-conesa-.png\" \/>\n\t<meta property=\"og:image:width\" content=\"282\" \/>\n\t<meta property=\"og:image:height\" content=\"399\" \/>\n\t<meta property=\"og:image:type\" content=\"image\/png\" \/>\n<meta name=\"twitter:card\" content=\"summary_large_image\" \/>\n<meta name=\"twitter:label1\" content=\"Est. reading time\" \/>\n\t<meta name=\"twitter:data1\" content=\"1 minute\" \/>\n<script type=\"application\/ld+json\" class=\"yoast-schema-graph\">{\"@context\":\"https:\\\/\\\/schema.org\",\"@graph\":[{\"@type\":\"WebPage\",\"@id\":\"https:\\\/\\\/escuelademagia.net\\\/intensivo-de-cartomagia-avanzada\\\/\",\"url\":\"https:\\\/\\\/escuelademagia.net\\\/intensivo-de-cartomagia-avanzada\\\/\",\"name\":\"CARTOMAGIA AVANZADA - Escuela de Magia\",\"isPartOf\":{\"@id\":\"https:\\\/\\\/escuelademagia.net\\\/#website\"},\"primaryImageOfPage\":{\"@id\":\"https:\\\/\\\/escuelademagia.net\\\/intensivo-de-cartomagia-avanzada\\\/#primaryimage\"},\"image\":{\"@id\":\"https:\\\/\\\/escuelademagia.net\\\/intensivo-de-cartomagia-avanzada\\\/#primaryimage\"},\"thumbnailUrl\":\"http:\\\/\\\/escuelademagia.net\\\/wp-content\\\/uploads\\\/2024\\\/02\\\/micky-conesa-.png\",\"datePublished\":\"2018-01-09T17:00:28+00:00\",\"dateModified\":\"2026-01-26T11:39:20+00:00\",\"breadcrumb\":{\"@id\":\"https:\\\/\\\/escuelademagia.net\\\/intensivo-de-cartomagia-avanzada\\\/#breadcrumb\"},\"inLanguage\":\"ca-ES\",\"potentialAction\":[{\"@type\":\"ReadAction\",\"target\":[\"https:\\\/\\\/escuelademagia.net\\\/intensivo-de-cartomagia-avanzada\\\/\"]}]},{\"@type\":\"ImageObject\",\"inLanguage\":\"ca-ES\",\"@id\":\"https:\\\/\\\/escuelademagia.net\\\/intensivo-de-cartomagia-avanzada\\\/#primaryimage\",\"url\":\"http:\\\/\\\/escuelademagia.net\\\/wp-content\\\/uploads\\\/2024\\\/02\\\/micky-conesa-.png\",\"contentUrl\":\"http:\\\/\\\/escuelademagia.net\\\/wp-content\\\/uploads\\\/2024\\\/02\\\/micky-conesa-.png\"},{\"@type\":\"BreadcrumbList\",\"@id\":\"https:\\\/\\\/escuelademagia.net\\\/intensivo-de-cartomagia-avanzada\\\/#breadcrumb\",\"itemListElement\":[{\"@type\":\"ListItem\",\"position\":1,\"name\":\"Portada\",\"item\":\"https:\\\/\\\/escuelademagia.net\\\/\"},{\"@type\":\"ListItem\",\"position\":2,\"name\":\"CARTOMAGIA AVANZADA\"}]},{\"@type\":\"WebSite\",\"@id\":\"https:\\\/\\\/escuelademagia.net\\\/#website\",\"url\":\"https:\\\/\\\/escuelademagia.net\\\/\",\"name\":\"{:es}Escuela de Magia{:}{:ca}Escola de M\u00e0gia{:}\",\"description\":\"Escola de M&Atilde;&nbsp;gia a Barcelona per aficionats i profesionals\",\"publisher\":{\"@id\":\"https:\\\/\\\/escuelademagia.net\\\/#organization\"},\"potentialAction\":[{\"@type\":\"SearchAction\",\"target\":{\"@type\":\"EntryPoint\",\"urlTemplate\":\"https:\\\/\\\/escuelademagia.net\\\/?s={search_term_string}\"},\"query-input\":{\"@type\":\"PropertyValueSpecification\",\"valueRequired\":true,\"valueName\":\"search_term_string\"}}],\"inLanguage\":\"ca-ES\"},{\"@type\":\"Organization\",\"@id\":\"https:\\\/\\\/escuelademagia.net\\\/#organization\",\"name\":\"{:es}Escuela de Magia{:}{:ca}Escola de M\u00e0gia{:}\",\"url\":\"https:\\\/\\\/escuelademagia.net\\\/\",\"logo\":{\"@type\":\"ImageObject\",\"inLanguage\":\"ca-ES\",\"@id\":\"https:\\\/\\\/escuelademagia.net\\\/#\\\/schema\\\/logo\\\/image\\\/\",\"url\":\"http:\\\/\\\/escuelademagia.net\\\/wp-content\\\/uploads\\\/2024\\\/10\\\/logo-3detrebol.jpg\",\"contentUrl\":\"http:\\\/\\\/escuelademagia.net\\\/wp-content\\\/uploads\\\/2024\\\/10\\\/logo-3detrebol.jpg\",\"width\":669,\"height\":568,\"caption\":\"{:es}Escuela de Magia{:}{:ca}Escola de M\u00e0gia{:}\"},\"image\":{\"@id\":\"https:\\\/\\\/escuelademagia.net\\\/#\\\/schema\\\/logo\\\/image\\\/\"},\"sameAs\":[\"https:\\\/\\\/www.facebook.com\\\/escuela3detrebol\",\"https:\\\/\\\/www.instagram.com\\\/escuelademagianet\\\/\"]}]}<\/script>\n<!-- \/ Yoast SEO plugin. -->","yoast_head_json":{"title":"CARTOMAGIA AVANZADA - Escuela de Magia","robots":{"index":"index","follow":"follow","max-snippet":"max-snippet:-1","max-image-preview":"max-image-preview:large","max-video-preview":"max-video-preview:-1"},"canonical":"https:\/\/escuelademagia.net\/intensivo-de-cartomagia-avanzada\/","og_locale":"ca_ES","og_type":"article","og_title":"CARTOMAGIA AVANZADA - Escuela de Magia","og_url":"https:\/\/escuelademagia.net\/intensivo-de-cartomagia-avanzada\/","og_site_name":"Escuela de Magia","article_publisher":"https:\/\/www.facebook.com\/escuela3detrebol","article_modified_time":"2026-01-26T11:39:20+00:00","og_image":[{"width":282,"height":399,"url":"https:\/\/escuelademagia.net\/wp-content\/uploads\/2024\/02\/micky-conesa-.png","type":"image\/png"}],"twitter_card":"summary_large_image","twitter_misc":{"Est. reading time":"1 minute"},"schema":{"@context":"https:\/\/schema.org","@graph":[{"@type":"WebPage","@id":"https:\/\/escuelademagia.net\/intensivo-de-cartomagia-avanzada\/","url":"https:\/\/escuelademagia.net\/intensivo-de-cartomagia-avanzada\/","name":"CARTOMAGIA AVANZADA - Escuela de Magia","isPartOf":{"@id":"https:\/\/escuelademagia.net\/#website"},"primaryImageOfPage":{"@id":"https:\/\/escuelademagia.net\/intensivo-de-cartomagia-avanzada\/#primaryimage"},"image":{"@id":"https:\/\/escuelademagia.net\/intensivo-de-cartomagia-avanzada\/#primaryimage"},"thumbnailUrl":"http:\/\/escuelademagia.net\/wp-content\/uploads\/2024\/02\/micky-conesa-.png","datePublished":"2018-01-09T17:00:28+00:00","dateModified":"2026-01-26T11:39:20+00:00","breadcrumb":{"@id":"https:\/\/escuelademagia.net\/intensivo-de-cartomagia-avanzada\/#breadcrumb"},"inLanguage":"ca-ES","potentialAction":[{"@type":"ReadAction","target":["https:\/\/escuelademagia.net\/intensivo-de-cartomagia-avanzada\/"]}]},{"@type":"ImageObject","inLanguage":"ca-ES","@id":"https:\/\/escuelademagia.net\/intensivo-de-cartomagia-avanzada\/#primaryimage","url":"http:\/\/escuelademagia.net\/wp-content\/uploads\/2024\/02\/micky-conesa-.png","contentUrl":"http:\/\/escuelademagia.net\/wp-content\/uploads\/2024\/02\/micky-conesa-.png"},{"@type":"BreadcrumbList","@id":"https:\/\/escuelademagia.net\/intensivo-de-cartomagia-avanzada\/#breadcrumb","itemListElement":[{"@type":"ListItem","position":1,"name":"Portada","item":"https:\/\/escuelademagia.net\/"},{"@type":"ListItem","position":2,"name":"CARTOMAGIA AVANZADA"}]},{"@type":"WebSite","@id":"https:\/\/escuelademagia.net\/#website","url":"https:\/\/escuelademagia.net\/","name":"{:es}Escuela de Magia{:}{:ca}Escola de M\u00e0gia{:}","description":"Escola de M&Atilde;&nbsp;gia a Barcelona per aficionats i profesionals","publisher":{"@id":"https:\/\/escuelademagia.net\/#organization"},"potentialAction":[{"@type":"SearchAction","target":{"@type":"EntryPoint","urlTemplate":"https:\/\/escuelademagia.net\/?s={search_term_string}"},"query-input":{"@type":"PropertyValueSpecification","valueRequired":true,"valueName":"search_term_string"}}],"inLanguage":"ca-ES"},{"@type":"Organization","@id":"https:\/\/escuelademagia.net\/#organization","name":"{:es}Escuela de Magia{:}{:ca}Escola de M\u00e0gia{:}","url":"https:\/\/escuelademagia.net\/","logo":{"@type":"ImageObject","inLanguage":"ca-ES","@id":"https:\/\/escuelademagia.net\/#\/schema\/logo\/image\/","url":"http:\/\/escuelademagia.net\/wp-content\/uploads\/2024\/10\/logo-3detrebol.jpg","contentUrl":"http:\/\/escuelademagia.net\/wp-content\/uploads\/2024\/10\/logo-3detrebol.jpg","width":669,"height":568,"caption":"{:es}Escuela de Magia{:}{:ca}Escola de M\u00e0gia{:}"},"image":{"@id":"https:\/\/escuelademagia.net\/#\/schema\/logo\/image\/"},"sameAs":["https:\/\/www.facebook.com\/escuela3detrebol","https:\/\/www.instagram.com\/escuelademagianet\/"]}]}},"_links":{"self":[{"href":"https:\/\/escuelademagia.net\/ca\/wp-json\/wp\/v2\/pages\/2660","targetHints":{"allow":["GET"]}}],"collection":[{"href":"https:\/\/escuelademagia.net\/ca\/wp-json\/wp\/v2\/pages"}],"about":[{"href":"https:\/\/escuelademagia.net\/ca\/wp-json\/wp\/v2\/types\/page"}],"author":[{"embeddable":true,"href":"https:\/\/escuelademagia.net\/ca\/wp-json\/wp\/v2\/users\/1"}],"replies":[{"embeddable":true,"href":"https:\/\/escuelademagia.net\/ca\/wp-json\/wp\/v2\/comments?post=2660"}],"version-history":[{"count":27,"href":"https:\/\/escuelademagia.net\/ca\/wp-json\/wp\/v2\/pages\/2660\/revisions"}],"predecessor-version":[{"id":8214,"href":"https:\/\/escuelademagia.net\/ca\/wp-json\/wp\/v2\/pages\/2660\/revisions\/8214"}],"wp:attachment":[{"href":"https:\/\/escuelademagia.net\/ca\/wp-json\/wp\/v2\/media?parent=2660"}],"curies":[{"name":"wp","href":"https:\/\/api.w.org\/{rel}","templated":true}]}}