{"id":321,"date":"2015-06-25T08:12:15","date_gmt":"2015-06-25T08:12:15","guid":{"rendered":"http:\/\/escuelademagia.com\/?page_id=321"},"modified":"2025-08-25T10:25:44","modified_gmt":"2025-08-25T10:25:44","slug":"curso-extraescolar-de-magia","status":"publish","type":"page","link":"https:\/\/escuelademagia.net\/ca\/cursos-de-magia\/cursos-infantiles\/curso-extraescolar-de-magia\/","title":{"rendered":"CURSO EXTRAESCOLAR DE MAGIA"},"content":{"rendered":"<div class=\"article-toolswrap\"><\/div>\n<div class=\"article-content\">\n<div>\n<div style=\"width: 300px;\" class=\"wp-video\"><video class=\"wp-video-shortcode\" id=\"video-321-1\" width=\"300\" height=\"300\" preload=\"metadata\" controls=\"controls\"><source type=\"video\/mp4\" src=\"http:\/\/escuelademagia.net\/wp-content\/uploads\/2022\/06\/WhatsApp-Video-2022-06-28-at-2.01.38-PM.mp4?_=1\" \/><a href=\"http:\/\/escuelademagia.net\/wp-content\/uploads\/2022\/06\/WhatsApp-Video-2022-06-28-at-2.01.38-PM.mp4\">http:\/\/escuelademagia.net\/wp-content\/uploads\/2022\/06\/WhatsApp-Video-2022-06-28-at-2.01.38-PM.mp4<\/a><\/video><\/div>\n<\/div>\n<p style=\"text-align: center;\">CURSO INFANTIL \/ JUVENIL LECTIVO DE <strong><span style=\"color: #ff0000;\">MAGIA<br \/>\n<\/span><\/strong><\/p>\n<p style=\"text-align: center;\">Curso con una duraci\u00f3n de un curso lectivo,\u00a0 en el que despu\u00e9s de que el alumno conecte con la Magia, se le ir\u00e1 introduciendo en las diferentes clases y materias m\u00e1gicas, a lo largo de un curso escolar.<\/p>\n<p style=\"text-align: center;\"><span style=\"color: #ff0000;\">CON TODAS LAS MEDIDAS SANITARIAS Y DE HIGIENE PERTINENTES<\/span><\/p>\n<p style=\"text-align: center;\">Pero adem\u00e1s tambi\u00e9n habr\u00e1:<\/p>\n<ul style=\"text-align: center;\">\n<li>Participaci\u00f3n en festivales m\u00e1gicos de la escuela<\/li>\n<li>Evaluaciones continuadas<\/li>\n<li>Demostraci\u00f3n al p\u00fablico en el d\u00eda de puertas abiertas<\/li>\n<\/ul>\n<ul style=\"text-align: center;\">\n<li style=\"text-align: center;\"><strong><span style=\"color: #ff0000;\">VIERNES\u00a0<\/span><\/strong> <span style=\"color: #ffffff;\">de 18; 00 h\u00a0 a 19:.00 h<\/span><\/li>\n<li style=\"text-align: center;\"><span style=\"color: #ffffff;\">\u00a0<\/span><\/li>\n<\/ul>\n<p style=\"text-align: center;\"><span style=\"color: #ff0000;\"><strong>EDAD:<\/strong><\/span> A partir de 6 a\u00f1os de edad \/ Grupos seg\u00fan edad y conocimientos<\/p>\n<p style=\"text-align: center;\"><strong><span style=\"color: #ff0000;\">65 \u20ac de matr\u00edcula y 60 \u20ac al mes<\/span><br \/>\n<\/strong><\/p>\n<p style=\"text-align: center;\"><span style=\"color: #ff0000;\"><strong>PLAZAS MUY LIMITADAS<\/strong><br \/>\n<\/span><\/p>\n<\/div>\n","protected":false},"excerpt":{"rendered":"<p class=\"continue-reading-button\"> <a class=\"continue-reading-link\" href=\"https:\/\/escuelademagia.net\/ca\/cursos-de-magia\/cursos-infantiles\/curso-extraescolar-de-magia\/\"><i class=\"crycon-right-dir\"><\/i><\/a><\/p>\n","protected":false},"author":1,"featured_media":0,"parent":113,"menu_order":0,"comment_status":"closed","ping_status":"closed","template":"","meta":{"_crdt_document":"","footnotes":""},"class_list":["post-321","page","type-page","status-publish","hentry"],"translation":{"provider":"WPGlobus","version":"3.0.2","language":"ca","enabled_languages":["es","ca"],"languages":{"es":{"title":true,"content":true,"excerpt":false},"ca":{"title":false,"content":false,"excerpt":false}}},"yoast_head":"<!-- This site is optimized with the Yoast SEO plugin v27.4 - https:\/\/yoast.com\/product\/yoast-seo-wordpress\/ -->\n<title>CURSO EXTRAESCOLAR DE MAGIA - Escuela de Magia<\/title>\n<meta name=\"robots\" content=\"index, follow, max-snippet:-1, max-image-preview:large, max-video-preview:-1\" \/>\n<link rel=\"canonical\" href=\"https:\/\/escuelademagia.net\/cursos-de-magia\/cursos-infantiles\/curso-extraescolar-de-magia\/\" \/>\n<meta property=\"og:locale\" content=\"ca_ES\" \/>\n<meta property=\"og:type\" content=\"article\" \/>\n<meta property=\"og:title\" content=\"CURSO EXTRAESCOLAR DE MAGIA - Escuela de Magia\" \/>\n<meta property=\"og:url\" content=\"https:\/\/escuelademagia.net\/cursos-de-magia\/cursos-infantiles\/curso-extraescolar-de-magia\/\" \/>\n<meta property=\"og:site_name\" content=\"Escuela de Magia\" \/>\n<meta property=\"article:publisher\" content=\"https:\/\/www.facebook.com\/escuela3detrebol\" \/>\n<meta property=\"article:modified_time\" content=\"2025-08-25T10:25:44+00:00\" \/>\n<meta property=\"og:image\" content=\"https:\/\/www.paypalobjects.com\/es_ES\/i\/scr\/pixel.gif\" \/>\n<meta name=\"twitter:card\" content=\"summary_large_image\" \/>\n<meta name=\"twitter:label1\" content=\"Est. reading time\" \/>\n\t<meta name=\"twitter:data1\" content=\"1 minute\" \/>\n<script type=\"application\/ld+json\" class=\"yoast-schema-graph\">{\"@context\":\"https:\\\/\\\/schema.org\",\"@graph\":[{\"@type\":\"WebPage\",\"@id\":\"https:\\\/\\\/escuelademagia.net\\\/cursos-de-magia\\\/cursos-infantiles\\\/curso-extraescolar-de-magia\\\/\",\"url\":\"https:\\\/\\\/escuelademagia.net\\\/cursos-de-magia\\\/cursos-infantiles\\\/curso-extraescolar-de-magia\\\/\",\"name\":\"CURSO EXTRAESCOLAR DE MAGIA - Escuela de Magia\",\"isPartOf\":{\"@id\":\"https:\\\/\\\/escuelademagia.net\\\/#website\"},\"datePublished\":\"2015-06-25T08:12:15+00:00\",\"dateModified\":\"2025-08-25T10:25:44+00:00\",\"breadcrumb\":{\"@id\":\"https:\\\/\\\/escuelademagia.net\\\/cursos-de-magia\\\/cursos-infantiles\\\/curso-extraescolar-de-magia\\\/#breadcrumb\"},\"inLanguage\":\"ca-ES\",\"potentialAction\":[{\"@type\":\"ReadAction\",\"target\":[\"https:\\\/\\\/escuelademagia.net\\\/cursos-de-magia\\\/cursos-infantiles\\\/curso-extraescolar-de-magia\\\/\"]}]},{\"@type\":\"BreadcrumbList\",\"@id\":\"https:\\\/\\\/escuelademagia.net\\\/cursos-de-magia\\\/cursos-infantiles\\\/curso-extraescolar-de-magia\\\/#breadcrumb\",\"itemListElement\":[{\"@type\":\"ListItem\",\"position\":1,\"name\":\"Portada\",\"item\":\"https:\\\/\\\/escuelademagia.net\\\/\"},{\"@type\":\"ListItem\",\"position\":2,\"name\":\"CURSOS DE MAGIA\",\"item\":\"https:\\\/\\\/escuelademagia.net\\\/cursos-de-magia\\\/\"},{\"@type\":\"ListItem\",\"position\":3,\"name\":\"CURSOS INFANTILES DE MAGIA\",\"item\":\"https:\\\/\\\/escuelademagia.net\\\/cursos-de-magia\\\/cursos-infantiles\\\/\"},{\"@type\":\"ListItem\",\"position\":4,\"name\":\"CURSO EXTRAESCOLAR DE MAGIA\"}]},{\"@type\":\"WebSite\",\"@id\":\"https:\\\/\\\/escuelademagia.net\\\/#website\",\"url\":\"https:\\\/\\\/escuelademagia.net\\\/\",\"name\":\"{:es}Escuela de Magia{:}{:ca}Escola de M\u00e0gia{:}\",\"description\":\"Escola de M&Atilde;&nbsp;gia a Barcelona per aficionats i profesionals\",\"publisher\":{\"@id\":\"https:\\\/\\\/escuelademagia.net\\\/#organization\"},\"potentialAction\":[{\"@type\":\"SearchAction\",\"target\":{\"@type\":\"EntryPoint\",\"urlTemplate\":\"https:\\\/\\\/escuelademagia.net\\\/?s={search_term_string}\"},\"query-input\":{\"@type\":\"PropertyValueSpecification\",\"valueRequired\":true,\"valueName\":\"search_term_string\"}}],\"inLanguage\":\"ca-ES\"},{\"@type\":\"Organization\",\"@id\":\"https:\\\/\\\/escuelademagia.net\\\/#organization\",\"name\":\"{:es}Escuela de Magia{:}{:ca}Escola de M\u00e0gia{:}\",\"url\":\"https:\\\/\\\/escuelademagia.net\\\/\",\"logo\":{\"@type\":\"ImageObject\",\"inLanguage\":\"ca-ES\",\"@id\":\"https:\\\/\\\/escuelademagia.net\\\/#\\\/schema\\\/logo\\\/image\\\/\",\"url\":\"http:\\\/\\\/escuelademagia.net\\\/wp-content\\\/uploads\\\/2024\\\/10\\\/logo-3detrebol.jpg\",\"contentUrl\":\"http:\\\/\\\/escuelademagia.net\\\/wp-content\\\/uploads\\\/2024\\\/10\\\/logo-3detrebol.jpg\",\"width\":669,\"height\":568,\"caption\":\"{:es}Escuela de Magia{:}{:ca}Escola de M\u00e0gia{:}\"},\"image\":{\"@id\":\"https:\\\/\\\/escuelademagia.net\\\/#\\\/schema\\\/logo\\\/image\\\/\"},\"sameAs\":[\"https:\\\/\\\/www.facebook.com\\\/escuela3detrebol\",\"https:\\\/\\\/www.instagram.com\\\/escuelademagianet\\\/\"]}]}<\/script>\n<!-- \/ Yoast SEO plugin. -->","yoast_head_json":{"title":"CURSO EXTRAESCOLAR DE MAGIA - Escuela de Magia","robots":{"index":"index","follow":"follow","max-snippet":"max-snippet:-1","max-image-preview":"max-image-preview:large","max-video-preview":"max-video-preview:-1"},"canonical":"https:\/\/escuelademagia.net\/cursos-de-magia\/cursos-infantiles\/curso-extraescolar-de-magia\/","og_locale":"ca_ES","og_type":"article","og_title":"CURSO EXTRAESCOLAR DE MAGIA - Escuela de Magia","og_url":"https:\/\/escuelademagia.net\/cursos-de-magia\/cursos-infantiles\/curso-extraescolar-de-magia\/","og_site_name":"Escuela de Magia","article_publisher":"https:\/\/www.facebook.com\/escuela3detrebol","article_modified_time":"2025-08-25T10:25:44+00:00","og_image":[{"url":"https:\/\/www.paypalobjects.com\/es_ES\/i\/scr\/pixel.gif","type":"","width":"","height":""}],"twitter_card":"summary_large_image","twitter_misc":{"Est. reading time":"1 minute"},"schema":{"@context":"https:\/\/schema.org","@graph":[{"@type":"WebPage","@id":"https:\/\/escuelademagia.net\/cursos-de-magia\/cursos-infantiles\/curso-extraescolar-de-magia\/","url":"https:\/\/escuelademagia.net\/cursos-de-magia\/cursos-infantiles\/curso-extraescolar-de-magia\/","name":"CURSO EXTRAESCOLAR DE MAGIA - Escuela de Magia","isPartOf":{"@id":"https:\/\/escuelademagia.net\/#website"},"datePublished":"2015-06-25T08:12:15+00:00","dateModified":"2025-08-25T10:25:44+00:00","breadcrumb":{"@id":"https:\/\/escuelademagia.net\/cursos-de-magia\/cursos-infantiles\/curso-extraescolar-de-magia\/#breadcrumb"},"inLanguage":"ca-ES","potentialAction":[{"@type":"ReadAction","target":["https:\/\/escuelademagia.net\/cursos-de-magia\/cursos-infantiles\/curso-extraescolar-de-magia\/"]}]},{"@type":"BreadcrumbList","@id":"https:\/\/escuelademagia.net\/cursos-de-magia\/cursos-infantiles\/curso-extraescolar-de-magia\/#breadcrumb","itemListElement":[{"@type":"ListItem","position":1,"name":"Portada","item":"https:\/\/escuelademagia.net\/"},{"@type":"ListItem","position":2,"name":"CURSOS DE MAGIA","item":"https:\/\/escuelademagia.net\/cursos-de-magia\/"},{"@type":"ListItem","position":3,"name":"CURSOS INFANTILES DE MAGIA","item":"https:\/\/escuelademagia.net\/cursos-de-magia\/cursos-infantiles\/"},{"@type":"ListItem","position":4,"name":"CURSO EXTRAESCOLAR DE MAGIA"}]},{"@type":"WebSite","@id":"https:\/\/escuelademagia.net\/#website","url":"https:\/\/escuelademagia.net\/","name":"{:es}Escuela de Magia{:}{:ca}Escola de M\u00e0gia{:}","description":"Escola de M&Atilde;&nbsp;gia a Barcelona per aficionats i profesionals","publisher":{"@id":"https:\/\/escuelademagia.net\/#organization"},"potentialAction":[{"@type":"SearchAction","target":{"@type":"EntryPoint","urlTemplate":"https:\/\/escuelademagia.net\/?s={search_term_string}"},"query-input":{"@type":"PropertyValueSpecification","valueRequired":true,"valueName":"search_term_string"}}],"inLanguage":"ca-ES"},{"@type":"Organization","@id":"https:\/\/escuelademagia.net\/#organization","name":"{:es}Escuela de Magia{:}{:ca}Escola de M\u00e0gia{:}","url":"https:\/\/escuelademagia.net\/","logo":{"@type":"ImageObject","inLanguage":"ca-ES","@id":"https:\/\/escuelademagia.net\/#\/schema\/logo\/image\/","url":"http:\/\/escuelademagia.net\/wp-content\/uploads\/2024\/10\/logo-3detrebol.jpg","contentUrl":"http:\/\/escuelademagia.net\/wp-content\/uploads\/2024\/10\/logo-3detrebol.jpg","width":669,"height":568,"caption":"{:es}Escuela de Magia{:}{:ca}Escola de M\u00e0gia{:}"},"image":{"@id":"https:\/\/escuelademagia.net\/#\/schema\/logo\/image\/"},"sameAs":["https:\/\/www.facebook.com\/escuela3detrebol","https:\/\/www.instagram.com\/escuelademagianet\/"]}]}},"_links":{"self":[{"href":"https:\/\/escuelademagia.net\/ca\/wp-json\/wp\/v2\/pages\/321","targetHints":{"allow":["GET"]}}],"collection":[{"href":"https:\/\/escuelademagia.net\/ca\/wp-json\/wp\/v2\/pages"}],"about":[{"href":"https:\/\/escuelademagia.net\/ca\/wp-json\/wp\/v2\/types\/page"}],"author":[{"embeddable":true,"href":"https:\/\/escuelademagia.net\/ca\/wp-json\/wp\/v2\/users\/1"}],"replies":[{"embeddable":true,"href":"https:\/\/escuelademagia.net\/ca\/wp-json\/wp\/v2\/comments?post=321"}],"version-history":[{"count":43,"href":"https:\/\/escuelademagia.net\/ca\/wp-json\/wp\/v2\/pages\/321\/revisions"}],"predecessor-version":[{"id":7968,"href":"https:\/\/escuelademagia.net\/ca\/wp-json\/wp\/v2\/pages\/321\/revisions\/7968"}],"up":[{"embeddable":true,"href":"https:\/\/escuelademagia.net\/ca\/wp-json\/wp\/v2\/pages\/113"}],"wp:attachment":[{"href":"https:\/\/escuelademagia.net\/ca\/wp-json\/wp\/v2\/media?parent=321"}],"curies":[{"name":"wp","href":"https:\/\/api.w.org\/{rel}","templated":true}]}}