{"id":3247,"date":"2019-02-28T18:41:36","date_gmt":"2019-02-28T18:41:36","guid":{"rendered":"https:\/\/escuelademagia.net\/?page_id=3247"},"modified":"2023-09-12T09:08:33","modified_gmt":"2023-09-12T09:08:33","slug":"cartomagia-facil","status":"publish","type":"page","link":"https:\/\/escuelademagia.net\/ca\/cursos-de-magia\/cartomagia-facil\/","title":{"rendered":"CARTOMAGIA FACIL"},"content":{"rendered":"<p><a href=\"http:\/\/escuelademagia.net\/wp-content\/uploads\/2016\/02\/trucos-de-magia-con-cartas-5601.jpg\"><img loading=\"lazy\" decoding=\"async\" class=\"wp-image-1585 aligncenter\" src=\"http:\/\/escuelademagia.net\/wp-content\/uploads\/2016\/02\/trucos-de-magia-con-cartas-5601-300x129.jpg\" alt=\"\" width=\"521\" height=\"224\" srcset=\"https:\/\/escuelademagia.net\/wp-content\/uploads\/2016\/02\/trucos-de-magia-con-cartas-5601-300x129.jpg 300w, https:\/\/escuelademagia.net\/wp-content\/uploads\/2016\/02\/trucos-de-magia-con-cartas-5601-768x329.jpg 768w, https:\/\/escuelademagia.net\/wp-content\/uploads\/2016\/02\/trucos-de-magia-con-cartas-5601-1024x439.jpg 1024w, https:\/\/escuelademagia.net\/wp-content\/uploads\/2016\/02\/trucos-de-magia-con-cartas-5601-150x64.jpg 150w, https:\/\/escuelademagia.net\/wp-content\/uploads\/2016\/02\/trucos-de-magia-con-cartas-5601.jpg 1150w\" sizes=\"auto, (max-width: 521px) 100vw, 521px\" \/><\/a><\/p>\n<p><span class=\"tlid-translation translation\" lang=\"ca\">Hi ha multitud de persones que els encanta la m\u00e0gia amb cartes i creuen que no tenen l&#8217;habilitat suficient o el temps adequat per desenvolupar-la i desitjarien sorprendre amb el seu M\u00e0gia.<br \/>\nAquest curs est\u00e0 dedicat a ells.<br \/>\nEl m\u00e0xima dificultat que patiran ser\u00e0 obrir l&#8217;estoig de les cartes, aprendr\u00e0s un munt de jocs autom\u00e0tics o gaireb\u00e9 autom\u00e0tics, un munt de principis i teoria m\u00e0gica, un munt d&#8217;estratagemes i coneixer\u00e0s les diferents baralles &#8220;trucades&#8221; que hi ha &#8230;<br \/>\nI a la fi el p\u00fablic percebr\u00e0 a un aut\u00e8ntic professional.<\/span><\/p>\n<p>Com deia Aldo Colombini &#8220;El p\u00fablic paga per el que veu, no pel que el mag fa&#8221;<br \/>\n\u00c9s a dir ning\u00fa sabr\u00e0 si el que fas, t\u00e9 una gran dificultat o no.<\/p>\n<p>\u00b7 M\u00e0xim 6 alumnes per classe<br \/>\n\u00b7 Classes modulars i recuperables<br \/>\n\u00b7 No t&#8217;ho pensis m\u00e9s aquest \u00e9s el teu curs<br \/>\nAmb possibilitat de continuar en Cartomagia f\u00e0cil 2 i 3<\/p>\n<p>L&#8217;important no \u00e9s si el que fem \u00e9s dif\u00edcil o f\u00e0cil sin\u00f3 que el joc impacti en el p\u00fablic, que \u00e9s qui a la fi, rep el nostre treball.<br \/>\nNo cal ser un gran mag amb elaborad\u00edssimes manipulacions per arribar d&#8217;una forma espectacular al nostre p\u00fablic i fer una m\u00e0gia inexplicable<br \/>\nL&#8217;important \u00e9s la presentaci\u00f3, la cad\u00e8ncia, el desenvolupament de el joc.<br \/>\nI aix\u00f2 \u00e9s el que aprendr\u00e0s amb aquest curs, jocs senzills d&#8217;execuci\u00f3 i magistralment conformat perqu\u00e8 arribis a crear-te una fama de mag incre\u00efble.<br \/>\nAix\u00ed podr\u00e0s estar pendent de tu presentaci\u00f3 i oblidar-te de la t\u00e8cnica<br \/>\nClasses amb possibilitat de recuperaci\u00f3 en cas que no puguis assistir<\/p>\n<p><strong><span style=\"color: #ff0000;\">DURADA: 4 SESSIONS DE 2 HORES<\/span><\/strong><\/p>\n<p><strong><span style=\"color: #ff0000;\">DIES: DIMARTS O DISSABTES<\/span><\/strong><\/p>\n<p><strong><span style=\"color: #ff0000;\">HORARI: DIMARTS de 19,30h a 21,30h (4 DIES) O DISSABTES DE 11H A 13H<\/span><\/strong><\/p>\n<p><strong><span style=\"color: #ff0000;\">PREU 120 \u20ac<\/span><\/strong><\/p>\n<p>Per a m\u00e9s informaci\u00f3 o reserves tel\u00e8fon 932989572 tardes o 696428407 o per email esther@escuelademagia.net o pots pagar a trav\u00e9s de <strong><span style=\"color: #ff0000;\">PAY PAL<\/span><\/strong><\/p>\n<p>&nbsp;<\/p>\n<form action=\"https:\/\/www.paypal.com\/cgi-bin\/webscr\" method=\"post\" target=\"_top\"><input name=\"cmd\" type=\"hidden\" value=\"_s-xclick\" \/><br \/>\n<input name=\"hosted_button_id\" type=\"hidden\" value=\"6CGQ8E98AHV56\" \/><\/p>\n<table>\n<tbody>\n<tr>\n<td><input name=\"on0\" type=\"hidden\" value=\"Nombre del alumno\" \/>Nombre del alumno<\/td>\n<\/tr>\n<tr>\n<td><input maxlength=\"200\" name=\"os0\" type=\"text\" \/><\/td>\n<\/tr>\n<\/tbody>\n<\/table>\n<p><input alt=\"PayPal, la forma r\u00e1pida y segura de pagar en Internet.\" name=\"submit\" src=\"https:\/\/www.paypalobjects.com\/es_ES\/ES\/i\/btn\/btn_buynowCC_LG.gif\" type=\"image\" \/><br \/>\n<img loading=\"lazy\" decoding=\"async\" src=\"https:\/\/www.paypalobjects.com\/es_ES\/i\/scr\/pixel.gif\" alt=\"\" width=\"1\" height=\"1\" border=\"0\" \/><\/p>\n<\/form>\n<form action=\"https:\/\/www.paypal.com\/cgi-bin\/webscr\" method=\"post\" target=\"_top\"><input name=\"cmd\" type=\"hidden\" value=\"_s-xclick\" \/><\/p>\n<\/form>\n","protected":false},"excerpt":{"rendered":"<p class=\"continue-reading-button\"> <a class=\"continue-reading-link\" href=\"https:\/\/escuelademagia.net\/ca\/cursos-de-magia\/cartomagia-facil\/\"><i class=\"crycon-right-dir\"><\/i><\/a><\/p>\n","protected":false},"author":1,"featured_media":0,"parent":212,"menu_order":0,"comment_status":"closed","ping_status":"closed","template":"","meta":{"_crdt_document":"","footnotes":""},"class_list":["post-3247","page","type-page","status-publish","hentry"],"translation":{"provider":"WPGlobus","version":"3.0.2","language":"ca","enabled_languages":["es","ca"],"languages":{"es":{"title":true,"content":true,"excerpt":false},"ca":{"title":false,"content":true,"excerpt":false}}},"yoast_head":"<!-- This site is optimized with the Yoast SEO plugin v27.4 - https:\/\/yoast.com\/product\/yoast-seo-wordpress\/ -->\n<title>CARTOMAGIA FACIL - Escuela de Magia<\/title>\n<meta name=\"robots\" content=\"index, follow, max-snippet:-1, max-image-preview:large, max-video-preview:-1\" \/>\n<link rel=\"canonical\" href=\"https:\/\/escuelademagia.net\/cursos-de-magia\/cartomagia-facil\/\" \/>\n<meta property=\"og:locale\" content=\"ca_ES\" \/>\n<meta property=\"og:type\" content=\"article\" \/>\n<meta property=\"og:title\" content=\"CARTOMAGIA FACIL - Escuela de Magia\" \/>\n<meta property=\"og:url\" content=\"https:\/\/escuelademagia.net\/cursos-de-magia\/cartomagia-facil\/\" \/>\n<meta property=\"og:site_name\" content=\"Escuela de Magia\" \/>\n<meta property=\"article:publisher\" content=\"https:\/\/www.facebook.com\/escuela3detrebol\" \/>\n<meta property=\"article:modified_time\" content=\"2023-09-12T09:08:33+00:00\" \/>\n<meta property=\"og:image\" content=\"http:\/\/escuelademagia.net\/wp-content\/uploads\/2016\/02\/trucos-de-magia-con-cartas-5601-300x129.jpg\" \/>\n<meta name=\"twitter:card\" content=\"summary_large_image\" \/>\n<meta name=\"twitter:label1\" content=\"Est. reading time\" \/>\n\t<meta name=\"twitter:data1\" content=\"2 minutes\" \/>\n<script type=\"application\/ld+json\" class=\"yoast-schema-graph\">{\"@context\":\"https:\\\/\\\/schema.org\",\"@graph\":[{\"@type\":\"WebPage\",\"@id\":\"https:\\\/\\\/escuelademagia.net\\\/cursos-de-magia\\\/cartomagia-facil\\\/\",\"url\":\"https:\\\/\\\/escuelademagia.net\\\/cursos-de-magia\\\/cartomagia-facil\\\/\",\"name\":\"CARTOMAGIA FACIL - Escuela de Magia\",\"isPartOf\":{\"@id\":\"https:\\\/\\\/escuelademagia.net\\\/#website\"},\"primaryImageOfPage\":{\"@id\":\"https:\\\/\\\/escuelademagia.net\\\/cursos-de-magia\\\/cartomagia-facil\\\/#primaryimage\"},\"image\":{\"@id\":\"https:\\\/\\\/escuelademagia.net\\\/cursos-de-magia\\\/cartomagia-facil\\\/#primaryimage\"},\"thumbnailUrl\":\"http:\\\/\\\/escuelademagia.net\\\/wp-content\\\/uploads\\\/2016\\\/02\\\/trucos-de-magia-con-cartas-5601-300x129.jpg\",\"datePublished\":\"2019-02-28T18:41:36+00:00\",\"dateModified\":\"2023-09-12T09:08:33+00:00\",\"breadcrumb\":{\"@id\":\"https:\\\/\\\/escuelademagia.net\\\/cursos-de-magia\\\/cartomagia-facil\\\/#breadcrumb\"},\"inLanguage\":\"ca-ES\",\"potentialAction\":[{\"@type\":\"ReadAction\",\"target\":[\"https:\\\/\\\/escuelademagia.net\\\/cursos-de-magia\\\/cartomagia-facil\\\/\"]}]},{\"@type\":\"ImageObject\",\"inLanguage\":\"ca-ES\",\"@id\":\"https:\\\/\\\/escuelademagia.net\\\/cursos-de-magia\\\/cartomagia-facil\\\/#primaryimage\",\"url\":\"http:\\\/\\\/escuelademagia.net\\\/wp-content\\\/uploads\\\/2016\\\/02\\\/trucos-de-magia-con-cartas-5601-300x129.jpg\",\"contentUrl\":\"http:\\\/\\\/escuelademagia.net\\\/wp-content\\\/uploads\\\/2016\\\/02\\\/trucos-de-magia-con-cartas-5601-300x129.jpg\"},{\"@type\":\"BreadcrumbList\",\"@id\":\"https:\\\/\\\/escuelademagia.net\\\/cursos-de-magia\\\/cartomagia-facil\\\/#breadcrumb\",\"itemListElement\":[{\"@type\":\"ListItem\",\"position\":1,\"name\":\"Portada\",\"item\":\"https:\\\/\\\/escuelademagia.net\\\/\"},{\"@type\":\"ListItem\",\"position\":2,\"name\":\"CURSOS DE MAGIA\",\"item\":\"https:\\\/\\\/escuelademagia.net\\\/cursos-de-magia\\\/\"},{\"@type\":\"ListItem\",\"position\":3,\"name\":\"CARTOMAGIA FACIL\"}]},{\"@type\":\"WebSite\",\"@id\":\"https:\\\/\\\/escuelademagia.net\\\/#website\",\"url\":\"https:\\\/\\\/escuelademagia.net\\\/\",\"name\":\"{:es}Escuela de Magia{:}{:ca}Escola de M\u00e0gia{:}\",\"description\":\"Escola de M&Atilde;&nbsp;gia a Barcelona per aficionats i profesionals\",\"publisher\":{\"@id\":\"https:\\\/\\\/escuelademagia.net\\\/#organization\"},\"potentialAction\":[{\"@type\":\"SearchAction\",\"target\":{\"@type\":\"EntryPoint\",\"urlTemplate\":\"https:\\\/\\\/escuelademagia.net\\\/?s={search_term_string}\"},\"query-input\":{\"@type\":\"PropertyValueSpecification\",\"valueRequired\":true,\"valueName\":\"search_term_string\"}}],\"inLanguage\":\"ca-ES\"},{\"@type\":\"Organization\",\"@id\":\"https:\\\/\\\/escuelademagia.net\\\/#organization\",\"name\":\"{:es}Escuela de Magia{:}{:ca}Escola de M\u00e0gia{:}\",\"url\":\"https:\\\/\\\/escuelademagia.net\\\/\",\"logo\":{\"@type\":\"ImageObject\",\"inLanguage\":\"ca-ES\",\"@id\":\"https:\\\/\\\/escuelademagia.net\\\/#\\\/schema\\\/logo\\\/image\\\/\",\"url\":\"http:\\\/\\\/escuelademagia.net\\\/wp-content\\\/uploads\\\/2024\\\/10\\\/logo-3detrebol.jpg\",\"contentUrl\":\"http:\\\/\\\/escuelademagia.net\\\/wp-content\\\/uploads\\\/2024\\\/10\\\/logo-3detrebol.jpg\",\"width\":669,\"height\":568,\"caption\":\"{:es}Escuela de Magia{:}{:ca}Escola de M\u00e0gia{:}\"},\"image\":{\"@id\":\"https:\\\/\\\/escuelademagia.net\\\/#\\\/schema\\\/logo\\\/image\\\/\"},\"sameAs\":[\"https:\\\/\\\/www.facebook.com\\\/escuela3detrebol\",\"https:\\\/\\\/www.instagram.com\\\/escuelademagianet\\\/\"]}]}<\/script>\n<!-- \/ Yoast SEO plugin. -->","yoast_head_json":{"title":"CARTOMAGIA FACIL - Escuela de Magia","robots":{"index":"index","follow":"follow","max-snippet":"max-snippet:-1","max-image-preview":"max-image-preview:large","max-video-preview":"max-video-preview:-1"},"canonical":"https:\/\/escuelademagia.net\/cursos-de-magia\/cartomagia-facil\/","og_locale":"ca_ES","og_type":"article","og_title":"CARTOMAGIA FACIL - Escuela de Magia","og_url":"https:\/\/escuelademagia.net\/cursos-de-magia\/cartomagia-facil\/","og_site_name":"Escuela de Magia","article_publisher":"https:\/\/www.facebook.com\/escuela3detrebol","article_modified_time":"2023-09-12T09:08:33+00:00","og_image":[{"url":"http:\/\/escuelademagia.net\/wp-content\/uploads\/2016\/02\/trucos-de-magia-con-cartas-5601-300x129.jpg","type":"","width":"","height":""}],"twitter_card":"summary_large_image","twitter_misc":{"Est. reading time":"2 minutes"},"schema":{"@context":"https:\/\/schema.org","@graph":[{"@type":"WebPage","@id":"https:\/\/escuelademagia.net\/cursos-de-magia\/cartomagia-facil\/","url":"https:\/\/escuelademagia.net\/cursos-de-magia\/cartomagia-facil\/","name":"CARTOMAGIA FACIL - Escuela de Magia","isPartOf":{"@id":"https:\/\/escuelademagia.net\/#website"},"primaryImageOfPage":{"@id":"https:\/\/escuelademagia.net\/cursos-de-magia\/cartomagia-facil\/#primaryimage"},"image":{"@id":"https:\/\/escuelademagia.net\/cursos-de-magia\/cartomagia-facil\/#primaryimage"},"thumbnailUrl":"http:\/\/escuelademagia.net\/wp-content\/uploads\/2016\/02\/trucos-de-magia-con-cartas-5601-300x129.jpg","datePublished":"2019-02-28T18:41:36+00:00","dateModified":"2023-09-12T09:08:33+00:00","breadcrumb":{"@id":"https:\/\/escuelademagia.net\/cursos-de-magia\/cartomagia-facil\/#breadcrumb"},"inLanguage":"ca-ES","potentialAction":[{"@type":"ReadAction","target":["https:\/\/escuelademagia.net\/cursos-de-magia\/cartomagia-facil\/"]}]},{"@type":"ImageObject","inLanguage":"ca-ES","@id":"https:\/\/escuelademagia.net\/cursos-de-magia\/cartomagia-facil\/#primaryimage","url":"http:\/\/escuelademagia.net\/wp-content\/uploads\/2016\/02\/trucos-de-magia-con-cartas-5601-300x129.jpg","contentUrl":"http:\/\/escuelademagia.net\/wp-content\/uploads\/2016\/02\/trucos-de-magia-con-cartas-5601-300x129.jpg"},{"@type":"BreadcrumbList","@id":"https:\/\/escuelademagia.net\/cursos-de-magia\/cartomagia-facil\/#breadcrumb","itemListElement":[{"@type":"ListItem","position":1,"name":"Portada","item":"https:\/\/escuelademagia.net\/"},{"@type":"ListItem","position":2,"name":"CURSOS DE MAGIA","item":"https:\/\/escuelademagia.net\/cursos-de-magia\/"},{"@type":"ListItem","position":3,"name":"CARTOMAGIA FACIL"}]},{"@type":"WebSite","@id":"https:\/\/escuelademagia.net\/#website","url":"https:\/\/escuelademagia.net\/","name":"{:es}Escuela de Magia{:}{:ca}Escola de M\u00e0gia{:}","description":"Escola de M&Atilde;&nbsp;gia a Barcelona per aficionats i profesionals","publisher":{"@id":"https:\/\/escuelademagia.net\/#organization"},"potentialAction":[{"@type":"SearchAction","target":{"@type":"EntryPoint","urlTemplate":"https:\/\/escuelademagia.net\/?s={search_term_string}"},"query-input":{"@type":"PropertyValueSpecification","valueRequired":true,"valueName":"search_term_string"}}],"inLanguage":"ca-ES"},{"@type":"Organization","@id":"https:\/\/escuelademagia.net\/#organization","name":"{:es}Escuela de Magia{:}{:ca}Escola de M\u00e0gia{:}","url":"https:\/\/escuelademagia.net\/","logo":{"@type":"ImageObject","inLanguage":"ca-ES","@id":"https:\/\/escuelademagia.net\/#\/schema\/logo\/image\/","url":"http:\/\/escuelademagia.net\/wp-content\/uploads\/2024\/10\/logo-3detrebol.jpg","contentUrl":"http:\/\/escuelademagia.net\/wp-content\/uploads\/2024\/10\/logo-3detrebol.jpg","width":669,"height":568,"caption":"{:es}Escuela de Magia{:}{:ca}Escola de M\u00e0gia{:}"},"image":{"@id":"https:\/\/escuelademagia.net\/#\/schema\/logo\/image\/"},"sameAs":["https:\/\/www.facebook.com\/escuela3detrebol","https:\/\/www.instagram.com\/escuelademagianet\/"]}]}},"_links":{"self":[{"href":"https:\/\/escuelademagia.net\/ca\/wp-json\/wp\/v2\/pages\/3247","targetHints":{"allow":["GET"]}}],"collection":[{"href":"https:\/\/escuelademagia.net\/ca\/wp-json\/wp\/v2\/pages"}],"about":[{"href":"https:\/\/escuelademagia.net\/ca\/wp-json\/wp\/v2\/types\/page"}],"author":[{"embeddable":true,"href":"https:\/\/escuelademagia.net\/ca\/wp-json\/wp\/v2\/users\/1"}],"replies":[{"embeddable":true,"href":"https:\/\/escuelademagia.net\/ca\/wp-json\/wp\/v2\/comments?post=3247"}],"version-history":[{"count":19,"href":"https:\/\/escuelademagia.net\/ca\/wp-json\/wp\/v2\/pages\/3247\/revisions"}],"predecessor-version":[{"id":6536,"href":"https:\/\/escuelademagia.net\/ca\/wp-json\/wp\/v2\/pages\/3247\/revisions\/6536"}],"up":[{"embeddable":true,"href":"https:\/\/escuelademagia.net\/ca\/wp-json\/wp\/v2\/pages\/212"}],"wp:attachment":[{"href":"https:\/\/escuelademagia.net\/ca\/wp-json\/wp\/v2\/media?parent=3247"}],"curies":[{"name":"wp","href":"https:\/\/api.w.org\/{rel}","templated":true}]}}