{"id":3676,"date":"2019-11-22T12:27:33","date_gmt":"2019-11-22T12:27:33","guid":{"rendered":"https:\/\/escuelademagia.net\/?page_id=3676"},"modified":"2024-12-27T17:21:21","modified_gmt":"2024-12-27T17:21:21","slug":"anahi-trebol-con-el-espectaculo-illusions","status":"publish","type":"page","link":"https:\/\/escuelademagia.net\/ca\/la-rebotiga-magica\/proximas-actuaciones\/anahi-trebol-con-el-espectaculo-illusions\/","title":{"rendered":"ANAHI TR\u00c9BOL con su espect\u00e1culo BOGUS"},"content":{"rendered":"<p><a href=\"http:\/\/escuelademagia.net\/wp-content\/uploads\/2024\/12\/anahi4.jpg\"><img loading=\"lazy\" decoding=\"async\" class=\" wp-image-7585 aligncenter\" src=\"http:\/\/escuelademagia.net\/wp-content\/uploads\/2024\/12\/anahi4-225x300.jpg\" alt=\"\" width=\"320\" height=\"427\" srcset=\"https:\/\/escuelademagia.net\/wp-content\/uploads\/2024\/12\/anahi4-225x300.jpg 225w, https:\/\/escuelademagia.net\/wp-content\/uploads\/2024\/12\/anahi4-768x1023.jpg 768w, https:\/\/escuelademagia.net\/wp-content\/uploads\/2024\/12\/anahi4-113x150.jpg 113w, https:\/\/escuelademagia.net\/wp-content\/uploads\/2024\/12\/anahi4.jpg 863w\" sizes=\"auto, (max-width: 320px) 100vw, 320px\" \/><\/a><\/p>\n<p style=\"text-align: center;\"><strong><span style=\"color: #ff0000;\">ANAHI TREBOL<\/span><\/strong> es la directora y profesora de la Escuela y m\u00e1xima responsable de la formaci\u00f3n de muchos alumnos de la misma y para esta ocasi\u00f3n nos trae un espect\u00e1culo basado en juegos cl\u00e1sicos con un aire moderno y femenino.<br \/>\nEs uno de los espect\u00e1culos imprescindibles en estas Navidades<\/p>\n<p style=\"text-align: center;\"><em>Con magia de grandes ilusiones<\/em><\/p>\n<p><a href=\"http:\/\/escuelademagia.net\/wp-content\/uploads\/2024\/12\/anahi7.jpg\"><img loading=\"lazy\" decoding=\"async\" class=\" wp-image-7586 aligncenter\" src=\"http:\/\/escuelademagia.net\/wp-content\/uploads\/2024\/12\/anahi7-200x300.jpg\" alt=\"\" width=\"245\" height=\"368\" srcset=\"https:\/\/escuelademagia.net\/wp-content\/uploads\/2024\/12\/anahi7-200x300.jpg 200w, https:\/\/escuelademagia.net\/wp-content\/uploads\/2024\/12\/anahi7-682x1024.jpg 682w, https:\/\/escuelademagia.net\/wp-content\/uploads\/2024\/12\/anahi7-768x1153.jpg 768w, https:\/\/escuelademagia.net\/wp-content\/uploads\/2024\/12\/anahi7-1023x1536.jpg 1023w, https:\/\/escuelademagia.net\/wp-content\/uploads\/2024\/12\/anahi7-100x150.jpg 100w, https:\/\/escuelademagia.net\/wp-content\/uploads\/2024\/12\/anahi7.jpg 1066w\" sizes=\"auto, (max-width: 245px) 100vw, 245px\" \/><\/a><\/p>\n<p style=\"text-align: center;\"><strong><span style=\"color: #ff0000;\">HORARIOS:<\/span><\/strong><\/p>\n<p style=\"text-align: center;\"><span style=\"color: #ff0000;\"><strong> D\u00cdAS : 27-28-29-30\u00a0 de diciembre de 2024<br \/>\n<\/strong><\/span><\/p>\n<p style=\"text-align: center;\"><span style=\"color: #ff0000;\"><strong>Horarios:20:30 h<\/strong><\/span><\/p>\n<p style=\"text-align: center;\"><strong><span style=\"color: #ff0000;\">PRECIO: 20 \u20ac <span style=\"color: #ffffff;\">CON REFRESCO<\/span>\u00a0 (alumnos, exalumnos y\u00a0 socios 3 de Trebol, precio especial 15 \u20ac)<\/span><\/strong><\/p>\n<p>CONSIGUE UN DOS POR UNO Y PODR\u00c1S ASISTIR POR MITAD DE PRECIO PULSANDO <a href=\"https:\/\/escuelademagia.net\/dosxuno\/\">AQU\u00cd<\/a><\/p>\n<p>Para reservar entradas lo pueden hacer a trav\u00e9s de los tel\u00e9fonos <strong><span style=\"color: #ff0000;\">932989572 (tardes) o al 696428407<\/span> <\/strong>o pagar a trav\u00e9s <a href=\"https:\/\/www.dinaticket.com\/es\/provider\/18812\/event\/4916668\"><strong><span style=\"color: #ff0000;\">ATRAPALO<\/span><\/strong><\/a> o de <span style=\"color: #ff0000;\"><strong>PAYPAL<\/strong><\/span><\/p>\n","protected":false},"excerpt":{"rendered":"<p class=\"continue-reading-button\"> <a class=\"continue-reading-link\" href=\"https:\/\/escuelademagia.net\/ca\/la-rebotiga-magica\/proximas-actuaciones\/anahi-trebol-con-el-espectaculo-illusions\/\"><i class=\"crycon-right-dir\"><\/i><\/a><\/p>\n","protected":false},"author":1,"featured_media":0,"parent":137,"menu_order":0,"comment_status":"closed","ping_status":"closed","template":"","meta":{"_crdt_document":"","footnotes":""},"class_list":["post-3676","page","type-page","status-publish","hentry"],"translation":{"provider":"WPGlobus","version":"3.0.2","language":"ca","enabled_languages":["es","ca"],"languages":{"es":{"title":true,"content":true,"excerpt":false},"ca":{"title":false,"content":false,"excerpt":false}}},"yoast_head":"<!-- This site is optimized with the Yoast SEO plugin v27.5 - https:\/\/yoast.com\/product\/yoast-seo-wordpress\/ -->\n<title>ANAHI TR\u00c9BOL con su espect\u00e1culo BOGUS - Escuela de Magia<\/title>\n<meta name=\"robots\" content=\"index, follow, max-snippet:-1, max-image-preview:large, max-video-preview:-1\" \/>\n<link rel=\"canonical\" href=\"https:\/\/escuelademagia.net\/la-rebotiga-magica\/proximas-actuaciones\/anahi-trebol-con-el-espectaculo-illusions\/\" \/>\n<meta property=\"og:locale\" content=\"ca_ES\" \/>\n<meta property=\"og:type\" content=\"article\" \/>\n<meta property=\"og:title\" content=\"ANAHI TR\u00c9BOL con su espect\u00e1culo BOGUS - Escuela de Magia\" \/>\n<meta property=\"og:url\" content=\"https:\/\/escuelademagia.net\/la-rebotiga-magica\/proximas-actuaciones\/anahi-trebol-con-el-espectaculo-illusions\/\" \/>\n<meta property=\"og:site_name\" content=\"Escuela de Magia\" \/>\n<meta property=\"article:publisher\" content=\"https:\/\/www.facebook.com\/escuela3detrebol\" \/>\n<meta property=\"article:modified_time\" content=\"2024-12-27T17:21:21+00:00\" \/>\n<meta property=\"og:image\" content=\"https:\/\/escuelademagia.net\/wp-content\/uploads\/2024\/12\/anahi4.jpg\" \/>\n\t<meta property=\"og:image:width\" content=\"863\" \/>\n\t<meta property=\"og:image:height\" content=\"1150\" \/>\n\t<meta property=\"og:image:type\" content=\"image\/jpeg\" \/>\n<meta name=\"twitter:card\" content=\"summary_large_image\" \/>\n<meta name=\"twitter:label1\" content=\"Est. reading time\" \/>\n\t<meta name=\"twitter:data1\" content=\"1 minute\" \/>\n<script type=\"application\/ld+json\" class=\"yoast-schema-graph\">{\"@context\":\"https:\\\/\\\/schema.org\",\"@graph\":[{\"@type\":\"WebPage\",\"@id\":\"https:\\\/\\\/escuelademagia.net\\\/la-rebotiga-magica\\\/proximas-actuaciones\\\/anahi-trebol-con-el-espectaculo-illusions\\\/\",\"url\":\"https:\\\/\\\/escuelademagia.net\\\/la-rebotiga-magica\\\/proximas-actuaciones\\\/anahi-trebol-con-el-espectaculo-illusions\\\/\",\"name\":\"ANAHI TR\u00c9BOL con su espect\u00e1culo BOGUS - Escuela de Magia\",\"isPartOf\":{\"@id\":\"https:\\\/\\\/escuelademagia.net\\\/#website\"},\"primaryImageOfPage\":{\"@id\":\"https:\\\/\\\/escuelademagia.net\\\/la-rebotiga-magica\\\/proximas-actuaciones\\\/anahi-trebol-con-el-espectaculo-illusions\\\/#primaryimage\"},\"image\":{\"@id\":\"https:\\\/\\\/escuelademagia.net\\\/la-rebotiga-magica\\\/proximas-actuaciones\\\/anahi-trebol-con-el-espectaculo-illusions\\\/#primaryimage\"},\"thumbnailUrl\":\"http:\\\/\\\/escuelademagia.net\\\/wp-content\\\/uploads\\\/2024\\\/12\\\/anahi4-225x300.jpg\",\"datePublished\":\"2019-11-22T12:27:33+00:00\",\"dateModified\":\"2024-12-27T17:21:21+00:00\",\"breadcrumb\":{\"@id\":\"https:\\\/\\\/escuelademagia.net\\\/la-rebotiga-magica\\\/proximas-actuaciones\\\/anahi-trebol-con-el-espectaculo-illusions\\\/#breadcrumb\"},\"inLanguage\":\"ca-ES\",\"potentialAction\":[{\"@type\":\"ReadAction\",\"target\":[\"https:\\\/\\\/escuelademagia.net\\\/la-rebotiga-magica\\\/proximas-actuaciones\\\/anahi-trebol-con-el-espectaculo-illusions\\\/\"]}]},{\"@type\":\"ImageObject\",\"inLanguage\":\"ca-ES\",\"@id\":\"https:\\\/\\\/escuelademagia.net\\\/la-rebotiga-magica\\\/proximas-actuaciones\\\/anahi-trebol-con-el-espectaculo-illusions\\\/#primaryimage\",\"url\":\"http:\\\/\\\/escuelademagia.net\\\/wp-content\\\/uploads\\\/2024\\\/12\\\/anahi4-225x300.jpg\",\"contentUrl\":\"http:\\\/\\\/escuelademagia.net\\\/wp-content\\\/uploads\\\/2024\\\/12\\\/anahi4-225x300.jpg\"},{\"@type\":\"BreadcrumbList\",\"@id\":\"https:\\\/\\\/escuelademagia.net\\\/la-rebotiga-magica\\\/proximas-actuaciones\\\/anahi-trebol-con-el-espectaculo-illusions\\\/#breadcrumb\",\"itemListElement\":[{\"@type\":\"ListItem\",\"position\":1,\"name\":\"Portada\",\"item\":\"https:\\\/\\\/escuelademagia.net\\\/\"},{\"@type\":\"ListItem\",\"position\":2,\"name\":\"LA REBOTIGA MAGICA\",\"item\":\"https:\\\/\\\/escuelademagia.net\\\/la-rebotiga-magica\\\/\"},{\"@type\":\"ListItem\",\"position\":3,\"name\":\"PROXIMAS ACTUACIONES\",\"item\":\"https:\\\/\\\/escuelademagia.net\\\/la-rebotiga-magica\\\/proximas-actuaciones\\\/\"},{\"@type\":\"ListItem\",\"position\":4,\"name\":\"ANAHI TR\u00c9BOL con su espect\u00e1culo BOGUS\"}]},{\"@type\":\"WebSite\",\"@id\":\"https:\\\/\\\/escuelademagia.net\\\/#website\",\"url\":\"https:\\\/\\\/escuelademagia.net\\\/\",\"name\":\"{:es}Escuela de Magia{:}{:ca}Escola de M\u00e0gia{:}\",\"description\":\"Escola de M&Atilde;&nbsp;gia a Barcelona per aficionats i profesionals\",\"publisher\":{\"@id\":\"https:\\\/\\\/escuelademagia.net\\\/#organization\"},\"potentialAction\":[{\"@type\":\"SearchAction\",\"target\":{\"@type\":\"EntryPoint\",\"urlTemplate\":\"https:\\\/\\\/escuelademagia.net\\\/?s={search_term_string}\"},\"query-input\":{\"@type\":\"PropertyValueSpecification\",\"valueRequired\":true,\"valueName\":\"search_term_string\"}}],\"inLanguage\":\"ca-ES\"},{\"@type\":\"Organization\",\"@id\":\"https:\\\/\\\/escuelademagia.net\\\/#organization\",\"name\":\"{:es}Escuela de Magia{:}{:ca}Escola de M\u00e0gia{:}\",\"url\":\"https:\\\/\\\/escuelademagia.net\\\/\",\"logo\":{\"@type\":\"ImageObject\",\"inLanguage\":\"ca-ES\",\"@id\":\"https:\\\/\\\/escuelademagia.net\\\/#\\\/schema\\\/logo\\\/image\\\/\",\"url\":\"http:\\\/\\\/escuelademagia.net\\\/wp-content\\\/uploads\\\/2024\\\/10\\\/logo-3detrebol.jpg\",\"contentUrl\":\"http:\\\/\\\/escuelademagia.net\\\/wp-content\\\/uploads\\\/2024\\\/10\\\/logo-3detrebol.jpg\",\"width\":669,\"height\":568,\"caption\":\"{:es}Escuela de Magia{:}{:ca}Escola de M\u00e0gia{:}\"},\"image\":{\"@id\":\"https:\\\/\\\/escuelademagia.net\\\/#\\\/schema\\\/logo\\\/image\\\/\"},\"sameAs\":[\"https:\\\/\\\/www.facebook.com\\\/escuela3detrebol\",\"https:\\\/\\\/www.instagram.com\\\/escuelademagianet\\\/\"]}]}<\/script>\n<!-- \/ Yoast SEO plugin. -->","yoast_head_json":{"title":"ANAHI TR\u00c9BOL con su espect\u00e1culo BOGUS - Escuela de Magia","robots":{"index":"index","follow":"follow","max-snippet":"max-snippet:-1","max-image-preview":"max-image-preview:large","max-video-preview":"max-video-preview:-1"},"canonical":"https:\/\/escuelademagia.net\/la-rebotiga-magica\/proximas-actuaciones\/anahi-trebol-con-el-espectaculo-illusions\/","og_locale":"ca_ES","og_type":"article","og_title":"ANAHI TR\u00c9BOL con su espect\u00e1culo BOGUS - Escuela de Magia","og_url":"https:\/\/escuelademagia.net\/la-rebotiga-magica\/proximas-actuaciones\/anahi-trebol-con-el-espectaculo-illusions\/","og_site_name":"Escuela de Magia","article_publisher":"https:\/\/www.facebook.com\/escuela3detrebol","article_modified_time":"2024-12-27T17:21:21+00:00","og_image":[{"width":863,"height":1150,"url":"https:\/\/escuelademagia.net\/wp-content\/uploads\/2024\/12\/anahi4.jpg","type":"image\/jpeg"}],"twitter_card":"summary_large_image","twitter_misc":{"Est. reading time":"1 minute"},"schema":{"@context":"https:\/\/schema.org","@graph":[{"@type":"WebPage","@id":"https:\/\/escuelademagia.net\/la-rebotiga-magica\/proximas-actuaciones\/anahi-trebol-con-el-espectaculo-illusions\/","url":"https:\/\/escuelademagia.net\/la-rebotiga-magica\/proximas-actuaciones\/anahi-trebol-con-el-espectaculo-illusions\/","name":"ANAHI TR\u00c9BOL con su espect\u00e1culo BOGUS - Escuela de Magia","isPartOf":{"@id":"https:\/\/escuelademagia.net\/#website"},"primaryImageOfPage":{"@id":"https:\/\/escuelademagia.net\/la-rebotiga-magica\/proximas-actuaciones\/anahi-trebol-con-el-espectaculo-illusions\/#primaryimage"},"image":{"@id":"https:\/\/escuelademagia.net\/la-rebotiga-magica\/proximas-actuaciones\/anahi-trebol-con-el-espectaculo-illusions\/#primaryimage"},"thumbnailUrl":"http:\/\/escuelademagia.net\/wp-content\/uploads\/2024\/12\/anahi4-225x300.jpg","datePublished":"2019-11-22T12:27:33+00:00","dateModified":"2024-12-27T17:21:21+00:00","breadcrumb":{"@id":"https:\/\/escuelademagia.net\/la-rebotiga-magica\/proximas-actuaciones\/anahi-trebol-con-el-espectaculo-illusions\/#breadcrumb"},"inLanguage":"ca-ES","potentialAction":[{"@type":"ReadAction","target":["https:\/\/escuelademagia.net\/la-rebotiga-magica\/proximas-actuaciones\/anahi-trebol-con-el-espectaculo-illusions\/"]}]},{"@type":"ImageObject","inLanguage":"ca-ES","@id":"https:\/\/escuelademagia.net\/la-rebotiga-magica\/proximas-actuaciones\/anahi-trebol-con-el-espectaculo-illusions\/#primaryimage","url":"http:\/\/escuelademagia.net\/wp-content\/uploads\/2024\/12\/anahi4-225x300.jpg","contentUrl":"http:\/\/escuelademagia.net\/wp-content\/uploads\/2024\/12\/anahi4-225x300.jpg"},{"@type":"BreadcrumbList","@id":"https:\/\/escuelademagia.net\/la-rebotiga-magica\/proximas-actuaciones\/anahi-trebol-con-el-espectaculo-illusions\/#breadcrumb","itemListElement":[{"@type":"ListItem","position":1,"name":"Portada","item":"https:\/\/escuelademagia.net\/"},{"@type":"ListItem","position":2,"name":"LA REBOTIGA MAGICA","item":"https:\/\/escuelademagia.net\/la-rebotiga-magica\/"},{"@type":"ListItem","position":3,"name":"PROXIMAS ACTUACIONES","item":"https:\/\/escuelademagia.net\/la-rebotiga-magica\/proximas-actuaciones\/"},{"@type":"ListItem","position":4,"name":"ANAHI TR\u00c9BOL con su espect\u00e1culo BOGUS"}]},{"@type":"WebSite","@id":"https:\/\/escuelademagia.net\/#website","url":"https:\/\/escuelademagia.net\/","name":"{:es}Escuela de Magia{:}{:ca}Escola de M\u00e0gia{:}","description":"Escola de M&Atilde;&nbsp;gia a Barcelona per aficionats i profesionals","publisher":{"@id":"https:\/\/escuelademagia.net\/#organization"},"potentialAction":[{"@type":"SearchAction","target":{"@type":"EntryPoint","urlTemplate":"https:\/\/escuelademagia.net\/?s={search_term_string}"},"query-input":{"@type":"PropertyValueSpecification","valueRequired":true,"valueName":"search_term_string"}}],"inLanguage":"ca-ES"},{"@type":"Organization","@id":"https:\/\/escuelademagia.net\/#organization","name":"{:es}Escuela de Magia{:}{:ca}Escola de M\u00e0gia{:}","url":"https:\/\/escuelademagia.net\/","logo":{"@type":"ImageObject","inLanguage":"ca-ES","@id":"https:\/\/escuelademagia.net\/#\/schema\/logo\/image\/","url":"http:\/\/escuelademagia.net\/wp-content\/uploads\/2024\/10\/logo-3detrebol.jpg","contentUrl":"http:\/\/escuelademagia.net\/wp-content\/uploads\/2024\/10\/logo-3detrebol.jpg","width":669,"height":568,"caption":"{:es}Escuela de Magia{:}{:ca}Escola de M\u00e0gia{:}"},"image":{"@id":"https:\/\/escuelademagia.net\/#\/schema\/logo\/image\/"},"sameAs":["https:\/\/www.facebook.com\/escuela3detrebol","https:\/\/www.instagram.com\/escuelademagianet\/"]}]}},"_links":{"self":[{"href":"https:\/\/escuelademagia.net\/ca\/wp-json\/wp\/v2\/pages\/3676","targetHints":{"allow":["GET"]}}],"collection":[{"href":"https:\/\/escuelademagia.net\/ca\/wp-json\/wp\/v2\/pages"}],"about":[{"href":"https:\/\/escuelademagia.net\/ca\/wp-json\/wp\/v2\/types\/page"}],"author":[{"embeddable":true,"href":"https:\/\/escuelademagia.net\/ca\/wp-json\/wp\/v2\/users\/1"}],"replies":[{"embeddable":true,"href":"https:\/\/escuelademagia.net\/ca\/wp-json\/wp\/v2\/comments?post=3676"}],"version-history":[{"count":16,"href":"https:\/\/escuelademagia.net\/ca\/wp-json\/wp\/v2\/pages\/3676\/revisions"}],"predecessor-version":[{"id":7663,"href":"https:\/\/escuelademagia.net\/ca\/wp-json\/wp\/v2\/pages\/3676\/revisions\/7663"}],"up":[{"embeddable":true,"href":"https:\/\/escuelademagia.net\/ca\/wp-json\/wp\/v2\/pages\/137"}],"wp:attachment":[{"href":"https:\/\/escuelademagia.net\/ca\/wp-json\/wp\/v2\/media?parent=3676"}],"curies":[{"name":"wp","href":"https:\/\/api.w.org\/{rel}","templated":true}]}}