{"id":4929,"date":"2022-03-21T10:45:26","date_gmt":"2022-03-21T10:45:26","guid":{"rendered":"https:\/\/escuelademagia.net\/?page_id=4929"},"modified":"2022-03-30T07:58:17","modified_gmt":"2022-03-30T07:58:17","slug":"dementes-anthony-blake-y-mago-larry","status":"publish","type":"page","link":"https:\/\/escuelademagia.net\/ca\/dementes-anthony-blake-y-mago-larry\/","title":{"rendered":"DEMENTES Anthony Blake y Mago Larry"},"content":{"rendered":"<p><a href=\"http:\/\/escuelademagia.net\/wp-content\/uploads\/2022\/03\/TTT.jpg\"><img loading=\"lazy\" decoding=\"async\" class=\"size-medium wp-image-4963 aligncenter\" src=\"http:\/\/escuelademagia.net\/wp-content\/uploads\/2022\/03\/TTT-300x300.jpg\" alt=\"\" width=\"300\" height=\"300\" srcset=\"https:\/\/escuelademagia.net\/wp-content\/uploads\/2022\/03\/TTT-300x300.jpg 300w, https:\/\/escuelademagia.net\/wp-content\/uploads\/2022\/03\/TTT-150x150.jpg 150w, https:\/\/escuelademagia.net\/wp-content\/uploads\/2022\/03\/TTT-768x768.jpg 768w, https:\/\/escuelademagia.net\/wp-content\/uploads\/2022\/03\/TTT.jpg 900w\" sizes=\"auto, (max-width: 300px) 100vw, 300px\" \/><\/a><\/p>\n<p><strong><span style=\"color: #ff0000;\">DEMENTES<\/span> <\/strong>es un espect\u00e1culo que comparten escenario <strong><span style=\"color: #ff0000;\">Anthony Blake y mago Larry<\/span><\/strong> o lo que es lo mismo, lo mejor del mentalismo en el Mundo.<\/p>\n<p>Estamos muy orgulloso de presentar en exclusiva para la escuela este espect\u00e1culo.<\/p>\n<p>No te pierdas esta ocasi\u00f3n \u00fanica Y DIF\u00cdCILMENTE REPETIBLE<\/p>\n<p><strong><span style=\"color: #ff0000;\">D\u00cdA 2 DE ABRIL 2022<\/span><\/strong><\/p>\n<p><strong><span style=\"color: #ff0000;\">HORARIO: 20,00<\/span><\/strong><\/p>\n<p><strong><span style=\"color: #ff0000;\">PRECIO: 15 \u20ac<\/span><\/strong><br \/>\n<strong>PUEDES COMPRAR TUS ENTRADAS M\u00c1S ABAJO<br \/>\n<\/strong><\/p>\n<form action=\"https:\/\/www.paypal.com\/cgi-bin\/webscr\" method=\"post\" target=\"_top\"><input name=\"cmd\" type=\"hidden\" value=\"_s-xclick\" \/><br \/>\n<input name=\"hosted_button_id\" type=\"hidden\" value=\"8FZVGD837P6YU\" \/><\/p>\n<table>\n<tbody>\n<tr>\n<td><input name=\"on0\" type=\"hidden\" value=\"NUMERO DE ENTRADAS\" \/>NUMERO DE ENTRADAS<\/td>\n<\/tr>\n<tr>\n<td><select name=\"os0\"><option value=\"1 ENTRADA 15\u20ac\">1 ENTRADA 15\u20ac<\/option><option value=\"2 ENTRADAS 30 \u20ac\">2 ENTRADAS 30 \u20ac<\/option><option value=\"3 ENTRADAS 45 \u20ac\">3 ENTRADAS 45 \u20ac<\/option><option value=\"4 ENTRADAS 60 \u20ac\">4 ENTRADAS 60 \u20ac<\/option><\/select><\/td>\n<\/tr>\n<tr>\n<td><input name=\"on1\" type=\"hidden\" value=\"HORARIO\" \/>HORARIO<\/td>\n<\/tr>\n<tr>\n<td><select name=\"os1\"><option value=\"20,00 H\">20,00 H<\/option><\/select><\/td>\n<\/tr>\n<tr>\n<td><input name=\"on2\" type=\"hidden\" value=\"Nombre y Apellidos\" \/>Nombre y Apellidos<\/td>\n<\/tr>\n<tr>\n<td><input maxlength=\"200\" name=\"os2\" type=\"text\" \/><\/td>\n<\/tr>\n<\/tbody>\n<\/table>\n<p><input alt=\"PayPal, la forma r\u00e1pida y segura de pagar en Internet.\" name=\"submit\" src=\"https:\/\/www.paypalobjects.com\/es_ES\/ES\/i\/btn\/btn_buynowCC_LG.gif\" type=\"image\" \/><br \/>\n<img loading=\"lazy\" decoding=\"async\" src=\"https:\/\/www.paypalobjects.com\/es_ES\/i\/scr\/pixel.gif\" alt=\"\" width=\"1\" height=\"1\" border=\"0\" \/><\/p>\n<\/form>\n","protected":false},"excerpt":{"rendered":"<p class=\"continue-reading-button\"> <a class=\"continue-reading-link\" href=\"https:\/\/escuelademagia.net\/ca\/dementes-anthony-blake-y-mago-larry\/\"><i class=\"crycon-right-dir\"><\/i><\/a><\/p>\n","protected":false},"author":1,"featured_media":0,"parent":0,"menu_order":0,"comment_status":"closed","ping_status":"closed","template":"","meta":{"_crdt_document":"","footnotes":""},"class_list":["post-4929","page","type-page","status-publish","hentry"],"translation":{"provider":"WPGlobus","version":"3.0.2","language":"ca","enabled_languages":["es","ca"],"languages":{"es":{"title":true,"content":true,"excerpt":false},"ca":{"title":false,"content":false,"excerpt":false}}},"yoast_head":"<!-- This site is optimized with the Yoast SEO plugin v27.4 - https:\/\/yoast.com\/product\/yoast-seo-wordpress\/ -->\n<title>DEMENTES Anthony Blake y Mago Larry - Escuela de Magia<\/title>\n<meta name=\"robots\" content=\"index, follow, max-snippet:-1, max-image-preview:large, max-video-preview:-1\" \/>\n<link rel=\"canonical\" href=\"https:\/\/escuelademagia.net\/dementes-anthony-blake-y-mago-larry\/\" \/>\n<meta property=\"og:locale\" content=\"ca_ES\" \/>\n<meta property=\"og:type\" content=\"article\" \/>\n<meta property=\"og:title\" content=\"DEMENTES Anthony Blake y Mago Larry - Escuela de Magia\" \/>\n<meta property=\"og:url\" content=\"https:\/\/escuelademagia.net\/dementes-anthony-blake-y-mago-larry\/\" \/>\n<meta property=\"og:site_name\" content=\"Escuela de Magia\" \/>\n<meta property=\"article:publisher\" content=\"https:\/\/www.facebook.com\/escuela3detrebol\" \/>\n<meta property=\"article:modified_time\" content=\"2022-03-30T07:58:17+00:00\" \/>\n<meta property=\"og:image\" content=\"http:\/\/escuelademagia.net\/wp-content\/uploads\/2022\/03\/TTT-300x300.jpg\" \/>\n<meta name=\"twitter:card\" content=\"summary_large_image\" \/>\n<script type=\"application\/ld+json\" class=\"yoast-schema-graph\">{\"@context\":\"https:\\\/\\\/schema.org\",\"@graph\":[{\"@type\":\"WebPage\",\"@id\":\"https:\\\/\\\/escuelademagia.net\\\/dementes-anthony-blake-y-mago-larry\\\/\",\"url\":\"https:\\\/\\\/escuelademagia.net\\\/dementes-anthony-blake-y-mago-larry\\\/\",\"name\":\"DEMENTES Anthony Blake y Mago Larry - Escuela de Magia\",\"isPartOf\":{\"@id\":\"https:\\\/\\\/escuelademagia.net\\\/#website\"},\"primaryImageOfPage\":{\"@id\":\"https:\\\/\\\/escuelademagia.net\\\/dementes-anthony-blake-y-mago-larry\\\/#primaryimage\"},\"image\":{\"@id\":\"https:\\\/\\\/escuelademagia.net\\\/dementes-anthony-blake-y-mago-larry\\\/#primaryimage\"},\"thumbnailUrl\":\"http:\\\/\\\/escuelademagia.net\\\/wp-content\\\/uploads\\\/2022\\\/03\\\/TTT-300x300.jpg\",\"datePublished\":\"2022-03-21T10:45:26+00:00\",\"dateModified\":\"2022-03-30T07:58:17+00:00\",\"breadcrumb\":{\"@id\":\"https:\\\/\\\/escuelademagia.net\\\/dementes-anthony-blake-y-mago-larry\\\/#breadcrumb\"},\"inLanguage\":\"ca-ES\",\"potentialAction\":[{\"@type\":\"ReadAction\",\"target\":[\"https:\\\/\\\/escuelademagia.net\\\/dementes-anthony-blake-y-mago-larry\\\/\"]}]},{\"@type\":\"ImageObject\",\"inLanguage\":\"ca-ES\",\"@id\":\"https:\\\/\\\/escuelademagia.net\\\/dementes-anthony-blake-y-mago-larry\\\/#primaryimage\",\"url\":\"http:\\\/\\\/escuelademagia.net\\\/wp-content\\\/uploads\\\/2022\\\/03\\\/TTT-300x300.jpg\",\"contentUrl\":\"http:\\\/\\\/escuelademagia.net\\\/wp-content\\\/uploads\\\/2022\\\/03\\\/TTT-300x300.jpg\"},{\"@type\":\"BreadcrumbList\",\"@id\":\"https:\\\/\\\/escuelademagia.net\\\/dementes-anthony-blake-y-mago-larry\\\/#breadcrumb\",\"itemListElement\":[{\"@type\":\"ListItem\",\"position\":1,\"name\":\"Portada\",\"item\":\"https:\\\/\\\/escuelademagia.net\\\/\"},{\"@type\":\"ListItem\",\"position\":2,\"name\":\"DEMENTES Anthony Blake y Mago Larry\"}]},{\"@type\":\"WebSite\",\"@id\":\"https:\\\/\\\/escuelademagia.net\\\/#website\",\"url\":\"https:\\\/\\\/escuelademagia.net\\\/\",\"name\":\"{:es}Escuela de Magia{:}{:ca}Escola de M\u00e0gia{:}\",\"description\":\"Escola de M&Atilde;&nbsp;gia a Barcelona per aficionats i profesionals\",\"publisher\":{\"@id\":\"https:\\\/\\\/escuelademagia.net\\\/#organization\"},\"potentialAction\":[{\"@type\":\"SearchAction\",\"target\":{\"@type\":\"EntryPoint\",\"urlTemplate\":\"https:\\\/\\\/escuelademagia.net\\\/?s={search_term_string}\"},\"query-input\":{\"@type\":\"PropertyValueSpecification\",\"valueRequired\":true,\"valueName\":\"search_term_string\"}}],\"inLanguage\":\"ca-ES\"},{\"@type\":\"Organization\",\"@id\":\"https:\\\/\\\/escuelademagia.net\\\/#organization\",\"name\":\"{:es}Escuela de Magia{:}{:ca}Escola de M\u00e0gia{:}\",\"url\":\"https:\\\/\\\/escuelademagia.net\\\/\",\"logo\":{\"@type\":\"ImageObject\",\"inLanguage\":\"ca-ES\",\"@id\":\"https:\\\/\\\/escuelademagia.net\\\/#\\\/schema\\\/logo\\\/image\\\/\",\"url\":\"http:\\\/\\\/escuelademagia.net\\\/wp-content\\\/uploads\\\/2024\\\/10\\\/logo-3detrebol.jpg\",\"contentUrl\":\"http:\\\/\\\/escuelademagia.net\\\/wp-content\\\/uploads\\\/2024\\\/10\\\/logo-3detrebol.jpg\",\"width\":669,\"height\":568,\"caption\":\"{:es}Escuela de Magia{:}{:ca}Escola de M\u00e0gia{:}\"},\"image\":{\"@id\":\"https:\\\/\\\/escuelademagia.net\\\/#\\\/schema\\\/logo\\\/image\\\/\"},\"sameAs\":[\"https:\\\/\\\/www.facebook.com\\\/escuela3detrebol\",\"https:\\\/\\\/www.instagram.com\\\/escuelademagianet\\\/\"]}]}<\/script>\n<!-- \/ Yoast SEO plugin. -->","yoast_head_json":{"title":"DEMENTES Anthony Blake y Mago Larry - Escuela de Magia","robots":{"index":"index","follow":"follow","max-snippet":"max-snippet:-1","max-image-preview":"max-image-preview:large","max-video-preview":"max-video-preview:-1"},"canonical":"https:\/\/escuelademagia.net\/dementes-anthony-blake-y-mago-larry\/","og_locale":"ca_ES","og_type":"article","og_title":"DEMENTES Anthony Blake y Mago Larry - Escuela de Magia","og_url":"https:\/\/escuelademagia.net\/dementes-anthony-blake-y-mago-larry\/","og_site_name":"Escuela de Magia","article_publisher":"https:\/\/www.facebook.com\/escuela3detrebol","article_modified_time":"2022-03-30T07:58:17+00:00","og_image":[{"url":"http:\/\/escuelademagia.net\/wp-content\/uploads\/2022\/03\/TTT-300x300.jpg","type":"","width":"","height":""}],"twitter_card":"summary_large_image","schema":{"@context":"https:\/\/schema.org","@graph":[{"@type":"WebPage","@id":"https:\/\/escuelademagia.net\/dementes-anthony-blake-y-mago-larry\/","url":"https:\/\/escuelademagia.net\/dementes-anthony-blake-y-mago-larry\/","name":"DEMENTES Anthony Blake y Mago Larry - Escuela de Magia","isPartOf":{"@id":"https:\/\/escuelademagia.net\/#website"},"primaryImageOfPage":{"@id":"https:\/\/escuelademagia.net\/dementes-anthony-blake-y-mago-larry\/#primaryimage"},"image":{"@id":"https:\/\/escuelademagia.net\/dementes-anthony-blake-y-mago-larry\/#primaryimage"},"thumbnailUrl":"http:\/\/escuelademagia.net\/wp-content\/uploads\/2022\/03\/TTT-300x300.jpg","datePublished":"2022-03-21T10:45:26+00:00","dateModified":"2022-03-30T07:58:17+00:00","breadcrumb":{"@id":"https:\/\/escuelademagia.net\/dementes-anthony-blake-y-mago-larry\/#breadcrumb"},"inLanguage":"ca-ES","potentialAction":[{"@type":"ReadAction","target":["https:\/\/escuelademagia.net\/dementes-anthony-blake-y-mago-larry\/"]}]},{"@type":"ImageObject","inLanguage":"ca-ES","@id":"https:\/\/escuelademagia.net\/dementes-anthony-blake-y-mago-larry\/#primaryimage","url":"http:\/\/escuelademagia.net\/wp-content\/uploads\/2022\/03\/TTT-300x300.jpg","contentUrl":"http:\/\/escuelademagia.net\/wp-content\/uploads\/2022\/03\/TTT-300x300.jpg"},{"@type":"BreadcrumbList","@id":"https:\/\/escuelademagia.net\/dementes-anthony-blake-y-mago-larry\/#breadcrumb","itemListElement":[{"@type":"ListItem","position":1,"name":"Portada","item":"https:\/\/escuelademagia.net\/"},{"@type":"ListItem","position":2,"name":"DEMENTES Anthony Blake y Mago Larry"}]},{"@type":"WebSite","@id":"https:\/\/escuelademagia.net\/#website","url":"https:\/\/escuelademagia.net\/","name":"{:es}Escuela de Magia{:}{:ca}Escola de M\u00e0gia{:}","description":"Escola de M&Atilde;&nbsp;gia a Barcelona per aficionats i profesionals","publisher":{"@id":"https:\/\/escuelademagia.net\/#organization"},"potentialAction":[{"@type":"SearchAction","target":{"@type":"EntryPoint","urlTemplate":"https:\/\/escuelademagia.net\/?s={search_term_string}"},"query-input":{"@type":"PropertyValueSpecification","valueRequired":true,"valueName":"search_term_string"}}],"inLanguage":"ca-ES"},{"@type":"Organization","@id":"https:\/\/escuelademagia.net\/#organization","name":"{:es}Escuela de Magia{:}{:ca}Escola de M\u00e0gia{:}","url":"https:\/\/escuelademagia.net\/","logo":{"@type":"ImageObject","inLanguage":"ca-ES","@id":"https:\/\/escuelademagia.net\/#\/schema\/logo\/image\/","url":"http:\/\/escuelademagia.net\/wp-content\/uploads\/2024\/10\/logo-3detrebol.jpg","contentUrl":"http:\/\/escuelademagia.net\/wp-content\/uploads\/2024\/10\/logo-3detrebol.jpg","width":669,"height":568,"caption":"{:es}Escuela de Magia{:}{:ca}Escola de M\u00e0gia{:}"},"image":{"@id":"https:\/\/escuelademagia.net\/#\/schema\/logo\/image\/"},"sameAs":["https:\/\/www.facebook.com\/escuela3detrebol","https:\/\/www.instagram.com\/escuelademagianet\/"]}]}},"_links":{"self":[{"href":"https:\/\/escuelademagia.net\/ca\/wp-json\/wp\/v2\/pages\/4929","targetHints":{"allow":["GET"]}}],"collection":[{"href":"https:\/\/escuelademagia.net\/ca\/wp-json\/wp\/v2\/pages"}],"about":[{"href":"https:\/\/escuelademagia.net\/ca\/wp-json\/wp\/v2\/types\/page"}],"author":[{"embeddable":true,"href":"https:\/\/escuelademagia.net\/ca\/wp-json\/wp\/v2\/users\/1"}],"replies":[{"embeddable":true,"href":"https:\/\/escuelademagia.net\/ca\/wp-json\/wp\/v2\/comments?post=4929"}],"version-history":[{"count":19,"href":"https:\/\/escuelademagia.net\/ca\/wp-json\/wp\/v2\/pages\/4929\/revisions"}],"predecessor-version":[{"id":5477,"href":"https:\/\/escuelademagia.net\/ca\/wp-json\/wp\/v2\/pages\/4929\/revisions\/5477"}],"wp:attachment":[{"href":"https:\/\/escuelademagia.net\/ca\/wp-json\/wp\/v2\/media?parent=4929"}],"curies":[{"name":"wp","href":"https:\/\/api.w.org\/{rel}","templated":true}]}}