{"id":4978,"date":"2022-04-18T16:03:59","date_gmt":"2022-04-18T16:03:59","guid":{"rendered":"https:\/\/escuelademagia.net\/?page_id=4978"},"modified":"2022-04-18T16:31:08","modified_gmt":"2022-04-18T16:31:08","slug":"show-de-rubi","status":"publish","type":"page","link":"https:\/\/escuelademagia.net\/ca\/show-de-rubi\/","title":{"rendered":"SHOW DE RUBI"},"content":{"rendered":"<p><a href=\"http:\/\/escuelademagia.net\/wp-content\/uploads\/2022\/04\/rubi.jpg\"><img loading=\"lazy\" decoding=\"async\" class=\"size-medium wp-image-4979 aligncenter\" src=\"http:\/\/escuelademagia.net\/wp-content\/uploads\/2022\/04\/rubi-169x300.jpg\" alt=\"\" width=\"169\" height=\"300\" srcset=\"https:\/\/escuelademagia.net\/wp-content\/uploads\/2022\/04\/rubi-169x300.jpg 169w, https:\/\/escuelademagia.net\/wp-content\/uploads\/2022\/04\/rubi-576x1024.jpg 576w, https:\/\/escuelademagia.net\/wp-content\/uploads\/2022\/04\/rubi-84x150.jpg 84w, https:\/\/escuelademagia.net\/wp-content\/uploads\/2022\/04\/rubi.jpg 647w\" sizes=\"auto, (max-width: 169px) 100vw, 169px\" \/><\/a><\/p>\n<p><strong>Rub\u00ed Ferez Gran Premio Nacional Almusafes 2022<\/strong><\/p>\n<p>\u00a1El reciente y aclamado RUB\u00cd\u00a0 viene a 3 tr\u00e9bol!<\/p>\n<p>Es el reciente GRAN PREMIO DE ESPA\u00d1A\u00a0 y nos deleitar\u00e1 con un show en EXCLUSIVA para la Escuela<\/p>\n<p>No os lo perd\u00e1is<\/p>\n<p><strong><span style=\"color: #ff0000;\">D\u00cdA 23 DE ABRIL 2022<\/span><\/strong><\/p>\n<p><strong>HORARIOS DOS SHOWS A LAS<span style=\"color: #ff0000;\"> 20,30 H<\/span> Y A LAS <span style=\"color: #ff0000;\">22 H<\/span><\/strong><\/p>\n<p><strong>PRECIO: <span style=\"color: #ff0000;\">15 \u20ac<\/span><\/strong><\/p>\n<p>PARA M\u00c1S INFORMACI\u00d3N TEL\u00c9FONO 696428407<\/p>\n<p>Puedes comprar entradas m\u00e1s abajo<\/p>\n<form action=\"https:\/\/www.paypal.com\/cgi-bin\/webscr\" method=\"post\" target=\"_top\"><input name=\"cmd\" type=\"hidden\" value=\"_s-xclick\" \/><br \/>\n<input name=\"hosted_button_id\" type=\"hidden\" value=\"URK4PKN8T359Q\" \/><\/p>\n<table>\n<tbody>\n<tr>\n<td><input name=\"on0\" type=\"hidden\" value=\"NUMERO ENTRADAS\" \/>NUMERO ENTRADAS<\/td>\n<\/tr>\n<tr>\n<td><select name=\"os0\"><option value=\"1 ENTRADA\">1 ENTRADA \u20ac15,00 EUR<\/option><option value=\"2 ENTRADAS\">2 ENTRADAS \u20ac30,00 EUR<\/option><option value=\"3 ENTRADAS\">3 ENTRADAS \u20ac45,00 EUR<\/option><option value=\"4 ENTRADAS\">4 ENTRADAS \u20ac60,00 EUR<\/option><\/select><\/td>\n<\/tr>\n<tr>\n<td><input name=\"on1\" type=\"hidden\" value=\"HORARIO DEL SHOW\" \/>HORARIO DEL SHOW<\/td>\n<\/tr>\n<tr>\n<td><select name=\"os1\"><option value=\"20,30 H\">20,30 H<\/option><option value=\"22,00 H\">22,00 H<\/option><\/select><\/td>\n<\/tr>\n<\/tbody>\n<\/table>\n<p><input name=\"currency_code\" type=\"hidden\" value=\"EUR\" \/><br \/>\n<input alt=\"PayPal, la forma r\u00e1pida y segura de pagar en Internet.\" name=\"submit\" src=\"https:\/\/www.paypalobjects.com\/es_ES\/ES\/i\/btn\/btn_buynowCC_LG.gif\" type=\"image\" \/><br \/>\n<img loading=\"lazy\" decoding=\"async\" src=\"https:\/\/www.paypalobjects.com\/es_ES\/i\/scr\/pixel.gif\" alt=\"\" width=\"1\" height=\"1\" border=\"0\" \/><\/p>\n<\/form>\n","protected":false},"excerpt":{"rendered":"<p class=\"continue-reading-button\"> <a class=\"continue-reading-link\" href=\"https:\/\/escuelademagia.net\/ca\/show-de-rubi\/\"><i class=\"crycon-right-dir\"><\/i><\/a><\/p>\n","protected":false},"author":1,"featured_media":0,"parent":0,"menu_order":0,"comment_status":"closed","ping_status":"closed","template":"","meta":{"_crdt_document":"","footnotes":""},"class_list":["post-4978","page","type-page","status-publish","hentry"],"translation":{"provider":"WPGlobus","version":"3.0.2","language":"ca","enabled_languages":["es","ca"],"languages":{"es":{"title":true,"content":true,"excerpt":false},"ca":{"title":false,"content":false,"excerpt":false}}},"yoast_head":"<!-- This site is optimized with the Yoast SEO plugin v27.5 - https:\/\/yoast.com\/product\/yoast-seo-wordpress\/ -->\n<title>SHOW DE RUBI - Escuela de Magia<\/title>\n<meta name=\"robots\" content=\"index, follow, max-snippet:-1, max-image-preview:large, max-video-preview:-1\" \/>\n<link rel=\"canonical\" href=\"https:\/\/escuelademagia.net\/show-de-rubi\/\" \/>\n<meta property=\"og:locale\" content=\"ca_ES\" \/>\n<meta property=\"og:type\" content=\"article\" \/>\n<meta property=\"og:title\" content=\"SHOW DE RUBI - Escuela de Magia\" \/>\n<meta property=\"og:url\" content=\"https:\/\/escuelademagia.net\/show-de-rubi\/\" \/>\n<meta property=\"og:site_name\" content=\"Escuela de Magia\" \/>\n<meta property=\"article:publisher\" content=\"https:\/\/www.facebook.com\/escuela3detrebol\" \/>\n<meta property=\"article:modified_time\" content=\"2022-04-18T16:31:08+00:00\" \/>\n<meta property=\"og:image\" content=\"http:\/\/escuelademagia.net\/wp-content\/uploads\/2022\/04\/rubi-169x300.jpg\" \/>\n<meta name=\"twitter:card\" content=\"summary_large_image\" \/>\n<script type=\"application\/ld+json\" class=\"yoast-schema-graph\">{\"@context\":\"https:\\\/\\\/schema.org\",\"@graph\":[{\"@type\":\"WebPage\",\"@id\":\"https:\\\/\\\/escuelademagia.net\\\/show-de-rubi\\\/\",\"url\":\"https:\\\/\\\/escuelademagia.net\\\/show-de-rubi\\\/\",\"name\":\"SHOW DE RUBI - Escuela de Magia\",\"isPartOf\":{\"@id\":\"https:\\\/\\\/escuelademagia.net\\\/#website\"},\"primaryImageOfPage\":{\"@id\":\"https:\\\/\\\/escuelademagia.net\\\/show-de-rubi\\\/#primaryimage\"},\"image\":{\"@id\":\"https:\\\/\\\/escuelademagia.net\\\/show-de-rubi\\\/#primaryimage\"},\"thumbnailUrl\":\"http:\\\/\\\/escuelademagia.net\\\/wp-content\\\/uploads\\\/2022\\\/04\\\/rubi-169x300.jpg\",\"datePublished\":\"2022-04-18T16:03:59+00:00\",\"dateModified\":\"2022-04-18T16:31:08+00:00\",\"breadcrumb\":{\"@id\":\"https:\\\/\\\/escuelademagia.net\\\/show-de-rubi\\\/#breadcrumb\"},\"inLanguage\":\"ca-ES\",\"potentialAction\":[{\"@type\":\"ReadAction\",\"target\":[\"https:\\\/\\\/escuelademagia.net\\\/show-de-rubi\\\/\"]}]},{\"@type\":\"ImageObject\",\"inLanguage\":\"ca-ES\",\"@id\":\"https:\\\/\\\/escuelademagia.net\\\/show-de-rubi\\\/#primaryimage\",\"url\":\"http:\\\/\\\/escuelademagia.net\\\/wp-content\\\/uploads\\\/2022\\\/04\\\/rubi-169x300.jpg\",\"contentUrl\":\"http:\\\/\\\/escuelademagia.net\\\/wp-content\\\/uploads\\\/2022\\\/04\\\/rubi-169x300.jpg\"},{\"@type\":\"BreadcrumbList\",\"@id\":\"https:\\\/\\\/escuelademagia.net\\\/show-de-rubi\\\/#breadcrumb\",\"itemListElement\":[{\"@type\":\"ListItem\",\"position\":1,\"name\":\"Portada\",\"item\":\"https:\\\/\\\/escuelademagia.net\\\/\"},{\"@type\":\"ListItem\",\"position\":2,\"name\":\"SHOW DE RUBI\"}]},{\"@type\":\"WebSite\",\"@id\":\"https:\\\/\\\/escuelademagia.net\\\/#website\",\"url\":\"https:\\\/\\\/escuelademagia.net\\\/\",\"name\":\"{:es}Escuela de Magia{:}{:ca}Escola de M\u00e0gia{:}\",\"description\":\"Escola de M&Atilde;&nbsp;gia a Barcelona per aficionats i profesionals\",\"publisher\":{\"@id\":\"https:\\\/\\\/escuelademagia.net\\\/#organization\"},\"potentialAction\":[{\"@type\":\"SearchAction\",\"target\":{\"@type\":\"EntryPoint\",\"urlTemplate\":\"https:\\\/\\\/escuelademagia.net\\\/?s={search_term_string}\"},\"query-input\":{\"@type\":\"PropertyValueSpecification\",\"valueRequired\":true,\"valueName\":\"search_term_string\"}}],\"inLanguage\":\"ca-ES\"},{\"@type\":\"Organization\",\"@id\":\"https:\\\/\\\/escuelademagia.net\\\/#organization\",\"name\":\"{:es}Escuela de Magia{:}{:ca}Escola de M\u00e0gia{:}\",\"url\":\"https:\\\/\\\/escuelademagia.net\\\/\",\"logo\":{\"@type\":\"ImageObject\",\"inLanguage\":\"ca-ES\",\"@id\":\"https:\\\/\\\/escuelademagia.net\\\/#\\\/schema\\\/logo\\\/image\\\/\",\"url\":\"http:\\\/\\\/escuelademagia.net\\\/wp-content\\\/uploads\\\/2024\\\/10\\\/logo-3detrebol.jpg\",\"contentUrl\":\"http:\\\/\\\/escuelademagia.net\\\/wp-content\\\/uploads\\\/2024\\\/10\\\/logo-3detrebol.jpg\",\"width\":669,\"height\":568,\"caption\":\"{:es}Escuela de Magia{:}{:ca}Escola de M\u00e0gia{:}\"},\"image\":{\"@id\":\"https:\\\/\\\/escuelademagia.net\\\/#\\\/schema\\\/logo\\\/image\\\/\"},\"sameAs\":[\"https:\\\/\\\/www.facebook.com\\\/escuela3detrebol\",\"https:\\\/\\\/www.instagram.com\\\/escuelademagianet\\\/\"]}]}<\/script>\n<!-- \/ Yoast SEO plugin. -->","yoast_head_json":{"title":"SHOW DE RUBI - Escuela de Magia","robots":{"index":"index","follow":"follow","max-snippet":"max-snippet:-1","max-image-preview":"max-image-preview:large","max-video-preview":"max-video-preview:-1"},"canonical":"https:\/\/escuelademagia.net\/show-de-rubi\/","og_locale":"ca_ES","og_type":"article","og_title":"SHOW DE RUBI - Escuela de Magia","og_url":"https:\/\/escuelademagia.net\/show-de-rubi\/","og_site_name":"Escuela de Magia","article_publisher":"https:\/\/www.facebook.com\/escuela3detrebol","article_modified_time":"2022-04-18T16:31:08+00:00","og_image":[{"url":"http:\/\/escuelademagia.net\/wp-content\/uploads\/2022\/04\/rubi-169x300.jpg","type":"","width":"","height":""}],"twitter_card":"summary_large_image","schema":{"@context":"https:\/\/schema.org","@graph":[{"@type":"WebPage","@id":"https:\/\/escuelademagia.net\/show-de-rubi\/","url":"https:\/\/escuelademagia.net\/show-de-rubi\/","name":"SHOW DE RUBI - Escuela de Magia","isPartOf":{"@id":"https:\/\/escuelademagia.net\/#website"},"primaryImageOfPage":{"@id":"https:\/\/escuelademagia.net\/show-de-rubi\/#primaryimage"},"image":{"@id":"https:\/\/escuelademagia.net\/show-de-rubi\/#primaryimage"},"thumbnailUrl":"http:\/\/escuelademagia.net\/wp-content\/uploads\/2022\/04\/rubi-169x300.jpg","datePublished":"2022-04-18T16:03:59+00:00","dateModified":"2022-04-18T16:31:08+00:00","breadcrumb":{"@id":"https:\/\/escuelademagia.net\/show-de-rubi\/#breadcrumb"},"inLanguage":"ca-ES","potentialAction":[{"@type":"ReadAction","target":["https:\/\/escuelademagia.net\/show-de-rubi\/"]}]},{"@type":"ImageObject","inLanguage":"ca-ES","@id":"https:\/\/escuelademagia.net\/show-de-rubi\/#primaryimage","url":"http:\/\/escuelademagia.net\/wp-content\/uploads\/2022\/04\/rubi-169x300.jpg","contentUrl":"http:\/\/escuelademagia.net\/wp-content\/uploads\/2022\/04\/rubi-169x300.jpg"},{"@type":"BreadcrumbList","@id":"https:\/\/escuelademagia.net\/show-de-rubi\/#breadcrumb","itemListElement":[{"@type":"ListItem","position":1,"name":"Portada","item":"https:\/\/escuelademagia.net\/"},{"@type":"ListItem","position":2,"name":"SHOW DE RUBI"}]},{"@type":"WebSite","@id":"https:\/\/escuelademagia.net\/#website","url":"https:\/\/escuelademagia.net\/","name":"{:es}Escuela de Magia{:}{:ca}Escola de M\u00e0gia{:}","description":"Escola de M&Atilde;&nbsp;gia a Barcelona per aficionats i profesionals","publisher":{"@id":"https:\/\/escuelademagia.net\/#organization"},"potentialAction":[{"@type":"SearchAction","target":{"@type":"EntryPoint","urlTemplate":"https:\/\/escuelademagia.net\/?s={search_term_string}"},"query-input":{"@type":"PropertyValueSpecification","valueRequired":true,"valueName":"search_term_string"}}],"inLanguage":"ca-ES"},{"@type":"Organization","@id":"https:\/\/escuelademagia.net\/#organization","name":"{:es}Escuela de Magia{:}{:ca}Escola de M\u00e0gia{:}","url":"https:\/\/escuelademagia.net\/","logo":{"@type":"ImageObject","inLanguage":"ca-ES","@id":"https:\/\/escuelademagia.net\/#\/schema\/logo\/image\/","url":"http:\/\/escuelademagia.net\/wp-content\/uploads\/2024\/10\/logo-3detrebol.jpg","contentUrl":"http:\/\/escuelademagia.net\/wp-content\/uploads\/2024\/10\/logo-3detrebol.jpg","width":669,"height":568,"caption":"{:es}Escuela de Magia{:}{:ca}Escola de M\u00e0gia{:}"},"image":{"@id":"https:\/\/escuelademagia.net\/#\/schema\/logo\/image\/"},"sameAs":["https:\/\/www.facebook.com\/escuela3detrebol","https:\/\/www.instagram.com\/escuelademagianet\/"]}]}},"_links":{"self":[{"href":"https:\/\/escuelademagia.net\/ca\/wp-json\/wp\/v2\/pages\/4978","targetHints":{"allow":["GET"]}}],"collection":[{"href":"https:\/\/escuelademagia.net\/ca\/wp-json\/wp\/v2\/pages"}],"about":[{"href":"https:\/\/escuelademagia.net\/ca\/wp-json\/wp\/v2\/types\/page"}],"author":[{"embeddable":true,"href":"https:\/\/escuelademagia.net\/ca\/wp-json\/wp\/v2\/users\/1"}],"replies":[{"embeddable":true,"href":"https:\/\/escuelademagia.net\/ca\/wp-json\/wp\/v2\/comments?post=4978"}],"version-history":[{"count":3,"href":"https:\/\/escuelademagia.net\/ca\/wp-json\/wp\/v2\/pages\/4978\/revisions"}],"predecessor-version":[{"id":4986,"href":"https:\/\/escuelademagia.net\/ca\/wp-json\/wp\/v2\/pages\/4978\/revisions\/4986"}],"wp:attachment":[{"href":"https:\/\/escuelademagia.net\/ca\/wp-json\/wp\/v2\/media?parent=4978"}],"curies":[{"name":"wp","href":"https:\/\/api.w.org\/{rel}","templated":true}]}}