{"id":5027,"date":"2022-05-03T10:45:37","date_gmt":"2022-05-03T10:45:37","guid":{"rendered":"https:\/\/escuelademagia.net\/?page_id=5027"},"modified":"2023-12-21T20:03:17","modified_gmt":"2023-12-21T20:03:17","slug":"magia-con-bolas-de-esponja","status":"publish","type":"page","link":"https:\/\/escuelademagia.net\/ca\/magia-con-bolas-de-esponja\/","title":{"rendered":"CURSO I DE BOLAS DE ESPONJAS"},"content":{"rendered":"\n<p class=\"has-text-align-center has-vivid-red-color has-text-color has-large-font-size wp-block-paragraph\"><strong>PIERRE POUME<\/strong><\/p>\n\n\n<div class=\"wp-block-image\">\n<figure class=\"aligncenter size-full is-resized\"><a href=\"http:\/\/escuelademagia.net\/wp-content\/uploads\/2023\/06\/POUMEWEB.jpg\"><img loading=\"lazy\" decoding=\"async\" width=\"300\" height=\"190\" src=\"http:\/\/escuelademagia.net\/wp-content\/uploads\/2023\/06\/POUMEWEB.jpg\" alt=\"\" class=\"wp-image-6435\" style=\"width:401px;height:254px\" srcset=\"https:\/\/escuelademagia.net\/wp-content\/uploads\/2023\/06\/POUMEWEB.jpg 300w, https:\/\/escuelademagia.net\/wp-content\/uploads\/2023\/06\/POUMEWEB-150x95.jpg 150w\" sizes=\"auto, (max-width: 300px) 100vw, 300px\" \/><\/a><\/figure>\n<\/div>\n\n\n<p class=\"wp-block-paragraph\"><strong><span style=\"color: #ff0000;\">Nuevo curso de bolas de esponja<\/span> <\/strong>con un aut\u00e9ntico maestro de la especialidad <strong><span style=\"color: #ff0000;\">PIERRE POUM\u00c9<\/span><\/strong><\/p>\n\n\n\n<p class=\"wp-block-paragraph\"><strong>EN EXCLUSIVA PARA LA ESCUELA EN BARCELONA<\/strong><\/p>\n\n\n\n<p class=\"wp-block-paragraph\">Todo lo que quer\u00edas saber sobre esponjas y no atreviste a preguntar, ahora explicado al m\u00ednimo detalle.<\/p>\n\n\n\n<p class=\"wp-block-paragraph\">Aprender\u00e1s nuevas t\u00e9cnicas y maravillosas rutinas que te servir\u00e1n para tus rutinas de cerca y sal\u00f3n.<\/p>\n\n\n\n<p class=\"wp-block-paragraph\">No te lo puedes perder<\/p>\n\n\n\n<p class=\"wp-block-paragraph\"><strong><span style=\"color: #ff0000;\">D\u00cdAS:11 &#8211; 18 &#8211; 25 ENERO 2024<\/span><\/strong><\/p>\n\n\n\n<p class=\"has-vivid-red-color has-text-color wp-block-paragraph\"><strong><span style=\"color: #ff0000;\">HORARIO: DE 19:00 H A 20:00 H<\/span><\/strong><\/p>\n\n\n\n<p class=\"has-vivid-red-color has-text-color wp-block-paragraph\"><strong>PRECIO: 60 \u20ac (Precio muy especial)<\/strong><\/p>\n\n\n\n<p class=\"wp-block-paragraph\">Para m\u00e1s informaci\u00f3n y reservas 932989772 o 696428407 tambi\u00e9n puedes comprar tu ticket m\u00e1s abajo.<\/p>\n\n\n\n<form action=\"https:\/\/www.paypal.com\/cgi-bin\/webscr\" method=\"post\" target=\"_top\">\n<input type=\"hidden\" name=\"cmd\" value=\"_s-xclick\">\n<input type=\"hidden\" name=\"hosted_button_id\" value=\"EHAWMQAECY23J\">\n<table>\n<tr><td><input type=\"hidden\" name=\"on0\" value=\"NUMERO TICKETS\">NUMERO TICKETS<\/td><\/tr><tr><td><select name=\"os0\">\n\t<option value=\"1 TICKET\">1 TICKET \u20ac60,00 EUR<\/option>\n\t<option value=\"2 TICKETS\">2 TICKETS \u20ac120,00 EUR<\/option>\n<\/select> <\/td><\/tr>\n<tr><td><input type=\"hidden\" name=\"on1\" value=\"NOMBRE Y APELLIDOS\">NOMBRE Y APELLIDOS<\/td><\/tr><tr><td><input type=\"text\" name=\"os1\" maxlength=\"200\"><\/td><\/tr>\n<\/table>\n<input type=\"hidden\" name=\"currency_code\" value=\"EUR\">\n<input type=\"image\" src=\"https:\/\/www.paypalobjects.com\/en_US\/i\/btn\/btn_buynowCC_LG.gif\" border=\"0\" name=\"submit\" alt=\"PayPal, la forma r\u00e1pida y segura de pagar en Internet.\">\n<img loading=\"lazy\" decoding=\"async\" alt=\"\" border=\"0\" src=\"https:\/\/www.paypalobjects.com\/es_ES\/i\/scr\/pixel.gif\" width=\"1\" height=\"1\">\n<\/form>\n","protected":false},"excerpt":{"rendered":"<p class=\"continue-reading-button\"> <a class=\"continue-reading-link\" href=\"https:\/\/escuelademagia.net\/ca\/magia-con-bolas-de-esponja\/\"><i class=\"crycon-right-dir\"><\/i><\/a><\/p>\n","protected":false},"author":1,"featured_media":0,"parent":0,"menu_order":0,"comment_status":"closed","ping_status":"closed","template":"","meta":{"_crdt_document":"","footnotes":""},"class_list":["post-5027","page","type-page","status-publish","hentry"],"translation":{"provider":"WPGlobus","version":"3.0.2","language":"ca","enabled_languages":["es","ca"],"languages":{"es":{"title":true,"content":true,"excerpt":false},"ca":{"title":false,"content":false,"excerpt":false}}},"yoast_head":"<!-- This site is optimized with the Yoast SEO plugin v27.4 - https:\/\/yoast.com\/product\/yoast-seo-wordpress\/ -->\n<title>CURSO I DE BOLAS DE ESPONJAS - Escuela de Magia<\/title>\n<meta name=\"robots\" content=\"index, follow, max-snippet:-1, max-image-preview:large, max-video-preview:-1\" \/>\n<link rel=\"canonical\" href=\"https:\/\/escuelademagia.net\/magia-con-bolas-de-esponja\/\" \/>\n<meta property=\"og:locale\" content=\"ca_ES\" \/>\n<meta property=\"og:type\" content=\"article\" \/>\n<meta property=\"og:title\" content=\"CURSO I DE BOLAS DE ESPONJAS - Escuela de Magia\" \/>\n<meta property=\"og:url\" content=\"https:\/\/escuelademagia.net\/magia-con-bolas-de-esponja\/\" \/>\n<meta property=\"og:site_name\" content=\"Escuela de Magia\" \/>\n<meta property=\"article:publisher\" content=\"https:\/\/www.facebook.com\/escuela3detrebol\" \/>\n<meta property=\"article:modified_time\" content=\"2023-12-21T20:03:17+00:00\" \/>\n<meta property=\"og:image\" content=\"http:\/\/escuelademagia.net\/wp-content\/uploads\/2023\/06\/POUMEWEB.jpg\" \/>\n<meta name=\"twitter:card\" content=\"summary_large_image\" \/>\n<meta name=\"twitter:label1\" content=\"Est. reading time\" \/>\n\t<meta name=\"twitter:data1\" content=\"1 minute\" \/>\n<script type=\"application\/ld+json\" class=\"yoast-schema-graph\">{\"@context\":\"https:\\\/\\\/schema.org\",\"@graph\":[{\"@type\":\"WebPage\",\"@id\":\"https:\\\/\\\/escuelademagia.net\\\/magia-con-bolas-de-esponja\\\/\",\"url\":\"https:\\\/\\\/escuelademagia.net\\\/magia-con-bolas-de-esponja\\\/\",\"name\":\"CURSO I DE BOLAS DE ESPONJAS - Escuela de Magia\",\"isPartOf\":{\"@id\":\"https:\\\/\\\/escuelademagia.net\\\/#website\"},\"primaryImageOfPage\":{\"@id\":\"https:\\\/\\\/escuelademagia.net\\\/magia-con-bolas-de-esponja\\\/#primaryimage\"},\"image\":{\"@id\":\"https:\\\/\\\/escuelademagia.net\\\/magia-con-bolas-de-esponja\\\/#primaryimage\"},\"thumbnailUrl\":\"http:\\\/\\\/escuelademagia.net\\\/wp-content\\\/uploads\\\/2023\\\/06\\\/POUMEWEB.jpg\",\"datePublished\":\"2022-05-03T10:45:37+00:00\",\"dateModified\":\"2023-12-21T20:03:17+00:00\",\"breadcrumb\":{\"@id\":\"https:\\\/\\\/escuelademagia.net\\\/magia-con-bolas-de-esponja\\\/#breadcrumb\"},\"inLanguage\":\"ca-ES\",\"potentialAction\":[{\"@type\":\"ReadAction\",\"target\":[\"https:\\\/\\\/escuelademagia.net\\\/magia-con-bolas-de-esponja\\\/\"]}]},{\"@type\":\"ImageObject\",\"inLanguage\":\"ca-ES\",\"@id\":\"https:\\\/\\\/escuelademagia.net\\\/magia-con-bolas-de-esponja\\\/#primaryimage\",\"url\":\"http:\\\/\\\/escuelademagia.net\\\/wp-content\\\/uploads\\\/2023\\\/06\\\/POUMEWEB.jpg\",\"contentUrl\":\"http:\\\/\\\/escuelademagia.net\\\/wp-content\\\/uploads\\\/2023\\\/06\\\/POUMEWEB.jpg\"},{\"@type\":\"BreadcrumbList\",\"@id\":\"https:\\\/\\\/escuelademagia.net\\\/magia-con-bolas-de-esponja\\\/#breadcrumb\",\"itemListElement\":[{\"@type\":\"ListItem\",\"position\":1,\"name\":\"Portada\",\"item\":\"https:\\\/\\\/escuelademagia.net\\\/\"},{\"@type\":\"ListItem\",\"position\":2,\"name\":\"CURSO I DE BOLAS DE ESPONJAS\"}]},{\"@type\":\"WebSite\",\"@id\":\"https:\\\/\\\/escuelademagia.net\\\/#website\",\"url\":\"https:\\\/\\\/escuelademagia.net\\\/\",\"name\":\"{:es}Escuela de Magia{:}{:ca}Escola de M\u00e0gia{:}\",\"description\":\"Escola de M&Atilde;&nbsp;gia a Barcelona per aficionats i profesionals\",\"publisher\":{\"@id\":\"https:\\\/\\\/escuelademagia.net\\\/#organization\"},\"potentialAction\":[{\"@type\":\"SearchAction\",\"target\":{\"@type\":\"EntryPoint\",\"urlTemplate\":\"https:\\\/\\\/escuelademagia.net\\\/?s={search_term_string}\"},\"query-input\":{\"@type\":\"PropertyValueSpecification\",\"valueRequired\":true,\"valueName\":\"search_term_string\"}}],\"inLanguage\":\"ca-ES\"},{\"@type\":\"Organization\",\"@id\":\"https:\\\/\\\/escuelademagia.net\\\/#organization\",\"name\":\"{:es}Escuela de Magia{:}{:ca}Escola de M\u00e0gia{:}\",\"url\":\"https:\\\/\\\/escuelademagia.net\\\/\",\"logo\":{\"@type\":\"ImageObject\",\"inLanguage\":\"ca-ES\",\"@id\":\"https:\\\/\\\/escuelademagia.net\\\/#\\\/schema\\\/logo\\\/image\\\/\",\"url\":\"http:\\\/\\\/escuelademagia.net\\\/wp-content\\\/uploads\\\/2024\\\/10\\\/logo-3detrebol.jpg\",\"contentUrl\":\"http:\\\/\\\/escuelademagia.net\\\/wp-content\\\/uploads\\\/2024\\\/10\\\/logo-3detrebol.jpg\",\"width\":669,\"height\":568,\"caption\":\"{:es}Escuela de Magia{:}{:ca}Escola de M\u00e0gia{:}\"},\"image\":{\"@id\":\"https:\\\/\\\/escuelademagia.net\\\/#\\\/schema\\\/logo\\\/image\\\/\"},\"sameAs\":[\"https:\\\/\\\/www.facebook.com\\\/escuela3detrebol\",\"https:\\\/\\\/www.instagram.com\\\/escuelademagianet\\\/\"]}]}<\/script>\n<!-- \/ Yoast SEO plugin. -->","yoast_head_json":{"title":"CURSO I DE BOLAS DE ESPONJAS - Escuela de Magia","robots":{"index":"index","follow":"follow","max-snippet":"max-snippet:-1","max-image-preview":"max-image-preview:large","max-video-preview":"max-video-preview:-1"},"canonical":"https:\/\/escuelademagia.net\/magia-con-bolas-de-esponja\/","og_locale":"ca_ES","og_type":"article","og_title":"CURSO I DE BOLAS DE ESPONJAS - Escuela de Magia","og_url":"https:\/\/escuelademagia.net\/magia-con-bolas-de-esponja\/","og_site_name":"Escuela de Magia","article_publisher":"https:\/\/www.facebook.com\/escuela3detrebol","article_modified_time":"2023-12-21T20:03:17+00:00","og_image":[{"url":"http:\/\/escuelademagia.net\/wp-content\/uploads\/2023\/06\/POUMEWEB.jpg","type":"","width":"","height":""}],"twitter_card":"summary_large_image","twitter_misc":{"Est. reading time":"1 minute"},"schema":{"@context":"https:\/\/schema.org","@graph":[{"@type":"WebPage","@id":"https:\/\/escuelademagia.net\/magia-con-bolas-de-esponja\/","url":"https:\/\/escuelademagia.net\/magia-con-bolas-de-esponja\/","name":"CURSO I DE BOLAS DE ESPONJAS - Escuela de Magia","isPartOf":{"@id":"https:\/\/escuelademagia.net\/#website"},"primaryImageOfPage":{"@id":"https:\/\/escuelademagia.net\/magia-con-bolas-de-esponja\/#primaryimage"},"image":{"@id":"https:\/\/escuelademagia.net\/magia-con-bolas-de-esponja\/#primaryimage"},"thumbnailUrl":"http:\/\/escuelademagia.net\/wp-content\/uploads\/2023\/06\/POUMEWEB.jpg","datePublished":"2022-05-03T10:45:37+00:00","dateModified":"2023-12-21T20:03:17+00:00","breadcrumb":{"@id":"https:\/\/escuelademagia.net\/magia-con-bolas-de-esponja\/#breadcrumb"},"inLanguage":"ca-ES","potentialAction":[{"@type":"ReadAction","target":["https:\/\/escuelademagia.net\/magia-con-bolas-de-esponja\/"]}]},{"@type":"ImageObject","inLanguage":"ca-ES","@id":"https:\/\/escuelademagia.net\/magia-con-bolas-de-esponja\/#primaryimage","url":"http:\/\/escuelademagia.net\/wp-content\/uploads\/2023\/06\/POUMEWEB.jpg","contentUrl":"http:\/\/escuelademagia.net\/wp-content\/uploads\/2023\/06\/POUMEWEB.jpg"},{"@type":"BreadcrumbList","@id":"https:\/\/escuelademagia.net\/magia-con-bolas-de-esponja\/#breadcrumb","itemListElement":[{"@type":"ListItem","position":1,"name":"Portada","item":"https:\/\/escuelademagia.net\/"},{"@type":"ListItem","position":2,"name":"CURSO I DE BOLAS DE ESPONJAS"}]},{"@type":"WebSite","@id":"https:\/\/escuelademagia.net\/#website","url":"https:\/\/escuelademagia.net\/","name":"{:es}Escuela de Magia{:}{:ca}Escola de M\u00e0gia{:}","description":"Escola de M&Atilde;&nbsp;gia a Barcelona per aficionats i profesionals","publisher":{"@id":"https:\/\/escuelademagia.net\/#organization"},"potentialAction":[{"@type":"SearchAction","target":{"@type":"EntryPoint","urlTemplate":"https:\/\/escuelademagia.net\/?s={search_term_string}"},"query-input":{"@type":"PropertyValueSpecification","valueRequired":true,"valueName":"search_term_string"}}],"inLanguage":"ca-ES"},{"@type":"Organization","@id":"https:\/\/escuelademagia.net\/#organization","name":"{:es}Escuela de Magia{:}{:ca}Escola de M\u00e0gia{:}","url":"https:\/\/escuelademagia.net\/","logo":{"@type":"ImageObject","inLanguage":"ca-ES","@id":"https:\/\/escuelademagia.net\/#\/schema\/logo\/image\/","url":"http:\/\/escuelademagia.net\/wp-content\/uploads\/2024\/10\/logo-3detrebol.jpg","contentUrl":"http:\/\/escuelademagia.net\/wp-content\/uploads\/2024\/10\/logo-3detrebol.jpg","width":669,"height":568,"caption":"{:es}Escuela de Magia{:}{:ca}Escola de M\u00e0gia{:}"},"image":{"@id":"https:\/\/escuelademagia.net\/#\/schema\/logo\/image\/"},"sameAs":["https:\/\/www.facebook.com\/escuela3detrebol","https:\/\/www.instagram.com\/escuelademagianet\/"]}]}},"_links":{"self":[{"href":"https:\/\/escuelademagia.net\/ca\/wp-json\/wp\/v2\/pages\/5027","targetHints":{"allow":["GET"]}}],"collection":[{"href":"https:\/\/escuelademagia.net\/ca\/wp-json\/wp\/v2\/pages"}],"about":[{"href":"https:\/\/escuelademagia.net\/ca\/wp-json\/wp\/v2\/types\/page"}],"author":[{"embeddable":true,"href":"https:\/\/escuelademagia.net\/ca\/wp-json\/wp\/v2\/users\/1"}],"replies":[{"embeddable":true,"href":"https:\/\/escuelademagia.net\/ca\/wp-json\/wp\/v2\/comments?post=5027"}],"version-history":[{"count":11,"href":"https:\/\/escuelademagia.net\/ca\/wp-json\/wp\/v2\/pages\/5027\/revisions"}],"predecessor-version":[{"id":6892,"href":"https:\/\/escuelademagia.net\/ca\/wp-json\/wp\/v2\/pages\/5027\/revisions\/6892"}],"wp:attachment":[{"href":"https:\/\/escuelademagia.net\/ca\/wp-json\/wp\/v2\/media?parent=5027"}],"curies":[{"name":"wp","href":"https:\/\/api.w.org\/{rel}","templated":true}]}}