{"id":5923,"date":"2023-01-21T19:27:19","date_gmt":"2023-01-21T19:27:19","guid":{"rendered":"https:\/\/escuelademagia.net\/?page_id=5923"},"modified":"2023-02-09T18:07:27","modified_gmt":"2023-02-09T18:07:27","slug":"taller-de-magia-con-fuego","status":"publish","type":"page","link":"https:\/\/escuelademagia.net\/ca\/taller-de-magia-con-fuego\/","title":{"rendered":"TALLER DE MAGIA CON FUEGO"},"content":{"rendered":"\n<p class=\"has-vivid-red-color has-text-color has-large-font-size wp-block-paragraph\">JULIO IBARRA ZYRO<\/p>\n\n\n\n<p class=\"wp-block-paragraph\">Tenemos a uno de los mayores especialistas en magia con fuego proveniente de Chile en su gira por Europa, lo tenemos en exclusiva para la escuela, con un Taller para que entienda  todo lo concerniente a fuego y sus aplicaciones m\u00e1gicas.<\/p>\n\n\n<div class=\"wp-block-image\">\n<figure class=\"aligncenter size-full\"><a href=\"http:\/\/escuelademagia.net\/wp-content\/uploads\/2023\/01\/julio-ibarra-fire-without-danger.jpg\"><img loading=\"lazy\" decoding=\"async\" width=\"499\" height=\"498\" src=\"http:\/\/escuelademagia.net\/wp-content\/uploads\/2023\/01\/julio-ibarra-fire-without-danger.jpg\" alt=\"\" class=\"wp-image-5924\" srcset=\"https:\/\/escuelademagia.net\/wp-content\/uploads\/2023\/01\/julio-ibarra-fire-without-danger.jpg 499w, https:\/\/escuelademagia.net\/wp-content\/uploads\/2023\/01\/julio-ibarra-fire-without-danger-300x300.jpg 300w, https:\/\/escuelademagia.net\/wp-content\/uploads\/2023\/01\/julio-ibarra-fire-without-danger-150x150.jpg 150w\" sizes=\"auto, (max-width: 499px) 100vw, 499px\" \/><\/a><\/figure>\n<\/div>\n\n\n<p class=\"has-vivid-red-color has-text-color wp-block-paragraph\"><strong>D\u00cdAS 11 DE FEBRERO 2023<\/strong><\/p>\n\n\n\n<p class=\"has-vivid-red-color has-text-color wp-block-paragraph\"><strong>HORARIO: 15:30\u00a0h a 19:30\u00a0h<\/strong><\/p>\n\n\n\n<p class=\"has-vivid-red-color has-text-color wp-block-paragraph\"><strong>PRECIO: 65 \u20ac<\/strong><\/p>\n\n\n\n<p class=\"wp-block-paragraph\">PARA M\u00c1S INFORMACI\u00d3N O RESERVAS  TEL\u00c9FONOS 696428407 O  932989572 o pueden comprar las entradas m\u00e1s abajo con PAYPAL o tarjeta de cr\u00e9dito<\/p>\n\n\n\n<form action=\"https:\/\/www.paypal.com\/cgi-bin\/webscr\" method=\"post\" target=\"_top\">\n<input type=\"hidden\" name=\"cmd\" value=\"_s-xclick\">\n<input type=\"hidden\" name=\"hosted_button_id\" value=\"QUL5B6KWYJWDQ\">\n<table>\n<tr><td><input type=\"hidden\" name=\"on0\" value=\"NUMERO ENTRADAS\">NUMERO ENTRADAS<\/td><\/tr><tr><td><select name=\"os0\">\n\t<option value=\"1 ENTRADA\">1 ENTRADA \u20ac65,00 EUR<\/option>\n\t<option value=\"2 ENTRADAS\">2 ENTRADAS \u20ac130,00 EUR<\/option>\n<\/select> <\/td><\/tr>\n<tr><td><input type=\"hidden\" name=\"on1\" value=\"NOMBRE Y APELLIDOS\">NOMBRE Y APELLIDOS<\/td><\/tr><tr><td><input type=\"text\" name=\"os1\" maxlength=\"200\"><\/td><\/tr>\n<\/table>\n<input type=\"hidden\" name=\"currency_code\" value=\"EUR\">\n<input type=\"image\" src=\"https:\/\/www.paypalobjects.com\/es_ES\/ES\/i\/btn\/btn_buynowCC_LG.gif\" border=\"0\" name=\"submit\" alt=\"PayPal, la forma r\u00e1pida y segura de pagar en Internet.\">\n<img loading=\"lazy\" decoding=\"async\" alt=\"\" border=\"0\" src=\"https:\/\/www.paypalobjects.com\/es_ES\/i\/scr\/pixel.gif\" width=\"1\" height=\"1\">\n<\/form>\n","protected":false},"excerpt":{"rendered":"<p class=\"continue-reading-button\"> <a class=\"continue-reading-link\" href=\"https:\/\/escuelademagia.net\/ca\/taller-de-magia-con-fuego\/\"><i class=\"crycon-right-dir\"><\/i><\/a><\/p>\n","protected":false},"author":1,"featured_media":0,"parent":0,"menu_order":0,"comment_status":"closed","ping_status":"closed","template":"","meta":{"_crdt_document":"","footnotes":""},"class_list":["post-5923","page","type-page","status-publish","hentry"],"translation":{"provider":"WPGlobus","version":"3.0.2","language":"ca","enabled_languages":["es","ca"],"languages":{"es":{"title":true,"content":true,"excerpt":false},"ca":{"title":false,"content":false,"excerpt":false}}},"yoast_head":"<!-- This site is optimized with the Yoast SEO plugin v27.5 - https:\/\/yoast.com\/product\/yoast-seo-wordpress\/ -->\n<title>TALLER DE MAGIA CON FUEGO - Escuela de Magia<\/title>\n<meta name=\"robots\" content=\"index, follow, max-snippet:-1, max-image-preview:large, max-video-preview:-1\" \/>\n<link rel=\"canonical\" href=\"https:\/\/escuelademagia.net\/taller-de-magia-con-fuego\/\" \/>\n<meta property=\"og:locale\" content=\"ca_ES\" \/>\n<meta property=\"og:type\" content=\"article\" \/>\n<meta property=\"og:title\" content=\"TALLER DE MAGIA CON FUEGO - Escuela de Magia\" \/>\n<meta property=\"og:url\" content=\"https:\/\/escuelademagia.net\/taller-de-magia-con-fuego\/\" \/>\n<meta property=\"og:site_name\" content=\"Escuela de Magia\" \/>\n<meta property=\"article:publisher\" content=\"https:\/\/www.facebook.com\/escuela3detrebol\" \/>\n<meta property=\"article:modified_time\" content=\"2023-02-09T18:07:27+00:00\" \/>\n<meta property=\"og:image\" content=\"http:\/\/escuelademagia.net\/wp-content\/uploads\/2023\/01\/julio-ibarra-fire-without-danger.jpg\" \/>\n<meta name=\"twitter:card\" content=\"summary_large_image\" \/>\n<meta name=\"twitter:label1\" content=\"Est. reading time\" \/>\n\t<meta name=\"twitter:data1\" content=\"1 minute\" \/>\n<script type=\"application\/ld+json\" class=\"yoast-schema-graph\">{\"@context\":\"https:\\\/\\\/schema.org\",\"@graph\":[{\"@type\":\"WebPage\",\"@id\":\"https:\\\/\\\/escuelademagia.net\\\/taller-de-magia-con-fuego\\\/\",\"url\":\"https:\\\/\\\/escuelademagia.net\\\/taller-de-magia-con-fuego\\\/\",\"name\":\"TALLER DE MAGIA CON FUEGO - Escuela de Magia\",\"isPartOf\":{\"@id\":\"https:\\\/\\\/escuelademagia.net\\\/#website\"},\"primaryImageOfPage\":{\"@id\":\"https:\\\/\\\/escuelademagia.net\\\/taller-de-magia-con-fuego\\\/#primaryimage\"},\"image\":{\"@id\":\"https:\\\/\\\/escuelademagia.net\\\/taller-de-magia-con-fuego\\\/#primaryimage\"},\"thumbnailUrl\":\"http:\\\/\\\/escuelademagia.net\\\/wp-content\\\/uploads\\\/2023\\\/01\\\/julio-ibarra-fire-without-danger.jpg\",\"datePublished\":\"2023-01-21T19:27:19+00:00\",\"dateModified\":\"2023-02-09T18:07:27+00:00\",\"breadcrumb\":{\"@id\":\"https:\\\/\\\/escuelademagia.net\\\/taller-de-magia-con-fuego\\\/#breadcrumb\"},\"inLanguage\":\"ca-ES\",\"potentialAction\":[{\"@type\":\"ReadAction\",\"target\":[\"https:\\\/\\\/escuelademagia.net\\\/taller-de-magia-con-fuego\\\/\"]}]},{\"@type\":\"ImageObject\",\"inLanguage\":\"ca-ES\",\"@id\":\"https:\\\/\\\/escuelademagia.net\\\/taller-de-magia-con-fuego\\\/#primaryimage\",\"url\":\"http:\\\/\\\/escuelademagia.net\\\/wp-content\\\/uploads\\\/2023\\\/01\\\/julio-ibarra-fire-without-danger.jpg\",\"contentUrl\":\"http:\\\/\\\/escuelademagia.net\\\/wp-content\\\/uploads\\\/2023\\\/01\\\/julio-ibarra-fire-without-danger.jpg\"},{\"@type\":\"BreadcrumbList\",\"@id\":\"https:\\\/\\\/escuelademagia.net\\\/taller-de-magia-con-fuego\\\/#breadcrumb\",\"itemListElement\":[{\"@type\":\"ListItem\",\"position\":1,\"name\":\"Portada\",\"item\":\"https:\\\/\\\/escuelademagia.net\\\/\"},{\"@type\":\"ListItem\",\"position\":2,\"name\":\"TALLER DE MAGIA CON FUEGO\"}]},{\"@type\":\"WebSite\",\"@id\":\"https:\\\/\\\/escuelademagia.net\\\/#website\",\"url\":\"https:\\\/\\\/escuelademagia.net\\\/\",\"name\":\"{:es}Escuela de Magia{:}{:ca}Escola de M\u00e0gia{:}\",\"description\":\"Escola de M&Atilde;&nbsp;gia a Barcelona per aficionats i profesionals\",\"publisher\":{\"@id\":\"https:\\\/\\\/escuelademagia.net\\\/#organization\"},\"potentialAction\":[{\"@type\":\"SearchAction\",\"target\":{\"@type\":\"EntryPoint\",\"urlTemplate\":\"https:\\\/\\\/escuelademagia.net\\\/?s={search_term_string}\"},\"query-input\":{\"@type\":\"PropertyValueSpecification\",\"valueRequired\":true,\"valueName\":\"search_term_string\"}}],\"inLanguage\":\"ca-ES\"},{\"@type\":\"Organization\",\"@id\":\"https:\\\/\\\/escuelademagia.net\\\/#organization\",\"name\":\"{:es}Escuela de Magia{:}{:ca}Escola de M\u00e0gia{:}\",\"url\":\"https:\\\/\\\/escuelademagia.net\\\/\",\"logo\":{\"@type\":\"ImageObject\",\"inLanguage\":\"ca-ES\",\"@id\":\"https:\\\/\\\/escuelademagia.net\\\/#\\\/schema\\\/logo\\\/image\\\/\",\"url\":\"http:\\\/\\\/escuelademagia.net\\\/wp-content\\\/uploads\\\/2024\\\/10\\\/logo-3detrebol.jpg\",\"contentUrl\":\"http:\\\/\\\/escuelademagia.net\\\/wp-content\\\/uploads\\\/2024\\\/10\\\/logo-3detrebol.jpg\",\"width\":669,\"height\":568,\"caption\":\"{:es}Escuela de Magia{:}{:ca}Escola de M\u00e0gia{:}\"},\"image\":{\"@id\":\"https:\\\/\\\/escuelademagia.net\\\/#\\\/schema\\\/logo\\\/image\\\/\"},\"sameAs\":[\"https:\\\/\\\/www.facebook.com\\\/escuela3detrebol\",\"https:\\\/\\\/www.instagram.com\\\/escuelademagianet\\\/\"]}]}<\/script>\n<!-- \/ Yoast SEO plugin. -->","yoast_head_json":{"title":"TALLER DE MAGIA CON FUEGO - Escuela de Magia","robots":{"index":"index","follow":"follow","max-snippet":"max-snippet:-1","max-image-preview":"max-image-preview:large","max-video-preview":"max-video-preview:-1"},"canonical":"https:\/\/escuelademagia.net\/taller-de-magia-con-fuego\/","og_locale":"ca_ES","og_type":"article","og_title":"TALLER DE MAGIA CON FUEGO - Escuela de Magia","og_url":"https:\/\/escuelademagia.net\/taller-de-magia-con-fuego\/","og_site_name":"Escuela de Magia","article_publisher":"https:\/\/www.facebook.com\/escuela3detrebol","article_modified_time":"2023-02-09T18:07:27+00:00","og_image":[{"url":"http:\/\/escuelademagia.net\/wp-content\/uploads\/2023\/01\/julio-ibarra-fire-without-danger.jpg","type":"","width":"","height":""}],"twitter_card":"summary_large_image","twitter_misc":{"Est. reading time":"1 minute"},"schema":{"@context":"https:\/\/schema.org","@graph":[{"@type":"WebPage","@id":"https:\/\/escuelademagia.net\/taller-de-magia-con-fuego\/","url":"https:\/\/escuelademagia.net\/taller-de-magia-con-fuego\/","name":"TALLER DE MAGIA CON FUEGO - Escuela de Magia","isPartOf":{"@id":"https:\/\/escuelademagia.net\/#website"},"primaryImageOfPage":{"@id":"https:\/\/escuelademagia.net\/taller-de-magia-con-fuego\/#primaryimage"},"image":{"@id":"https:\/\/escuelademagia.net\/taller-de-magia-con-fuego\/#primaryimage"},"thumbnailUrl":"http:\/\/escuelademagia.net\/wp-content\/uploads\/2023\/01\/julio-ibarra-fire-without-danger.jpg","datePublished":"2023-01-21T19:27:19+00:00","dateModified":"2023-02-09T18:07:27+00:00","breadcrumb":{"@id":"https:\/\/escuelademagia.net\/taller-de-magia-con-fuego\/#breadcrumb"},"inLanguage":"ca-ES","potentialAction":[{"@type":"ReadAction","target":["https:\/\/escuelademagia.net\/taller-de-magia-con-fuego\/"]}]},{"@type":"ImageObject","inLanguage":"ca-ES","@id":"https:\/\/escuelademagia.net\/taller-de-magia-con-fuego\/#primaryimage","url":"http:\/\/escuelademagia.net\/wp-content\/uploads\/2023\/01\/julio-ibarra-fire-without-danger.jpg","contentUrl":"http:\/\/escuelademagia.net\/wp-content\/uploads\/2023\/01\/julio-ibarra-fire-without-danger.jpg"},{"@type":"BreadcrumbList","@id":"https:\/\/escuelademagia.net\/taller-de-magia-con-fuego\/#breadcrumb","itemListElement":[{"@type":"ListItem","position":1,"name":"Portada","item":"https:\/\/escuelademagia.net\/"},{"@type":"ListItem","position":2,"name":"TALLER DE MAGIA CON FUEGO"}]},{"@type":"WebSite","@id":"https:\/\/escuelademagia.net\/#website","url":"https:\/\/escuelademagia.net\/","name":"{:es}Escuela de Magia{:}{:ca}Escola de M\u00e0gia{:}","description":"Escola de M&Atilde;&nbsp;gia a Barcelona per aficionats i profesionals","publisher":{"@id":"https:\/\/escuelademagia.net\/#organization"},"potentialAction":[{"@type":"SearchAction","target":{"@type":"EntryPoint","urlTemplate":"https:\/\/escuelademagia.net\/?s={search_term_string}"},"query-input":{"@type":"PropertyValueSpecification","valueRequired":true,"valueName":"search_term_string"}}],"inLanguage":"ca-ES"},{"@type":"Organization","@id":"https:\/\/escuelademagia.net\/#organization","name":"{:es}Escuela de Magia{:}{:ca}Escola de M\u00e0gia{:}","url":"https:\/\/escuelademagia.net\/","logo":{"@type":"ImageObject","inLanguage":"ca-ES","@id":"https:\/\/escuelademagia.net\/#\/schema\/logo\/image\/","url":"http:\/\/escuelademagia.net\/wp-content\/uploads\/2024\/10\/logo-3detrebol.jpg","contentUrl":"http:\/\/escuelademagia.net\/wp-content\/uploads\/2024\/10\/logo-3detrebol.jpg","width":669,"height":568,"caption":"{:es}Escuela de Magia{:}{:ca}Escola de M\u00e0gia{:}"},"image":{"@id":"https:\/\/escuelademagia.net\/#\/schema\/logo\/image\/"},"sameAs":["https:\/\/www.facebook.com\/escuela3detrebol","https:\/\/www.instagram.com\/escuelademagianet\/"]}]}},"_links":{"self":[{"href":"https:\/\/escuelademagia.net\/ca\/wp-json\/wp\/v2\/pages\/5923","targetHints":{"allow":["GET"]}}],"collection":[{"href":"https:\/\/escuelademagia.net\/ca\/wp-json\/wp\/v2\/pages"}],"about":[{"href":"https:\/\/escuelademagia.net\/ca\/wp-json\/wp\/v2\/types\/page"}],"author":[{"embeddable":true,"href":"https:\/\/escuelademagia.net\/ca\/wp-json\/wp\/v2\/users\/1"}],"replies":[{"embeddable":true,"href":"https:\/\/escuelademagia.net\/ca\/wp-json\/wp\/v2\/comments?post=5923"}],"version-history":[{"count":6,"href":"https:\/\/escuelademagia.net\/ca\/wp-json\/wp\/v2\/pages\/5923\/revisions"}],"predecessor-version":[{"id":7772,"href":"https:\/\/escuelademagia.net\/ca\/wp-json\/wp\/v2\/pages\/5923\/revisions\/7772"}],"wp:attachment":[{"href":"https:\/\/escuelademagia.net\/ca\/wp-json\/wp\/v2\/media?parent=5923"}],"curies":[{"name":"wp","href":"https:\/\/api.w.org\/{rel}","templated":true}]}}