{"id":6115,"date":"2023-03-04T10:46:48","date_gmt":"2023-03-04T10:46:48","guid":{"rendered":"https:\/\/escuelademagia.net\/?page_id=6115"},"modified":"2025-12-29T13:11:17","modified_gmt":"2025-12-29T13:11:17","slug":"espectaculo-del-magic-andreu","status":"publish","type":"page","link":"https:\/\/escuelademagia.net\/ca\/espectaculo-del-magic-andreu\/","title":{"rendered":"Espectacular\u00edum del  MAGIC ANDREU"},"content":{"rendered":"<figure class=\"wp-block-image aligncenter size-large is-resized\"><a href=\"http:\/\/escuelademagia.net\/wp-content\/uploads\/2023\/03\/Captura-de-pantalla-2022-03-31-a-las-10.13.39.png\"><img loading=\"lazy\" decoding=\"async\" class=\"wp-image-6116 aligncenter\" src=\"http:\/\/escuelademagia.net\/wp-content\/uploads\/2023\/03\/Captura-de-pantalla-2022-03-31-a-las-10.13.39-874x1024.png\" alt=\"\" width=\"393\" height=\"460\" srcset=\"https:\/\/escuelademagia.net\/wp-content\/uploads\/2023\/03\/Captura-de-pantalla-2022-03-31-a-las-10.13.39-874x1024.png 874w, https:\/\/escuelademagia.net\/wp-content\/uploads\/2023\/03\/Captura-de-pantalla-2022-03-31-a-las-10.13.39-256x300.png 256w, https:\/\/escuelademagia.net\/wp-content\/uploads\/2023\/03\/Captura-de-pantalla-2022-03-31-a-las-10.13.39-768x900.png 768w, https:\/\/escuelademagia.net\/wp-content\/uploads\/2023\/03\/Captura-de-pantalla-2022-03-31-a-las-10.13.39-128x150.png 128w, https:\/\/escuelademagia.net\/wp-content\/uploads\/2023\/03\/Captura-de-pantalla-2022-03-31-a-las-10.13.39.png 981w\" sizes=\"auto, (max-width: 393px) 100vw, 393px\" \/><\/a><\/figure>\r\n<p><!-- \/wp:post-content --><\/p>\r\n<p><!-- wp:paragraph {\"align\":\"center\"} --><\/p>\r\n<p class=\"has-text-align-center\">Divertido, m\u00e1gico, sorprendente y lleno de gui\u00f1os a la actualidad y todo con un ritmo trepidante y desvergonzado<\/p>\r\n<p><!-- \/wp:paragraph --><\/p>\r\n<p><!-- wp:paragraph {\"align\":\"center\"} --><\/p>\r\n<p class=\"has-text-align-center\">!\u00danico MAGIC ANDREU\u00a1<\/p>\r\n<p><!-- \/wp:paragraph --><\/p>\r\n<p><!-- wp:paragraph {\"textColor\":\"vivid-red\"} --><\/p>\r\n<p class=\"has-vivid-red-color has-text-color\"><strong>D\u00cdA<\/strong><\/p>\r\n<p><!-- \/wp:paragraph --><\/p>\r\n<p><!-- wp:paragraph {\"textColor\":\"vivid-red\"} --><\/p>\r\n<p class=\"has-vivid-red-color has-text-color\"><strong>HORARIO: 20:30 h.<\/strong><\/p>\r\n<p><!-- \/wp:paragraph --><\/p>\r\n<p><!-- wp:paragraph {\"textColor\":\"vivid-red\"} --><\/p>\r\n<p class=\"has-vivid-red-color has-text-color\"><strong>PRECIO:\u00a0<\/strong><\/p>\r\n<p><!-- \/wp:paragraph --><\/p>\r\n<p><!-- wp:paragraph --><\/p>\r\n<p>PARA M\u00c1S INFORMACI\u00d3N O RESERVAS TEL\u00c9FONOS <strong><span style=\"color: #ff0000;\">696428407 <\/span><\/strong><span style=\"color: #ffffff;\">\/<\/span><strong><span style=\"color: #ff0000;\"> 932989572<\/span><\/strong> o tambi\u00e9n pueden comprar las entradas m\u00e1s abajo\u00a0<\/p>\r\n<p><a href=\"https:\/\/www.atrapalo.com\/entradas\/espectacularium-del-magic-andreu_e4937631\/\"><img loading=\"lazy\" decoding=\"async\" class=\"wp-image-7768 aligncenter\" src=\"https:\/\/escuelademagia.net\/wp-content\/uploads\/2025\/02\/boton-compra-ahora-300x87.png\" alt=\"\" width=\"221\" height=\"64\" srcset=\"https:\/\/escuelademagia.net\/wp-content\/uploads\/2025\/02\/boton-compra-ahora-300x87.png 300w, https:\/\/escuelademagia.net\/wp-content\/uploads\/2025\/02\/boton-compra-ahora-1024x297.png 1024w, https:\/\/escuelademagia.net\/wp-content\/uploads\/2025\/02\/boton-compra-ahora-768x223.png 768w, https:\/\/escuelademagia.net\/wp-content\/uploads\/2025\/02\/boton-compra-ahora-150x43.png 150w, https:\/\/escuelademagia.net\/wp-content\/uploads\/2025\/02\/boton-compra-ahora.png 1208w\" sizes=\"auto, (max-width: 221px) 100vw, 221px\" \/><\/a><\/p>","protected":false},"excerpt":{"rendered":"<p class=\"continue-reading-button\"> <a class=\"continue-reading-link\" href=\"https:\/\/escuelademagia.net\/ca\/espectaculo-del-magic-andreu\/\"><i class=\"crycon-right-dir\"><\/i><\/a><\/p>\n","protected":false},"author":1,"featured_media":0,"parent":0,"menu_order":0,"comment_status":"closed","ping_status":"closed","template":"","meta":{"_crdt_document":"","footnotes":""},"class_list":["post-6115","page","type-page","status-publish","hentry"],"translation":{"provider":"WPGlobus","version":"3.0.2","language":"ca","enabled_languages":["es","ca"],"languages":{"es":{"title":true,"content":true,"excerpt":false},"ca":{"title":false,"content":false,"excerpt":false}}},"yoast_head":"<!-- This site is optimized with the Yoast SEO plugin v27.5 - https:\/\/yoast.com\/product\/yoast-seo-wordpress\/ -->\n<title>Espectacular\u00edum del MAGIC ANDREU - Escuela de Magia<\/title>\n<meta name=\"robots\" content=\"index, follow, max-snippet:-1, max-image-preview:large, max-video-preview:-1\" \/>\n<link rel=\"canonical\" href=\"https:\/\/escuelademagia.net\/espectaculo-del-magic-andreu\/\" \/>\n<meta property=\"og:locale\" content=\"ca_ES\" \/>\n<meta property=\"og:type\" content=\"article\" \/>\n<meta property=\"og:title\" content=\"Espectacular\u00edum del MAGIC ANDREU - Escuela de Magia\" \/>\n<meta property=\"og:url\" content=\"https:\/\/escuelademagia.net\/espectaculo-del-magic-andreu\/\" \/>\n<meta property=\"og:site_name\" content=\"Escuela de Magia\" \/>\n<meta property=\"article:publisher\" content=\"https:\/\/www.facebook.com\/escuela3detrebol\" \/>\n<meta property=\"article:modified_time\" content=\"2025-12-29T13:11:17+00:00\" \/>\n<meta property=\"og:image\" content=\"http:\/\/escuelademagia.net\/wp-content\/uploads\/2023\/03\/Captura-de-pantalla-2022-03-31-a-las-10.13.39-874x1024.png\" \/>\n<meta name=\"twitter:card\" content=\"summary_large_image\" \/>\n<meta name=\"twitter:label1\" content=\"Est. reading time\" \/>\n\t<meta name=\"twitter:data1\" content=\"1 minute\" \/>\n<script type=\"application\/ld+json\" class=\"yoast-schema-graph\">{\"@context\":\"https:\\\/\\\/schema.org\",\"@graph\":[{\"@type\":\"WebPage\",\"@id\":\"https:\\\/\\\/escuelademagia.net\\\/espectaculo-del-magic-andreu\\\/\",\"url\":\"https:\\\/\\\/escuelademagia.net\\\/espectaculo-del-magic-andreu\\\/\",\"name\":\"Espectacular\u00edum del MAGIC ANDREU - Escuela de Magia\",\"isPartOf\":{\"@id\":\"https:\\\/\\\/escuelademagia.net\\\/#website\"},\"primaryImageOfPage\":{\"@id\":\"https:\\\/\\\/escuelademagia.net\\\/espectaculo-del-magic-andreu\\\/#primaryimage\"},\"image\":{\"@id\":\"https:\\\/\\\/escuelademagia.net\\\/espectaculo-del-magic-andreu\\\/#primaryimage\"},\"thumbnailUrl\":\"http:\\\/\\\/escuelademagia.net\\\/wp-content\\\/uploads\\\/2023\\\/03\\\/Captura-de-pantalla-2022-03-31-a-las-10.13.39-874x1024.png\",\"datePublished\":\"2023-03-04T10:46:48+00:00\",\"dateModified\":\"2025-12-29T13:11:17+00:00\",\"breadcrumb\":{\"@id\":\"https:\\\/\\\/escuelademagia.net\\\/espectaculo-del-magic-andreu\\\/#breadcrumb\"},\"inLanguage\":\"ca-ES\",\"potentialAction\":[{\"@type\":\"ReadAction\",\"target\":[\"https:\\\/\\\/escuelademagia.net\\\/espectaculo-del-magic-andreu\\\/\"]}]},{\"@type\":\"ImageObject\",\"inLanguage\":\"ca-ES\",\"@id\":\"https:\\\/\\\/escuelademagia.net\\\/espectaculo-del-magic-andreu\\\/#primaryimage\",\"url\":\"http:\\\/\\\/escuelademagia.net\\\/wp-content\\\/uploads\\\/2023\\\/03\\\/Captura-de-pantalla-2022-03-31-a-las-10.13.39-874x1024.png\",\"contentUrl\":\"http:\\\/\\\/escuelademagia.net\\\/wp-content\\\/uploads\\\/2023\\\/03\\\/Captura-de-pantalla-2022-03-31-a-las-10.13.39-874x1024.png\"},{\"@type\":\"BreadcrumbList\",\"@id\":\"https:\\\/\\\/escuelademagia.net\\\/espectaculo-del-magic-andreu\\\/#breadcrumb\",\"itemListElement\":[{\"@type\":\"ListItem\",\"position\":1,\"name\":\"Portada\",\"item\":\"https:\\\/\\\/escuelademagia.net\\\/\"},{\"@type\":\"ListItem\",\"position\":2,\"name\":\"ESPECT\u00c1CULO del MAGIC ANDREU\"}]},{\"@type\":\"WebSite\",\"@id\":\"https:\\\/\\\/escuelademagia.net\\\/#website\",\"url\":\"https:\\\/\\\/escuelademagia.net\\\/\",\"name\":\"{:es}Escuela de Magia{:}{:ca}Escola de M\u00e0gia{:}\",\"description\":\"Escola de M&Atilde;&nbsp;gia a Barcelona per aficionats i profesionals\",\"publisher\":{\"@id\":\"https:\\\/\\\/escuelademagia.net\\\/#organization\"},\"potentialAction\":[{\"@type\":\"SearchAction\",\"target\":{\"@type\":\"EntryPoint\",\"urlTemplate\":\"https:\\\/\\\/escuelademagia.net\\\/?s={search_term_string}\"},\"query-input\":{\"@type\":\"PropertyValueSpecification\",\"valueRequired\":true,\"valueName\":\"search_term_string\"}}],\"inLanguage\":\"ca-ES\"},{\"@type\":\"Organization\",\"@id\":\"https:\\\/\\\/escuelademagia.net\\\/#organization\",\"name\":\"{:es}Escuela de Magia{:}{:ca}Escola de M\u00e0gia{:}\",\"url\":\"https:\\\/\\\/escuelademagia.net\\\/\",\"logo\":{\"@type\":\"ImageObject\",\"inLanguage\":\"ca-ES\",\"@id\":\"https:\\\/\\\/escuelademagia.net\\\/#\\\/schema\\\/logo\\\/image\\\/\",\"url\":\"http:\\\/\\\/escuelademagia.net\\\/wp-content\\\/uploads\\\/2024\\\/10\\\/logo-3detrebol.jpg\",\"contentUrl\":\"http:\\\/\\\/escuelademagia.net\\\/wp-content\\\/uploads\\\/2024\\\/10\\\/logo-3detrebol.jpg\",\"width\":669,\"height\":568,\"caption\":\"{:es}Escuela de Magia{:}{:ca}Escola de M\u00e0gia{:}\"},\"image\":{\"@id\":\"https:\\\/\\\/escuelademagia.net\\\/#\\\/schema\\\/logo\\\/image\\\/\"},\"sameAs\":[\"https:\\\/\\\/www.facebook.com\\\/escuela3detrebol\",\"https:\\\/\\\/www.instagram.com\\\/escuelademagianet\\\/\"]}]}<\/script>\n<!-- \/ Yoast SEO plugin. -->","yoast_head_json":{"title":"Espectacular\u00edum del MAGIC ANDREU - Escuela de Magia","robots":{"index":"index","follow":"follow","max-snippet":"max-snippet:-1","max-image-preview":"max-image-preview:large","max-video-preview":"max-video-preview:-1"},"canonical":"https:\/\/escuelademagia.net\/espectaculo-del-magic-andreu\/","og_locale":"ca_ES","og_type":"article","og_title":"Espectacular\u00edum del MAGIC ANDREU - Escuela de Magia","og_url":"https:\/\/escuelademagia.net\/espectaculo-del-magic-andreu\/","og_site_name":"Escuela de Magia","article_publisher":"https:\/\/www.facebook.com\/escuela3detrebol","article_modified_time":"2025-12-29T13:11:17+00:00","og_image":[{"url":"http:\/\/escuelademagia.net\/wp-content\/uploads\/2023\/03\/Captura-de-pantalla-2022-03-31-a-las-10.13.39-874x1024.png","type":"","width":"","height":""}],"twitter_card":"summary_large_image","twitter_misc":{"Est. reading time":"1 minute"},"schema":{"@context":"https:\/\/schema.org","@graph":[{"@type":"WebPage","@id":"https:\/\/escuelademagia.net\/espectaculo-del-magic-andreu\/","url":"https:\/\/escuelademagia.net\/espectaculo-del-magic-andreu\/","name":"Espectacular\u00edum del MAGIC ANDREU - Escuela de Magia","isPartOf":{"@id":"https:\/\/escuelademagia.net\/#website"},"primaryImageOfPage":{"@id":"https:\/\/escuelademagia.net\/espectaculo-del-magic-andreu\/#primaryimage"},"image":{"@id":"https:\/\/escuelademagia.net\/espectaculo-del-magic-andreu\/#primaryimage"},"thumbnailUrl":"http:\/\/escuelademagia.net\/wp-content\/uploads\/2023\/03\/Captura-de-pantalla-2022-03-31-a-las-10.13.39-874x1024.png","datePublished":"2023-03-04T10:46:48+00:00","dateModified":"2025-12-29T13:11:17+00:00","breadcrumb":{"@id":"https:\/\/escuelademagia.net\/espectaculo-del-magic-andreu\/#breadcrumb"},"inLanguage":"ca-ES","potentialAction":[{"@type":"ReadAction","target":["https:\/\/escuelademagia.net\/espectaculo-del-magic-andreu\/"]}]},{"@type":"ImageObject","inLanguage":"ca-ES","@id":"https:\/\/escuelademagia.net\/espectaculo-del-magic-andreu\/#primaryimage","url":"http:\/\/escuelademagia.net\/wp-content\/uploads\/2023\/03\/Captura-de-pantalla-2022-03-31-a-las-10.13.39-874x1024.png","contentUrl":"http:\/\/escuelademagia.net\/wp-content\/uploads\/2023\/03\/Captura-de-pantalla-2022-03-31-a-las-10.13.39-874x1024.png"},{"@type":"BreadcrumbList","@id":"https:\/\/escuelademagia.net\/espectaculo-del-magic-andreu\/#breadcrumb","itemListElement":[{"@type":"ListItem","position":1,"name":"Portada","item":"https:\/\/escuelademagia.net\/"},{"@type":"ListItem","position":2,"name":"ESPECT\u00c1CULO del MAGIC ANDREU"}]},{"@type":"WebSite","@id":"https:\/\/escuelademagia.net\/#website","url":"https:\/\/escuelademagia.net\/","name":"{:es}Escuela de Magia{:}{:ca}Escola de M\u00e0gia{:}","description":"Escola de M&Atilde;&nbsp;gia a Barcelona per aficionats i profesionals","publisher":{"@id":"https:\/\/escuelademagia.net\/#organization"},"potentialAction":[{"@type":"SearchAction","target":{"@type":"EntryPoint","urlTemplate":"https:\/\/escuelademagia.net\/?s={search_term_string}"},"query-input":{"@type":"PropertyValueSpecification","valueRequired":true,"valueName":"search_term_string"}}],"inLanguage":"ca-ES"},{"@type":"Organization","@id":"https:\/\/escuelademagia.net\/#organization","name":"{:es}Escuela de Magia{:}{:ca}Escola de M\u00e0gia{:}","url":"https:\/\/escuelademagia.net\/","logo":{"@type":"ImageObject","inLanguage":"ca-ES","@id":"https:\/\/escuelademagia.net\/#\/schema\/logo\/image\/","url":"http:\/\/escuelademagia.net\/wp-content\/uploads\/2024\/10\/logo-3detrebol.jpg","contentUrl":"http:\/\/escuelademagia.net\/wp-content\/uploads\/2024\/10\/logo-3detrebol.jpg","width":669,"height":568,"caption":"{:es}Escuela de Magia{:}{:ca}Escola de M\u00e0gia{:}"},"image":{"@id":"https:\/\/escuelademagia.net\/#\/schema\/logo\/image\/"},"sameAs":["https:\/\/www.facebook.com\/escuela3detrebol","https:\/\/www.instagram.com\/escuelademagianet\/"]}]}},"_links":{"self":[{"href":"https:\/\/escuelademagia.net\/ca\/wp-json\/wp\/v2\/pages\/6115","targetHints":{"allow":["GET"]}}],"collection":[{"href":"https:\/\/escuelademagia.net\/ca\/wp-json\/wp\/v2\/pages"}],"about":[{"href":"https:\/\/escuelademagia.net\/ca\/wp-json\/wp\/v2\/types\/page"}],"author":[{"embeddable":true,"href":"https:\/\/escuelademagia.net\/ca\/wp-json\/wp\/v2\/users\/1"}],"replies":[{"embeddable":true,"href":"https:\/\/escuelademagia.net\/ca\/wp-json\/wp\/v2\/comments?post=6115"}],"version-history":[{"count":8,"href":"https:\/\/escuelademagia.net\/ca\/wp-json\/wp\/v2\/pages\/6115\/revisions"}],"predecessor-version":[{"id":8206,"href":"https:\/\/escuelademagia.net\/ca\/wp-json\/wp\/v2\/pages\/6115\/revisions\/8206"}],"wp:attachment":[{"href":"https:\/\/escuelademagia.net\/ca\/wp-json\/wp\/v2\/media?parent=6115"}],"curies":[{"name":"wp","href":"https:\/\/api.w.org\/{rel}","templated":true}]}}