{"id":6423,"date":"2023-06-21T10:09:18","date_gmt":"2023-06-21T10:09:18","guid":{"rendered":"https:\/\/escuelademagia.net\/?page_id=6423"},"modified":"2025-12-13T10:50:34","modified_gmt":"2025-12-13T10:50:34","slug":"curso-de-iniciacion-a-la-magia","status":"publish","type":"page","link":"https:\/\/escuelademagia.net\/ca\/curso-de-iniciacion-a-la-magia\/","title":{"rendered":"CURSO DE INICIACI\u00d3N A LA MAGIA"},"content":{"rendered":"\n<p class=\"has-vivid-red-color has-text-color wp-block-paragraph\"><strong>16 HORAS DE INTENSA MAGIA<\/strong><\/p>\n\n\n<div class=\"wp-block-image is-resized\">\n<figure class=\"aligncenter size-full\"><a href=\"http:\/\/escuelademagia.net\/wp-content\/uploads\/2023\/06\/padres3-768x576-1.jpg\"><img loading=\"lazy\" decoding=\"async\" width=\"768\" height=\"576\" src=\"http:\/\/escuelademagia.net\/wp-content\/uploads\/2023\/06\/padres3-768x576-1.jpg\" alt=\"\" class=\"wp-image-6426\" style=\"width:522px;height:auto\" srcset=\"https:\/\/escuelademagia.net\/wp-content\/uploads\/2023\/06\/padres3-768x576-1.jpg 768w, https:\/\/escuelademagia.net\/wp-content\/uploads\/2023\/06\/padres3-768x576-1-300x225.jpg 300w, https:\/\/escuelademagia.net\/wp-content\/uploads\/2023\/06\/padres3-768x576-1-150x113.jpg 150w\" sizes=\"auto, (max-width: 768px) 100vw, 768px\" \/><\/a><\/figure>\n<\/div>\n\n\n<p class=\"wp-block-paragraph\">Curso para Adultos que quieran introducirse a la Magia de una forma ordenada y sin lagunas, uno de los cursos de iniciaci\u00f3n m\u00e1s completos de la actualidad.<\/p>\n\n\n\n<p class=\"wp-block-paragraph\">Sin lugar a dudas es la mejor manera de entrar dentro del mundo m\u00e1gico y para todos aquellos iniciados que quieran seguir con una buena base.<\/p>\n\n\n\n<p class=\"wp-block-paragraph\">El curso lleva incluido todo el material necesario para su seguimiento:<\/p>\n\n\n\n<p class=\"wp-block-paragraph\">Aprender\u00e1s un mont\u00f3n de  juegos de ilusionismo y t\u00e9cnicas diferentes con diversos objetos<\/p>\n\n\n\n<p class=\"wp-block-paragraph\"><\/p>\n\n\n\n<ul class=\"wp-block-list\">\n<li><strong>FACILIDAD DE RECUPERACI\u00d3N<\/strong><\/li>\n\n\n\n<li><strong>FLEXIBILIDAD CON LAS CLASES<\/strong><\/li>\n\n\n\n<li><strong>APRENDIZAJE SEMI-PERSONALIZADO<\/strong><\/li>\n\n\n\n<li><strong>TODO EL MATERIAL INCLUIDO<\/strong><\/li>\n<\/ul>\n\n\n\n<p class=\"wp-block-paragraph\">y conocer\u00e1s una teor\u00eda de la Magia imprescindible para hacer buena Magia<\/p>\n\n\n\n<p class=\"wp-block-paragraph\">M\u00e1ximo de 10 alumnos por clase<\/p>\n\n\n\n<p class=\"has-vivid-red-color has-text-color wp-block-paragraph\"><strong>Curso de 16 horas (totales).<\/strong><\/p>\n\n\n\n<p class=\"has-vivid-red-color has-text-color wp-block-paragraph\"><strong>MARTES de 19:30&nbsp;h a 21:30&nbsp;h. (Preguntar)<\/strong>.<\/p>\n\n\n\n<p class=\"has-vivid-red-color has-text-color wp-block-paragraph\"><strong>Precio: 250 \u20ac<\/strong> <strong> (o dos pagos de 135 \u20ac)<\/strong><\/p>\n\n\n\n<p class=\"has-vivid-red-color has-text-color has-link-color wp-elements-7454404c6c3918e656d1fd99d5e3fa3d wp-block-paragraph\"><strong>Fecha de <\/strong>c<strong>omienzo: PREGUNTAR <\/strong><\/p>\n\n\n\n<p class=\"wp-block-paragraph\"><br>Para m\u00e1s informaci\u00f3n, llamar al tel\u00e9fono<strong>932989572 de 16,30\u202fh a 20,30\u202fh., <\/strong>o al <strong>696428407 <\/strong>a cualquier hora, <\/p>\n","protected":false},"excerpt":{"rendered":"<p class=\"continue-reading-button\"> <a class=\"continue-reading-link\" href=\"https:\/\/escuelademagia.net\/ca\/curso-de-iniciacion-a-la-magia\/\"><i class=\"crycon-right-dir\"><\/i><\/a><\/p>\n","protected":false},"author":1,"featured_media":0,"parent":0,"menu_order":0,"comment_status":"closed","ping_status":"closed","template":"","meta":{"_crdt_document":"","footnotes":""},"class_list":["post-6423","page","type-page","status-publish","hentry"],"translation":{"provider":"WPGlobus","version":"3.0.2","language":"ca","enabled_languages":["es","ca"],"languages":{"es":{"title":true,"content":true,"excerpt":false},"ca":{"title":false,"content":false,"excerpt":false}}},"yoast_head":"<!-- This site is optimized with the Yoast SEO plugin v27.4 - https:\/\/yoast.com\/product\/yoast-seo-wordpress\/ -->\n<title>CURSO DE INICIACI\u00d3N A LA MAGIA - Escuela de Magia<\/title>\n<meta name=\"robots\" content=\"index, follow, max-snippet:-1, max-image-preview:large, max-video-preview:-1\" \/>\n<link rel=\"canonical\" href=\"https:\/\/escuelademagia.net\/curso-de-iniciacion-a-la-magia\/\" \/>\n<meta property=\"og:locale\" content=\"ca_ES\" \/>\n<meta property=\"og:type\" content=\"article\" \/>\n<meta property=\"og:title\" content=\"CURSO DE INICIACI\u00d3N A LA MAGIA - Escuela de Magia\" \/>\n<meta property=\"og:url\" content=\"https:\/\/escuelademagia.net\/curso-de-iniciacion-a-la-magia\/\" \/>\n<meta property=\"og:site_name\" content=\"Escuela de Magia\" \/>\n<meta property=\"article:publisher\" content=\"https:\/\/www.facebook.com\/escuela3detrebol\" \/>\n<meta property=\"article:modified_time\" content=\"2025-12-13T10:50:34+00:00\" \/>\n<meta property=\"og:image\" content=\"http:\/\/escuelademagia.net\/wp-content\/uploads\/2023\/06\/padres3-768x576-1.jpg\" \/>\n<meta name=\"twitter:card\" content=\"summary_large_image\" \/>\n<meta name=\"twitter:label1\" content=\"Est. reading time\" \/>\n\t<meta name=\"twitter:data1\" content=\"3 minutes\" \/>\n<script type=\"application\/ld+json\" class=\"yoast-schema-graph\">{\"@context\":\"https:\\\/\\\/schema.org\",\"@graph\":[{\"@type\":\"WebPage\",\"@id\":\"https:\\\/\\\/escuelademagia.net\\\/curso-de-iniciacion-a-la-magia\\\/\",\"url\":\"https:\\\/\\\/escuelademagia.net\\\/curso-de-iniciacion-a-la-magia\\\/\",\"name\":\"CURSO DE INICIACI\u00d3N A LA MAGIA - Escuela de Magia\",\"isPartOf\":{\"@id\":\"https:\\\/\\\/escuelademagia.net\\\/#website\"},\"primaryImageOfPage\":{\"@id\":\"https:\\\/\\\/escuelademagia.net\\\/curso-de-iniciacion-a-la-magia\\\/#primaryimage\"},\"image\":{\"@id\":\"https:\\\/\\\/escuelademagia.net\\\/curso-de-iniciacion-a-la-magia\\\/#primaryimage\"},\"thumbnailUrl\":\"http:\\\/\\\/escuelademagia.net\\\/wp-content\\\/uploads\\\/2023\\\/06\\\/padres3-768x576-1.jpg\",\"datePublished\":\"2023-06-21T10:09:18+00:00\",\"dateModified\":\"2025-12-13T10:50:34+00:00\",\"breadcrumb\":{\"@id\":\"https:\\\/\\\/escuelademagia.net\\\/curso-de-iniciacion-a-la-magia\\\/#breadcrumb\"},\"inLanguage\":\"ca-ES\",\"potentialAction\":[{\"@type\":\"ReadAction\",\"target\":[\"https:\\\/\\\/escuelademagia.net\\\/curso-de-iniciacion-a-la-magia\\\/\"]}]},{\"@type\":\"ImageObject\",\"inLanguage\":\"ca-ES\",\"@id\":\"https:\\\/\\\/escuelademagia.net\\\/curso-de-iniciacion-a-la-magia\\\/#primaryimage\",\"url\":\"http:\\\/\\\/escuelademagia.net\\\/wp-content\\\/uploads\\\/2023\\\/06\\\/padres3-768x576-1.jpg\",\"contentUrl\":\"http:\\\/\\\/escuelademagia.net\\\/wp-content\\\/uploads\\\/2023\\\/06\\\/padres3-768x576-1.jpg\"},{\"@type\":\"BreadcrumbList\",\"@id\":\"https:\\\/\\\/escuelademagia.net\\\/curso-de-iniciacion-a-la-magia\\\/#breadcrumb\",\"itemListElement\":[{\"@type\":\"ListItem\",\"position\":1,\"name\":\"Portada\",\"item\":\"https:\\\/\\\/escuelademagia.net\\\/\"},{\"@type\":\"ListItem\",\"position\":2,\"name\":\"CURSO DE INICIACI\u00d3N A LA MAGIA\"}]},{\"@type\":\"WebSite\",\"@id\":\"https:\\\/\\\/escuelademagia.net\\\/#website\",\"url\":\"https:\\\/\\\/escuelademagia.net\\\/\",\"name\":\"{:es}Escuela de Magia{:}{:ca}Escola de M\u00e0gia{:}\",\"description\":\"Escola de M&Atilde;&nbsp;gia a Barcelona per aficionats i profesionals\",\"publisher\":{\"@id\":\"https:\\\/\\\/escuelademagia.net\\\/#organization\"},\"potentialAction\":[{\"@type\":\"SearchAction\",\"target\":{\"@type\":\"EntryPoint\",\"urlTemplate\":\"https:\\\/\\\/escuelademagia.net\\\/?s={search_term_string}\"},\"query-input\":{\"@type\":\"PropertyValueSpecification\",\"valueRequired\":true,\"valueName\":\"search_term_string\"}}],\"inLanguage\":\"ca-ES\"},{\"@type\":\"Organization\",\"@id\":\"https:\\\/\\\/escuelademagia.net\\\/#organization\",\"name\":\"{:es}Escuela de Magia{:}{:ca}Escola de M\u00e0gia{:}\",\"url\":\"https:\\\/\\\/escuelademagia.net\\\/\",\"logo\":{\"@type\":\"ImageObject\",\"inLanguage\":\"ca-ES\",\"@id\":\"https:\\\/\\\/escuelademagia.net\\\/#\\\/schema\\\/logo\\\/image\\\/\",\"url\":\"http:\\\/\\\/escuelademagia.net\\\/wp-content\\\/uploads\\\/2024\\\/10\\\/logo-3detrebol.jpg\",\"contentUrl\":\"http:\\\/\\\/escuelademagia.net\\\/wp-content\\\/uploads\\\/2024\\\/10\\\/logo-3detrebol.jpg\",\"width\":669,\"height\":568,\"caption\":\"{:es}Escuela de Magia{:}{:ca}Escola de M\u00e0gia{:}\"},\"image\":{\"@id\":\"https:\\\/\\\/escuelademagia.net\\\/#\\\/schema\\\/logo\\\/image\\\/\"},\"sameAs\":[\"https:\\\/\\\/www.facebook.com\\\/escuela3detrebol\",\"https:\\\/\\\/www.instagram.com\\\/escuelademagianet\\\/\"]}]}<\/script>\n<!-- \/ Yoast SEO plugin. -->","yoast_head_json":{"title":"CURSO DE INICIACI\u00d3N A LA MAGIA - Escuela de Magia","robots":{"index":"index","follow":"follow","max-snippet":"max-snippet:-1","max-image-preview":"max-image-preview:large","max-video-preview":"max-video-preview:-1"},"canonical":"https:\/\/escuelademagia.net\/curso-de-iniciacion-a-la-magia\/","og_locale":"ca_ES","og_type":"article","og_title":"CURSO DE INICIACI\u00d3N A LA MAGIA - Escuela de Magia","og_url":"https:\/\/escuelademagia.net\/curso-de-iniciacion-a-la-magia\/","og_site_name":"Escuela de Magia","article_publisher":"https:\/\/www.facebook.com\/escuela3detrebol","article_modified_time":"2025-12-13T10:50:34+00:00","og_image":[{"url":"http:\/\/escuelademagia.net\/wp-content\/uploads\/2023\/06\/padres3-768x576-1.jpg","type":"","width":"","height":""}],"twitter_card":"summary_large_image","twitter_misc":{"Est. reading time":"3 minutes"},"schema":{"@context":"https:\/\/schema.org","@graph":[{"@type":"WebPage","@id":"https:\/\/escuelademagia.net\/curso-de-iniciacion-a-la-magia\/","url":"https:\/\/escuelademagia.net\/curso-de-iniciacion-a-la-magia\/","name":"CURSO DE INICIACI\u00d3N A LA MAGIA - Escuela de Magia","isPartOf":{"@id":"https:\/\/escuelademagia.net\/#website"},"primaryImageOfPage":{"@id":"https:\/\/escuelademagia.net\/curso-de-iniciacion-a-la-magia\/#primaryimage"},"image":{"@id":"https:\/\/escuelademagia.net\/curso-de-iniciacion-a-la-magia\/#primaryimage"},"thumbnailUrl":"http:\/\/escuelademagia.net\/wp-content\/uploads\/2023\/06\/padres3-768x576-1.jpg","datePublished":"2023-06-21T10:09:18+00:00","dateModified":"2025-12-13T10:50:34+00:00","breadcrumb":{"@id":"https:\/\/escuelademagia.net\/curso-de-iniciacion-a-la-magia\/#breadcrumb"},"inLanguage":"ca-ES","potentialAction":[{"@type":"ReadAction","target":["https:\/\/escuelademagia.net\/curso-de-iniciacion-a-la-magia\/"]}]},{"@type":"ImageObject","inLanguage":"ca-ES","@id":"https:\/\/escuelademagia.net\/curso-de-iniciacion-a-la-magia\/#primaryimage","url":"http:\/\/escuelademagia.net\/wp-content\/uploads\/2023\/06\/padres3-768x576-1.jpg","contentUrl":"http:\/\/escuelademagia.net\/wp-content\/uploads\/2023\/06\/padres3-768x576-1.jpg"},{"@type":"BreadcrumbList","@id":"https:\/\/escuelademagia.net\/curso-de-iniciacion-a-la-magia\/#breadcrumb","itemListElement":[{"@type":"ListItem","position":1,"name":"Portada","item":"https:\/\/escuelademagia.net\/"},{"@type":"ListItem","position":2,"name":"CURSO DE INICIACI\u00d3N A LA MAGIA"}]},{"@type":"WebSite","@id":"https:\/\/escuelademagia.net\/#website","url":"https:\/\/escuelademagia.net\/","name":"{:es}Escuela de Magia{:}{:ca}Escola de M\u00e0gia{:}","description":"Escola de M&Atilde;&nbsp;gia a Barcelona per aficionats i profesionals","publisher":{"@id":"https:\/\/escuelademagia.net\/#organization"},"potentialAction":[{"@type":"SearchAction","target":{"@type":"EntryPoint","urlTemplate":"https:\/\/escuelademagia.net\/?s={search_term_string}"},"query-input":{"@type":"PropertyValueSpecification","valueRequired":true,"valueName":"search_term_string"}}],"inLanguage":"ca-ES"},{"@type":"Organization","@id":"https:\/\/escuelademagia.net\/#organization","name":"{:es}Escuela de Magia{:}{:ca}Escola de M\u00e0gia{:}","url":"https:\/\/escuelademagia.net\/","logo":{"@type":"ImageObject","inLanguage":"ca-ES","@id":"https:\/\/escuelademagia.net\/#\/schema\/logo\/image\/","url":"http:\/\/escuelademagia.net\/wp-content\/uploads\/2024\/10\/logo-3detrebol.jpg","contentUrl":"http:\/\/escuelademagia.net\/wp-content\/uploads\/2024\/10\/logo-3detrebol.jpg","width":669,"height":568,"caption":"{:es}Escuela de Magia{:}{:ca}Escola de M\u00e0gia{:}"},"image":{"@id":"https:\/\/escuelademagia.net\/#\/schema\/logo\/image\/"},"sameAs":["https:\/\/www.facebook.com\/escuela3detrebol","https:\/\/www.instagram.com\/escuelademagianet\/"]}]}},"_links":{"self":[{"href":"https:\/\/escuelademagia.net\/ca\/wp-json\/wp\/v2\/pages\/6423","targetHints":{"allow":["GET"]}}],"collection":[{"href":"https:\/\/escuelademagia.net\/ca\/wp-json\/wp\/v2\/pages"}],"about":[{"href":"https:\/\/escuelademagia.net\/ca\/wp-json\/wp\/v2\/types\/page"}],"author":[{"embeddable":true,"href":"https:\/\/escuelademagia.net\/ca\/wp-json\/wp\/v2\/users\/1"}],"replies":[{"embeddable":true,"href":"https:\/\/escuelademagia.net\/ca\/wp-json\/wp\/v2\/comments?post=6423"}],"version-history":[{"count":15,"href":"https:\/\/escuelademagia.net\/ca\/wp-json\/wp\/v2\/pages\/6423\/revisions"}],"predecessor-version":[{"id":8188,"href":"https:\/\/escuelademagia.net\/ca\/wp-json\/wp\/v2\/pages\/6423\/revisions\/8188"}],"wp:attachment":[{"href":"https:\/\/escuelademagia.net\/ca\/wp-json\/wp\/v2\/media?parent=6423"}],"curies":[{"name":"wp","href":"https:\/\/api.w.org\/{rel}","templated":true}]}}