{"id":6508,"date":"2023-09-11T16:55:18","date_gmt":"2023-09-11T16:55:18","guid":{"rendered":"https:\/\/escuelademagia.net\/?page_id=6508"},"modified":"2026-03-04T11:48:13","modified_gmt":"2026-03-04T11:48:13","slug":"curso-express-de-magia","status":"publish","type":"page","link":"https:\/\/escuelademagia.net\/ca\/curso-express-de-magia\/","title":{"rendered":"CURSO EXPRESS DE MAGIA"},"content":{"rendered":"<p class=\"has-vivid-red-color has-text-color has-link-color\"><strong>CURSO INFANTIL DE MAGIA<\/strong><\/p>\r\n<p><!-- \/wp:post-content --><\/p>\r\n<p><!-- wp:image {\"id\":7673,\"width\":\"266px\",\"height\":\"auto\",\"sizeSlug\":\"full\",\"linkDestination\":\"media\",\"align\":\"center\"} --><\/p>\r\n<figure class=\"wp-block-image aligncenter size-full is-resized\"><a href=\"http:\/\/escuelademagia.net\/wp-content\/uploads\/2025\/01\/Diseno-sin-titulo.jpg\"><img loading=\"lazy\" decoding=\"async\" width=\"624\" height=\"1104\" class=\"wp-image-7673 aligncenter\" style=\"width: 266px; height: auto;\" src=\"http:\/\/escuelademagia.net\/wp-content\/uploads\/2025\/01\/Diseno-sin-titulo.jpg\" alt=\"\" srcset=\"https:\/\/escuelademagia.net\/wp-content\/uploads\/2025\/01\/Diseno-sin-titulo.jpg 624w, https:\/\/escuelademagia.net\/wp-content\/uploads\/2025\/01\/Diseno-sin-titulo-170x300.jpg 170w, https:\/\/escuelademagia.net\/wp-content\/uploads\/2025\/01\/Diseno-sin-titulo-579x1024.jpg 579w, https:\/\/escuelademagia.net\/wp-content\/uploads\/2025\/01\/Diseno-sin-titulo-85x150.jpg 85w\" sizes=\"auto, (max-width: 624px) 100vw, 624px\" \/><\/a><\/figure>\r\n<p><!-- \/wp:image --><\/p>\r\n<p><!-- wp:paragraph --><\/p>\r\n<p>&#8230;<\/p>\r\n<p><!-- \/wp:paragraph --><\/p>\r\n<p><!-- wp:paragraph --><\/p>\r\n<h4 data-start=\"73\" data-end=\"116\"><strong><span style=\"color: #ff0000;\">CURSO EXPR\u00c9S DE INICIACI\u00d3N A LA MAGIA<\/span><\/strong><\/h4>\r\n<p data-start=\"118\" data-end=\"189\">Curso ideal para tomar un primer contacto con el mundo de la <strong data-start=\"179\" data-end=\"188\">Magia<\/strong>.<\/p>\r\n<p data-start=\"191\" data-end=\"368\">Se introduce al ni\u00f1o o adolescente en la magia a trav\u00e9s de peque\u00f1os efectos que podr\u00e1 empezar a realizar casi de inmediato, fomentando la ilusi\u00f3n, la creatividad y la confianza.<\/p>\r\n<p data-start=\"370\" data-end=\"433\">Un curso muy did\u00e1ctico, avalado por muchos a\u00f1os de experiencia.<\/p>\r\n<p data-start=\"435\" data-end=\"600\"><strong><span style=\"color: #ff0000;\">Duraci\u00f3n: 2 horas<\/span><\/strong><br data-start=\"458\" data-end=\"461\" \/><strong><span style=\"color: #ff0000;\">Incluye: material completo y recortables m\u00e1gicos (que quedar\u00e1n en propiedad del alumno)<\/span><\/strong><br data-start=\"555\" data-end=\"558\" \/><strong><span style=\"color: #ff0000;\">Diploma acreditativo al finalizar<\/span><\/strong><\/p>\r\n<h5 data-start=\"649\" data-end=\"679\">CONOCIMIENTOS PREVIOS<\/h5>\r\n<p data-start=\"680\" data-end=\"703\">No se requiere ninguno.<\/p>\r\n<h5 data-start=\"705\" data-end=\"729\">PROP\u00d3SITO FINAL<\/h5>\r\n<p data-start=\"730\" data-end=\"812\">Introducir al ni\u00f1o\/adolescente en el mundo de la Magia y sus reglas fundamentales.<\/p>\r\n<p data-start=\"730\" data-end=\"812\">Si ya realizaste uno de nuestros cursos expr\u00e9s y quieres repetir la experiencia, puedes apuntarte a nuestro <strong data-start=\"927\" data-end=\"949\">Curso Expr\u00e9s \u2013 Dos<\/strong>, con temario y experiencias m\u00e1gicas totalmente diferentes.<\/p>\r\n<p data-start=\"1010\" data-end=\"1044\">\ud83d\udc66\ud83d\udc67 <strong data-start=\"1015\" data-end=\"1024\">EDAD:<\/strong> A partir de 4 a\u00f1os.<\/p>\r\n<p>&nbsp;<\/p>\r\n<p><!-- \/wp:paragraph --><\/p>\r\n<p><!-- wp:paragraph {\"align\":\"center\",\"style\":{\"elements\":{\"link\":{\"color\":{\"text\":\"var:preset|color|vivid-red\"}}}},\"textColor\":\"vivid-red\",\"fontSize\":\"medium\"} --><\/p>\r\n<ul>\r\n<li class=\"has-text-align-center has-vivid-red-color has-text-color has-link-color has-medium-font-size\">\r\n<h5><strong><span style=\"color: #ff0000;\">Pr\u00f3ximos d\u00edas:<\/span><\/strong><\/h5>\r\n<\/li>\r\n<li class=\"has-text-align-center has-vivid-red-color has-text-color has-link-color has-medium-font-size\">\r\n<h5><strong><span style=\"color: #ff0000;\">D\u00eda 7 de Marzo 2026\u00a0 Horario de <\/span><span style=\"color: #ff0000;\">16:00 h a 18:00 h<\/span><\/strong><\/h5>\r\n<\/li>\r\n<li class=\"has-text-align-center has-vivid-red-color has-text-color has-link-color has-medium-font-size\">\r\n<h5><strong><span style=\"color: #ff0000;\">D<\/span><span style=\"color: #ff0000;\">\u00eda 18 de Abril de 2026\u00a0 Horario de 16:00 h a 18:00 h<\/span><\/strong><\/h5>\r\n<\/li>\r\n<li class=\"has-text-align-center has-vivid-red-color has-text-color has-link-color has-medium-font-size\">\r\n<h5><strong><span style=\"color: #ff0000;\">D\u00eda 9 de Mayo de 2026\u00a0 Horario de 16:00 h a 18:00 h<\/span><\/strong><\/h5>\r\n<\/li>\r\n<li class=\"has-text-align-center has-vivid-red-color has-text-color has-link-color has-medium-font-size\">\r\n<h5><strong><span style=\"color: #ff0000;\">D\u00eda 6 de Junio de 2026\u00a0 Horario de 16:00 h a 18:00 h<\/span><\/strong><\/h5>\r\n<\/li>\r\n<\/ul>\r\n<p><!-- \/wp:paragraph --><\/p>\r\n<p><!-- wp:paragraph {\"style\":{\"elements\":{\"link\":{\"color\":{\"text\":\"var:preset|color|vivid-red\"}}}},\"textColor\":\"vivid-red\"} --><\/p>\r\n<h5>\u00a0<\/h5>\r\n<h5 class=\"has-vivid-red-color has-text-color has-link-color\"><strong><span style=\"color: #ff0000;\">PRECIO: 40 \u20ac<\/span><\/strong><\/h5>\r\n<p><!-- \/wp:paragraph --><\/p>\r\n<p><!-- wp:paragraph --><\/p>\r\n<p><strong>SE TIENE QUE RESERVAR O COMPRAR ENTRADA ANTES DE LA FECHA<\/strong><\/p>\r\n<p><!-- \/wp:paragraph --><\/p>\r\n<p><!-- wp:paragraph --><\/p>\r\n<p>Para mayor informaci\u00f3n llama al tel\u00e9fono<strong> 932989572<\/strong> de 16.30 h a 20.30 h o al <strong>696.428.407<\/strong> a cualquier hora o comprar su entrada a trav\u00e9s de<strong><span style=\"color: #ff0000;\"><a style=\"color: #ff0000;\" href=\"https:\/\/www.dinaticket.com\/es\/provider\/10635\/event\/4886327\">\u00a0 ATRAPALO<\/a><\/span><\/strong><\/p>\r\n<p><a href=\"https:\/\/www.dinaticket.com\/es\/provider\/10635\/event\/4886327\"><img loading=\"lazy\" decoding=\"async\" class=\"wp-image-7768 aligncenter\" src=\"https:\/\/escuelademagia.net\/wp-content\/uploads\/2025\/02\/boton-compra-ahora-300x87.png\" alt=\"\" width=\"224\" height=\"65\" srcset=\"https:\/\/escuelademagia.net\/wp-content\/uploads\/2025\/02\/boton-compra-ahora-300x87.png 300w, https:\/\/escuelademagia.net\/wp-content\/uploads\/2025\/02\/boton-compra-ahora-1024x297.png 1024w, https:\/\/escuelademagia.net\/wp-content\/uploads\/2025\/02\/boton-compra-ahora-768x223.png 768w, https:\/\/escuelademagia.net\/wp-content\/uploads\/2025\/02\/boton-compra-ahora-150x43.png 150w, https:\/\/escuelademagia.net\/wp-content\/uploads\/2025\/02\/boton-compra-ahora.png 1208w\" sizes=\"auto, (max-width: 224px) 100vw, 224px\" \/><\/a><\/p>\r\n<p><!-- \/wp:paragraph --><\/p>","protected":false},"excerpt":{"rendered":"<p class=\"continue-reading-button\"> <a class=\"continue-reading-link\" href=\"https:\/\/escuelademagia.net\/ca\/curso-express-de-magia\/\"><i class=\"crycon-right-dir\"><\/i><\/a><\/p>\n","protected":false},"author":1,"featured_media":0,"parent":0,"menu_order":0,"comment_status":"closed","ping_status":"closed","template":"","meta":{"_crdt_document":"","footnotes":""},"class_list":["post-6508","page","type-page","status-publish","hentry"],"translation":{"provider":"WPGlobus","version":"3.0.2","language":"ca","enabled_languages":["es","ca"],"languages":{"es":{"title":true,"content":true,"excerpt":false},"ca":{"title":false,"content":false,"excerpt":false}}},"yoast_head":"<!-- This site is optimized with the Yoast SEO plugin v27.4 - https:\/\/yoast.com\/product\/yoast-seo-wordpress\/ -->\n<title>CURSO EXPRESS DE MAGIA - Escuela de Magia<\/title>\n<meta name=\"robots\" content=\"index, follow, max-snippet:-1, max-image-preview:large, max-video-preview:-1\" \/>\n<link rel=\"canonical\" href=\"https:\/\/escuelademagia.net\/curso-express-de-magia\/\" \/>\n<meta property=\"og:locale\" content=\"ca_ES\" \/>\n<meta property=\"og:type\" content=\"article\" \/>\n<meta property=\"og:title\" content=\"CURSO EXPRESS DE MAGIA - Escuela de Magia\" \/>\n<meta property=\"og:url\" content=\"https:\/\/escuelademagia.net\/curso-express-de-magia\/\" \/>\n<meta property=\"og:site_name\" content=\"Escuela de Magia\" \/>\n<meta property=\"article:publisher\" content=\"https:\/\/www.facebook.com\/escuela3detrebol\" \/>\n<meta property=\"article:modified_time\" content=\"2026-03-04T11:48:13+00:00\" \/>\n<meta property=\"og:image\" content=\"http:\/\/escuelademagia.net\/wp-content\/uploads\/2025\/01\/Diseno-sin-titulo.jpg\" \/>\n<meta name=\"twitter:card\" content=\"summary_large_image\" \/>\n<meta name=\"twitter:label1\" content=\"Est. reading time\" \/>\n\t<meta name=\"twitter:data1\" content=\"2 minutes\" \/>\n<script type=\"application\/ld+json\" class=\"yoast-schema-graph\">{\"@context\":\"https:\\\/\\\/schema.org\",\"@graph\":[{\"@type\":\"WebPage\",\"@id\":\"https:\\\/\\\/escuelademagia.net\\\/curso-express-de-magia\\\/\",\"url\":\"https:\\\/\\\/escuelademagia.net\\\/curso-express-de-magia\\\/\",\"name\":\"CURSO EXPRESS DE MAGIA - Escuela de Magia\",\"isPartOf\":{\"@id\":\"https:\\\/\\\/escuelademagia.net\\\/#website\"},\"primaryImageOfPage\":{\"@id\":\"https:\\\/\\\/escuelademagia.net\\\/curso-express-de-magia\\\/#primaryimage\"},\"image\":{\"@id\":\"https:\\\/\\\/escuelademagia.net\\\/curso-express-de-magia\\\/#primaryimage\"},\"thumbnailUrl\":\"http:\\\/\\\/escuelademagia.net\\\/wp-content\\\/uploads\\\/2025\\\/01\\\/Diseno-sin-titulo.jpg\",\"datePublished\":\"2023-09-11T16:55:18+00:00\",\"dateModified\":\"2026-03-04T11:48:13+00:00\",\"breadcrumb\":{\"@id\":\"https:\\\/\\\/escuelademagia.net\\\/curso-express-de-magia\\\/#breadcrumb\"},\"inLanguage\":\"ca-ES\",\"potentialAction\":[{\"@type\":\"ReadAction\",\"target\":[\"https:\\\/\\\/escuelademagia.net\\\/curso-express-de-magia\\\/\"]}]},{\"@type\":\"ImageObject\",\"inLanguage\":\"ca-ES\",\"@id\":\"https:\\\/\\\/escuelademagia.net\\\/curso-express-de-magia\\\/#primaryimage\",\"url\":\"http:\\\/\\\/escuelademagia.net\\\/wp-content\\\/uploads\\\/2025\\\/01\\\/Diseno-sin-titulo.jpg\",\"contentUrl\":\"http:\\\/\\\/escuelademagia.net\\\/wp-content\\\/uploads\\\/2025\\\/01\\\/Diseno-sin-titulo.jpg\"},{\"@type\":\"BreadcrumbList\",\"@id\":\"https:\\\/\\\/escuelademagia.net\\\/curso-express-de-magia\\\/#breadcrumb\",\"itemListElement\":[{\"@type\":\"ListItem\",\"position\":1,\"name\":\"Portada\",\"item\":\"https:\\\/\\\/escuelademagia.net\\\/\"},{\"@type\":\"ListItem\",\"position\":2,\"name\":\"CURSO EXPRESS DE MAGIA\"}]},{\"@type\":\"WebSite\",\"@id\":\"https:\\\/\\\/escuelademagia.net\\\/#website\",\"url\":\"https:\\\/\\\/escuelademagia.net\\\/\",\"name\":\"{:es}Escuela de Magia{:}{:ca}Escola de M\u00e0gia{:}\",\"description\":\"Escola de M&Atilde;&nbsp;gia a Barcelona per aficionats i profesionals\",\"publisher\":{\"@id\":\"https:\\\/\\\/escuelademagia.net\\\/#organization\"},\"potentialAction\":[{\"@type\":\"SearchAction\",\"target\":{\"@type\":\"EntryPoint\",\"urlTemplate\":\"https:\\\/\\\/escuelademagia.net\\\/?s={search_term_string}\"},\"query-input\":{\"@type\":\"PropertyValueSpecification\",\"valueRequired\":true,\"valueName\":\"search_term_string\"}}],\"inLanguage\":\"ca-ES\"},{\"@type\":\"Organization\",\"@id\":\"https:\\\/\\\/escuelademagia.net\\\/#organization\",\"name\":\"{:es}Escuela de Magia{:}{:ca}Escola de M\u00e0gia{:}\",\"url\":\"https:\\\/\\\/escuelademagia.net\\\/\",\"logo\":{\"@type\":\"ImageObject\",\"inLanguage\":\"ca-ES\",\"@id\":\"https:\\\/\\\/escuelademagia.net\\\/#\\\/schema\\\/logo\\\/image\\\/\",\"url\":\"http:\\\/\\\/escuelademagia.net\\\/wp-content\\\/uploads\\\/2024\\\/10\\\/logo-3detrebol.jpg\",\"contentUrl\":\"http:\\\/\\\/escuelademagia.net\\\/wp-content\\\/uploads\\\/2024\\\/10\\\/logo-3detrebol.jpg\",\"width\":669,\"height\":568,\"caption\":\"{:es}Escuela de Magia{:}{:ca}Escola de M\u00e0gia{:}\"},\"image\":{\"@id\":\"https:\\\/\\\/escuelademagia.net\\\/#\\\/schema\\\/logo\\\/image\\\/\"},\"sameAs\":[\"https:\\\/\\\/www.facebook.com\\\/escuela3detrebol\",\"https:\\\/\\\/www.instagram.com\\\/escuelademagianet\\\/\"]}]}<\/script>\n<!-- \/ Yoast SEO plugin. -->","yoast_head_json":{"title":"CURSO EXPRESS DE MAGIA - Escuela de Magia","robots":{"index":"index","follow":"follow","max-snippet":"max-snippet:-1","max-image-preview":"max-image-preview:large","max-video-preview":"max-video-preview:-1"},"canonical":"https:\/\/escuelademagia.net\/curso-express-de-magia\/","og_locale":"ca_ES","og_type":"article","og_title":"CURSO EXPRESS DE MAGIA - Escuela de Magia","og_url":"https:\/\/escuelademagia.net\/curso-express-de-magia\/","og_site_name":"Escuela de Magia","article_publisher":"https:\/\/www.facebook.com\/escuela3detrebol","article_modified_time":"2026-03-04T11:48:13+00:00","og_image":[{"url":"http:\/\/escuelademagia.net\/wp-content\/uploads\/2025\/01\/Diseno-sin-titulo.jpg","type":"","width":"","height":""}],"twitter_card":"summary_large_image","twitter_misc":{"Est. reading time":"2 minutes"},"schema":{"@context":"https:\/\/schema.org","@graph":[{"@type":"WebPage","@id":"https:\/\/escuelademagia.net\/curso-express-de-magia\/","url":"https:\/\/escuelademagia.net\/curso-express-de-magia\/","name":"CURSO EXPRESS DE MAGIA - Escuela de Magia","isPartOf":{"@id":"https:\/\/escuelademagia.net\/#website"},"primaryImageOfPage":{"@id":"https:\/\/escuelademagia.net\/curso-express-de-magia\/#primaryimage"},"image":{"@id":"https:\/\/escuelademagia.net\/curso-express-de-magia\/#primaryimage"},"thumbnailUrl":"http:\/\/escuelademagia.net\/wp-content\/uploads\/2025\/01\/Diseno-sin-titulo.jpg","datePublished":"2023-09-11T16:55:18+00:00","dateModified":"2026-03-04T11:48:13+00:00","breadcrumb":{"@id":"https:\/\/escuelademagia.net\/curso-express-de-magia\/#breadcrumb"},"inLanguage":"ca-ES","potentialAction":[{"@type":"ReadAction","target":["https:\/\/escuelademagia.net\/curso-express-de-magia\/"]}]},{"@type":"ImageObject","inLanguage":"ca-ES","@id":"https:\/\/escuelademagia.net\/curso-express-de-magia\/#primaryimage","url":"http:\/\/escuelademagia.net\/wp-content\/uploads\/2025\/01\/Diseno-sin-titulo.jpg","contentUrl":"http:\/\/escuelademagia.net\/wp-content\/uploads\/2025\/01\/Diseno-sin-titulo.jpg"},{"@type":"BreadcrumbList","@id":"https:\/\/escuelademagia.net\/curso-express-de-magia\/#breadcrumb","itemListElement":[{"@type":"ListItem","position":1,"name":"Portada","item":"https:\/\/escuelademagia.net\/"},{"@type":"ListItem","position":2,"name":"CURSO EXPRESS DE MAGIA"}]},{"@type":"WebSite","@id":"https:\/\/escuelademagia.net\/#website","url":"https:\/\/escuelademagia.net\/","name":"{:es}Escuela de Magia{:}{:ca}Escola de M\u00e0gia{:}","description":"Escola de M&Atilde;&nbsp;gia a Barcelona per aficionats i profesionals","publisher":{"@id":"https:\/\/escuelademagia.net\/#organization"},"potentialAction":[{"@type":"SearchAction","target":{"@type":"EntryPoint","urlTemplate":"https:\/\/escuelademagia.net\/?s={search_term_string}"},"query-input":{"@type":"PropertyValueSpecification","valueRequired":true,"valueName":"search_term_string"}}],"inLanguage":"ca-ES"},{"@type":"Organization","@id":"https:\/\/escuelademagia.net\/#organization","name":"{:es}Escuela de Magia{:}{:ca}Escola de M\u00e0gia{:}","url":"https:\/\/escuelademagia.net\/","logo":{"@type":"ImageObject","inLanguage":"ca-ES","@id":"https:\/\/escuelademagia.net\/#\/schema\/logo\/image\/","url":"http:\/\/escuelademagia.net\/wp-content\/uploads\/2024\/10\/logo-3detrebol.jpg","contentUrl":"http:\/\/escuelademagia.net\/wp-content\/uploads\/2024\/10\/logo-3detrebol.jpg","width":669,"height":568,"caption":"{:es}Escuela de Magia{:}{:ca}Escola de M\u00e0gia{:}"},"image":{"@id":"https:\/\/escuelademagia.net\/#\/schema\/logo\/image\/"},"sameAs":["https:\/\/www.facebook.com\/escuela3detrebol","https:\/\/www.instagram.com\/escuelademagianet\/"]}]}},"_links":{"self":[{"href":"https:\/\/escuelademagia.net\/ca\/wp-json\/wp\/v2\/pages\/6508","targetHints":{"allow":["GET"]}}],"collection":[{"href":"https:\/\/escuelademagia.net\/ca\/wp-json\/wp\/v2\/pages"}],"about":[{"href":"https:\/\/escuelademagia.net\/ca\/wp-json\/wp\/v2\/types\/page"}],"author":[{"embeddable":true,"href":"https:\/\/escuelademagia.net\/ca\/wp-json\/wp\/v2\/users\/1"}],"replies":[{"embeddable":true,"href":"https:\/\/escuelademagia.net\/ca\/wp-json\/wp\/v2\/comments?post=6508"}],"version-history":[{"count":36,"href":"https:\/\/escuelademagia.net\/ca\/wp-json\/wp\/v2\/pages\/6508\/revisions"}],"predecessor-version":[{"id":8293,"href":"https:\/\/escuelademagia.net\/ca\/wp-json\/wp\/v2\/pages\/6508\/revisions\/8293"}],"wp:attachment":[{"href":"https:\/\/escuelademagia.net\/ca\/wp-json\/wp\/v2\/media?parent=6508"}],"curies":[{"name":"wp","href":"https:\/\/api.w.org\/{rel}","templated":true}]}}