{"id":6564,"date":"2023-09-12T19:16:52","date_gmt":"2023-09-12T19:16:52","guid":{"rendered":"https:\/\/escuelademagia.net\/?page_id=6564"},"modified":"2023-09-12T19:16:53","modified_gmt":"2023-09-12T19:16:53","slug":"la-magia-de-zimurk","status":"publish","type":"page","link":"https:\/\/escuelademagia.net\/ca\/la-magia-de-zimurk\/","title":{"rendered":"LA MAGIA  DE ZIMURK"},"content":{"rendered":"\n<p class=\"wp-block-paragraph\">Reci\u00e9n llegado de Argentina en exclusiva para la Escuela<\/p>\n\n\n\n<p class=\"wp-block-paragraph\">Un show donde la sorpresa, la emoci\u00f3n y el asombro se dan la mano<\/p>\n\n\n<div class=\"wp-block-image\">\n<figure class=\"aligncenter size-large is-resized\"><a href=\"http:\/\/escuelademagia.net\/wp-content\/uploads\/2023\/09\/Sin-titulo3-1.jpeg\"><img loading=\"lazy\" decoding=\"async\" width=\"720\" height=\"1024\" src=\"http:\/\/escuelademagia.net\/wp-content\/uploads\/2023\/09\/Sin-titulo3-1-720x1024.jpeg\" alt=\"\" class=\"wp-image-6565\" style=\"width:371px;height:auto\" srcset=\"https:\/\/escuelademagia.net\/wp-content\/uploads\/2023\/09\/Sin-titulo3-1-720x1024.jpeg 720w, https:\/\/escuelademagia.net\/wp-content\/uploads\/2023\/09\/Sin-titulo3-1-211x300.jpeg 211w, https:\/\/escuelademagia.net\/wp-content\/uploads\/2023\/09\/Sin-titulo3-1-768x1092.jpeg 768w, https:\/\/escuelademagia.net\/wp-content\/uploads\/2023\/09\/Sin-titulo3-1-105x150.jpeg 105w, https:\/\/escuelademagia.net\/wp-content\/uploads\/2023\/09\/Sin-titulo3-1.jpeg 805w\" sizes=\"auto, (max-width: 720px) 100vw, 720px\" \/><\/a><\/figure>\n<\/div>\n\n\n<p class=\"has-vivid-red-color has-text-color has-link-color wp-elements-e22153f450fb1bbae28f6eb3fc0ec8d2 wp-block-paragraph\"><strong>D\u00cdA 7 DE OCTUBRE 2023 a las 20:30 H.<\/strong><\/p>\n\n\n\n<p class=\"has-vivid-red-color has-text-color has-link-color wp-elements-fb6772cfe145370330796a1ed1238a5a wp-block-paragraph\"><strong>PRECIO: 15 \u20ac (socios, alumnos y exalumnos 12 \u20ac)<\/strong><\/p>\n\n\n\n<p class=\"wp-block-paragraph\">Para m\u00e1s informaci\u00f3n o reservas a trav\u00e9s de los tel\u00e9fonos 696428407 \u2013 932989572 y pod\u00e9is comprar las entradas a trav\u00e9s de PayPal o tarjeta de cr\u00e9dito m\u00e1s abajo:<\/p>\n\n\n\n<form action=\"https:\/\/www.paypal.com\/cgi-bin\/webscr\" method=\"post\" target=\"_top\">\n<input type=\"hidden\" name=\"cmd\" value=\"_s-xclick\">\n<input type=\"hidden\" name=\"hosted_button_id\" value=\"5VVASQ9GENL5L\">\n<table>\n<tr><td><input type=\"hidden\" name=\"on0\" value=\"NUMERO ENTRADAS\">NUMERO ENTRADAS<\/td><\/tr><tr><td><select name=\"os0\">\n\t<option value=\"1 ENTRADA\">1 ENTRADA \u20ac15,00 EUR<\/option>\n\t<option value=\"2 ENTRADAS\">2 ENTRADAS \u20ac30,00 EUR<\/option>\n\t<option value=\"3 ENTRADAS\">3 ENTRADAS \u20ac45,00 EUR<\/option>\n\t<option value=\"4 ENTRADAS\">4 ENTRADAS \u20ac60,00 EUR<\/option>\n<\/select> <\/td><\/tr>\n<tr><td><input type=\"hidden\" name=\"on1\" value=\"NOMBRE Y APELLIDOS\">NOMBRE Y APELLIDOS<\/td><\/tr><tr><td><input type=\"text\" name=\"os1\" maxlength=\"200\"><\/td><\/tr>\n<\/table>\n<input type=\"hidden\" name=\"currency_code\" value=\"EUR\">\n<input type=\"image\" src=\"https:\/\/www.paypalobjects.com\/en_US\/i\/btn\/btn_buynowCC_LG.gif\" border=\"0\" name=\"submit\" alt=\"PayPal, la forma r\u00e1pida y segura de pagar en Internet.\">\n<img loading=\"lazy\" decoding=\"async\" alt=\"\" border=\"0\" src=\"https:\/\/www.paypalobjects.com\/es_ES\/i\/scr\/pixel.gif\" width=\"1\" height=\"1\">\n<\/form>\n\n","protected":false},"excerpt":{"rendered":"<p class=\"continue-reading-button\"> <a class=\"continue-reading-link\" href=\"https:\/\/escuelademagia.net\/ca\/la-magia-de-zimurk\/\"><i class=\"crycon-right-dir\"><\/i><\/a><\/p>\n","protected":false},"author":1,"featured_media":0,"parent":0,"menu_order":0,"comment_status":"closed","ping_status":"closed","template":"","meta":{"_crdt_document":"","footnotes":""},"class_list":["post-6564","page","type-page","status-publish","hentry"],"translation":{"provider":"WPGlobus","version":"3.0.2","language":"ca","enabled_languages":["es","ca"],"languages":{"es":{"title":true,"content":true,"excerpt":false},"ca":{"title":false,"content":false,"excerpt":false}}},"yoast_head":"<!-- This site is optimized with the Yoast SEO plugin v27.5 - https:\/\/yoast.com\/product\/yoast-seo-wordpress\/ -->\n<title>LA MAGIA DE ZIMURK - Escuela de Magia<\/title>\n<meta name=\"robots\" content=\"index, follow, max-snippet:-1, max-image-preview:large, max-video-preview:-1\" \/>\n<link rel=\"canonical\" href=\"https:\/\/escuelademagia.net\/la-magia-de-zimurk\/\" \/>\n<meta property=\"og:locale\" content=\"ca_ES\" \/>\n<meta property=\"og:type\" content=\"article\" \/>\n<meta property=\"og:title\" content=\"LA MAGIA DE ZIMURK - Escuela de Magia\" \/>\n<meta property=\"og:url\" content=\"https:\/\/escuelademagia.net\/la-magia-de-zimurk\/\" \/>\n<meta property=\"og:site_name\" content=\"Escuela de Magia\" \/>\n<meta property=\"article:publisher\" content=\"https:\/\/www.facebook.com\/escuela3detrebol\" \/>\n<meta property=\"article:modified_time\" content=\"2023-09-12T19:16:53+00:00\" \/>\n<meta property=\"og:image\" content=\"http:\/\/escuelademagia.net\/wp-content\/uploads\/2023\/09\/Sin-titulo3-1-720x1024.jpeg\" \/>\n<meta name=\"twitter:card\" content=\"summary_large_image\" \/>\n<meta name=\"twitter:label1\" content=\"Est. reading time\" \/>\n\t<meta name=\"twitter:data1\" content=\"1 minute\" \/>\n<script type=\"application\/ld+json\" class=\"yoast-schema-graph\">{\"@context\":\"https:\\\/\\\/schema.org\",\"@graph\":[{\"@type\":\"WebPage\",\"@id\":\"https:\\\/\\\/escuelademagia.net\\\/la-magia-de-zimurk\\\/\",\"url\":\"https:\\\/\\\/escuelademagia.net\\\/la-magia-de-zimurk\\\/\",\"name\":\"LA MAGIA DE ZIMURK - Escuela de Magia\",\"isPartOf\":{\"@id\":\"https:\\\/\\\/escuelademagia.net\\\/#website\"},\"primaryImageOfPage\":{\"@id\":\"https:\\\/\\\/escuelademagia.net\\\/la-magia-de-zimurk\\\/#primaryimage\"},\"image\":{\"@id\":\"https:\\\/\\\/escuelademagia.net\\\/la-magia-de-zimurk\\\/#primaryimage\"},\"thumbnailUrl\":\"http:\\\/\\\/escuelademagia.net\\\/wp-content\\\/uploads\\\/2023\\\/09\\\/Sin-titulo3-1-720x1024.jpeg\",\"datePublished\":\"2023-09-12T19:16:52+00:00\",\"dateModified\":\"2023-09-12T19:16:53+00:00\",\"breadcrumb\":{\"@id\":\"https:\\\/\\\/escuelademagia.net\\\/la-magia-de-zimurk\\\/#breadcrumb\"},\"inLanguage\":\"ca-ES\",\"potentialAction\":[{\"@type\":\"ReadAction\",\"target\":[\"https:\\\/\\\/escuelademagia.net\\\/la-magia-de-zimurk\\\/\"]}]},{\"@type\":\"ImageObject\",\"inLanguage\":\"ca-ES\",\"@id\":\"https:\\\/\\\/escuelademagia.net\\\/la-magia-de-zimurk\\\/#primaryimage\",\"url\":\"http:\\\/\\\/escuelademagia.net\\\/wp-content\\\/uploads\\\/2023\\\/09\\\/Sin-titulo3-1-720x1024.jpeg\",\"contentUrl\":\"http:\\\/\\\/escuelademagia.net\\\/wp-content\\\/uploads\\\/2023\\\/09\\\/Sin-titulo3-1-720x1024.jpeg\"},{\"@type\":\"BreadcrumbList\",\"@id\":\"https:\\\/\\\/escuelademagia.net\\\/la-magia-de-zimurk\\\/#breadcrumb\",\"itemListElement\":[{\"@type\":\"ListItem\",\"position\":1,\"name\":\"Portada\",\"item\":\"https:\\\/\\\/escuelademagia.net\\\/\"},{\"@type\":\"ListItem\",\"position\":2,\"name\":\"LA MAGIA DE ZIMURK\"}]},{\"@type\":\"WebSite\",\"@id\":\"https:\\\/\\\/escuelademagia.net\\\/#website\",\"url\":\"https:\\\/\\\/escuelademagia.net\\\/\",\"name\":\"{:es}Escuela de Magia{:}{:ca}Escola de M\u00e0gia{:}\",\"description\":\"Escola de M&Atilde;&nbsp;gia a Barcelona per aficionats i profesionals\",\"publisher\":{\"@id\":\"https:\\\/\\\/escuelademagia.net\\\/#organization\"},\"potentialAction\":[{\"@type\":\"SearchAction\",\"target\":{\"@type\":\"EntryPoint\",\"urlTemplate\":\"https:\\\/\\\/escuelademagia.net\\\/?s={search_term_string}\"},\"query-input\":{\"@type\":\"PropertyValueSpecification\",\"valueRequired\":true,\"valueName\":\"search_term_string\"}}],\"inLanguage\":\"ca-ES\"},{\"@type\":\"Organization\",\"@id\":\"https:\\\/\\\/escuelademagia.net\\\/#organization\",\"name\":\"{:es}Escuela de Magia{:}{:ca}Escola de M\u00e0gia{:}\",\"url\":\"https:\\\/\\\/escuelademagia.net\\\/\",\"logo\":{\"@type\":\"ImageObject\",\"inLanguage\":\"ca-ES\",\"@id\":\"https:\\\/\\\/escuelademagia.net\\\/#\\\/schema\\\/logo\\\/image\\\/\",\"url\":\"http:\\\/\\\/escuelademagia.net\\\/wp-content\\\/uploads\\\/2024\\\/10\\\/logo-3detrebol.jpg\",\"contentUrl\":\"http:\\\/\\\/escuelademagia.net\\\/wp-content\\\/uploads\\\/2024\\\/10\\\/logo-3detrebol.jpg\",\"width\":669,\"height\":568,\"caption\":\"{:es}Escuela de Magia{:}{:ca}Escola de M\u00e0gia{:}\"},\"image\":{\"@id\":\"https:\\\/\\\/escuelademagia.net\\\/#\\\/schema\\\/logo\\\/image\\\/\"},\"sameAs\":[\"https:\\\/\\\/www.facebook.com\\\/escuela3detrebol\",\"https:\\\/\\\/www.instagram.com\\\/escuelademagianet\\\/\"]}]}<\/script>\n<!-- \/ Yoast SEO plugin. -->","yoast_head_json":{"title":"LA MAGIA DE ZIMURK - Escuela de Magia","robots":{"index":"index","follow":"follow","max-snippet":"max-snippet:-1","max-image-preview":"max-image-preview:large","max-video-preview":"max-video-preview:-1"},"canonical":"https:\/\/escuelademagia.net\/la-magia-de-zimurk\/","og_locale":"ca_ES","og_type":"article","og_title":"LA MAGIA DE ZIMURK - Escuela de Magia","og_url":"https:\/\/escuelademagia.net\/la-magia-de-zimurk\/","og_site_name":"Escuela de Magia","article_publisher":"https:\/\/www.facebook.com\/escuela3detrebol","article_modified_time":"2023-09-12T19:16:53+00:00","og_image":[{"url":"http:\/\/escuelademagia.net\/wp-content\/uploads\/2023\/09\/Sin-titulo3-1-720x1024.jpeg","type":"","width":"","height":""}],"twitter_card":"summary_large_image","twitter_misc":{"Est. reading time":"1 minute"},"schema":{"@context":"https:\/\/schema.org","@graph":[{"@type":"WebPage","@id":"https:\/\/escuelademagia.net\/la-magia-de-zimurk\/","url":"https:\/\/escuelademagia.net\/la-magia-de-zimurk\/","name":"LA MAGIA DE ZIMURK - Escuela de Magia","isPartOf":{"@id":"https:\/\/escuelademagia.net\/#website"},"primaryImageOfPage":{"@id":"https:\/\/escuelademagia.net\/la-magia-de-zimurk\/#primaryimage"},"image":{"@id":"https:\/\/escuelademagia.net\/la-magia-de-zimurk\/#primaryimage"},"thumbnailUrl":"http:\/\/escuelademagia.net\/wp-content\/uploads\/2023\/09\/Sin-titulo3-1-720x1024.jpeg","datePublished":"2023-09-12T19:16:52+00:00","dateModified":"2023-09-12T19:16:53+00:00","breadcrumb":{"@id":"https:\/\/escuelademagia.net\/la-magia-de-zimurk\/#breadcrumb"},"inLanguage":"ca-ES","potentialAction":[{"@type":"ReadAction","target":["https:\/\/escuelademagia.net\/la-magia-de-zimurk\/"]}]},{"@type":"ImageObject","inLanguage":"ca-ES","@id":"https:\/\/escuelademagia.net\/la-magia-de-zimurk\/#primaryimage","url":"http:\/\/escuelademagia.net\/wp-content\/uploads\/2023\/09\/Sin-titulo3-1-720x1024.jpeg","contentUrl":"http:\/\/escuelademagia.net\/wp-content\/uploads\/2023\/09\/Sin-titulo3-1-720x1024.jpeg"},{"@type":"BreadcrumbList","@id":"https:\/\/escuelademagia.net\/la-magia-de-zimurk\/#breadcrumb","itemListElement":[{"@type":"ListItem","position":1,"name":"Portada","item":"https:\/\/escuelademagia.net\/"},{"@type":"ListItem","position":2,"name":"LA MAGIA DE ZIMURK"}]},{"@type":"WebSite","@id":"https:\/\/escuelademagia.net\/#website","url":"https:\/\/escuelademagia.net\/","name":"{:es}Escuela de Magia{:}{:ca}Escola de M\u00e0gia{:}","description":"Escola de M&Atilde;&nbsp;gia a Barcelona per aficionats i profesionals","publisher":{"@id":"https:\/\/escuelademagia.net\/#organization"},"potentialAction":[{"@type":"SearchAction","target":{"@type":"EntryPoint","urlTemplate":"https:\/\/escuelademagia.net\/?s={search_term_string}"},"query-input":{"@type":"PropertyValueSpecification","valueRequired":true,"valueName":"search_term_string"}}],"inLanguage":"ca-ES"},{"@type":"Organization","@id":"https:\/\/escuelademagia.net\/#organization","name":"{:es}Escuela de Magia{:}{:ca}Escola de M\u00e0gia{:}","url":"https:\/\/escuelademagia.net\/","logo":{"@type":"ImageObject","inLanguage":"ca-ES","@id":"https:\/\/escuelademagia.net\/#\/schema\/logo\/image\/","url":"http:\/\/escuelademagia.net\/wp-content\/uploads\/2024\/10\/logo-3detrebol.jpg","contentUrl":"http:\/\/escuelademagia.net\/wp-content\/uploads\/2024\/10\/logo-3detrebol.jpg","width":669,"height":568,"caption":"{:es}Escuela de Magia{:}{:ca}Escola de M\u00e0gia{:}"},"image":{"@id":"https:\/\/escuelademagia.net\/#\/schema\/logo\/image\/"},"sameAs":["https:\/\/www.facebook.com\/escuela3detrebol","https:\/\/www.instagram.com\/escuelademagianet\/"]}]}},"_links":{"self":[{"href":"https:\/\/escuelademagia.net\/ca\/wp-json\/wp\/v2\/pages\/6564","targetHints":{"allow":["GET"]}}],"collection":[{"href":"https:\/\/escuelademagia.net\/ca\/wp-json\/wp\/v2\/pages"}],"about":[{"href":"https:\/\/escuelademagia.net\/ca\/wp-json\/wp\/v2\/types\/page"}],"author":[{"embeddable":true,"href":"https:\/\/escuelademagia.net\/ca\/wp-json\/wp\/v2\/users\/1"}],"replies":[{"embeddable":true,"href":"https:\/\/escuelademagia.net\/ca\/wp-json\/wp\/v2\/comments?post=6564"}],"version-history":[{"count":1,"href":"https:\/\/escuelademagia.net\/ca\/wp-json\/wp\/v2\/pages\/6564\/revisions"}],"predecessor-version":[{"id":6566,"href":"https:\/\/escuelademagia.net\/ca\/wp-json\/wp\/v2\/pages\/6564\/revisions\/6566"}],"wp:attachment":[{"href":"https:\/\/escuelademagia.net\/ca\/wp-json\/wp\/v2\/media?parent=6564"}],"curies":[{"name":"wp","href":"https:\/\/api.w.org\/{rel}","templated":true}]}}