{"id":6644,"date":"2023-10-15T18:55:39","date_gmt":"2023-10-15T18:55:39","guid":{"rendered":"https:\/\/escuelademagia.net\/?page_id=6644"},"modified":"2024-01-19T09:58:38","modified_gmt":"2024-01-19T09:58:38","slug":"perspectiva","status":"publish","type":"page","link":"https:\/\/escuelademagia.net\/ca\/perspectiva\/","title":{"rendered":"PERSPECTIVA"},"content":{"rendered":"\n<p class=\"has-vivid-red-color has-text-color has-link-color wp-elements-ede807ca88bef2aafa16d0013546f067 wp-block-paragraph\"><strong>LUIS OLMEDO<\/strong> <\/p>\n\n\n\n<p class=\"wp-block-paragraph\">Actual <strong>CAMPE\u00d3N MUNDIAL DE MICROMAGIA<\/strong><\/p>\n\n\n\n<p class=\"wp-block-paragraph\">Perspectiva es un espect\u00e1culo de magia \u00edntima del actual campe\u00f3n del mundo de micromagia, Luis Olmedo, en el que se invita al espectador a ver la magia desde otro punto de vista.<\/p>\n\n\n\n<p class=\"wp-block-paragraph\"> Una hora en la que se invita al espectador a adentrarse en el mundo de la magia muy de cerca.&nbsp; <\/p>\n\n\n\n<p class=\"wp-block-paragraph\">\u00abEn este mundo, nada es verdad ni es mentira, todo depende de la perspectiva con la que se mira\u00bb.<\/p>\n\n\n<div class=\"wp-block-image\">\n<figure class=\"aligncenter size-full\"><a href=\"http:\/\/escuelademagia.net\/wp-content\/uploads\/2023\/10\/2022_07_30-AWARDS_FISM_2022-2-1.png\"><img loading=\"lazy\" decoding=\"async\" width=\"340\" height=\"510\" src=\"http:\/\/escuelademagia.net\/wp-content\/uploads\/2023\/10\/2022_07_30-AWARDS_FISM_2022-2-1.png\" alt=\"\" class=\"wp-image-6645\" srcset=\"https:\/\/escuelademagia.net\/wp-content\/uploads\/2023\/10\/2022_07_30-AWARDS_FISM_2022-2-1.png 340w, https:\/\/escuelademagia.net\/wp-content\/uploads\/2023\/10\/2022_07_30-AWARDS_FISM_2022-2-1-200x300.png 200w, https:\/\/escuelademagia.net\/wp-content\/uploads\/2023\/10\/2022_07_30-AWARDS_FISM_2022-2-1-100x150.png 100w\" sizes=\"auto, (max-width: 340px) 100vw, 340px\" \/><\/a><\/figure>\n<\/div>\n\n\n<p class=\"has-vivid-red-color has-text-color has-link-color wp-elements-41d0f1ba0178c6227a4676c718b6b1b2 wp-block-paragraph\"><strong>D\u00cdA: 27 de Enero 2024<\/strong> (2 pases)<\/p>\n\n\n\n<p class=\"has-vivid-red-color has-text-color has-link-color wp-elements-a9d7ba7a2265d421e9da8b8f8662a12a wp-block-paragraph\"><strong>HORARIOS: 20:30 h (Sold Out) y 22:00 h<\/strong><\/p>\n\n\n\n<p class=\"has-vivid-red-color has-text-color has-link-color wp-elements-605ef575ce43fa6b361b33c7d9330e8e wp-block-paragraph\"><strong>PRECIO: 15 \u20ac (socios A3DT 12 \u20ac)<\/strong><\/p>\n\n\n\n<p class=\"wp-block-paragraph\">Para m\u00e1s informaci\u00f3n o reservas a trav\u00e9s de los tel\u00e9fonos <strong>696428407<\/strong> \u2013 <strong>932989572 <\/strong>y pod\u00e9is comprar las entradas a trav\u00e9s de <strong>PayPal<\/strong> o <strong>tarjeta de cr\u00e9dito o d\u00e9bito<\/strong> m\u00e1s abajo:<\/p>\n\n\n\n<form action=\"https:\/\/www.paypal.com\/cgi-bin\/webscr\" method=\"post\" target=\"_top\">\n  <input type=\"hidden\" name=\"cmd\" value=\"_s-xclick\" \/>\n  <input type=\"hidden\" name=\"hosted_button_id\" value=\"YV5MC6KZGRQXC\" \/>\n  <table>\n    <tr>\n      <td>\n        <input type=\"hidden\" name=\"on0\" value=\"NUMERO ENTRADAS\"\/>\n        NUMERO ENTRADAS\n      <\/td>\n    <\/tr>\n    <tr>\n      <td>\n        <select name=\"os0\">\n          <option value=\"1 ENTRADA\">\n            1 ENTRADA \u20ac15.00 EUR\n          <\/option>\n          <option value=\"2 ENTRADAS\">\n            2 ENTRADAS \u20ac30.00 EUR\n          <\/option>\n          <option value=\"3 ENTRADAS\">\n            3 ENTRADAS \u20ac45.00 EUR\n          <\/option>\n          <option value=\"4 ENTRADAS\">\n            4 ENTRADAS \u20ac60.00 EUR\n          <\/option>\n        <\/select>\n      <\/td>\n    <\/tr>\n    <tr>\n      <td>\n        <input type=\"hidden\" name=\"on1\" value=\"HORARIO DEL SHOW\"\/>\n        HORARIO DEL SHOW\n      <\/td>\n    <\/tr>\n    <tr>\n      <td>\n        <select name=\"os1\">\n          <option value=\"22:00 H\">\n            22:00 H\n          <\/option>\n          <option value=\"COMPLETO EL SHOW DE LAS 20:30 h\">\n            COMPLETO EL SHOW DE LAS 20:30 h\n          <\/option>\n        <\/select>\n      <\/td>\n    <\/tr>\n    <tr>\n      <td>\n        <input type=\"hidden\" name=\"on2\" value=\"NOMBRE Y APELLIDOS\"\/>\n        NOMBRE Y APELLIDOS\n      <\/td>\n    <\/tr>\n    <tr>\n      <td>\n        <input type=\"text\" name=\"os2\" maxLength=\"200\" \/>\n      <\/td>\n    <\/tr>\n  <\/table>\n  <input type=\"hidden\" name=\"currency_code\" value=\"EUR\" \/>\n  <input type=\"image\" src=\"https:\/\/www.paypalobjects.com\/en_US\/i\/btn\/btn_buynowCC_LG.gif\" border=\"0\" name=\"submit\" title=\"PayPal - The safer, easier way to pay online!\" alt=\"Buy Now\" \/>\n<\/form>\n","protected":false},"excerpt":{"rendered":"<p class=\"continue-reading-button\"> <a class=\"continue-reading-link\" href=\"https:\/\/escuelademagia.net\/ca\/perspectiva\/\"><i class=\"crycon-right-dir\"><\/i><\/a><\/p>\n","protected":false},"author":1,"featured_media":0,"parent":0,"menu_order":0,"comment_status":"closed","ping_status":"closed","template":"","meta":{"_crdt_document":"","footnotes":""},"class_list":["post-6644","page","type-page","status-publish","hentry"],"translation":{"provider":"WPGlobus","version":"3.0.2","language":"ca","enabled_languages":["es","ca"],"languages":{"es":{"title":true,"content":true,"excerpt":false},"ca":{"title":false,"content":false,"excerpt":false}}},"yoast_head":"<!-- This site is optimized with the Yoast SEO plugin v27.5 - https:\/\/yoast.com\/product\/yoast-seo-wordpress\/ -->\n<title>PERSPECTIVA - Escuela de Magia<\/title>\n<meta name=\"robots\" content=\"index, follow, max-snippet:-1, max-image-preview:large, max-video-preview:-1\" \/>\n<link rel=\"canonical\" href=\"https:\/\/escuelademagia.net\/perspectiva\/\" \/>\n<meta property=\"og:locale\" content=\"ca_ES\" \/>\n<meta property=\"og:type\" content=\"article\" \/>\n<meta property=\"og:title\" content=\"PERSPECTIVA - Escuela de Magia\" \/>\n<meta property=\"og:url\" content=\"https:\/\/escuelademagia.net\/perspectiva\/\" \/>\n<meta property=\"og:site_name\" content=\"Escuela de Magia\" \/>\n<meta property=\"article:publisher\" content=\"https:\/\/www.facebook.com\/escuela3detrebol\" \/>\n<meta property=\"article:modified_time\" content=\"2024-01-19T09:58:38+00:00\" \/>\n<meta property=\"og:image\" content=\"http:\/\/escuelademagia.net\/wp-content\/uploads\/2023\/10\/2022_07_30-AWARDS_FISM_2022-2-1.png\" \/>\n<meta name=\"twitter:card\" content=\"summary_large_image\" \/>\n<meta name=\"twitter:label1\" content=\"Est. reading time\" \/>\n\t<meta name=\"twitter:data1\" content=\"1 minute\" \/>\n<script type=\"application\/ld+json\" class=\"yoast-schema-graph\">{\"@context\":\"https:\\\/\\\/schema.org\",\"@graph\":[{\"@type\":\"WebPage\",\"@id\":\"https:\\\/\\\/escuelademagia.net\\\/perspectiva\\\/\",\"url\":\"https:\\\/\\\/escuelademagia.net\\\/perspectiva\\\/\",\"name\":\"PERSPECTIVA - Escuela de Magia\",\"isPartOf\":{\"@id\":\"https:\\\/\\\/escuelademagia.net\\\/#website\"},\"primaryImageOfPage\":{\"@id\":\"https:\\\/\\\/escuelademagia.net\\\/perspectiva\\\/#primaryimage\"},\"image\":{\"@id\":\"https:\\\/\\\/escuelademagia.net\\\/perspectiva\\\/#primaryimage\"},\"thumbnailUrl\":\"http:\\\/\\\/escuelademagia.net\\\/wp-content\\\/uploads\\\/2023\\\/10\\\/2022_07_30-AWARDS_FISM_2022-2-1.png\",\"datePublished\":\"2023-10-15T18:55:39+00:00\",\"dateModified\":\"2024-01-19T09:58:38+00:00\",\"breadcrumb\":{\"@id\":\"https:\\\/\\\/escuelademagia.net\\\/perspectiva\\\/#breadcrumb\"},\"inLanguage\":\"ca-ES\",\"potentialAction\":[{\"@type\":\"ReadAction\",\"target\":[\"https:\\\/\\\/escuelademagia.net\\\/perspectiva\\\/\"]}]},{\"@type\":\"ImageObject\",\"inLanguage\":\"ca-ES\",\"@id\":\"https:\\\/\\\/escuelademagia.net\\\/perspectiva\\\/#primaryimage\",\"url\":\"http:\\\/\\\/escuelademagia.net\\\/wp-content\\\/uploads\\\/2023\\\/10\\\/2022_07_30-AWARDS_FISM_2022-2-1.png\",\"contentUrl\":\"http:\\\/\\\/escuelademagia.net\\\/wp-content\\\/uploads\\\/2023\\\/10\\\/2022_07_30-AWARDS_FISM_2022-2-1.png\"},{\"@type\":\"BreadcrumbList\",\"@id\":\"https:\\\/\\\/escuelademagia.net\\\/perspectiva\\\/#breadcrumb\",\"itemListElement\":[{\"@type\":\"ListItem\",\"position\":1,\"name\":\"Portada\",\"item\":\"https:\\\/\\\/escuelademagia.net\\\/\"},{\"@type\":\"ListItem\",\"position\":2,\"name\":\"PERSPECTIVA\"}]},{\"@type\":\"WebSite\",\"@id\":\"https:\\\/\\\/escuelademagia.net\\\/#website\",\"url\":\"https:\\\/\\\/escuelademagia.net\\\/\",\"name\":\"{:es}Escuela de Magia{:}{:ca}Escola de M\u00e0gia{:}\",\"description\":\"Escola de M&Atilde;&nbsp;gia a Barcelona per aficionats i profesionals\",\"publisher\":{\"@id\":\"https:\\\/\\\/escuelademagia.net\\\/#organization\"},\"potentialAction\":[{\"@type\":\"SearchAction\",\"target\":{\"@type\":\"EntryPoint\",\"urlTemplate\":\"https:\\\/\\\/escuelademagia.net\\\/?s={search_term_string}\"},\"query-input\":{\"@type\":\"PropertyValueSpecification\",\"valueRequired\":true,\"valueName\":\"search_term_string\"}}],\"inLanguage\":\"ca-ES\"},{\"@type\":\"Organization\",\"@id\":\"https:\\\/\\\/escuelademagia.net\\\/#organization\",\"name\":\"{:es}Escuela de Magia{:}{:ca}Escola de M\u00e0gia{:}\",\"url\":\"https:\\\/\\\/escuelademagia.net\\\/\",\"logo\":{\"@type\":\"ImageObject\",\"inLanguage\":\"ca-ES\",\"@id\":\"https:\\\/\\\/escuelademagia.net\\\/#\\\/schema\\\/logo\\\/image\\\/\",\"url\":\"http:\\\/\\\/escuelademagia.net\\\/wp-content\\\/uploads\\\/2024\\\/10\\\/logo-3detrebol.jpg\",\"contentUrl\":\"http:\\\/\\\/escuelademagia.net\\\/wp-content\\\/uploads\\\/2024\\\/10\\\/logo-3detrebol.jpg\",\"width\":669,\"height\":568,\"caption\":\"{:es}Escuela de Magia{:}{:ca}Escola de M\u00e0gia{:}\"},\"image\":{\"@id\":\"https:\\\/\\\/escuelademagia.net\\\/#\\\/schema\\\/logo\\\/image\\\/\"},\"sameAs\":[\"https:\\\/\\\/www.facebook.com\\\/escuela3detrebol\",\"https:\\\/\\\/www.instagram.com\\\/escuelademagianet\\\/\"]}]}<\/script>\n<!-- \/ Yoast SEO plugin. -->","yoast_head_json":{"title":"PERSPECTIVA - Escuela de Magia","robots":{"index":"index","follow":"follow","max-snippet":"max-snippet:-1","max-image-preview":"max-image-preview:large","max-video-preview":"max-video-preview:-1"},"canonical":"https:\/\/escuelademagia.net\/perspectiva\/","og_locale":"ca_ES","og_type":"article","og_title":"PERSPECTIVA - Escuela de Magia","og_url":"https:\/\/escuelademagia.net\/perspectiva\/","og_site_name":"Escuela de Magia","article_publisher":"https:\/\/www.facebook.com\/escuela3detrebol","article_modified_time":"2024-01-19T09:58:38+00:00","og_image":[{"url":"http:\/\/escuelademagia.net\/wp-content\/uploads\/2023\/10\/2022_07_30-AWARDS_FISM_2022-2-1.png","type":"","width":"","height":""}],"twitter_card":"summary_large_image","twitter_misc":{"Est. reading time":"1 minute"},"schema":{"@context":"https:\/\/schema.org","@graph":[{"@type":"WebPage","@id":"https:\/\/escuelademagia.net\/perspectiva\/","url":"https:\/\/escuelademagia.net\/perspectiva\/","name":"PERSPECTIVA - Escuela de Magia","isPartOf":{"@id":"https:\/\/escuelademagia.net\/#website"},"primaryImageOfPage":{"@id":"https:\/\/escuelademagia.net\/perspectiva\/#primaryimage"},"image":{"@id":"https:\/\/escuelademagia.net\/perspectiva\/#primaryimage"},"thumbnailUrl":"http:\/\/escuelademagia.net\/wp-content\/uploads\/2023\/10\/2022_07_30-AWARDS_FISM_2022-2-1.png","datePublished":"2023-10-15T18:55:39+00:00","dateModified":"2024-01-19T09:58:38+00:00","breadcrumb":{"@id":"https:\/\/escuelademagia.net\/perspectiva\/#breadcrumb"},"inLanguage":"ca-ES","potentialAction":[{"@type":"ReadAction","target":["https:\/\/escuelademagia.net\/perspectiva\/"]}]},{"@type":"ImageObject","inLanguage":"ca-ES","@id":"https:\/\/escuelademagia.net\/perspectiva\/#primaryimage","url":"http:\/\/escuelademagia.net\/wp-content\/uploads\/2023\/10\/2022_07_30-AWARDS_FISM_2022-2-1.png","contentUrl":"http:\/\/escuelademagia.net\/wp-content\/uploads\/2023\/10\/2022_07_30-AWARDS_FISM_2022-2-1.png"},{"@type":"BreadcrumbList","@id":"https:\/\/escuelademagia.net\/perspectiva\/#breadcrumb","itemListElement":[{"@type":"ListItem","position":1,"name":"Portada","item":"https:\/\/escuelademagia.net\/"},{"@type":"ListItem","position":2,"name":"PERSPECTIVA"}]},{"@type":"WebSite","@id":"https:\/\/escuelademagia.net\/#website","url":"https:\/\/escuelademagia.net\/","name":"{:es}Escuela de Magia{:}{:ca}Escola de M\u00e0gia{:}","description":"Escola de M&Atilde;&nbsp;gia a Barcelona per aficionats i profesionals","publisher":{"@id":"https:\/\/escuelademagia.net\/#organization"},"potentialAction":[{"@type":"SearchAction","target":{"@type":"EntryPoint","urlTemplate":"https:\/\/escuelademagia.net\/?s={search_term_string}"},"query-input":{"@type":"PropertyValueSpecification","valueRequired":true,"valueName":"search_term_string"}}],"inLanguage":"ca-ES"},{"@type":"Organization","@id":"https:\/\/escuelademagia.net\/#organization","name":"{:es}Escuela de Magia{:}{:ca}Escola de M\u00e0gia{:}","url":"https:\/\/escuelademagia.net\/","logo":{"@type":"ImageObject","inLanguage":"ca-ES","@id":"https:\/\/escuelademagia.net\/#\/schema\/logo\/image\/","url":"http:\/\/escuelademagia.net\/wp-content\/uploads\/2024\/10\/logo-3detrebol.jpg","contentUrl":"http:\/\/escuelademagia.net\/wp-content\/uploads\/2024\/10\/logo-3detrebol.jpg","width":669,"height":568,"caption":"{:es}Escuela de Magia{:}{:ca}Escola de M\u00e0gia{:}"},"image":{"@id":"https:\/\/escuelademagia.net\/#\/schema\/logo\/image\/"},"sameAs":["https:\/\/www.facebook.com\/escuela3detrebol","https:\/\/www.instagram.com\/escuelademagianet\/"]}]}},"_links":{"self":[{"href":"https:\/\/escuelademagia.net\/ca\/wp-json\/wp\/v2\/pages\/6644","targetHints":{"allow":["GET"]}}],"collection":[{"href":"https:\/\/escuelademagia.net\/ca\/wp-json\/wp\/v2\/pages"}],"about":[{"href":"https:\/\/escuelademagia.net\/ca\/wp-json\/wp\/v2\/types\/page"}],"author":[{"embeddable":true,"href":"https:\/\/escuelademagia.net\/ca\/wp-json\/wp\/v2\/users\/1"}],"replies":[{"embeddable":true,"href":"https:\/\/escuelademagia.net\/ca\/wp-json\/wp\/v2\/comments?post=6644"}],"version-history":[{"count":5,"href":"https:\/\/escuelademagia.net\/ca\/wp-json\/wp\/v2\/pages\/6644\/revisions"}],"predecessor-version":[{"id":6902,"href":"https:\/\/escuelademagia.net\/ca\/wp-json\/wp\/v2\/pages\/6644\/revisions\/6902"}],"wp:attachment":[{"href":"https:\/\/escuelademagia.net\/ca\/wp-json\/wp\/v2\/media?parent=6644"}],"curies":[{"name":"wp","href":"https:\/\/api.w.org\/{rel}","templated":true}]}}