{"id":6650,"date":"2023-10-16T17:09:19","date_gmt":"2023-10-16T17:09:19","guid":{"rendered":"https:\/\/escuelademagia.net\/?page_id=6650"},"modified":"2023-11-05T11:13:21","modified_gmt":"2023-11-05T11:13:21","slug":"taller-de-magia-electronica","status":"publish","type":"page","link":"https:\/\/escuelademagia.net\/ca\/taller-de-magia-electronica\/","title":{"rendered":"TALLER DE MAGIA ELECTR\u00d3NICA"},"content":{"rendered":"\n<p class=\"wp-block-paragraph\"><strong>XAVIER TAPIES<\/strong><\/p>\n\n\n<div class=\"wp-block-image\">\n<figure class=\"aligncenter size-large is-resized\"><a href=\"http:\/\/escuelademagia.net\/wp-content\/uploads\/2023\/10\/1000014675.jpg\"><img loading=\"lazy\" decoding=\"async\" width=\"1024\" height=\"576\" src=\"http:\/\/escuelademagia.net\/wp-content\/uploads\/2023\/10\/1000014675-1024x576.jpg\" alt=\"\" class=\"wp-image-6701\" style=\"width:457px;height:auto\" srcset=\"https:\/\/escuelademagia.net\/wp-content\/uploads\/2023\/10\/1000014675-1024x576.jpg 1024w, https:\/\/escuelademagia.net\/wp-content\/uploads\/2023\/10\/1000014675-300x169.jpg 300w, https:\/\/escuelademagia.net\/wp-content\/uploads\/2023\/10\/1000014675-768x432.jpg 768w, https:\/\/escuelademagia.net\/wp-content\/uploads\/2023\/10\/1000014675-150x84.jpg 150w, https:\/\/escuelademagia.net\/wp-content\/uploads\/2023\/10\/1000014675.jpg 1150w\" sizes=\"auto, (max-width: 1024px) 100vw, 1024px\" \/><\/a><\/figure>\n<\/div>\n\n\n<p class=\"wp-block-paragraph\">En este momento la electr\u00f3nica ocupa sin lugar a duda un hito importante dentro de nuestro Arte. Creo que hay infinidad de efectos m\u00e1gicos que se apoyan en ella.<\/p>\n\n\n\n<p class=\"wp-block-paragraph\">Por eso hemos cre\u00eddo que era la hora de hacer un workshop (ostras como domino el ingl\u00e9s) de la electr\u00f3nica y sus aplicaciones m\u00e1gicas por eso hemos ido al mejor Xavier Tapies.<\/p>\n\n\n\n<p class=\"wp-block-paragraph\">\u00c9l lleva much\u00edsimos a\u00f1os en este mundo y conoce perfectamente los pros y las contras de su aplicaci\u00f3n.<\/p>\n\n\n\n<p class=\"wp-block-paragraph\">Si quer\u00e9is saber sobre temario pulsar <strong><a href=\"https:\/\/escuelademagia.net\/temario-del-taller\/\" target=\"_blank\" rel=\"noreferrer noopener\">aqu<\/a><\/strong>i<\/p>\n\n\n\n<p class=\"wp-block-paragraph\">El material necesario que ten\u00e9is que aportar <strong><a href=\"https:\/\/escuelademagia.net\/material-necesario\/\" target=\"_blank\" rel=\"noreferrer noopener\">aqu\u00ed<\/a><\/strong><\/p>\n\n\n\n<p class=\"has-vivid-red-color has-text-color has-link-color wp-elements-cc69fd63ab7117272a037a35e3c71200 wp-block-paragraph\"><strong>D\u00cdA: 11 -12 NOVIEMBRE 2023<\/strong><\/p>\n\n\n\n<p class=\"has-vivid-red-color has-text-color has-link-color wp-elements-1fbaa639cab5df048f1332fd2740b4fb wp-block-paragraph\"><strong>HORARIO: 15:30 h a 19:30 h y 10:00 h a 14:00 h<\/strong><\/p>\n\n\n\n<p class=\"has-vivid-red-color has-text-color has-link-color wp-elements-7d58f0e30b962cb3f62c9367769bfde5 wp-block-paragraph\"><strong>PRECIO: 120 <\/strong>\u20ac<\/p>\n\n\n\n<p class=\"wp-block-paragraph\">Para m\u00e1s informaci\u00f3n o reservas a trav\u00e9s de los tel\u00e9fonos <strong>696428407<\/strong> \u2013 <strong>932989572 <\/strong>o tambi\u00e9n pod\u00e9is comprar las entradas a trav\u00e9s de <strong>PayPal<\/strong> o <strong>tarjeta de cr\u00e9dito<\/strong> m\u00e1s abajo:<\/p>\n\n\n\n<form action=\"https:\/\/www.paypal.com\/cgi-bin\/webscr\" method=\"post\" target=\"_top\">\n  <input type=\"hidden\" name=\"cmd\" value=\"_s-xclick\" \/>\n  <input type=\"hidden\" name=\"hosted_button_id\" value=\"SRLM39QYL239N\" \/>\n  <table>\n    <tr>\n      <td>\n        <input type=\"hidden\" name=\"on0\" value=\"NUMERO DE ENTRADAS\"\/>\n        NUMERO DE ENTRADAS\n      <\/td>\n    <\/tr>\n    <tr>\n      <td>\n        <select name=\"os0\">\n          <option value=\"1 ENTRADA\">\n            1 ENTRADA 120,00 EUR\n          <\/option>\n          <option value=\"2 ENTRADAS\">\n            2 ENTRADAS 240,00 EUR\n          <\/option>\n        <\/select>\n      <\/td>\n    <\/tr>\n    <tr>\n      <td>\n        <input type=\"hidden\" name=\"on1\" value=\"NOMBRE Y APELLIDOS\"\/>\n        NOMBRE Y APELLIDOS\n      <\/td>\n    <\/tr>\n    <tr>\n      <td>\n        <input type=\"text\" name=\"os1\" maxLength=\"200\" \/>\n      <\/td>\n    <\/tr>\n  <\/table>\n  <input type=\"hidden\" name=\"currency_code\" value=\"EUR\" \/>\n  <input type=\"image\" src=\"https:\/\/www.paypalobjects.com\/es_ES\/i\/btn\/btn_buynowCC_LG.gif\" border=\"0\" name=\"submit\" title=\"PayPal, la forma r\u00e1pida y segura de pagar en Internet.\" alt=\"Comprar ahora\" \/>\n<\/form>\n","protected":false},"excerpt":{"rendered":"<p class=\"continue-reading-button\"> <a class=\"continue-reading-link\" href=\"https:\/\/escuelademagia.net\/ca\/taller-de-magia-electronica\/\"><i class=\"crycon-right-dir\"><\/i><\/a><\/p>\n","protected":false},"author":1,"featured_media":0,"parent":0,"menu_order":0,"comment_status":"closed","ping_status":"closed","template":"","meta":{"_crdt_document":"","footnotes":""},"class_list":["post-6650","page","type-page","status-publish","hentry"],"translation":{"provider":"WPGlobus","version":"3.0.2","language":"ca","enabled_languages":["es","ca"],"languages":{"es":{"title":true,"content":true,"excerpt":false},"ca":{"title":false,"content":false,"excerpt":false}}},"yoast_head":"<!-- This site is optimized with the Yoast SEO plugin v27.5 - https:\/\/yoast.com\/product\/yoast-seo-wordpress\/ -->\n<title>TALLER DE MAGIA ELECTR\u00d3NICA - Escuela de Magia<\/title>\n<meta name=\"robots\" content=\"index, follow, max-snippet:-1, max-image-preview:large, max-video-preview:-1\" \/>\n<link rel=\"canonical\" href=\"https:\/\/escuelademagia.net\/taller-de-magia-electronica\/\" \/>\n<meta property=\"og:locale\" content=\"ca_ES\" \/>\n<meta property=\"og:type\" content=\"article\" \/>\n<meta property=\"og:title\" content=\"TALLER DE MAGIA ELECTR\u00d3NICA - Escuela de Magia\" \/>\n<meta property=\"og:url\" content=\"https:\/\/escuelademagia.net\/taller-de-magia-electronica\/\" \/>\n<meta property=\"og:site_name\" content=\"Escuela de Magia\" \/>\n<meta property=\"article:publisher\" content=\"https:\/\/www.facebook.com\/escuela3detrebol\" \/>\n<meta property=\"article:modified_time\" content=\"2023-11-05T11:13:21+00:00\" \/>\n<meta property=\"og:image\" content=\"http:\/\/escuelademagia.net\/wp-content\/uploads\/2023\/10\/1000014675-1024x576.jpg\" \/>\n<meta name=\"twitter:card\" content=\"summary_large_image\" \/>\n<meta name=\"twitter:label1\" content=\"Est. reading time\" \/>\n\t<meta name=\"twitter:data1\" content=\"1 minute\" \/>\n<script type=\"application\/ld+json\" class=\"yoast-schema-graph\">{\"@context\":\"https:\\\/\\\/schema.org\",\"@graph\":[{\"@type\":\"WebPage\",\"@id\":\"https:\\\/\\\/escuelademagia.net\\\/taller-de-magia-electronica\\\/\",\"url\":\"https:\\\/\\\/escuelademagia.net\\\/taller-de-magia-electronica\\\/\",\"name\":\"TALLER DE MAGIA ELECTR\u00d3NICA - Escuela de Magia\",\"isPartOf\":{\"@id\":\"https:\\\/\\\/escuelademagia.net\\\/#website\"},\"primaryImageOfPage\":{\"@id\":\"https:\\\/\\\/escuelademagia.net\\\/taller-de-magia-electronica\\\/#primaryimage\"},\"image\":{\"@id\":\"https:\\\/\\\/escuelademagia.net\\\/taller-de-magia-electronica\\\/#primaryimage\"},\"thumbnailUrl\":\"http:\\\/\\\/escuelademagia.net\\\/wp-content\\\/uploads\\\/2023\\\/10\\\/1000014675-1024x576.jpg\",\"datePublished\":\"2023-10-16T17:09:19+00:00\",\"dateModified\":\"2023-11-05T11:13:21+00:00\",\"breadcrumb\":{\"@id\":\"https:\\\/\\\/escuelademagia.net\\\/taller-de-magia-electronica\\\/#breadcrumb\"},\"inLanguage\":\"ca-ES\",\"potentialAction\":[{\"@type\":\"ReadAction\",\"target\":[\"https:\\\/\\\/escuelademagia.net\\\/taller-de-magia-electronica\\\/\"]}]},{\"@type\":\"ImageObject\",\"inLanguage\":\"ca-ES\",\"@id\":\"https:\\\/\\\/escuelademagia.net\\\/taller-de-magia-electronica\\\/#primaryimage\",\"url\":\"http:\\\/\\\/escuelademagia.net\\\/wp-content\\\/uploads\\\/2023\\\/10\\\/1000014675-1024x576.jpg\",\"contentUrl\":\"http:\\\/\\\/escuelademagia.net\\\/wp-content\\\/uploads\\\/2023\\\/10\\\/1000014675-1024x576.jpg\"},{\"@type\":\"BreadcrumbList\",\"@id\":\"https:\\\/\\\/escuelademagia.net\\\/taller-de-magia-electronica\\\/#breadcrumb\",\"itemListElement\":[{\"@type\":\"ListItem\",\"position\":1,\"name\":\"Portada\",\"item\":\"https:\\\/\\\/escuelademagia.net\\\/\"},{\"@type\":\"ListItem\",\"position\":2,\"name\":\"TALLER DE MAGIA ELECTR\u00d3NICA\"}]},{\"@type\":\"WebSite\",\"@id\":\"https:\\\/\\\/escuelademagia.net\\\/#website\",\"url\":\"https:\\\/\\\/escuelademagia.net\\\/\",\"name\":\"{:es}Escuela de Magia{:}{:ca}Escola de M\u00e0gia{:}\",\"description\":\"Escola de M&Atilde;&nbsp;gia a Barcelona per aficionats i profesionals\",\"publisher\":{\"@id\":\"https:\\\/\\\/escuelademagia.net\\\/#organization\"},\"potentialAction\":[{\"@type\":\"SearchAction\",\"target\":{\"@type\":\"EntryPoint\",\"urlTemplate\":\"https:\\\/\\\/escuelademagia.net\\\/?s={search_term_string}\"},\"query-input\":{\"@type\":\"PropertyValueSpecification\",\"valueRequired\":true,\"valueName\":\"search_term_string\"}}],\"inLanguage\":\"ca-ES\"},{\"@type\":\"Organization\",\"@id\":\"https:\\\/\\\/escuelademagia.net\\\/#organization\",\"name\":\"{:es}Escuela de Magia{:}{:ca}Escola de M\u00e0gia{:}\",\"url\":\"https:\\\/\\\/escuelademagia.net\\\/\",\"logo\":{\"@type\":\"ImageObject\",\"inLanguage\":\"ca-ES\",\"@id\":\"https:\\\/\\\/escuelademagia.net\\\/#\\\/schema\\\/logo\\\/image\\\/\",\"url\":\"http:\\\/\\\/escuelademagia.net\\\/wp-content\\\/uploads\\\/2024\\\/10\\\/logo-3detrebol.jpg\",\"contentUrl\":\"http:\\\/\\\/escuelademagia.net\\\/wp-content\\\/uploads\\\/2024\\\/10\\\/logo-3detrebol.jpg\",\"width\":669,\"height\":568,\"caption\":\"{:es}Escuela de Magia{:}{:ca}Escola de M\u00e0gia{:}\"},\"image\":{\"@id\":\"https:\\\/\\\/escuelademagia.net\\\/#\\\/schema\\\/logo\\\/image\\\/\"},\"sameAs\":[\"https:\\\/\\\/www.facebook.com\\\/escuela3detrebol\",\"https:\\\/\\\/www.instagram.com\\\/escuelademagianet\\\/\"]}]}<\/script>\n<!-- \/ Yoast SEO plugin. -->","yoast_head_json":{"title":"TALLER DE MAGIA ELECTR\u00d3NICA - Escuela de Magia","robots":{"index":"index","follow":"follow","max-snippet":"max-snippet:-1","max-image-preview":"max-image-preview:large","max-video-preview":"max-video-preview:-1"},"canonical":"https:\/\/escuelademagia.net\/taller-de-magia-electronica\/","og_locale":"ca_ES","og_type":"article","og_title":"TALLER DE MAGIA ELECTR\u00d3NICA - Escuela de Magia","og_url":"https:\/\/escuelademagia.net\/taller-de-magia-electronica\/","og_site_name":"Escuela de Magia","article_publisher":"https:\/\/www.facebook.com\/escuela3detrebol","article_modified_time":"2023-11-05T11:13:21+00:00","og_image":[{"url":"http:\/\/escuelademagia.net\/wp-content\/uploads\/2023\/10\/1000014675-1024x576.jpg","type":"","width":"","height":""}],"twitter_card":"summary_large_image","twitter_misc":{"Est. reading time":"1 minute"},"schema":{"@context":"https:\/\/schema.org","@graph":[{"@type":"WebPage","@id":"https:\/\/escuelademagia.net\/taller-de-magia-electronica\/","url":"https:\/\/escuelademagia.net\/taller-de-magia-electronica\/","name":"TALLER DE MAGIA ELECTR\u00d3NICA - Escuela de Magia","isPartOf":{"@id":"https:\/\/escuelademagia.net\/#website"},"primaryImageOfPage":{"@id":"https:\/\/escuelademagia.net\/taller-de-magia-electronica\/#primaryimage"},"image":{"@id":"https:\/\/escuelademagia.net\/taller-de-magia-electronica\/#primaryimage"},"thumbnailUrl":"http:\/\/escuelademagia.net\/wp-content\/uploads\/2023\/10\/1000014675-1024x576.jpg","datePublished":"2023-10-16T17:09:19+00:00","dateModified":"2023-11-05T11:13:21+00:00","breadcrumb":{"@id":"https:\/\/escuelademagia.net\/taller-de-magia-electronica\/#breadcrumb"},"inLanguage":"ca-ES","potentialAction":[{"@type":"ReadAction","target":["https:\/\/escuelademagia.net\/taller-de-magia-electronica\/"]}]},{"@type":"ImageObject","inLanguage":"ca-ES","@id":"https:\/\/escuelademagia.net\/taller-de-magia-electronica\/#primaryimage","url":"http:\/\/escuelademagia.net\/wp-content\/uploads\/2023\/10\/1000014675-1024x576.jpg","contentUrl":"http:\/\/escuelademagia.net\/wp-content\/uploads\/2023\/10\/1000014675-1024x576.jpg"},{"@type":"BreadcrumbList","@id":"https:\/\/escuelademagia.net\/taller-de-magia-electronica\/#breadcrumb","itemListElement":[{"@type":"ListItem","position":1,"name":"Portada","item":"https:\/\/escuelademagia.net\/"},{"@type":"ListItem","position":2,"name":"TALLER DE MAGIA ELECTR\u00d3NICA"}]},{"@type":"WebSite","@id":"https:\/\/escuelademagia.net\/#website","url":"https:\/\/escuelademagia.net\/","name":"{:es}Escuela de Magia{:}{:ca}Escola de M\u00e0gia{:}","description":"Escola de M&Atilde;&nbsp;gia a Barcelona per aficionats i profesionals","publisher":{"@id":"https:\/\/escuelademagia.net\/#organization"},"potentialAction":[{"@type":"SearchAction","target":{"@type":"EntryPoint","urlTemplate":"https:\/\/escuelademagia.net\/?s={search_term_string}"},"query-input":{"@type":"PropertyValueSpecification","valueRequired":true,"valueName":"search_term_string"}}],"inLanguage":"ca-ES"},{"@type":"Organization","@id":"https:\/\/escuelademagia.net\/#organization","name":"{:es}Escuela de Magia{:}{:ca}Escola de M\u00e0gia{:}","url":"https:\/\/escuelademagia.net\/","logo":{"@type":"ImageObject","inLanguage":"ca-ES","@id":"https:\/\/escuelademagia.net\/#\/schema\/logo\/image\/","url":"http:\/\/escuelademagia.net\/wp-content\/uploads\/2024\/10\/logo-3detrebol.jpg","contentUrl":"http:\/\/escuelademagia.net\/wp-content\/uploads\/2024\/10\/logo-3detrebol.jpg","width":669,"height":568,"caption":"{:es}Escuela de Magia{:}{:ca}Escola de M\u00e0gia{:}"},"image":{"@id":"https:\/\/escuelademagia.net\/#\/schema\/logo\/image\/"},"sameAs":["https:\/\/www.facebook.com\/escuela3detrebol","https:\/\/www.instagram.com\/escuelademagianet\/"]}]}},"_links":{"self":[{"href":"https:\/\/escuelademagia.net\/ca\/wp-json\/wp\/v2\/pages\/6650","targetHints":{"allow":["GET"]}}],"collection":[{"href":"https:\/\/escuelademagia.net\/ca\/wp-json\/wp\/v2\/pages"}],"about":[{"href":"https:\/\/escuelademagia.net\/ca\/wp-json\/wp\/v2\/types\/page"}],"author":[{"embeddable":true,"href":"https:\/\/escuelademagia.net\/ca\/wp-json\/wp\/v2\/users\/1"}],"replies":[{"embeddable":true,"href":"https:\/\/escuelademagia.net\/ca\/wp-json\/wp\/v2\/comments?post=6650"}],"version-history":[{"count":8,"href":"https:\/\/escuelademagia.net\/ca\/wp-json\/wp\/v2\/pages\/6650\/revisions"}],"predecessor-version":[{"id":6728,"href":"https:\/\/escuelademagia.net\/ca\/wp-json\/wp\/v2\/pages\/6650\/revisions\/6728"}],"wp:attachment":[{"href":"https:\/\/escuelademagia.net\/ca\/wp-json\/wp\/v2\/media?parent=6650"}],"curies":[{"name":"wp","href":"https:\/\/api.w.org\/{rel}","templated":true}]}}