{"id":6659,"date":"2023-10-24T20:09:13","date_gmt":"2023-10-24T20:09:13","guid":{"rendered":"https:\/\/escuelademagia.net\/?page_id=6659"},"modified":"2023-10-25T09:44:33","modified_gmt":"2023-10-25T09:44:33","slug":"zozobra-en-retazos","status":"publish","type":"page","link":"https:\/\/escuelademagia.net\/ca\/zozobra-en-retazos\/","title":{"rendered":"ZOZOBRA EN RETAZOS"},"content":{"rendered":"\n<p class=\"has-vivid-red-color has-text-color has-link-color has-medium-font-size wp-elements-c195958fa640a777740e8bfc311b7d7d wp-block-paragraph\"><strong>IVAN FERN\u00c1NDEZ<\/strong><\/p>\n\n\n\n<p class=\"wp-block-paragraph\">Zozobra en retazos es mi \u00f3pera prima donde a partir de la variedad de objetos y momentos se pretende llegar a completar una figura: la de la persona.<\/p>\n\n\n\n<p class=\"wp-block-paragraph\">\u00bfEs entonces, la fragmentaci\u00f3n la v\u00eda para vislumbrar el ser\u2026?<br>Un espect\u00e1culo de magia, humor y muchas palabras para reflexionar, divertirse y conocer al artista.<\/p>\n\n\n<div class=\"wp-block-image\">\n<figure class=\"aligncenter size-large is-resized\"><a href=\"http:\/\/escuelademagia.net\/wp-content\/uploads\/2023\/10\/ivan.jpg\"><img loading=\"lazy\" decoding=\"async\" width=\"771\" height=\"1024\" src=\"http:\/\/escuelademagia.net\/wp-content\/uploads\/2023\/10\/ivan-771x1024.jpg\" alt=\"\" class=\"wp-image-6660\" style=\"width:373px;height:auto\" srcset=\"https:\/\/escuelademagia.net\/wp-content\/uploads\/2023\/10\/ivan-771x1024.jpg 771w, https:\/\/escuelademagia.net\/wp-content\/uploads\/2023\/10\/ivan-226x300.jpg 226w, https:\/\/escuelademagia.net\/wp-content\/uploads\/2023\/10\/ivan-768x1020.jpg 768w, https:\/\/escuelademagia.net\/wp-content\/uploads\/2023\/10\/ivan-113x150.jpg 113w, https:\/\/escuelademagia.net\/wp-content\/uploads\/2023\/10\/ivan.jpg 866w\" sizes=\"auto, (max-width: 771px) 100vw, 771px\" \/><\/a><\/figure>\n<\/div>\n\n\n<p class=\"wp-block-paragraph\"> <\/p>\n\n\n\n<p class=\"has-vivid-red-color has-text-color has-link-color wp-elements-003cd696972ebe7134845ba81846ce23 wp-block-paragraph\"><strong>D\u00cdAS  2 &#8211; 9 &#8211; 16 &#8211; 23 &#8211; 30 de NOVIEMBRE 2023<\/strong><br><strong>HORARIO: 20:30 h<\/strong><br><strong>PRECIO: 15 \u20ac<\/strong> <strong>(socios A3T y alumnos y ex-alumnos 12 \u20ac)<\/strong><\/p>\n\n\n\n<p class=\"wp-block-paragraph\">Para informaci\u00f3n o reservas tel\u00e9fonos 696428407 o 932989572 o bien puedes comprar tus entradas a trav\u00e9s de<strong> PAYPAL<\/strong> o <strong>TARJETA DE CR\u00c9DITO<\/strong><\/p>\n\n\n\n<form action=\"https:\/\/www.paypal.com\/cgi-bin\/webscr\" method=\"post\" target=\"_top\">\n  <input type=\"hidden\" name=\"cmd\" value=\"_s-xclick\" \/>\n  <input type=\"hidden\" name=\"hosted_button_id\" value=\"QGA3GMZP3PJXS\" \/>\n  <table>\n    <tr>\n      <td>\n        <input type=\"hidden\" name=\"on0\" value=\"NUMERO ENTRADAS\"\/>\n        NUMERO ENTRADAS\n      <\/td>\n    <\/tr>\n    <tr>\n      <td>\n        <select name=\"os0\">\n          <option value=\"1 ENTRADA\">\n            1 ENTRADA 15,00 EUR\n          <\/option>\n          <option value=\"2 ENTRADAS\">\n            2 ENTRADAS 30,00 EUR\n          <\/option>\n          <option value=\"3 ENTRADAS\">\n            3 ENTRADAS 45,00 EUR\n          <\/option>\n          <option value=\"4 ENTRADAS\">\n            4 ENTRADAS 60,00 EUR\n          <\/option>\n        <\/select>\n      <\/td>\n    <\/tr>\n    <tr>\n      <td>\n        <input type=\"hidden\" name=\"on1\" value=\"DIA  DEL SHOW\"\/>\n        DIA  DEL SHOW\n      <\/td>\n    <\/tr>\n    <tr>\n      <td>\n        <select name=\"os1\">\n          <option value=\"DIA 2 NOVIEMBRE 2023\">\n            DIA 2 NOVIEMBRE 2023\n          <\/option>\n          <option value=\"DIA 9 NOVIEMBRE 2023\">\n            DIA 9 NOVIEMBRE 2023\n          <\/option>\n          <option value=\"DIA 16 NOVIEMBRE 2023\">\n            DIA 16 NOVIEMBRE 2023\n          <\/option>\n          <option value=\"DIA 23 NOVIEMBRE 2023\">\n            DIA 23 NOVIEMBRE 2023\n          <\/option>\n          <option value=\"DIA 30 NOVIEMBRE 2023\">\n            DIA 30 NOVIEMBRE 2023\n          <\/option>\n        <\/select>\n      <\/td>\n    <\/tr>\n    <tr>\n      <td>\n        <input type=\"hidden\" name=\"on2\" value=\"NOMBRE Y APELLIDOS\"\/>\n        NOMBRE Y APELLIDOS\n      <\/td>\n    <\/tr>\n    <tr>\n      <td>\n        <input type=\"text\" name=\"os2\" maxLength=\"200\" \/>\n      <\/td>\n    <\/tr>\n  <\/table>\n  <input type=\"hidden\" name=\"currency_code\" value=\"EUR\" \/>\n  <input type=\"image\" src=\"https:\/\/www.paypalobjects.com\/es_ES\/i\/btn\/btn_buynowCC_LG.gif\" border=\"0\" name=\"submit\" title=\"PayPal, la forma r\u00e1pida y segura de pagar en Internet.\" alt=\"Comprar ahora\" \/>\n<\/form>\n","protected":false},"excerpt":{"rendered":"<p class=\"continue-reading-button\"> <a class=\"continue-reading-link\" href=\"https:\/\/escuelademagia.net\/ca\/zozobra-en-retazos\/\"><i class=\"crycon-right-dir\"><\/i><\/a><\/p>\n","protected":false},"author":1,"featured_media":0,"parent":0,"menu_order":0,"comment_status":"closed","ping_status":"closed","template":"","meta":{"_crdt_document":"","footnotes":""},"class_list":["post-6659","page","type-page","status-publish","hentry"],"translation":{"provider":"WPGlobus","version":"3.0.2","language":"ca","enabled_languages":["es","ca"],"languages":{"es":{"title":true,"content":true,"excerpt":false},"ca":{"title":false,"content":false,"excerpt":false}}},"yoast_head":"<!-- This site is optimized with the Yoast SEO plugin v27.5 - https:\/\/yoast.com\/product\/yoast-seo-wordpress\/ -->\n<title>ZOZOBRA EN RETAZOS - Escuela de Magia<\/title>\n<meta name=\"robots\" content=\"index, follow, max-snippet:-1, max-image-preview:large, max-video-preview:-1\" \/>\n<link rel=\"canonical\" href=\"https:\/\/escuelademagia.net\/zozobra-en-retazos\/\" \/>\n<meta property=\"og:locale\" content=\"ca_ES\" \/>\n<meta property=\"og:type\" content=\"article\" \/>\n<meta property=\"og:title\" content=\"ZOZOBRA EN RETAZOS - Escuela de Magia\" \/>\n<meta property=\"og:url\" content=\"https:\/\/escuelademagia.net\/zozobra-en-retazos\/\" \/>\n<meta property=\"og:site_name\" content=\"Escuela de Magia\" \/>\n<meta property=\"article:publisher\" content=\"https:\/\/www.facebook.com\/escuela3detrebol\" \/>\n<meta property=\"article:modified_time\" content=\"2023-10-25T09:44:33+00:00\" \/>\n<meta property=\"og:image\" content=\"http:\/\/escuelademagia.net\/wp-content\/uploads\/2023\/10\/ivan-771x1024.jpg\" \/>\n<meta name=\"twitter:card\" content=\"summary_large_image\" \/>\n<meta name=\"twitter:label1\" content=\"Est. reading time\" \/>\n\t<meta name=\"twitter:data1\" content=\"1 minute\" \/>\n<script type=\"application\/ld+json\" class=\"yoast-schema-graph\">{\"@context\":\"https:\\\/\\\/schema.org\",\"@graph\":[{\"@type\":\"WebPage\",\"@id\":\"https:\\\/\\\/escuelademagia.net\\\/zozobra-en-retazos\\\/\",\"url\":\"https:\\\/\\\/escuelademagia.net\\\/zozobra-en-retazos\\\/\",\"name\":\"ZOZOBRA EN RETAZOS - Escuela de Magia\",\"isPartOf\":{\"@id\":\"https:\\\/\\\/escuelademagia.net\\\/#website\"},\"primaryImageOfPage\":{\"@id\":\"https:\\\/\\\/escuelademagia.net\\\/zozobra-en-retazos\\\/#primaryimage\"},\"image\":{\"@id\":\"https:\\\/\\\/escuelademagia.net\\\/zozobra-en-retazos\\\/#primaryimage\"},\"thumbnailUrl\":\"http:\\\/\\\/escuelademagia.net\\\/wp-content\\\/uploads\\\/2023\\\/10\\\/ivan-771x1024.jpg\",\"datePublished\":\"2023-10-24T20:09:13+00:00\",\"dateModified\":\"2023-10-25T09:44:33+00:00\",\"breadcrumb\":{\"@id\":\"https:\\\/\\\/escuelademagia.net\\\/zozobra-en-retazos\\\/#breadcrumb\"},\"inLanguage\":\"ca-ES\",\"potentialAction\":[{\"@type\":\"ReadAction\",\"target\":[\"https:\\\/\\\/escuelademagia.net\\\/zozobra-en-retazos\\\/\"]}]},{\"@type\":\"ImageObject\",\"inLanguage\":\"ca-ES\",\"@id\":\"https:\\\/\\\/escuelademagia.net\\\/zozobra-en-retazos\\\/#primaryimage\",\"url\":\"http:\\\/\\\/escuelademagia.net\\\/wp-content\\\/uploads\\\/2023\\\/10\\\/ivan-771x1024.jpg\",\"contentUrl\":\"http:\\\/\\\/escuelademagia.net\\\/wp-content\\\/uploads\\\/2023\\\/10\\\/ivan-771x1024.jpg\"},{\"@type\":\"BreadcrumbList\",\"@id\":\"https:\\\/\\\/escuelademagia.net\\\/zozobra-en-retazos\\\/#breadcrumb\",\"itemListElement\":[{\"@type\":\"ListItem\",\"position\":1,\"name\":\"Portada\",\"item\":\"https:\\\/\\\/escuelademagia.net\\\/\"},{\"@type\":\"ListItem\",\"position\":2,\"name\":\"ZOZOBRA EN RETAZOS\"}]},{\"@type\":\"WebSite\",\"@id\":\"https:\\\/\\\/escuelademagia.net\\\/#website\",\"url\":\"https:\\\/\\\/escuelademagia.net\\\/\",\"name\":\"{:es}Escuela de Magia{:}{:ca}Escola de M\u00e0gia{:}\",\"description\":\"Escola de M&Atilde;&nbsp;gia a Barcelona per aficionats i profesionals\",\"publisher\":{\"@id\":\"https:\\\/\\\/escuelademagia.net\\\/#organization\"},\"potentialAction\":[{\"@type\":\"SearchAction\",\"target\":{\"@type\":\"EntryPoint\",\"urlTemplate\":\"https:\\\/\\\/escuelademagia.net\\\/?s={search_term_string}\"},\"query-input\":{\"@type\":\"PropertyValueSpecification\",\"valueRequired\":true,\"valueName\":\"search_term_string\"}}],\"inLanguage\":\"ca-ES\"},{\"@type\":\"Organization\",\"@id\":\"https:\\\/\\\/escuelademagia.net\\\/#organization\",\"name\":\"{:es}Escuela de Magia{:}{:ca}Escola de M\u00e0gia{:}\",\"url\":\"https:\\\/\\\/escuelademagia.net\\\/\",\"logo\":{\"@type\":\"ImageObject\",\"inLanguage\":\"ca-ES\",\"@id\":\"https:\\\/\\\/escuelademagia.net\\\/#\\\/schema\\\/logo\\\/image\\\/\",\"url\":\"http:\\\/\\\/escuelademagia.net\\\/wp-content\\\/uploads\\\/2024\\\/10\\\/logo-3detrebol.jpg\",\"contentUrl\":\"http:\\\/\\\/escuelademagia.net\\\/wp-content\\\/uploads\\\/2024\\\/10\\\/logo-3detrebol.jpg\",\"width\":669,\"height\":568,\"caption\":\"{:es}Escuela de Magia{:}{:ca}Escola de M\u00e0gia{:}\"},\"image\":{\"@id\":\"https:\\\/\\\/escuelademagia.net\\\/#\\\/schema\\\/logo\\\/image\\\/\"},\"sameAs\":[\"https:\\\/\\\/www.facebook.com\\\/escuela3detrebol\",\"https:\\\/\\\/www.instagram.com\\\/escuelademagianet\\\/\"]}]}<\/script>\n<!-- \/ Yoast SEO plugin. -->","yoast_head_json":{"title":"ZOZOBRA EN RETAZOS - Escuela de Magia","robots":{"index":"index","follow":"follow","max-snippet":"max-snippet:-1","max-image-preview":"max-image-preview:large","max-video-preview":"max-video-preview:-1"},"canonical":"https:\/\/escuelademagia.net\/zozobra-en-retazos\/","og_locale":"ca_ES","og_type":"article","og_title":"ZOZOBRA EN RETAZOS - Escuela de Magia","og_url":"https:\/\/escuelademagia.net\/zozobra-en-retazos\/","og_site_name":"Escuela de Magia","article_publisher":"https:\/\/www.facebook.com\/escuela3detrebol","article_modified_time":"2023-10-25T09:44:33+00:00","og_image":[{"url":"http:\/\/escuelademagia.net\/wp-content\/uploads\/2023\/10\/ivan-771x1024.jpg","type":"","width":"","height":""}],"twitter_card":"summary_large_image","twitter_misc":{"Est. reading time":"1 minute"},"schema":{"@context":"https:\/\/schema.org","@graph":[{"@type":"WebPage","@id":"https:\/\/escuelademagia.net\/zozobra-en-retazos\/","url":"https:\/\/escuelademagia.net\/zozobra-en-retazos\/","name":"ZOZOBRA EN RETAZOS - Escuela de Magia","isPartOf":{"@id":"https:\/\/escuelademagia.net\/#website"},"primaryImageOfPage":{"@id":"https:\/\/escuelademagia.net\/zozobra-en-retazos\/#primaryimage"},"image":{"@id":"https:\/\/escuelademagia.net\/zozobra-en-retazos\/#primaryimage"},"thumbnailUrl":"http:\/\/escuelademagia.net\/wp-content\/uploads\/2023\/10\/ivan-771x1024.jpg","datePublished":"2023-10-24T20:09:13+00:00","dateModified":"2023-10-25T09:44:33+00:00","breadcrumb":{"@id":"https:\/\/escuelademagia.net\/zozobra-en-retazos\/#breadcrumb"},"inLanguage":"ca-ES","potentialAction":[{"@type":"ReadAction","target":["https:\/\/escuelademagia.net\/zozobra-en-retazos\/"]}]},{"@type":"ImageObject","inLanguage":"ca-ES","@id":"https:\/\/escuelademagia.net\/zozobra-en-retazos\/#primaryimage","url":"http:\/\/escuelademagia.net\/wp-content\/uploads\/2023\/10\/ivan-771x1024.jpg","contentUrl":"http:\/\/escuelademagia.net\/wp-content\/uploads\/2023\/10\/ivan-771x1024.jpg"},{"@type":"BreadcrumbList","@id":"https:\/\/escuelademagia.net\/zozobra-en-retazos\/#breadcrumb","itemListElement":[{"@type":"ListItem","position":1,"name":"Portada","item":"https:\/\/escuelademagia.net\/"},{"@type":"ListItem","position":2,"name":"ZOZOBRA EN RETAZOS"}]},{"@type":"WebSite","@id":"https:\/\/escuelademagia.net\/#website","url":"https:\/\/escuelademagia.net\/","name":"{:es}Escuela de Magia{:}{:ca}Escola de M\u00e0gia{:}","description":"Escola de M&Atilde;&nbsp;gia a Barcelona per aficionats i profesionals","publisher":{"@id":"https:\/\/escuelademagia.net\/#organization"},"potentialAction":[{"@type":"SearchAction","target":{"@type":"EntryPoint","urlTemplate":"https:\/\/escuelademagia.net\/?s={search_term_string}"},"query-input":{"@type":"PropertyValueSpecification","valueRequired":true,"valueName":"search_term_string"}}],"inLanguage":"ca-ES"},{"@type":"Organization","@id":"https:\/\/escuelademagia.net\/#organization","name":"{:es}Escuela de Magia{:}{:ca}Escola de M\u00e0gia{:}","url":"https:\/\/escuelademagia.net\/","logo":{"@type":"ImageObject","inLanguage":"ca-ES","@id":"https:\/\/escuelademagia.net\/#\/schema\/logo\/image\/","url":"http:\/\/escuelademagia.net\/wp-content\/uploads\/2024\/10\/logo-3detrebol.jpg","contentUrl":"http:\/\/escuelademagia.net\/wp-content\/uploads\/2024\/10\/logo-3detrebol.jpg","width":669,"height":568,"caption":"{:es}Escuela de Magia{:}{:ca}Escola de M\u00e0gia{:}"},"image":{"@id":"https:\/\/escuelademagia.net\/#\/schema\/logo\/image\/"},"sameAs":["https:\/\/www.facebook.com\/escuela3detrebol","https:\/\/www.instagram.com\/escuelademagianet\/"]}]}},"_links":{"self":[{"href":"https:\/\/escuelademagia.net\/ca\/wp-json\/wp\/v2\/pages\/6659","targetHints":{"allow":["GET"]}}],"collection":[{"href":"https:\/\/escuelademagia.net\/ca\/wp-json\/wp\/v2\/pages"}],"about":[{"href":"https:\/\/escuelademagia.net\/ca\/wp-json\/wp\/v2\/types\/page"}],"author":[{"embeddable":true,"href":"https:\/\/escuelademagia.net\/ca\/wp-json\/wp\/v2\/users\/1"}],"replies":[{"embeddable":true,"href":"https:\/\/escuelademagia.net\/ca\/wp-json\/wp\/v2\/comments?post=6659"}],"version-history":[{"count":3,"href":"https:\/\/escuelademagia.net\/ca\/wp-json\/wp\/v2\/pages\/6659\/revisions"}],"predecessor-version":[{"id":6664,"href":"https:\/\/escuelademagia.net\/ca\/wp-json\/wp\/v2\/pages\/6659\/revisions\/6664"}],"wp:attachment":[{"href":"https:\/\/escuelademagia.net\/ca\/wp-json\/wp\/v2\/media?parent=6659"}],"curies":[{"name":"wp","href":"https:\/\/api.w.org\/{rel}","templated":true}]}}