{"id":6858,"date":"2023-12-15T11:43:55","date_gmt":"2023-12-15T11:43:55","guid":{"rendered":"https:\/\/escuelademagia.net\/?page_id=6858"},"modified":"2023-12-15T11:46:29","modified_gmt":"2023-12-15T11:46:29","slug":"anahi-trebol","status":"publish","type":"page","link":"https:\/\/escuelademagia.net\/ca\/anahi-trebol\/","title":{"rendered":"Anahi trebol"},"content":{"rendered":"\n<p class=\"has-vivid-red-color has-text-color has-link-color has-large-font-size wp-elements-dbef46e6f1657796eb1154b66d0a81e7 wp-block-paragraph\"><strong>Illusion<\/strong>s<\/p>\n\n\n<div class=\"wp-block-image\">\n<figure class=\"aligncenter size-full is-resized\"><a href=\"http:\/\/escuelademagia.net\/wp-content\/uploads\/2023\/12\/anahi318x201.jpg\"><img loading=\"lazy\" decoding=\"async\" width=\"318\" height=\"201\" src=\"http:\/\/escuelademagia.net\/wp-content\/uploads\/2023\/12\/anahi318x201.jpg\" alt=\"\" class=\"wp-image-6859\" style=\"width:469px;height:auto\" srcset=\"https:\/\/escuelademagia.net\/wp-content\/uploads\/2023\/12\/anahi318x201.jpg 318w, https:\/\/escuelademagia.net\/wp-content\/uploads\/2023\/12\/anahi318x201-300x190.jpg 300w, https:\/\/escuelademagia.net\/wp-content\/uploads\/2023\/12\/anahi318x201-150x95.jpg 150w\" sizes=\"auto, (max-width: 318px) 100vw, 318px\" \/><\/a><\/figure>\n<\/div>\n\n\n<p class=\"wp-block-paragraph\"><strong>ANAHI TR\u00c9BOL<\/strong> es una profesora de la Escuela y m\u00e1xima responsable de la formaci\u00f3n de muchos alumnos de la misma, y para esta ocasi\u00f3n nos trae un espect\u00e1culo basado en juegos cl\u00e1sicos y modernos con una presentaci\u00f3n siempre divertida.<br><strong>Es uno de los espect\u00e1culos imprescindibles en estas Navidades<\/strong><\/p>\n\n\n\n<p class=\"has-vivid-red-color has-text-color has-link-color wp-elements-0fe77a70f4df35b447641fe7c4ac100a wp-block-paragraph\"><strong>D\u00cdA:23 DE DICIEMBRE 2023 <\/strong><\/p>\n\n\n\n<p class=\"has-vivid-red-color has-text-color has-link-color wp-elements-c5d63e9126dd257a1a8e20cfb92b44d0 wp-block-paragraph\"><strong>HORARIO: DOS PASES 17:30 H Y 19:30 H<\/strong><\/p>\n\n\n\n<p class=\"has-vivid-red-color has-text-color has-link-color wp-elements-bd4b38129b2ee6350a25bd5a6ee70ae5 wp-block-paragraph\"><strong>PRECIO: 15 \u20ac (socios A3T y alumnos y exalumnos 12 \u20ac)<\/strong><\/p>\n\n\n\n<p class=\"wp-block-paragraph\">Para informaci\u00f3n o reservas tel\u00e9fonos 696428407 o 932989572 o bien puedes comprar tus entradas a trav\u00e9s de<strong> PAYPAL<\/strong> o <strong>TARJETA DE CR\u00c9DITO<\/strong><\/p>\n\n\n\n<form action=\"https:\/\/www.paypal.com\/cgi-bin\/webscr\" method=\"post\" target=\"_top\">\n  <input type=\"hidden\" name=\"cmd\" value=\"_s-xclick\" \/>\n  <input type=\"hidden\" name=\"hosted_button_id\" value=\"6XZPDR34CXVAS\" \/>\n  <table>\n    <tr>\n      <td>\n        <input type=\"hidden\" name=\"on0\" value=\"NUMERO ENTRADAS\"\/>\n        NUMERO ENTRADAS\n      <\/td>\n    <\/tr>\n    <tr>\n      <td>\n        <select name=\"os0\">\n          <option value=\"1 ENTRADA\">\n            1 ENTRADA \u20ac15.00 EUR\n          <\/option>\n          <option value=\"2 ENTRADAS\">\n            2 ENTRADAS \u20ac30.00 EUR\n          <\/option>\n          <option value=\"3 ENTRADAS\">\n            3 ENTRADAS \u20ac45.00 EUR\n          <\/option>\n          <option value=\"4 ENTRADAS\">\n            4 ENTRADAS \u20ac60.00 EUR\n          <\/option>\n        <\/select>\n      <\/td>\n    <\/tr>\n    <tr>\n      <td>\n        <input type=\"hidden\" name=\"on1\" value=\"HORARIO DEL SHOW\"\/>\n        HORARIO DEL SHOW\n      <\/td>\n    <\/tr>\n    <tr>\n      <td>\n        <select name=\"os1\">\n          <option value=\"DIA 23 DE DICIEMBRE A LAS 17:30 H\">\n            DIA 23 DE DICIEMBRE A LAS 17:30 H\n          <\/option>\n          <option value=\"DIA 23 DE DICIEMBRE A LAS 19:30 H\">\n            DIA 23 DE DICIEMBRE A LAS 19:30 H\n          <\/option>\n        <\/select>\n      <\/td>\n    <\/tr>\n    <tr>\n      <td>\n        <input type=\"hidden\" name=\"on2\" value=\"NOMBRE Y APELLIDOS\"\/>\n        NOMBRE Y APELLIDOS\n      <\/td>\n    <\/tr>\n    <tr>\n      <td>\n        <input type=\"text\" name=\"os2\" maxLength=\"200\" \/>\n      <\/td>\n    <\/tr>\n  <\/table>\n  <input type=\"hidden\" name=\"currency_code\" value=\"EUR\" \/>\n  <input type=\"image\" src=\"https:\/\/www.paypalobjects.com\/en_US\/i\/btn\/btn_buynowCC_LG.gif\" border=\"0\" name=\"submit\" title=\"PayPal - The safer, easier way to pay online!\" alt=\"Buy Now\" \/>\n<\/form>\n","protected":false},"excerpt":{"rendered":"<p class=\"continue-reading-button\"> <a class=\"continue-reading-link\" href=\"https:\/\/escuelademagia.net\/ca\/anahi-trebol\/\"><i class=\"crycon-right-dir\"><\/i><\/a><\/p>\n","protected":false},"author":1,"featured_media":0,"parent":0,"menu_order":0,"comment_status":"closed","ping_status":"closed","template":"","meta":{"_crdt_document":"","footnotes":""},"class_list":["post-6858","page","type-page","status-publish","hentry"],"translation":{"provider":"WPGlobus","version":"3.0.2","language":"ca","enabled_languages":["es","ca"],"languages":{"es":{"title":true,"content":true,"excerpt":false},"ca":{"title":false,"content":false,"excerpt":false}}},"yoast_head":"<!-- This site is optimized with the Yoast SEO plugin v27.4 - https:\/\/yoast.com\/product\/yoast-seo-wordpress\/ -->\n<title>Anahi trebol - Escuela de Magia<\/title>\n<meta name=\"robots\" content=\"index, follow, max-snippet:-1, max-image-preview:large, max-video-preview:-1\" \/>\n<link rel=\"canonical\" href=\"https:\/\/escuelademagia.net\/anahi-trebol\/\" \/>\n<meta property=\"og:locale\" content=\"ca_ES\" \/>\n<meta property=\"og:type\" content=\"article\" \/>\n<meta property=\"og:title\" content=\"Anahi trebol - Escuela de Magia\" \/>\n<meta property=\"og:url\" content=\"https:\/\/escuelademagia.net\/anahi-trebol\/\" \/>\n<meta property=\"og:site_name\" content=\"Escuela de Magia\" \/>\n<meta property=\"article:publisher\" content=\"https:\/\/www.facebook.com\/escuela3detrebol\" \/>\n<meta property=\"article:modified_time\" content=\"2023-12-15T11:46:29+00:00\" \/>\n<meta property=\"og:image\" content=\"http:\/\/escuelademagia.net\/wp-content\/uploads\/2023\/12\/anahi318x201.jpg\" \/>\n<meta name=\"twitter:card\" content=\"summary_large_image\" \/>\n<meta name=\"twitter:label1\" content=\"Est. reading time\" \/>\n\t<meta name=\"twitter:data1\" content=\"1 minute\" \/>\n<script type=\"application\/ld+json\" class=\"yoast-schema-graph\">{\"@context\":\"https:\\\/\\\/schema.org\",\"@graph\":[{\"@type\":\"WebPage\",\"@id\":\"https:\\\/\\\/escuelademagia.net\\\/anahi-trebol\\\/\",\"url\":\"https:\\\/\\\/escuelademagia.net\\\/anahi-trebol\\\/\",\"name\":\"Anahi trebol - Escuela de Magia\",\"isPartOf\":{\"@id\":\"https:\\\/\\\/escuelademagia.net\\\/#website\"},\"primaryImageOfPage\":{\"@id\":\"https:\\\/\\\/escuelademagia.net\\\/anahi-trebol\\\/#primaryimage\"},\"image\":{\"@id\":\"https:\\\/\\\/escuelademagia.net\\\/anahi-trebol\\\/#primaryimage\"},\"thumbnailUrl\":\"http:\\\/\\\/escuelademagia.net\\\/wp-content\\\/uploads\\\/2023\\\/12\\\/anahi318x201.jpg\",\"datePublished\":\"2023-12-15T11:43:55+00:00\",\"dateModified\":\"2023-12-15T11:46:29+00:00\",\"breadcrumb\":{\"@id\":\"https:\\\/\\\/escuelademagia.net\\\/anahi-trebol\\\/#breadcrumb\"},\"inLanguage\":\"ca-ES\",\"potentialAction\":[{\"@type\":\"ReadAction\",\"target\":[\"https:\\\/\\\/escuelademagia.net\\\/anahi-trebol\\\/\"]}]},{\"@type\":\"ImageObject\",\"inLanguage\":\"ca-ES\",\"@id\":\"https:\\\/\\\/escuelademagia.net\\\/anahi-trebol\\\/#primaryimage\",\"url\":\"http:\\\/\\\/escuelademagia.net\\\/wp-content\\\/uploads\\\/2023\\\/12\\\/anahi318x201.jpg\",\"contentUrl\":\"http:\\\/\\\/escuelademagia.net\\\/wp-content\\\/uploads\\\/2023\\\/12\\\/anahi318x201.jpg\"},{\"@type\":\"BreadcrumbList\",\"@id\":\"https:\\\/\\\/escuelademagia.net\\\/anahi-trebol\\\/#breadcrumb\",\"itemListElement\":[{\"@type\":\"ListItem\",\"position\":1,\"name\":\"Portada\",\"item\":\"https:\\\/\\\/escuelademagia.net\\\/\"},{\"@type\":\"ListItem\",\"position\":2,\"name\":\"Anahi trebol\"}]},{\"@type\":\"WebSite\",\"@id\":\"https:\\\/\\\/escuelademagia.net\\\/#website\",\"url\":\"https:\\\/\\\/escuelademagia.net\\\/\",\"name\":\"{:es}Escuela de Magia{:}{:ca}Escola de M\u00e0gia{:}\",\"description\":\"Escola de M&Atilde;&nbsp;gia a Barcelona per aficionats i profesionals\",\"publisher\":{\"@id\":\"https:\\\/\\\/escuelademagia.net\\\/#organization\"},\"potentialAction\":[{\"@type\":\"SearchAction\",\"target\":{\"@type\":\"EntryPoint\",\"urlTemplate\":\"https:\\\/\\\/escuelademagia.net\\\/?s={search_term_string}\"},\"query-input\":{\"@type\":\"PropertyValueSpecification\",\"valueRequired\":true,\"valueName\":\"search_term_string\"}}],\"inLanguage\":\"ca-ES\"},{\"@type\":\"Organization\",\"@id\":\"https:\\\/\\\/escuelademagia.net\\\/#organization\",\"name\":\"{:es}Escuela de Magia{:}{:ca}Escola de M\u00e0gia{:}\",\"url\":\"https:\\\/\\\/escuelademagia.net\\\/\",\"logo\":{\"@type\":\"ImageObject\",\"inLanguage\":\"ca-ES\",\"@id\":\"https:\\\/\\\/escuelademagia.net\\\/#\\\/schema\\\/logo\\\/image\\\/\",\"url\":\"http:\\\/\\\/escuelademagia.net\\\/wp-content\\\/uploads\\\/2024\\\/10\\\/logo-3detrebol.jpg\",\"contentUrl\":\"http:\\\/\\\/escuelademagia.net\\\/wp-content\\\/uploads\\\/2024\\\/10\\\/logo-3detrebol.jpg\",\"width\":669,\"height\":568,\"caption\":\"{:es}Escuela de Magia{:}{:ca}Escola de M\u00e0gia{:}\"},\"image\":{\"@id\":\"https:\\\/\\\/escuelademagia.net\\\/#\\\/schema\\\/logo\\\/image\\\/\"},\"sameAs\":[\"https:\\\/\\\/www.facebook.com\\\/escuela3detrebol\",\"https:\\\/\\\/www.instagram.com\\\/escuelademagianet\\\/\"]}]}<\/script>\n<!-- \/ Yoast SEO plugin. -->","yoast_head_json":{"title":"Anahi trebol - Escuela de Magia","robots":{"index":"index","follow":"follow","max-snippet":"max-snippet:-1","max-image-preview":"max-image-preview:large","max-video-preview":"max-video-preview:-1"},"canonical":"https:\/\/escuelademagia.net\/anahi-trebol\/","og_locale":"ca_ES","og_type":"article","og_title":"Anahi trebol - Escuela de Magia","og_url":"https:\/\/escuelademagia.net\/anahi-trebol\/","og_site_name":"Escuela de Magia","article_publisher":"https:\/\/www.facebook.com\/escuela3detrebol","article_modified_time":"2023-12-15T11:46:29+00:00","og_image":[{"url":"http:\/\/escuelademagia.net\/wp-content\/uploads\/2023\/12\/anahi318x201.jpg","type":"","width":"","height":""}],"twitter_card":"summary_large_image","twitter_misc":{"Est. reading time":"1 minute"},"schema":{"@context":"https:\/\/schema.org","@graph":[{"@type":"WebPage","@id":"https:\/\/escuelademagia.net\/anahi-trebol\/","url":"https:\/\/escuelademagia.net\/anahi-trebol\/","name":"Anahi trebol - Escuela de Magia","isPartOf":{"@id":"https:\/\/escuelademagia.net\/#website"},"primaryImageOfPage":{"@id":"https:\/\/escuelademagia.net\/anahi-trebol\/#primaryimage"},"image":{"@id":"https:\/\/escuelademagia.net\/anahi-trebol\/#primaryimage"},"thumbnailUrl":"http:\/\/escuelademagia.net\/wp-content\/uploads\/2023\/12\/anahi318x201.jpg","datePublished":"2023-12-15T11:43:55+00:00","dateModified":"2023-12-15T11:46:29+00:00","breadcrumb":{"@id":"https:\/\/escuelademagia.net\/anahi-trebol\/#breadcrumb"},"inLanguage":"ca-ES","potentialAction":[{"@type":"ReadAction","target":["https:\/\/escuelademagia.net\/anahi-trebol\/"]}]},{"@type":"ImageObject","inLanguage":"ca-ES","@id":"https:\/\/escuelademagia.net\/anahi-trebol\/#primaryimage","url":"http:\/\/escuelademagia.net\/wp-content\/uploads\/2023\/12\/anahi318x201.jpg","contentUrl":"http:\/\/escuelademagia.net\/wp-content\/uploads\/2023\/12\/anahi318x201.jpg"},{"@type":"BreadcrumbList","@id":"https:\/\/escuelademagia.net\/anahi-trebol\/#breadcrumb","itemListElement":[{"@type":"ListItem","position":1,"name":"Portada","item":"https:\/\/escuelademagia.net\/"},{"@type":"ListItem","position":2,"name":"Anahi trebol"}]},{"@type":"WebSite","@id":"https:\/\/escuelademagia.net\/#website","url":"https:\/\/escuelademagia.net\/","name":"{:es}Escuela de Magia{:}{:ca}Escola de M\u00e0gia{:}","description":"Escola de M&Atilde;&nbsp;gia a Barcelona per aficionats i profesionals","publisher":{"@id":"https:\/\/escuelademagia.net\/#organization"},"potentialAction":[{"@type":"SearchAction","target":{"@type":"EntryPoint","urlTemplate":"https:\/\/escuelademagia.net\/?s={search_term_string}"},"query-input":{"@type":"PropertyValueSpecification","valueRequired":true,"valueName":"search_term_string"}}],"inLanguage":"ca-ES"},{"@type":"Organization","@id":"https:\/\/escuelademagia.net\/#organization","name":"{:es}Escuela de Magia{:}{:ca}Escola de M\u00e0gia{:}","url":"https:\/\/escuelademagia.net\/","logo":{"@type":"ImageObject","inLanguage":"ca-ES","@id":"https:\/\/escuelademagia.net\/#\/schema\/logo\/image\/","url":"http:\/\/escuelademagia.net\/wp-content\/uploads\/2024\/10\/logo-3detrebol.jpg","contentUrl":"http:\/\/escuelademagia.net\/wp-content\/uploads\/2024\/10\/logo-3detrebol.jpg","width":669,"height":568,"caption":"{:es}Escuela de Magia{:}{:ca}Escola de M\u00e0gia{:}"},"image":{"@id":"https:\/\/escuelademagia.net\/#\/schema\/logo\/image\/"},"sameAs":["https:\/\/www.facebook.com\/escuela3detrebol","https:\/\/www.instagram.com\/escuelademagianet\/"]}]}},"_links":{"self":[{"href":"https:\/\/escuelademagia.net\/ca\/wp-json\/wp\/v2\/pages\/6858","targetHints":{"allow":["GET"]}}],"collection":[{"href":"https:\/\/escuelademagia.net\/ca\/wp-json\/wp\/v2\/pages"}],"about":[{"href":"https:\/\/escuelademagia.net\/ca\/wp-json\/wp\/v2\/types\/page"}],"author":[{"embeddable":true,"href":"https:\/\/escuelademagia.net\/ca\/wp-json\/wp\/v2\/users\/1"}],"replies":[{"embeddable":true,"href":"https:\/\/escuelademagia.net\/ca\/wp-json\/wp\/v2\/comments?post=6858"}],"version-history":[{"count":3,"href":"https:\/\/escuelademagia.net\/ca\/wp-json\/wp\/v2\/pages\/6858\/revisions"}],"predecessor-version":[{"id":6908,"href":"https:\/\/escuelademagia.net\/ca\/wp-json\/wp\/v2\/pages\/6858\/revisions\/6908"}],"wp:attachment":[{"href":"https:\/\/escuelademagia.net\/ca\/wp-json\/wp\/v2\/media?parent=6858"}],"curies":[{"name":"wp","href":"https:\/\/api.w.org\/{rel}","templated":true}]}}