{"id":6923,"date":"2024-01-29T20:27:02","date_gmt":"2024-01-29T20:27:02","guid":{"rendered":"https:\/\/escuelademagia.net\/?page_id=6923"},"modified":"2024-12-14T15:49:12","modified_gmt":"2024-12-14T15:49:12","slug":"taller-de-topit","status":"publish","type":"page","link":"https:\/\/escuelademagia.net\/ca\/taller-de-topit\/","title":{"rendered":"Taller de Hilos"},"content":{"rendered":"<p class=\"has-vivid-red-color has-text-color has-link-color has-medium-font-size\"><span style=\"color: #ff0000;\"><strong>SERGIO CISNEROS<\/strong><\/span><\/p>\r\n<p><!-- \/wp:post-content --><\/p>\r\n<p><!-- wp:image {\"id\":6925,\"sizeSlug\":\"full\",\"linkDestination\":\"media\",\"align\":\"center\"} --><\/p>\r\n<figure class=\"wp-block-image aligncenter size-full\"><a href=\"http:\/\/escuelademagia.net\/wp-content\/uploads\/2024\/12\/image2.png\"><img loading=\"lazy\" decoding=\"async\" class=\" wp-image-7605 aligncenter\" src=\"http:\/\/escuelademagia.net\/wp-content\/uploads\/2024\/12\/image2-169x300.png\" alt=\"\" width=\"218\" height=\"387\" srcset=\"https:\/\/escuelademagia.net\/wp-content\/uploads\/2024\/12\/image2-169x300.png 169w, https:\/\/escuelademagia.net\/wp-content\/uploads\/2024\/12\/image2-576x1024.png 576w, https:\/\/escuelademagia.net\/wp-content\/uploads\/2024\/12\/image2-84x150.png 84w, https:\/\/escuelademagia.net\/wp-content\/uploads\/2024\/12\/image2.png 647w\" sizes=\"auto, (max-width: 218px) 100vw, 218px\" \/><\/a><\/figure>\r\n<p><!-- \/wp:image --><\/p>\r\n<p><!-- wp:paragraph --><\/p>\r\n<p><strong>Sergio Cisneros<\/strong> naci\u00f3 en abril de 1978 en Zaragoza. Desde siempre supo que le gustaba la magia. Y desde los 16 a\u00f1os no ha parado de hacerla. Tiene dos premios nacionales que lo avalan en las especialidades de Manipulaci\u00f3n y Cartomagia.<\/p>\r\n<p><!-- \/wp:paragraph --><\/p>\r\n<p><!-- wp:paragraph --><\/p>\r\n<p>Sergio Cisneros,\u00a0 presenta su nuevo taller sobre hilos dirigido a magia de sal\u00f3n, escena y magia de cerca, separados por efectos y distintas t\u00e9cnicas, con buena bibliograf\u00eda hablando de\u00a0 autores sin dejarse nada en el tintero y comenzando desde el principio, simplificando la practica y haciendo resurgir incluso varios efectos, apartados por ser poco pr\u00e1cticos o inc\u00f3modos.<\/p>\r\n<p><!-- \/wp:paragraph --><\/p>\r\n<p><!-- wp:paragraph --><\/p>\r\n<p><!-- \/wp:paragraph --><\/p>\r\n<p><!-- wp:paragraph --><\/p>\r\n<p>Gesti\u00f3n de luces, objetos de poco peso, nada se interpone a esta arma de destrucci\u00f3n masiva <strong>EL HILO INVISIBLE<\/strong><\/p>\r\n<p><!-- \/wp:paragraph --><\/p>\r\n<p><!-- wp:html --><\/p>\r\n<p><!-- \/wp:html --><\/p>\r\n<p><!-- wp:paragraph {\"style\":{\"elements\":{\"link\":{\"color\":{\"text\":\"var:preset|color|vivid-red\"}}}},\"textColor\":\"vivid-red\"} --><\/p>\r\n<p class=\"has-vivid-red-color has-text-color has-link-color\"><span style=\"color: #ff0000;\"><strong>D\u00eda:18 de enero del 2025<\/strong><\/span><\/p>\r\n<p><span style=\"color: #ff0000;\"><strong>Horario: de 10:00 h a 14:00 h<\/strong><\/span><\/p>\r\n<p><!-- \/wp:paragraph --><\/p>\r\n<p><!-- wp:paragraph {\"style\":{\"elements\":{\"link\":{\"color\":{\"text\":\"var:preset|color|vivid-red\"}}}},\"textColor\":\"vivid-red\"} --><\/p>\r\n<p class=\"has-vivid-red-color has-text-color has-link-color\"><strong>PRECIO: 70 \u20ac<br \/><\/strong><\/p>\r\n<p><!-- \/wp:paragraph --><\/p>\r\n<p><!-- wp:paragraph --><\/p>\r\n<p>Para informaci\u00f3n o reservas puden llamar a los tel\u00e9fonos <strong><span style=\"color: #ff0000;\">696428407 o 932989572<\/span><\/strong><\/p>\r\n<p><!-- \/wp:paragraph --><\/p>","protected":false},"excerpt":{"rendered":"<p class=\"continue-reading-button\"> <a class=\"continue-reading-link\" href=\"https:\/\/escuelademagia.net\/ca\/taller-de-topit\/\"><i class=\"crycon-right-dir\"><\/i><\/a><\/p>\n","protected":false},"author":1,"featured_media":0,"parent":0,"menu_order":0,"comment_status":"closed","ping_status":"closed","template":"","meta":{"_crdt_document":"","footnotes":""},"class_list":["post-6923","page","type-page","status-publish","hentry"],"translation":{"provider":"WPGlobus","version":"3.0.2","language":"ca","enabled_languages":["es","ca"],"languages":{"es":{"title":true,"content":true,"excerpt":false},"ca":{"title":false,"content":false,"excerpt":false}}},"yoast_head":"<!-- This site is optimized with the Yoast SEO plugin v27.4 - https:\/\/yoast.com\/product\/yoast-seo-wordpress\/ -->\n<title>Taller de Hilos - Escuela de Magia<\/title>\n<meta name=\"robots\" content=\"index, follow, max-snippet:-1, max-image-preview:large, max-video-preview:-1\" \/>\n<link rel=\"canonical\" href=\"https:\/\/escuelademagia.net\/taller-de-topit\/\" \/>\n<meta property=\"og:locale\" content=\"ca_ES\" \/>\n<meta property=\"og:type\" content=\"article\" \/>\n<meta property=\"og:title\" content=\"Taller de Hilos - Escuela de Magia\" \/>\n<meta property=\"og:url\" content=\"https:\/\/escuelademagia.net\/taller-de-topit\/\" \/>\n<meta property=\"og:site_name\" content=\"Escuela de Magia\" \/>\n<meta property=\"article:publisher\" content=\"https:\/\/www.facebook.com\/escuela3detrebol\" \/>\n<meta property=\"article:modified_time\" content=\"2024-12-14T15:49:12+00:00\" \/>\n<meta property=\"og:image\" content=\"http:\/\/escuelademagia.net\/wp-content\/uploads\/2024\/01\/fotopit-WEB.jpg\" \/>\n<meta name=\"twitter:card\" content=\"summary_large_image\" \/>\n<meta name=\"twitter:label1\" content=\"Est. reading time\" \/>\n\t<meta name=\"twitter:data1\" content=\"2 minutes\" \/>\n<script type=\"application\/ld+json\" class=\"yoast-schema-graph\">{\"@context\":\"https:\\\/\\\/schema.org\",\"@graph\":[{\"@type\":\"WebPage\",\"@id\":\"https:\\\/\\\/escuelademagia.net\\\/taller-de-topit\\\/\",\"url\":\"https:\\\/\\\/escuelademagia.net\\\/taller-de-topit\\\/\",\"name\":\"Taller de Hilos - Escuela de Magia\",\"isPartOf\":{\"@id\":\"https:\\\/\\\/escuelademagia.net\\\/#website\"},\"primaryImageOfPage\":{\"@id\":\"https:\\\/\\\/escuelademagia.net\\\/taller-de-topit\\\/#primaryimage\"},\"image\":{\"@id\":\"https:\\\/\\\/escuelademagia.net\\\/taller-de-topit\\\/#primaryimage\"},\"thumbnailUrl\":\"http:\\\/\\\/escuelademagia.net\\\/wp-content\\\/uploads\\\/2024\\\/12\\\/image2-169x300.png\",\"datePublished\":\"2024-01-29T20:27:02+00:00\",\"dateModified\":\"2024-12-14T15:49:12+00:00\",\"breadcrumb\":{\"@id\":\"https:\\\/\\\/escuelademagia.net\\\/taller-de-topit\\\/#breadcrumb\"},\"inLanguage\":\"ca-ES\",\"potentialAction\":[{\"@type\":\"ReadAction\",\"target\":[\"https:\\\/\\\/escuelademagia.net\\\/taller-de-topit\\\/\"]}]},{\"@type\":\"ImageObject\",\"inLanguage\":\"ca-ES\",\"@id\":\"https:\\\/\\\/escuelademagia.net\\\/taller-de-topit\\\/#primaryimage\",\"url\":\"http:\\\/\\\/escuelademagia.net\\\/wp-content\\\/uploads\\\/2024\\\/12\\\/image2-169x300.png\",\"contentUrl\":\"http:\\\/\\\/escuelademagia.net\\\/wp-content\\\/uploads\\\/2024\\\/12\\\/image2-169x300.png\"},{\"@type\":\"BreadcrumbList\",\"@id\":\"https:\\\/\\\/escuelademagia.net\\\/taller-de-topit\\\/#breadcrumb\",\"itemListElement\":[{\"@type\":\"ListItem\",\"position\":1,\"name\":\"Portada\",\"item\":\"https:\\\/\\\/escuelademagia.net\\\/\"},{\"@type\":\"ListItem\",\"position\":2,\"name\":\"Taller de Topit\"}]},{\"@type\":\"WebSite\",\"@id\":\"https:\\\/\\\/escuelademagia.net\\\/#website\",\"url\":\"https:\\\/\\\/escuelademagia.net\\\/\",\"name\":\"{:es}Escuela de Magia{:}{:ca}Escola de M\u00e0gia{:}\",\"description\":\"Escola de M&Atilde;&nbsp;gia a Barcelona per aficionats i profesionals\",\"publisher\":{\"@id\":\"https:\\\/\\\/escuelademagia.net\\\/#organization\"},\"potentialAction\":[{\"@type\":\"SearchAction\",\"target\":{\"@type\":\"EntryPoint\",\"urlTemplate\":\"https:\\\/\\\/escuelademagia.net\\\/?s={search_term_string}\"},\"query-input\":{\"@type\":\"PropertyValueSpecification\",\"valueRequired\":true,\"valueName\":\"search_term_string\"}}],\"inLanguage\":\"ca-ES\"},{\"@type\":\"Organization\",\"@id\":\"https:\\\/\\\/escuelademagia.net\\\/#organization\",\"name\":\"{:es}Escuela de Magia{:}{:ca}Escola de M\u00e0gia{:}\",\"url\":\"https:\\\/\\\/escuelademagia.net\\\/\",\"logo\":{\"@type\":\"ImageObject\",\"inLanguage\":\"ca-ES\",\"@id\":\"https:\\\/\\\/escuelademagia.net\\\/#\\\/schema\\\/logo\\\/image\\\/\",\"url\":\"http:\\\/\\\/escuelademagia.net\\\/wp-content\\\/uploads\\\/2024\\\/10\\\/logo-3detrebol.jpg\",\"contentUrl\":\"http:\\\/\\\/escuelademagia.net\\\/wp-content\\\/uploads\\\/2024\\\/10\\\/logo-3detrebol.jpg\",\"width\":669,\"height\":568,\"caption\":\"{:es}Escuela de Magia{:}{:ca}Escola de M\u00e0gia{:}\"},\"image\":{\"@id\":\"https:\\\/\\\/escuelademagia.net\\\/#\\\/schema\\\/logo\\\/image\\\/\"},\"sameAs\":[\"https:\\\/\\\/www.facebook.com\\\/escuela3detrebol\",\"https:\\\/\\\/www.instagram.com\\\/escuelademagianet\\\/\"]}]}<\/script>\n<!-- \/ Yoast SEO plugin. -->","yoast_head_json":{"title":"Taller de Hilos - Escuela de Magia","robots":{"index":"index","follow":"follow","max-snippet":"max-snippet:-1","max-image-preview":"max-image-preview:large","max-video-preview":"max-video-preview:-1"},"canonical":"https:\/\/escuelademagia.net\/taller-de-topit\/","og_locale":"ca_ES","og_type":"article","og_title":"Taller de Hilos - Escuela de Magia","og_url":"https:\/\/escuelademagia.net\/taller-de-topit\/","og_site_name":"Escuela de Magia","article_publisher":"https:\/\/www.facebook.com\/escuela3detrebol","article_modified_time":"2024-12-14T15:49:12+00:00","og_image":[{"url":"http:\/\/escuelademagia.net\/wp-content\/uploads\/2024\/01\/fotopit-WEB.jpg","type":"","width":"","height":""}],"twitter_card":"summary_large_image","twitter_misc":{"Est. reading time":"2 minutes"},"schema":{"@context":"https:\/\/schema.org","@graph":[{"@type":"WebPage","@id":"https:\/\/escuelademagia.net\/taller-de-topit\/","url":"https:\/\/escuelademagia.net\/taller-de-topit\/","name":"Taller de Hilos - Escuela de Magia","isPartOf":{"@id":"https:\/\/escuelademagia.net\/#website"},"primaryImageOfPage":{"@id":"https:\/\/escuelademagia.net\/taller-de-topit\/#primaryimage"},"image":{"@id":"https:\/\/escuelademagia.net\/taller-de-topit\/#primaryimage"},"thumbnailUrl":"http:\/\/escuelademagia.net\/wp-content\/uploads\/2024\/12\/image2-169x300.png","datePublished":"2024-01-29T20:27:02+00:00","dateModified":"2024-12-14T15:49:12+00:00","breadcrumb":{"@id":"https:\/\/escuelademagia.net\/taller-de-topit\/#breadcrumb"},"inLanguage":"ca-ES","potentialAction":[{"@type":"ReadAction","target":["https:\/\/escuelademagia.net\/taller-de-topit\/"]}]},{"@type":"ImageObject","inLanguage":"ca-ES","@id":"https:\/\/escuelademagia.net\/taller-de-topit\/#primaryimage","url":"http:\/\/escuelademagia.net\/wp-content\/uploads\/2024\/12\/image2-169x300.png","contentUrl":"http:\/\/escuelademagia.net\/wp-content\/uploads\/2024\/12\/image2-169x300.png"},{"@type":"BreadcrumbList","@id":"https:\/\/escuelademagia.net\/taller-de-topit\/#breadcrumb","itemListElement":[{"@type":"ListItem","position":1,"name":"Portada","item":"https:\/\/escuelademagia.net\/"},{"@type":"ListItem","position":2,"name":"Taller de Topit"}]},{"@type":"WebSite","@id":"https:\/\/escuelademagia.net\/#website","url":"https:\/\/escuelademagia.net\/","name":"{:es}Escuela de Magia{:}{:ca}Escola de M\u00e0gia{:}","description":"Escola de M&Atilde;&nbsp;gia a Barcelona per aficionats i profesionals","publisher":{"@id":"https:\/\/escuelademagia.net\/#organization"},"potentialAction":[{"@type":"SearchAction","target":{"@type":"EntryPoint","urlTemplate":"https:\/\/escuelademagia.net\/?s={search_term_string}"},"query-input":{"@type":"PropertyValueSpecification","valueRequired":true,"valueName":"search_term_string"}}],"inLanguage":"ca-ES"},{"@type":"Organization","@id":"https:\/\/escuelademagia.net\/#organization","name":"{:es}Escuela de Magia{:}{:ca}Escola de M\u00e0gia{:}","url":"https:\/\/escuelademagia.net\/","logo":{"@type":"ImageObject","inLanguage":"ca-ES","@id":"https:\/\/escuelademagia.net\/#\/schema\/logo\/image\/","url":"http:\/\/escuelademagia.net\/wp-content\/uploads\/2024\/10\/logo-3detrebol.jpg","contentUrl":"http:\/\/escuelademagia.net\/wp-content\/uploads\/2024\/10\/logo-3detrebol.jpg","width":669,"height":568,"caption":"{:es}Escuela de Magia{:}{:ca}Escola de M\u00e0gia{:}"},"image":{"@id":"https:\/\/escuelademagia.net\/#\/schema\/logo\/image\/"},"sameAs":["https:\/\/www.facebook.com\/escuela3detrebol","https:\/\/www.instagram.com\/escuelademagianet\/"]}]}},"_links":{"self":[{"href":"https:\/\/escuelademagia.net\/ca\/wp-json\/wp\/v2\/pages\/6923","targetHints":{"allow":["GET"]}}],"collection":[{"href":"https:\/\/escuelademagia.net\/ca\/wp-json\/wp\/v2\/pages"}],"about":[{"href":"https:\/\/escuelademagia.net\/ca\/wp-json\/wp\/v2\/types\/page"}],"author":[{"embeddable":true,"href":"https:\/\/escuelademagia.net\/ca\/wp-json\/wp\/v2\/users\/1"}],"replies":[{"embeddable":true,"href":"https:\/\/escuelademagia.net\/ca\/wp-json\/wp\/v2\/comments?post=6923"}],"version-history":[{"count":9,"href":"https:\/\/escuelademagia.net\/ca\/wp-json\/wp\/v2\/pages\/6923\/revisions"}],"predecessor-version":[{"id":7610,"href":"https:\/\/escuelademagia.net\/ca\/wp-json\/wp\/v2\/pages\/6923\/revisions\/7610"}],"wp:attachment":[{"href":"https:\/\/escuelademagia.net\/ca\/wp-json\/wp\/v2\/media?parent=6923"}],"curies":[{"name":"wp","href":"https:\/\/api.w.org\/{rel}","templated":true}]}}