{"id":7030,"date":"2024-03-20T10:10:04","date_gmt":"2024-03-20T10:10:04","guid":{"rendered":"https:\/\/escuelademagia.net\/?page_id=7030"},"modified":"2024-04-17T17:27:02","modified_gmt":"2024-04-17T17:27:02","slug":"show-de-hector-mancha","status":"publish","type":"page","link":"https:\/\/escuelademagia.net\/ca\/show-de-hector-mancha\/","title":{"rendered":"SHOW DE H\u00c9CTOR MANCHA"},"content":{"rendered":"\n<p class=\"has-text-align-left wp-block-paragraph\">GRAN PREMIO MUNDIAL DE MAGIA<\/p>\n\n\n\n<p class=\"wp-block-paragraph\">Tampoco hace falta mucha presentaci\u00f3n para este genio de la Magia, personalmente creo que tiene el mejor show de sal\u00f3n que ha pasado por la Escuela (y han pasado muchos y grandes) con ritmo, fuerza, humor y mucha magia.<\/p>\n\n\n<div class=\"wp-block-image\">\n<figure class=\"aligncenter size-large is-resized\"><a href=\"http:\/\/escuelademagia.net\/wp-content\/uploads\/2024\/03\/P1001196.jpg\"><img loading=\"lazy\" decoding=\"async\" width=\"683\" height=\"1024\" src=\"http:\/\/escuelademagia.net\/wp-content\/uploads\/2024\/03\/P1001196-683x1024.jpg\" alt=\"\" class=\"wp-image-7033\" style=\"width:234px;height:auto\" srcset=\"https:\/\/escuelademagia.net\/wp-content\/uploads\/2024\/03\/P1001196-683x1024.jpg 683w, https:\/\/escuelademagia.net\/wp-content\/uploads\/2024\/03\/P1001196-200x300.jpg 200w, https:\/\/escuelademagia.net\/wp-content\/uploads\/2024\/03\/P1001196-100x150.jpg 100w, https:\/\/escuelademagia.net\/wp-content\/uploads\/2024\/03\/P1001196.jpg 767w\" sizes=\"auto, (max-width: 683px) 100vw, 683px\" \/><\/a><\/figure>\n<\/div>\n\n\n<p class=\"wp-block-paragraph\">\u00a1No os lo perd\u00e1is o series maldecido por el infortunio! (<em>H\u00e9ctor ya no puedo hacer m\u00e1s)<\/em><\/p>\n\n\n\n<p class=\"has-vivid-red-color has-text-color has-link-color wp-elements-142c809bb79113f9230a5edf416da619 wp-block-paragraph\"><strong>D\u00cdA: 27 DE ABRIL 2024<\/strong><\/p>\n\n\n\n<p class=\"has-vivid-red-color has-text-color has-link-color wp-elements-4e86b74f20407364c1415a8676820394 wp-block-paragraph\"><strong>HORARIO: 20:30 H<\/strong><\/p>\n\n\n\n<p class=\"has-vivid-red-color has-text-color has-link-color wp-elements-1d85a0084dc0145e813e948e6e138aee wp-block-paragraph\"><strong><a href=\"PRECIO: 15 \u20ac (socios A3T, alumnos y ex alumnos 12 \u20ac)\"><strong>PRECIO: 15 \u20ac<\/strong> <strong>(socios A3T, alumnos y ex alumnos 12 \u20ac)<\/strong><\/a><\/strong><\/p>\n\n\n\n<p class=\"wp-block-paragraph\">Para m\u00e1s informaci\u00f3n o reservas tel\u00e9fonos 932989572 o 696428407   o Atrapalo.com<\/p>\n","protected":false},"excerpt":{"rendered":"<p class=\"continue-reading-button\"> <a class=\"continue-reading-link\" href=\"https:\/\/escuelademagia.net\/ca\/show-de-hector-mancha\/\"><i class=\"crycon-right-dir\"><\/i><\/a><\/p>\n","protected":false},"author":1,"featured_media":0,"parent":0,"menu_order":0,"comment_status":"closed","ping_status":"closed","template":"","meta":{"_crdt_document":"","footnotes":""},"class_list":["post-7030","page","type-page","status-publish","hentry"],"translation":{"provider":"WPGlobus","version":"3.0.2","language":"ca","enabled_languages":["es","ca"],"languages":{"es":{"title":true,"content":true,"excerpt":false},"ca":{"title":false,"content":false,"excerpt":false}}},"yoast_head":"<!-- This site is optimized with the Yoast SEO plugin v27.5 - https:\/\/yoast.com\/product\/yoast-seo-wordpress\/ -->\n<title>SHOW DE H\u00c9CTOR MANCHA - Escuela de Magia<\/title>\n<meta name=\"robots\" content=\"index, follow, max-snippet:-1, max-image-preview:large, max-video-preview:-1\" \/>\n<link rel=\"canonical\" href=\"https:\/\/escuelademagia.net\/show-de-hector-mancha\/\" \/>\n<meta property=\"og:locale\" content=\"ca_ES\" \/>\n<meta property=\"og:type\" content=\"article\" \/>\n<meta property=\"og:title\" content=\"SHOW DE H\u00c9CTOR MANCHA - Escuela de Magia\" \/>\n<meta property=\"og:url\" content=\"https:\/\/escuelademagia.net\/show-de-hector-mancha\/\" \/>\n<meta property=\"og:site_name\" content=\"Escuela de Magia\" \/>\n<meta property=\"article:publisher\" content=\"https:\/\/www.facebook.com\/escuela3detrebol\" \/>\n<meta property=\"article:modified_time\" content=\"2024-04-17T17:27:02+00:00\" \/>\n<meta property=\"og:image\" content=\"http:\/\/escuelademagia.net\/wp-content\/uploads\/2024\/03\/P1001196-683x1024.jpg\" \/>\n<meta name=\"twitter:card\" content=\"summary_large_image\" \/>\n<meta name=\"twitter:label1\" content=\"Est. reading time\" \/>\n\t<meta name=\"twitter:data1\" content=\"1 minute\" \/>\n<script type=\"application\/ld+json\" class=\"yoast-schema-graph\">{\"@context\":\"https:\\\/\\\/schema.org\",\"@graph\":[{\"@type\":\"WebPage\",\"@id\":\"https:\\\/\\\/escuelademagia.net\\\/show-de-hector-mancha\\\/\",\"url\":\"https:\\\/\\\/escuelademagia.net\\\/show-de-hector-mancha\\\/\",\"name\":\"SHOW DE H\u00c9CTOR MANCHA - Escuela de Magia\",\"isPartOf\":{\"@id\":\"https:\\\/\\\/escuelademagia.net\\\/#website\"},\"primaryImageOfPage\":{\"@id\":\"https:\\\/\\\/escuelademagia.net\\\/show-de-hector-mancha\\\/#primaryimage\"},\"image\":{\"@id\":\"https:\\\/\\\/escuelademagia.net\\\/show-de-hector-mancha\\\/#primaryimage\"},\"thumbnailUrl\":\"http:\\\/\\\/escuelademagia.net\\\/wp-content\\\/uploads\\\/2024\\\/03\\\/P1001196-683x1024.jpg\",\"datePublished\":\"2024-03-20T10:10:04+00:00\",\"dateModified\":\"2024-04-17T17:27:02+00:00\",\"breadcrumb\":{\"@id\":\"https:\\\/\\\/escuelademagia.net\\\/show-de-hector-mancha\\\/#breadcrumb\"},\"inLanguage\":\"ca-ES\",\"potentialAction\":[{\"@type\":\"ReadAction\",\"target\":[\"https:\\\/\\\/escuelademagia.net\\\/show-de-hector-mancha\\\/\"]}]},{\"@type\":\"ImageObject\",\"inLanguage\":\"ca-ES\",\"@id\":\"https:\\\/\\\/escuelademagia.net\\\/show-de-hector-mancha\\\/#primaryimage\",\"url\":\"http:\\\/\\\/escuelademagia.net\\\/wp-content\\\/uploads\\\/2024\\\/03\\\/P1001196-683x1024.jpg\",\"contentUrl\":\"http:\\\/\\\/escuelademagia.net\\\/wp-content\\\/uploads\\\/2024\\\/03\\\/P1001196-683x1024.jpg\"},{\"@type\":\"BreadcrumbList\",\"@id\":\"https:\\\/\\\/escuelademagia.net\\\/show-de-hector-mancha\\\/#breadcrumb\",\"itemListElement\":[{\"@type\":\"ListItem\",\"position\":1,\"name\":\"Portada\",\"item\":\"https:\\\/\\\/escuelademagia.net\\\/\"},{\"@type\":\"ListItem\",\"position\":2,\"name\":\"SHOW DE H\u00c9CTOR MANCHA\"}]},{\"@type\":\"WebSite\",\"@id\":\"https:\\\/\\\/escuelademagia.net\\\/#website\",\"url\":\"https:\\\/\\\/escuelademagia.net\\\/\",\"name\":\"{:es}Escuela de Magia{:}{:ca}Escola de M\u00e0gia{:}\",\"description\":\"Escola de M&Atilde;&nbsp;gia a Barcelona per aficionats i profesionals\",\"publisher\":{\"@id\":\"https:\\\/\\\/escuelademagia.net\\\/#organization\"},\"potentialAction\":[{\"@type\":\"SearchAction\",\"target\":{\"@type\":\"EntryPoint\",\"urlTemplate\":\"https:\\\/\\\/escuelademagia.net\\\/?s={search_term_string}\"},\"query-input\":{\"@type\":\"PropertyValueSpecification\",\"valueRequired\":true,\"valueName\":\"search_term_string\"}}],\"inLanguage\":\"ca-ES\"},{\"@type\":\"Organization\",\"@id\":\"https:\\\/\\\/escuelademagia.net\\\/#organization\",\"name\":\"{:es}Escuela de Magia{:}{:ca}Escola de M\u00e0gia{:}\",\"url\":\"https:\\\/\\\/escuelademagia.net\\\/\",\"logo\":{\"@type\":\"ImageObject\",\"inLanguage\":\"ca-ES\",\"@id\":\"https:\\\/\\\/escuelademagia.net\\\/#\\\/schema\\\/logo\\\/image\\\/\",\"url\":\"http:\\\/\\\/escuelademagia.net\\\/wp-content\\\/uploads\\\/2024\\\/10\\\/logo-3detrebol.jpg\",\"contentUrl\":\"http:\\\/\\\/escuelademagia.net\\\/wp-content\\\/uploads\\\/2024\\\/10\\\/logo-3detrebol.jpg\",\"width\":669,\"height\":568,\"caption\":\"{:es}Escuela de Magia{:}{:ca}Escola de M\u00e0gia{:}\"},\"image\":{\"@id\":\"https:\\\/\\\/escuelademagia.net\\\/#\\\/schema\\\/logo\\\/image\\\/\"},\"sameAs\":[\"https:\\\/\\\/www.facebook.com\\\/escuela3detrebol\",\"https:\\\/\\\/www.instagram.com\\\/escuelademagianet\\\/\"]}]}<\/script>\n<!-- \/ Yoast SEO plugin. -->","yoast_head_json":{"title":"SHOW DE H\u00c9CTOR MANCHA - Escuela de Magia","robots":{"index":"index","follow":"follow","max-snippet":"max-snippet:-1","max-image-preview":"max-image-preview:large","max-video-preview":"max-video-preview:-1"},"canonical":"https:\/\/escuelademagia.net\/show-de-hector-mancha\/","og_locale":"ca_ES","og_type":"article","og_title":"SHOW DE H\u00c9CTOR MANCHA - Escuela de Magia","og_url":"https:\/\/escuelademagia.net\/show-de-hector-mancha\/","og_site_name":"Escuela de Magia","article_publisher":"https:\/\/www.facebook.com\/escuela3detrebol","article_modified_time":"2024-04-17T17:27:02+00:00","og_image":[{"url":"http:\/\/escuelademagia.net\/wp-content\/uploads\/2024\/03\/P1001196-683x1024.jpg","type":"","width":"","height":""}],"twitter_card":"summary_large_image","twitter_misc":{"Est. reading time":"1 minute"},"schema":{"@context":"https:\/\/schema.org","@graph":[{"@type":"WebPage","@id":"https:\/\/escuelademagia.net\/show-de-hector-mancha\/","url":"https:\/\/escuelademagia.net\/show-de-hector-mancha\/","name":"SHOW DE H\u00c9CTOR MANCHA - Escuela de Magia","isPartOf":{"@id":"https:\/\/escuelademagia.net\/#website"},"primaryImageOfPage":{"@id":"https:\/\/escuelademagia.net\/show-de-hector-mancha\/#primaryimage"},"image":{"@id":"https:\/\/escuelademagia.net\/show-de-hector-mancha\/#primaryimage"},"thumbnailUrl":"http:\/\/escuelademagia.net\/wp-content\/uploads\/2024\/03\/P1001196-683x1024.jpg","datePublished":"2024-03-20T10:10:04+00:00","dateModified":"2024-04-17T17:27:02+00:00","breadcrumb":{"@id":"https:\/\/escuelademagia.net\/show-de-hector-mancha\/#breadcrumb"},"inLanguage":"ca-ES","potentialAction":[{"@type":"ReadAction","target":["https:\/\/escuelademagia.net\/show-de-hector-mancha\/"]}]},{"@type":"ImageObject","inLanguage":"ca-ES","@id":"https:\/\/escuelademagia.net\/show-de-hector-mancha\/#primaryimage","url":"http:\/\/escuelademagia.net\/wp-content\/uploads\/2024\/03\/P1001196-683x1024.jpg","contentUrl":"http:\/\/escuelademagia.net\/wp-content\/uploads\/2024\/03\/P1001196-683x1024.jpg"},{"@type":"BreadcrumbList","@id":"https:\/\/escuelademagia.net\/show-de-hector-mancha\/#breadcrumb","itemListElement":[{"@type":"ListItem","position":1,"name":"Portada","item":"https:\/\/escuelademagia.net\/"},{"@type":"ListItem","position":2,"name":"SHOW DE H\u00c9CTOR MANCHA"}]},{"@type":"WebSite","@id":"https:\/\/escuelademagia.net\/#website","url":"https:\/\/escuelademagia.net\/","name":"{:es}Escuela de Magia{:}{:ca}Escola de M\u00e0gia{:}","description":"Escola de M&Atilde;&nbsp;gia a Barcelona per aficionats i profesionals","publisher":{"@id":"https:\/\/escuelademagia.net\/#organization"},"potentialAction":[{"@type":"SearchAction","target":{"@type":"EntryPoint","urlTemplate":"https:\/\/escuelademagia.net\/?s={search_term_string}"},"query-input":{"@type":"PropertyValueSpecification","valueRequired":true,"valueName":"search_term_string"}}],"inLanguage":"ca-ES"},{"@type":"Organization","@id":"https:\/\/escuelademagia.net\/#organization","name":"{:es}Escuela de Magia{:}{:ca}Escola de M\u00e0gia{:}","url":"https:\/\/escuelademagia.net\/","logo":{"@type":"ImageObject","inLanguage":"ca-ES","@id":"https:\/\/escuelademagia.net\/#\/schema\/logo\/image\/","url":"http:\/\/escuelademagia.net\/wp-content\/uploads\/2024\/10\/logo-3detrebol.jpg","contentUrl":"http:\/\/escuelademagia.net\/wp-content\/uploads\/2024\/10\/logo-3detrebol.jpg","width":669,"height":568,"caption":"{:es}Escuela de Magia{:}{:ca}Escola de M\u00e0gia{:}"},"image":{"@id":"https:\/\/escuelademagia.net\/#\/schema\/logo\/image\/"},"sameAs":["https:\/\/www.facebook.com\/escuela3detrebol","https:\/\/www.instagram.com\/escuelademagianet\/"]}]}},"_links":{"self":[{"href":"https:\/\/escuelademagia.net\/ca\/wp-json\/wp\/v2\/pages\/7030","targetHints":{"allow":["GET"]}}],"collection":[{"href":"https:\/\/escuelademagia.net\/ca\/wp-json\/wp\/v2\/pages"}],"about":[{"href":"https:\/\/escuelademagia.net\/ca\/wp-json\/wp\/v2\/types\/page"}],"author":[{"embeddable":true,"href":"https:\/\/escuelademagia.net\/ca\/wp-json\/wp\/v2\/users\/1"}],"replies":[{"embeddable":true,"href":"https:\/\/escuelademagia.net\/ca\/wp-json\/wp\/v2\/comments?post=7030"}],"version-history":[{"count":5,"href":"https:\/\/escuelademagia.net\/ca\/wp-json\/wp\/v2\/pages\/7030\/revisions"}],"predecessor-version":[{"id":7115,"href":"https:\/\/escuelademagia.net\/ca\/wp-json\/wp\/v2\/pages\/7030\/revisions\/7115"}],"wp:attachment":[{"href":"https:\/\/escuelademagia.net\/ca\/wp-json\/wp\/v2\/media?parent=7030"}],"curies":[{"name":"wp","href":"https:\/\/api.w.org\/{rel}","templated":true}]}}