{"id":7128,"date":"2024-04-29T18:08:54","date_gmt":"2024-04-29T18:08:54","guid":{"rendered":"https:\/\/escuelademagia.net\/?page_id=7128"},"modified":"2024-04-29T18:46:21","modified_gmt":"2024-04-29T18:46:21","slug":"taller-de-manipulacion","status":"publish","type":"page","link":"https:\/\/escuelademagia.net\/ca\/taller-de-manipulacion\/","title":{"rendered":"Taller de manipulaci\u00f3n"},"content":{"rendered":"\n<p class=\"has-vivid-red-color has-text-color has-link-color has-large-font-size wp-elements-a24720e56e358d00f6abecd2c9ef302f wp-block-paragraph\">por<strong> HAUSSON<\/strong><\/p>\n\n\n\n<p class=\"wp-block-paragraph\">Lo se, lo estabais esperando, un taller de manipulaci\u00f3n con nada m\u00e1s y nada menos que<strong> HAUSSON<\/strong>.<\/p>\n\n\n\n<p class=\"wp-block-paragraph\">Esto es una oportunidad \u00fanica que no pod\u00e9is perder.<\/p>\n\n\n\n<p class=\"has-vivid-red-color has-text-color has-link-color wp-elements-8e71f261431c5bd78bee2c8c92cb54ef wp-block-paragraph\"><strong>PROGRAMA<\/strong><\/p>\n\n\n\n<div class=\"wp-block-group is-vertical is-layout-flex wp-container-core-group-is-layout-4fc3f8e1 wp-block-group-is-layout-flex\">\n<div class=\"wp-block-group is-vertical is-layout-flex wp-container-core-group-is-layout-4fc3f8e1 wp-block-group-is-layout-flex\">\n<p class=\"wp-block-paragraph\">Introducci\u00f3n a la manipulaci\u00f3n \u00bfQu\u00e9 es?<\/p>\n\n\n\n<p class=\"wp-block-paragraph\">Referentes<\/p>\n\n\n\n<p class=\"wp-block-paragraph\">M\u00fasica, ritmo y movimientos.<\/p>\n\n\n\n<p class=\"wp-block-paragraph\">Tipos de manipulaci\u00f3n: Cartas, bolas, dedales, cigarrillos y otros<br>objetos.<\/p>\n\n\n\n<p class=\"wp-block-paragraph\">Rutinas de manipulaci\u00f3n, combinaci\u00f3n de t\u00e9cnicas.<\/p>\n\n\n\n<p class=\"wp-block-paragraph\">Manipulaci\u00f3n de cartas.<\/p>\n\n\n\n<p class=\"wp-block-paragraph\">Tipos de cartas y su preparaci\u00f3n.<\/p>\n\n\n\n<p class=\"wp-block-paragraph\">T\u00e9cnicas: Abanicos, aparici\u00f3n y desaparici\u00f3n de cartas, aparici\u00f3n y desaparici\u00f3n abanicos, producci\u00f3n de cartas en una mano o a dos manos.<\/p>\n\n\n\n<p class=\"wp-block-paragraph\">Back and front (detr\u00e1s y delante)<\/p>\n\n\n\n<p class=\"wp-block-paragraph\">Mini rutina de cartas<\/p>\n\n\n\n<p class=\"wp-block-paragraph\">Manipulaci\u00f3n de bolas<\/p>\n\n\n\n<p class=\"wp-block-paragraph\">Tipos de bolas.<\/p>\n\n\n\n<p class=\"wp-block-paragraph\">Manipulaci\u00f3n con y sin cascarilla.<\/p>\n\n\n\n<p class=\"wp-block-paragraph\">T\u00e9cnicas: Florituras, aparici\u00f3n y desaparici\u00f3n, bolas, cambio, color, transferencia de mano a mano, rutina, bolas, bolas y pa\u00f1uelo.<\/p>\n\n\n\n<p class=\"wp-block-paragraph\">Dedales.<\/p>\n\n\n\n<p class=\"wp-block-paragraph\">T\u00e9cnicas b\u00e1sicas: empalmes, transferencia de dedo a dedo, cambi\u00f3 color, producci\u00f3n, dedal y pa\u00f1uelo.<\/p>\n<\/div>\n<\/div>\n\n\n\n\n\n<p class=\"has-vivid-red-color has-text-color has-link-color wp-elements-df243a237eec022c2c87ad042fd32eaf wp-block-paragraph\"><strong>D\u00cdA: 4 DE MAYO 2024<\/strong><\/p>\n\n\n\n<p class=\"has-vivid-red-color has-text-color has-link-color wp-elements-d4fbfe2d9e24b0ad4ed7fd568c9c3e8a wp-block-paragraph\"><strong>HORARIOS: DE 10:00 h A 14:00 h Y DE 16:00 h A 20:00 h<\/strong><\/p>\n\n\n\n<p class=\"has-vivid-red-color has-text-color has-link-color wp-elements-886efdb997bac708e95d8f907ad106de wp-block-paragraph\"><strong>PRECIO: 120 \u20ac<\/strong><\/p>\n\n\n\n<p class=\"wp-block-paragraph\">Para m\u00e1s informaci\u00f3n y reservas, tel\u00e9fonos <strong>932989572<\/strong> o <strong>696428407<\/strong> o tambi\u00e9n pueden reservar sus tickets a trav\u00e9s de Paypal o tarjeta de cr\u00e9dito o d\u00e9bito  m\u00e1s abajo:<\/p>\n\n\n\n<form action=\"https:\/\/www.paypal.com\/cgi-bin\/webscr\" method=\"post\" target=\"_top\">\n  <input type=\"hidden\" name=\"cmd\" value=\"_s-xclick\" \/>\n  <input type=\"hidden\" name=\"hosted_button_id\" value=\"MKCERJXLBAGAJ\" \/>\n  <table>\n    <tr>\n      <td>\n        <input type=\"hidden\" name=\"on0\" value=\"NUMERO ENTRADAS\"\/>\n        NUMERO ENTRADAS\n      <\/td>\n    <\/tr>\n    <tr>\n      <td>\n        <select name=\"os0\">\n          <option value=\"1 ENTRADA\">\n            1 ENTRADA 120,00 EUR\n          <\/option>\n          <option value=\"2 ENTRADAS\">\n            2 ENTRADAS 240,00 EUR\n          <\/option>\n        <\/select>\n      <\/td>\n    <\/tr>\n    <tr>\n      <td>\n        <input type=\"hidden\" name=\"on1\" value=\"NOMBRE Y APELLIDOS\"\/>\n        NOMBRE Y APELLIDOS\n      <\/td>\n    <\/tr>\n    <tr>\n      <td>\n        <input type=\"text\" name=\"os1\" maxLength=\"200\" \/>\n      <\/td>\n    <\/tr>\n  <\/table>\n  <input type=\"hidden\" name=\"currency_code\" value=\"EUR\" \/>\n  <input type=\"image\" src=\"https:\/\/www.paypalobjects.com\/es_ES\/i\/btn\/btn_buynowCC_LG.gif\" border=\"0\" name=\"submit\" title=\"PayPal, la forma r\u00e1pida y segura de pagar en Internet.\" alt=\"Comprar ahora\" \/>\n<\/form>\n","protected":false},"excerpt":{"rendered":"<p class=\"continue-reading-button\"> <a class=\"continue-reading-link\" href=\"https:\/\/escuelademagia.net\/ca\/taller-de-manipulacion\/\"><i class=\"crycon-right-dir\"><\/i><\/a><\/p>\n","protected":false},"author":1,"featured_media":0,"parent":0,"menu_order":0,"comment_status":"closed","ping_status":"closed","template":"","meta":{"_crdt_document":"","footnotes":""},"class_list":["post-7128","page","type-page","status-publish","hentry"],"translation":{"provider":"WPGlobus","version":"3.0.2","language":"ca","enabled_languages":["es","ca"],"languages":{"es":{"title":true,"content":true,"excerpt":false},"ca":{"title":false,"content":false,"excerpt":false}}},"yoast_head":"<!-- This site is optimized with the Yoast SEO plugin v27.5 - https:\/\/yoast.com\/product\/yoast-seo-wordpress\/ -->\n<title>Taller de manipulaci\u00f3n - Escuela de Magia<\/title>\n<meta name=\"robots\" content=\"index, follow, max-snippet:-1, max-image-preview:large, max-video-preview:-1\" \/>\n<link rel=\"canonical\" href=\"https:\/\/escuelademagia.net\/taller-de-manipulacion\/\" \/>\n<meta property=\"og:locale\" content=\"ca_ES\" \/>\n<meta property=\"og:type\" content=\"article\" \/>\n<meta property=\"og:title\" content=\"Taller de manipulaci\u00f3n - Escuela de Magia\" \/>\n<meta property=\"og:url\" content=\"https:\/\/escuelademagia.net\/taller-de-manipulacion\/\" \/>\n<meta property=\"og:site_name\" content=\"Escuela de Magia\" \/>\n<meta property=\"article:publisher\" content=\"https:\/\/www.facebook.com\/escuela3detrebol\" \/>\n<meta property=\"article:modified_time\" content=\"2024-04-29T18:46:21+00:00\" \/>\n<meta property=\"og:image\" content=\"https:\/\/escuelademagia.net\/wp-content\/uploads\/2022\/08\/FACEBOOK.jpg\" \/>\n\t<meta property=\"og:image:width\" content=\"567\" \/>\n\t<meta property=\"og:image:height\" content=\"567\" \/>\n\t<meta property=\"og:image:type\" content=\"image\/jpeg\" \/>\n<meta name=\"twitter:card\" content=\"summary_large_image\" \/>\n<meta name=\"twitter:label1\" content=\"Est. reading time\" \/>\n\t<meta name=\"twitter:data1\" content=\"1 minute\" \/>\n<script type=\"application\/ld+json\" class=\"yoast-schema-graph\">{\"@context\":\"https:\\\/\\\/schema.org\",\"@graph\":[{\"@type\":\"WebPage\",\"@id\":\"https:\\\/\\\/escuelademagia.net\\\/taller-de-manipulacion\\\/\",\"url\":\"https:\\\/\\\/escuelademagia.net\\\/taller-de-manipulacion\\\/\",\"name\":\"Taller de manipulaci\u00f3n - Escuela de Magia\",\"isPartOf\":{\"@id\":\"https:\\\/\\\/escuelademagia.net\\\/#website\"},\"datePublished\":\"2024-04-29T18:08:54+00:00\",\"dateModified\":\"2024-04-29T18:46:21+00:00\",\"breadcrumb\":{\"@id\":\"https:\\\/\\\/escuelademagia.net\\\/taller-de-manipulacion\\\/#breadcrumb\"},\"inLanguage\":\"ca-ES\",\"potentialAction\":[{\"@type\":\"ReadAction\",\"target\":[\"https:\\\/\\\/escuelademagia.net\\\/taller-de-manipulacion\\\/\"]}]},{\"@type\":\"BreadcrumbList\",\"@id\":\"https:\\\/\\\/escuelademagia.net\\\/taller-de-manipulacion\\\/#breadcrumb\",\"itemListElement\":[{\"@type\":\"ListItem\",\"position\":1,\"name\":\"Portada\",\"item\":\"https:\\\/\\\/escuelademagia.net\\\/\"},{\"@type\":\"ListItem\",\"position\":2,\"name\":\"Taller de manipulaci\u00f3n\"}]},{\"@type\":\"WebSite\",\"@id\":\"https:\\\/\\\/escuelademagia.net\\\/#website\",\"url\":\"https:\\\/\\\/escuelademagia.net\\\/\",\"name\":\"{:es}Escuela de Magia{:}{:ca}Escola de M\u00e0gia{:}\",\"description\":\"Escola de M&Atilde;&nbsp;gia a Barcelona per aficionats i profesionals\",\"publisher\":{\"@id\":\"https:\\\/\\\/escuelademagia.net\\\/#organization\"},\"potentialAction\":[{\"@type\":\"SearchAction\",\"target\":{\"@type\":\"EntryPoint\",\"urlTemplate\":\"https:\\\/\\\/escuelademagia.net\\\/?s={search_term_string}\"},\"query-input\":{\"@type\":\"PropertyValueSpecification\",\"valueRequired\":true,\"valueName\":\"search_term_string\"}}],\"inLanguage\":\"ca-ES\"},{\"@type\":\"Organization\",\"@id\":\"https:\\\/\\\/escuelademagia.net\\\/#organization\",\"name\":\"{:es}Escuela de Magia{:}{:ca}Escola de M\u00e0gia{:}\",\"url\":\"https:\\\/\\\/escuelademagia.net\\\/\",\"logo\":{\"@type\":\"ImageObject\",\"inLanguage\":\"ca-ES\",\"@id\":\"https:\\\/\\\/escuelademagia.net\\\/#\\\/schema\\\/logo\\\/image\\\/\",\"url\":\"http:\\\/\\\/escuelademagia.net\\\/wp-content\\\/uploads\\\/2024\\\/10\\\/logo-3detrebol.jpg\",\"contentUrl\":\"http:\\\/\\\/escuelademagia.net\\\/wp-content\\\/uploads\\\/2024\\\/10\\\/logo-3detrebol.jpg\",\"width\":669,\"height\":568,\"caption\":\"{:es}Escuela de Magia{:}{:ca}Escola de M\u00e0gia{:}\"},\"image\":{\"@id\":\"https:\\\/\\\/escuelademagia.net\\\/#\\\/schema\\\/logo\\\/image\\\/\"},\"sameAs\":[\"https:\\\/\\\/www.facebook.com\\\/escuela3detrebol\",\"https:\\\/\\\/www.instagram.com\\\/escuelademagianet\\\/\"]}]}<\/script>\n<!-- \/ Yoast SEO plugin. -->","yoast_head_json":{"title":"Taller de manipulaci\u00f3n - Escuela de Magia","robots":{"index":"index","follow":"follow","max-snippet":"max-snippet:-1","max-image-preview":"max-image-preview:large","max-video-preview":"max-video-preview:-1"},"canonical":"https:\/\/escuelademagia.net\/taller-de-manipulacion\/","og_locale":"ca_ES","og_type":"article","og_title":"Taller de manipulaci\u00f3n - Escuela de Magia","og_url":"https:\/\/escuelademagia.net\/taller-de-manipulacion\/","og_site_name":"Escuela de Magia","article_publisher":"https:\/\/www.facebook.com\/escuela3detrebol","article_modified_time":"2024-04-29T18:46:21+00:00","og_image":[{"width":567,"height":567,"url":"https:\/\/escuelademagia.net\/wp-content\/uploads\/2022\/08\/FACEBOOK.jpg","type":"image\/jpeg"}],"twitter_card":"summary_large_image","twitter_misc":{"Est. reading time":"1 minute"},"schema":{"@context":"https:\/\/schema.org","@graph":[{"@type":"WebPage","@id":"https:\/\/escuelademagia.net\/taller-de-manipulacion\/","url":"https:\/\/escuelademagia.net\/taller-de-manipulacion\/","name":"Taller de manipulaci\u00f3n - Escuela de Magia","isPartOf":{"@id":"https:\/\/escuelademagia.net\/#website"},"datePublished":"2024-04-29T18:08:54+00:00","dateModified":"2024-04-29T18:46:21+00:00","breadcrumb":{"@id":"https:\/\/escuelademagia.net\/taller-de-manipulacion\/#breadcrumb"},"inLanguage":"ca-ES","potentialAction":[{"@type":"ReadAction","target":["https:\/\/escuelademagia.net\/taller-de-manipulacion\/"]}]},{"@type":"BreadcrumbList","@id":"https:\/\/escuelademagia.net\/taller-de-manipulacion\/#breadcrumb","itemListElement":[{"@type":"ListItem","position":1,"name":"Portada","item":"https:\/\/escuelademagia.net\/"},{"@type":"ListItem","position":2,"name":"Taller de manipulaci\u00f3n"}]},{"@type":"WebSite","@id":"https:\/\/escuelademagia.net\/#website","url":"https:\/\/escuelademagia.net\/","name":"{:es}Escuela de Magia{:}{:ca}Escola de M\u00e0gia{:}","description":"Escola de M&Atilde;&nbsp;gia a Barcelona per aficionats i profesionals","publisher":{"@id":"https:\/\/escuelademagia.net\/#organization"},"potentialAction":[{"@type":"SearchAction","target":{"@type":"EntryPoint","urlTemplate":"https:\/\/escuelademagia.net\/?s={search_term_string}"},"query-input":{"@type":"PropertyValueSpecification","valueRequired":true,"valueName":"search_term_string"}}],"inLanguage":"ca-ES"},{"@type":"Organization","@id":"https:\/\/escuelademagia.net\/#organization","name":"{:es}Escuela de Magia{:}{:ca}Escola de M\u00e0gia{:}","url":"https:\/\/escuelademagia.net\/","logo":{"@type":"ImageObject","inLanguage":"ca-ES","@id":"https:\/\/escuelademagia.net\/#\/schema\/logo\/image\/","url":"http:\/\/escuelademagia.net\/wp-content\/uploads\/2024\/10\/logo-3detrebol.jpg","contentUrl":"http:\/\/escuelademagia.net\/wp-content\/uploads\/2024\/10\/logo-3detrebol.jpg","width":669,"height":568,"caption":"{:es}Escuela de Magia{:}{:ca}Escola de M\u00e0gia{:}"},"image":{"@id":"https:\/\/escuelademagia.net\/#\/schema\/logo\/image\/"},"sameAs":["https:\/\/www.facebook.com\/escuela3detrebol","https:\/\/www.instagram.com\/escuelademagianet\/"]}]}},"_links":{"self":[{"href":"https:\/\/escuelademagia.net\/ca\/wp-json\/wp\/v2\/pages\/7128","targetHints":{"allow":["GET"]}}],"collection":[{"href":"https:\/\/escuelademagia.net\/ca\/wp-json\/wp\/v2\/pages"}],"about":[{"href":"https:\/\/escuelademagia.net\/ca\/wp-json\/wp\/v2\/types\/page"}],"author":[{"embeddable":true,"href":"https:\/\/escuelademagia.net\/ca\/wp-json\/wp\/v2\/users\/1"}],"replies":[{"embeddable":true,"href":"https:\/\/escuelademagia.net\/ca\/wp-json\/wp\/v2\/comments?post=7128"}],"version-history":[{"count":4,"href":"https:\/\/escuelademagia.net\/ca\/wp-json\/wp\/v2\/pages\/7128\/revisions"}],"predecessor-version":[{"id":7141,"href":"https:\/\/escuelademagia.net\/ca\/wp-json\/wp\/v2\/pages\/7128\/revisions\/7141"}],"wp:attachment":[{"href":"https:\/\/escuelademagia.net\/ca\/wp-json\/wp\/v2\/media?parent=7128"}],"curies":[{"name":"wp","href":"https:\/\/api.w.org\/{rel}","templated":true}]}}