{"id":7155,"date":"2024-05-21T18:36:38","date_gmt":"2024-05-21T18:36:38","guid":{"rendered":"https:\/\/escuelademagia.net\/?page_id=7155"},"modified":"2024-05-21T18:45:49","modified_gmt":"2024-05-21T18:45:49","slug":"cartificios","status":"publish","type":"page","link":"https:\/\/escuelademagia.net\/ca\/cartificios\/","title":{"rendered":"CARTIFICIOS"},"content":{"rendered":"\n<p class=\"has-vivid-red-color has-text-color has-link-color has-large-font-size wp-elements-0113dec7f755db71a8b4cba0c6bcdd18 wp-block-paragraph\"><strong>Luis Otero<\/strong><\/p>\n\n\n\n<figure class=\"wp-block-image size-full\"><a href=\"http:\/\/escuelademagia.net\/wp-content\/uploads\/2024\/05\/oteroweb.jpg\"><img loading=\"lazy\" decoding=\"async\" width=\"567\" height=\"378\" src=\"http:\/\/escuelademagia.net\/wp-content\/uploads\/2024\/05\/oteroweb.jpg\" alt=\"\" class=\"wp-image-7156\" srcset=\"https:\/\/escuelademagia.net\/wp-content\/uploads\/2024\/05\/oteroweb.jpg 567w, https:\/\/escuelademagia.net\/wp-content\/uploads\/2024\/05\/oteroweb-300x200.jpg 300w, https:\/\/escuelademagia.net\/wp-content\/uploads\/2024\/05\/oteroweb-150x100.jpg 150w\" sizes=\"auto, (max-width: 567px) 100vw, 567px\" \/><\/a><\/figure>\n\n\n\n<p class=\"wp-block-paragraph\"><strong>CARTIFICIOS<\/strong>, es un show de magia, comedia en improvisaci\u00f3n, prep\u00e1rate a disfrutar de un artista polifac\u00e9tico e irreverente.<\/p>\n\n\n\n<p class=\"wp-block-paragraph\">Luis Otero es uno de los magos m\u00e1s reconocidos a nivel mundial, ha llevado su show por USA, M\u00e9xico, Colombia, Per\u00fa , Argentina, Chile, Francia, Italia, Inglaterra, China.<\/p>\n\n\n\n<p class=\"wp-block-paragraph\">Es artista invitado al prestigioso Magic Castle de Hollywood todos los a\u00f1os.<\/p>\n\n\n\n<p class=\"wp-block-paragraph\">Su estilo disruptivo te llevar\u00e1 a su mundo de imposibles y absurdos, todo esto con una gran dosis de humor.<\/p>\n\n\n\n<p class=\"wp-block-paragraph\"><strong>Funci\u00f3n \u00fanica<\/strong>, reserva tu entrada con tiempo<\/p>\n\n\n\n<p class=\"has-vivid-red-color has-text-color has-link-color wp-elements-308de1664f1eafb14c059d07233376c6 wp-block-paragraph\"><strong>DIA 31 DE MAYO 2024 A LAS 20:30 H<\/strong><\/p>\n\n\n\n<p class=\"has-vivid-red-color has-text-color has-link-color wp-elements-ea9845c79e96a5c38b4c4ff49ffdcdf7 wp-block-paragraph\"><strong>PRECIO: 15 \u20ac (ALUMNOS Y EXALUMNOS 12 \u20ac)<\/strong><\/p>\n\n\n\n<p class=\"wp-block-paragraph\">Puedes conseguir tus entradas a trav\u00e9s de Atrapalo o al tel\u00e9fono 696428407<\/p>\n","protected":false},"excerpt":{"rendered":"<p class=\"continue-reading-button\"> <a class=\"continue-reading-link\" href=\"https:\/\/escuelademagia.net\/ca\/cartificios\/\"><i class=\"crycon-right-dir\"><\/i><\/a><\/p>\n","protected":false},"author":1,"featured_media":0,"parent":0,"menu_order":0,"comment_status":"closed","ping_status":"closed","template":"","meta":{"_crdt_document":"","footnotes":""},"class_list":["post-7155","page","type-page","status-publish","hentry"],"translation":{"provider":"WPGlobus","version":"3.0.2","language":"ca","enabled_languages":["es","ca"],"languages":{"es":{"title":true,"content":true,"excerpt":false},"ca":{"title":false,"content":false,"excerpt":false}}},"yoast_head":"<!-- This site is optimized with the Yoast SEO plugin v27.5 - https:\/\/yoast.com\/product\/yoast-seo-wordpress\/ -->\n<title>CARTIFICIOS - Escuela de Magia<\/title>\n<meta name=\"robots\" content=\"index, follow, max-snippet:-1, max-image-preview:large, max-video-preview:-1\" \/>\n<link rel=\"canonical\" href=\"https:\/\/escuelademagia.net\/cartificios\/\" \/>\n<meta property=\"og:locale\" content=\"ca_ES\" \/>\n<meta property=\"og:type\" content=\"article\" \/>\n<meta property=\"og:title\" content=\"CARTIFICIOS - Escuela de Magia\" \/>\n<meta property=\"og:url\" content=\"https:\/\/escuelademagia.net\/cartificios\/\" \/>\n<meta property=\"og:site_name\" content=\"Escuela de Magia\" \/>\n<meta property=\"article:publisher\" content=\"https:\/\/www.facebook.com\/escuela3detrebol\" \/>\n<meta property=\"article:modified_time\" content=\"2024-05-21T18:45:49+00:00\" \/>\n<meta property=\"og:image\" content=\"http:\/\/escuelademagia.net\/wp-content\/uploads\/2024\/05\/oteroweb.jpg\" \/>\n<meta name=\"twitter:card\" content=\"summary_large_image\" \/>\n<meta name=\"twitter:label1\" content=\"Est. reading time\" \/>\n\t<meta name=\"twitter:data1\" content=\"1 minute\" \/>\n<script type=\"application\/ld+json\" class=\"yoast-schema-graph\">{\"@context\":\"https:\\\/\\\/schema.org\",\"@graph\":[{\"@type\":\"WebPage\",\"@id\":\"https:\\\/\\\/escuelademagia.net\\\/cartificios\\\/\",\"url\":\"https:\\\/\\\/escuelademagia.net\\\/cartificios\\\/\",\"name\":\"CARTIFICIOS - Escuela de Magia\",\"isPartOf\":{\"@id\":\"https:\\\/\\\/escuelademagia.net\\\/#website\"},\"primaryImageOfPage\":{\"@id\":\"https:\\\/\\\/escuelademagia.net\\\/cartificios\\\/#primaryimage\"},\"image\":{\"@id\":\"https:\\\/\\\/escuelademagia.net\\\/cartificios\\\/#primaryimage\"},\"thumbnailUrl\":\"http:\\\/\\\/escuelademagia.net\\\/wp-content\\\/uploads\\\/2024\\\/05\\\/oteroweb.jpg\",\"datePublished\":\"2024-05-21T18:36:38+00:00\",\"dateModified\":\"2024-05-21T18:45:49+00:00\",\"breadcrumb\":{\"@id\":\"https:\\\/\\\/escuelademagia.net\\\/cartificios\\\/#breadcrumb\"},\"inLanguage\":\"ca-ES\",\"potentialAction\":[{\"@type\":\"ReadAction\",\"target\":[\"https:\\\/\\\/escuelademagia.net\\\/cartificios\\\/\"]}]},{\"@type\":\"ImageObject\",\"inLanguage\":\"ca-ES\",\"@id\":\"https:\\\/\\\/escuelademagia.net\\\/cartificios\\\/#primaryimage\",\"url\":\"http:\\\/\\\/escuelademagia.net\\\/wp-content\\\/uploads\\\/2024\\\/05\\\/oteroweb.jpg\",\"contentUrl\":\"http:\\\/\\\/escuelademagia.net\\\/wp-content\\\/uploads\\\/2024\\\/05\\\/oteroweb.jpg\"},{\"@type\":\"BreadcrumbList\",\"@id\":\"https:\\\/\\\/escuelademagia.net\\\/cartificios\\\/#breadcrumb\",\"itemListElement\":[{\"@type\":\"ListItem\",\"position\":1,\"name\":\"Portada\",\"item\":\"https:\\\/\\\/escuelademagia.net\\\/\"},{\"@type\":\"ListItem\",\"position\":2,\"name\":\"CARTIFICIOS\"}]},{\"@type\":\"WebSite\",\"@id\":\"https:\\\/\\\/escuelademagia.net\\\/#website\",\"url\":\"https:\\\/\\\/escuelademagia.net\\\/\",\"name\":\"{:es}Escuela de Magia{:}{:ca}Escola de M\u00e0gia{:}\",\"description\":\"Escola de M&Atilde;&nbsp;gia a Barcelona per aficionats i profesionals\",\"publisher\":{\"@id\":\"https:\\\/\\\/escuelademagia.net\\\/#organization\"},\"potentialAction\":[{\"@type\":\"SearchAction\",\"target\":{\"@type\":\"EntryPoint\",\"urlTemplate\":\"https:\\\/\\\/escuelademagia.net\\\/?s={search_term_string}\"},\"query-input\":{\"@type\":\"PropertyValueSpecification\",\"valueRequired\":true,\"valueName\":\"search_term_string\"}}],\"inLanguage\":\"ca-ES\"},{\"@type\":\"Organization\",\"@id\":\"https:\\\/\\\/escuelademagia.net\\\/#organization\",\"name\":\"{:es}Escuela de Magia{:}{:ca}Escola de M\u00e0gia{:}\",\"url\":\"https:\\\/\\\/escuelademagia.net\\\/\",\"logo\":{\"@type\":\"ImageObject\",\"inLanguage\":\"ca-ES\",\"@id\":\"https:\\\/\\\/escuelademagia.net\\\/#\\\/schema\\\/logo\\\/image\\\/\",\"url\":\"http:\\\/\\\/escuelademagia.net\\\/wp-content\\\/uploads\\\/2024\\\/10\\\/logo-3detrebol.jpg\",\"contentUrl\":\"http:\\\/\\\/escuelademagia.net\\\/wp-content\\\/uploads\\\/2024\\\/10\\\/logo-3detrebol.jpg\",\"width\":669,\"height\":568,\"caption\":\"{:es}Escuela de Magia{:}{:ca}Escola de M\u00e0gia{:}\"},\"image\":{\"@id\":\"https:\\\/\\\/escuelademagia.net\\\/#\\\/schema\\\/logo\\\/image\\\/\"},\"sameAs\":[\"https:\\\/\\\/www.facebook.com\\\/escuela3detrebol\",\"https:\\\/\\\/www.instagram.com\\\/escuelademagianet\\\/\"]}]}<\/script>\n<!-- \/ Yoast SEO plugin. -->","yoast_head_json":{"title":"CARTIFICIOS - Escuela de Magia","robots":{"index":"index","follow":"follow","max-snippet":"max-snippet:-1","max-image-preview":"max-image-preview:large","max-video-preview":"max-video-preview:-1"},"canonical":"https:\/\/escuelademagia.net\/cartificios\/","og_locale":"ca_ES","og_type":"article","og_title":"CARTIFICIOS - Escuela de Magia","og_url":"https:\/\/escuelademagia.net\/cartificios\/","og_site_name":"Escuela de Magia","article_publisher":"https:\/\/www.facebook.com\/escuela3detrebol","article_modified_time":"2024-05-21T18:45:49+00:00","og_image":[{"url":"http:\/\/escuelademagia.net\/wp-content\/uploads\/2024\/05\/oteroweb.jpg","type":"","width":"","height":""}],"twitter_card":"summary_large_image","twitter_misc":{"Est. reading time":"1 minute"},"schema":{"@context":"https:\/\/schema.org","@graph":[{"@type":"WebPage","@id":"https:\/\/escuelademagia.net\/cartificios\/","url":"https:\/\/escuelademagia.net\/cartificios\/","name":"CARTIFICIOS - Escuela de Magia","isPartOf":{"@id":"https:\/\/escuelademagia.net\/#website"},"primaryImageOfPage":{"@id":"https:\/\/escuelademagia.net\/cartificios\/#primaryimage"},"image":{"@id":"https:\/\/escuelademagia.net\/cartificios\/#primaryimage"},"thumbnailUrl":"http:\/\/escuelademagia.net\/wp-content\/uploads\/2024\/05\/oteroweb.jpg","datePublished":"2024-05-21T18:36:38+00:00","dateModified":"2024-05-21T18:45:49+00:00","breadcrumb":{"@id":"https:\/\/escuelademagia.net\/cartificios\/#breadcrumb"},"inLanguage":"ca-ES","potentialAction":[{"@type":"ReadAction","target":["https:\/\/escuelademagia.net\/cartificios\/"]}]},{"@type":"ImageObject","inLanguage":"ca-ES","@id":"https:\/\/escuelademagia.net\/cartificios\/#primaryimage","url":"http:\/\/escuelademagia.net\/wp-content\/uploads\/2024\/05\/oteroweb.jpg","contentUrl":"http:\/\/escuelademagia.net\/wp-content\/uploads\/2024\/05\/oteroweb.jpg"},{"@type":"BreadcrumbList","@id":"https:\/\/escuelademagia.net\/cartificios\/#breadcrumb","itemListElement":[{"@type":"ListItem","position":1,"name":"Portada","item":"https:\/\/escuelademagia.net\/"},{"@type":"ListItem","position":2,"name":"CARTIFICIOS"}]},{"@type":"WebSite","@id":"https:\/\/escuelademagia.net\/#website","url":"https:\/\/escuelademagia.net\/","name":"{:es}Escuela de Magia{:}{:ca}Escola de M\u00e0gia{:}","description":"Escola de M&Atilde;&nbsp;gia a Barcelona per aficionats i profesionals","publisher":{"@id":"https:\/\/escuelademagia.net\/#organization"},"potentialAction":[{"@type":"SearchAction","target":{"@type":"EntryPoint","urlTemplate":"https:\/\/escuelademagia.net\/?s={search_term_string}"},"query-input":{"@type":"PropertyValueSpecification","valueRequired":true,"valueName":"search_term_string"}}],"inLanguage":"ca-ES"},{"@type":"Organization","@id":"https:\/\/escuelademagia.net\/#organization","name":"{:es}Escuela de Magia{:}{:ca}Escola de M\u00e0gia{:}","url":"https:\/\/escuelademagia.net\/","logo":{"@type":"ImageObject","inLanguage":"ca-ES","@id":"https:\/\/escuelademagia.net\/#\/schema\/logo\/image\/","url":"http:\/\/escuelademagia.net\/wp-content\/uploads\/2024\/10\/logo-3detrebol.jpg","contentUrl":"http:\/\/escuelademagia.net\/wp-content\/uploads\/2024\/10\/logo-3detrebol.jpg","width":669,"height":568,"caption":"{:es}Escuela de Magia{:}{:ca}Escola de M\u00e0gia{:}"},"image":{"@id":"https:\/\/escuelademagia.net\/#\/schema\/logo\/image\/"},"sameAs":["https:\/\/www.facebook.com\/escuela3detrebol","https:\/\/www.instagram.com\/escuelademagianet\/"]}]}},"_links":{"self":[{"href":"https:\/\/escuelademagia.net\/ca\/wp-json\/wp\/v2\/pages\/7155","targetHints":{"allow":["GET"]}}],"collection":[{"href":"https:\/\/escuelademagia.net\/ca\/wp-json\/wp\/v2\/pages"}],"about":[{"href":"https:\/\/escuelademagia.net\/ca\/wp-json\/wp\/v2\/types\/page"}],"author":[{"embeddable":true,"href":"https:\/\/escuelademagia.net\/ca\/wp-json\/wp\/v2\/users\/1"}],"replies":[{"embeddable":true,"href":"https:\/\/escuelademagia.net\/ca\/wp-json\/wp\/v2\/comments?post=7155"}],"version-history":[{"count":3,"href":"https:\/\/escuelademagia.net\/ca\/wp-json\/wp\/v2\/pages\/7155\/revisions"}],"predecessor-version":[{"id":7217,"href":"https:\/\/escuelademagia.net\/ca\/wp-json\/wp\/v2\/pages\/7155\/revisions\/7217"}],"wp:attachment":[{"href":"https:\/\/escuelademagia.net\/ca\/wp-json\/wp\/v2\/media?parent=7155"}],"curies":[{"name":"wp","href":"https:\/\/api.w.org\/{rel}","templated":true}]}}