{"id":77,"date":"2015-06-19T16:07:10","date_gmt":"2015-06-19T16:07:10","guid":{"rendered":"http:\/\/escuelademagia.com\/?page_id=77"},"modified":"2026-03-03T10:54:32","modified_gmt":"2026-03-03T10:54:32","slug":"magia-en-familia","status":"publish","type":"page","link":"https:\/\/escuelademagia.net\/ca\/cursos-de-magia\/cursos-infantiles\/magia-en-familia\/","title":{"rendered":"CURS EXPRESS DE M\u00c0GIA EN FAMILIA"},"content":{"rendered":"<p><a href=\"http:\/\/escuelademagia.net\/wp-content\/uploads\/2015\/06\/padre-hijo.jpg\"><img loading=\"lazy\" decoding=\"async\" class=\"wp-image-632 aligncenter\" src=\"http:\/\/escuelademagia.net\/wp-content\/uploads\/2015\/06\/padre-hijo-300x190.jpg\" alt=\"padre hijo\" width=\"432\" height=\"274\" srcset=\"https:\/\/escuelademagia.net\/wp-content\/uploads\/2015\/06\/padre-hijo-300x190.jpg 300w, https:\/\/escuelademagia.net\/wp-content\/uploads\/2015\/06\/padre-hijo-237x150.jpg 237w, https:\/\/escuelademagia.net\/wp-content\/uploads\/2015\/06\/padre-hijo-150x95.jpg 150w, https:\/\/escuelademagia.net\/wp-content\/uploads\/2015\/06\/padre-hijo-318x201.jpg 318w, https:\/\/escuelademagia.net\/wp-content\/uploads\/2015\/06\/padre-hijo.jpg 425w\" sizes=\"auto, (max-width: 432px) 100vw, 432px\" \/><\/a> Un curs expr\u00e9s preparat perqu\u00e8 gaudeixi en fam\u00edlia de les excel\u00b7l\u00e8ncies de la M\u00e0gia.<\/p>\n<p>Vens amb els teus fills i preparem dos programes diferents perqu\u00e8 puguis saber de <span id=\"result_box\" class=\"\" lang=\"ca\"><span class=\"\">la Hist\u00f2ria<\/span> <span class=\"\">de la M\u00e0gia (<\/span><span class=\"\">de la forma m\u00e9s<\/span> <span class=\"\">amena<\/span> <span class=\"\">possible<\/span><span class=\"\">)<\/span> <span class=\"\">amb<\/span> <span class=\"\">intervencions<\/span> <span class=\"\">m\u00e0giques<\/span><\/span><\/p>\n<p><span id=\"result_box\" class=\"\" lang=\"ca\"><span class=\"\">Aprendre<\/span> <span class=\"\">tant<\/span> <span class=\"\">tu<\/span><span class=\"\">, com els teus<\/span> <span class=\"\">fills,<\/span> <span class=\"\">uns<\/span> <span class=\"\">quants jocs<\/span> de mans.<\/span><\/p>\n<p><span id=\"result_box\" class=\"\" lang=\"ca\">I al final els teus propis fills &#8220;intentaran&#8221; oferir <span class=\"\">un espectacle<\/span> <span class=\"\">m\u00e0gic<\/span> en el nostre escenari de la rebotiga M\u00e0gica.<\/span><\/p>\n<p>Despr\u00e9s <span class=\"\">lliurarem<\/span> <span class=\"\">a<\/span> <span class=\"\">cada component<\/span> <span class=\"\">un diploma<\/span> <span class=\"\">que acredita la seva<\/span> <span class=\"\">assist\u00e8ncia.-<\/span><\/p>\n<p>Tot el material est\u00e0 incl\u00f2s i ser\u00e0 de la teva propietat.<\/p>\n<p>Nom\u00e9s has de preocupar-te de gaudir amb la teva fam\u00edlia.<\/p>\n<p><strong><span style=\"color: #ff0000;\">DIA PROPER: 28 de desembre 2021 &#8211; 29 de gener 2022<br \/>\n<\/span><\/strong><\/p>\n<p><strong><span style=\"color: #ff0000;\">HORARI: 16 h a 18 h.<\/span><\/strong><\/p>\n<p><strong><span style=\"color: #ff0000;\">PREU: 20 \u20ac PER PERSONE <\/span><\/strong><\/p>\n<p><em> <span style=\"color: #ff0000;\"><strong><span id=\"result_box\" class=\"short_text\" lang=\"ca\" tabindex=\"-1\">M\u00ednim dues persones<\/span><\/strong><\/span> <\/em><\/p>\n<p><span id=\"result_box\" class=\"short_text\" lang=\"ca\" tabindex=\"-1\"><span class=\"hps\">S&#8217;HA<\/span> <span class=\"hps\">DE <span style=\"color: #ff0000;\"><strong>RESERVAR<\/strong><\/span><\/span> <span class=\"hps\">O<\/span> <span style=\"color: #ff0000;\"><strong><span class=\"hps\">COMPRAR<\/span><\/strong><\/span> <span class=\"hps\">ENTRADA<\/span> <span class=\"hps\">PR\u00c8VIAMENT<\/span><\/span><\/p>\n<form action=\"https:\/\/www.paypal.com\/cgi-bin\/webscr\" method=\"post\" target=\"_top\"><input name=\"cmd\" type=\"hidden\" value=\"_s-xclick\" \/> <input name=\"hosted_button_id\" type=\"hidden\" value=\"LQJ7F4H9MSC4L\" \/><\/p>\n<table>\n<tbody>\n<tr>\n<td><input name=\"on0\" type=\"hidden\" value=\"NUMERO DE ALUMNOS\" \/>NUMERO DE ALUMNOS<\/td>\n<\/tr>\n<tr>\n<td><select name=\"os0\"><option value=\"2 alumnos\">2 alumnos \u20ac40,00 EUR<\/option><option value=\"3 alumnos\">3 alumnos \u20ac60,00 EUR<\/option><option value=\"4 alumnos\">4 alumnos \u20ac80,00 EUR<\/option><\/select><\/td>\n<\/tr>\n<\/tbody>\n<\/table>\n<p><input name=\"currency_code\" type=\"hidden\" value=\"EUR\" \/> <input alt=\"PayPal. La forma r\u00e1pida y segura de pagar en Internet.\" name=\"submit\" src=\"https:\/\/www.paypalobjects.com\/es_ES\/ES\/i\/btn\/btn_buynowCC_LG.gif\" type=\"image\" \/> <img loading=\"lazy\" decoding=\"async\" src=\"https:\/\/www.paypalobjects.com\/es_ES\/i\/scr\/pixel.gif\" alt=\"\" width=\"1\" height=\"1\" border=\"0\" \/><\/p>\n<\/form>\n<p>Per a m\u00e9s informaci\u00f3 trucar al tel\u00e8fon <span style=\"color: # ff0000;\"> <strong>932.989.572 de 16:30 h a 20:30 h, o al <span style=\"color: # ff0000;\"> <strong> 696.428.407 a qualsevol hora, o tamb\u00e9 pots omplir el formulari <\/strong><\/span><\/strong><\/span> \n<div class=\"wpcf7 no-js\" id=\"wpcf7-f7262-o1\" lang=\"es-ES\" dir=\"ltr\" data-wpcf7-id=\"7262\">\n<div class=\"screen-reader-response\"><p role=\"status\" aria-live=\"polite\" aria-atomic=\"true\"><\/p> <ul><\/ul><\/div>\n<form action=\"\/ca\/wp-json\/wp\/v2\/pages\/77#wpcf7-f7262-o1\" method=\"post\" class=\"wpcf7-form init\" aria-label=\"Contact form\" novalidate=\"novalidate\" data-status=\"init\">\n<fieldset class=\"hidden-fields-container\"><input type=\"hidden\" name=\"_wpcf7\" value=\"7262\" \/><input type=\"hidden\" name=\"_wpcf7_version\" value=\"6.1.5\" \/><input type=\"hidden\" name=\"_wpcf7_locale\" value=\"es_ES\" \/><input type=\"hidden\" name=\"_wpcf7_unit_tag\" value=\"wpcf7-f7262-o1\" \/><input type=\"hidden\" name=\"_wpcf7_container_post\" value=\"0\" \/><input type=\"hidden\" name=\"_wpcf7_posted_data_hash\" value=\"\" \/>\n<\/fieldset>\n<p><label> Tu nombre<br \/>\n<span class=\"wpcf7-form-control-wrap\" data-name=\"your-name\"><input size=\"40\" maxlength=\"400\" class=\"wpcf7-form-control wpcf7-text wpcf7-validates-as-required\" autocomplete=\"name\" aria-required=\"true\" aria-invalid=\"false\" value=\"\" type=\"text\" name=\"your-name\" \/><\/span> <\/label>\n<\/p>\n<p><label> Tu correo electr\u00f3nico<br \/>\n<span class=\"wpcf7-form-control-wrap\" data-name=\"your-email\"><input size=\"40\" maxlength=\"400\" class=\"wpcf7-form-control wpcf7-email wpcf7-validates-as-required wpcf7-text wpcf7-validates-as-email\" autocomplete=\"email\" aria-required=\"true\" aria-invalid=\"false\" value=\"\" type=\"email\" name=\"your-email\" \/><\/span> <\/label>\n<\/p>\n<p><label> Asunto<br \/>\n<span class=\"wpcf7-form-control-wrap\" data-name=\"your-subject\"><input size=\"40\" maxlength=\"400\" class=\"wpcf7-form-control wpcf7-text wpcf7-validates-as-required\" aria-required=\"true\" aria-invalid=\"false\" value=\"\" type=\"text\" name=\"your-subject\" \/><\/span> <\/label>\n<\/p>\n<p><label> Tu mensaje (opcional)<br \/>\n<span class=\"wpcf7-form-control-wrap\" data-name=\"your-message\"><textarea cols=\"40\" rows=\"10\" maxlength=\"2000\" class=\"wpcf7-form-control wpcf7-textarea\" aria-invalid=\"false\" name=\"your-message\"><\/textarea><\/span> <\/label>\n<\/p>\n<p><input class=\"wpcf7-form-control wpcf7-submit has-spinner\" type=\"submit\" value=\"Enviar\" \/>\n<\/p><div class=\"wpcf7-response-output\" aria-hidden=\"true\"><\/div>\n<\/form>\n<\/div>\n<\/p>\n","protected":false},"excerpt":{"rendered":"<p class=\"continue-reading-button\"> <a class=\"continue-reading-link\" href=\"https:\/\/escuelademagia.net\/ca\/cursos-de-magia\/cursos-infantiles\/magia-en-familia\/\"><i class=\"crycon-right-dir\"><\/i><\/a><\/p>\n","protected":false},"author":1,"featured_media":358,"parent":113,"menu_order":0,"comment_status":"closed","ping_status":"closed","template":"","meta":{"_crdt_document":"","footnotes":""},"class_list":["post-77","page","type-page","status-publish","has-post-thumbnail","hentry"],"translation":{"provider":"WPGlobus","version":"3.0.2","language":"ca","enabled_languages":["es","ca"],"languages":{"es":{"title":true,"content":true,"excerpt":false},"ca":{"title":true,"content":true,"excerpt":false}}},"yoast_head":"<!-- This site is optimized with the Yoast SEO plugin v27.4 - https:\/\/yoast.com\/product\/yoast-seo-wordpress\/ -->\n<title>CURS EXPRESS DE M\u00c0GIA EN FAMILIA - Escuela de Magia<\/title>\n<meta name=\"robots\" content=\"index, follow, max-snippet:-1, max-image-preview:large, max-video-preview:-1\" \/>\n<link rel=\"canonical\" href=\"https:\/\/escuelademagia.net\/cursos-de-magia\/cursos-infantiles\/magia-en-familia\/\" \/>\n<meta property=\"og:locale\" content=\"ca_ES\" \/>\n<meta property=\"og:type\" content=\"article\" \/>\n<meta property=\"og:title\" content=\"CURS EXPRESS DE M\u00c0GIA EN FAMILIA - Escuela de Magia\" \/>\n<meta property=\"og:url\" content=\"https:\/\/escuelademagia.net\/cursos-de-magia\/cursos-infantiles\/magia-en-familia\/\" \/>\n<meta property=\"og:site_name\" content=\"Escuela de Magia\" \/>\n<meta property=\"article:publisher\" content=\"https:\/\/www.facebook.com\/escuela3detrebol\" \/>\n<meta property=\"article:modified_time\" content=\"2026-03-03T10:54:32+00:00\" \/>\n<meta property=\"og:image\" content=\"https:\/\/escuelademagia.net\/wp-content\/uploads\/2015\/06\/PUERTAENTRADAWEB.jpg\" \/>\n\t<meta property=\"og:image:width\" content=\"425\" \/>\n\t<meta property=\"og:image:height\" content=\"319\" \/>\n\t<meta property=\"og:image:type\" content=\"image\/jpeg\" \/>\n<meta name=\"twitter:card\" content=\"summary_large_image\" \/>\n<meta name=\"twitter:label1\" content=\"Est. reading time\" \/>\n\t<meta name=\"twitter:data1\" content=\"2 minutes\" \/>\n<script type=\"application\/ld+json\" class=\"yoast-schema-graph\">{\"@context\":\"https:\\\/\\\/schema.org\",\"@graph\":[{\"@type\":\"WebPage\",\"@id\":\"https:\\\/\\\/escuelademagia.net\\\/cursos-de-magia\\\/cursos-infantiles\\\/magia-en-familia\\\/\",\"url\":\"https:\\\/\\\/escuelademagia.net\\\/cursos-de-magia\\\/cursos-infantiles\\\/magia-en-familia\\\/\",\"name\":\"CURS EXPRESS DE M\u00c0GIA EN FAMILIA - Escuela de Magia\",\"isPartOf\":{\"@id\":\"https:\\\/\\\/escuelademagia.net\\\/#website\"},\"primaryImageOfPage\":{\"@id\":\"https:\\\/\\\/escuelademagia.net\\\/cursos-de-magia\\\/cursos-infantiles\\\/magia-en-familia\\\/#primaryimage\"},\"image\":{\"@id\":\"https:\\\/\\\/escuelademagia.net\\\/cursos-de-magia\\\/cursos-infantiles\\\/magia-en-familia\\\/#primaryimage\"},\"thumbnailUrl\":\"https:\\\/\\\/escuelademagia.net\\\/wp-content\\\/uploads\\\/2015\\\/06\\\/PUERTAENTRADAWEB.jpg\",\"datePublished\":\"2015-06-19T16:07:10+00:00\",\"dateModified\":\"2026-03-03T10:54:32+00:00\",\"breadcrumb\":{\"@id\":\"https:\\\/\\\/escuelademagia.net\\\/cursos-de-magia\\\/cursos-infantiles\\\/magia-en-familia\\\/#breadcrumb\"},\"inLanguage\":\"ca-ES\",\"potentialAction\":[{\"@type\":\"ReadAction\",\"target\":[\"https:\\\/\\\/escuelademagia.net\\\/cursos-de-magia\\\/cursos-infantiles\\\/magia-en-familia\\\/\"]}]},{\"@type\":\"ImageObject\",\"inLanguage\":\"ca-ES\",\"@id\":\"https:\\\/\\\/escuelademagia.net\\\/cursos-de-magia\\\/cursos-infantiles\\\/magia-en-familia\\\/#primaryimage\",\"url\":\"https:\\\/\\\/escuelademagia.net\\\/wp-content\\\/uploads\\\/2015\\\/06\\\/PUERTAENTRADAWEB.jpg\",\"contentUrl\":\"https:\\\/\\\/escuelademagia.net\\\/wp-content\\\/uploads\\\/2015\\\/06\\\/PUERTAENTRADAWEB.jpg\",\"width\":425,\"height\":319},{\"@type\":\"BreadcrumbList\",\"@id\":\"https:\\\/\\\/escuelademagia.net\\\/cursos-de-magia\\\/cursos-infantiles\\\/magia-en-familia\\\/#breadcrumb\",\"itemListElement\":[{\"@type\":\"ListItem\",\"position\":1,\"name\":\"Portada\",\"item\":\"https:\\\/\\\/escuelademagia.net\\\/\"},{\"@type\":\"ListItem\",\"position\":2,\"name\":\"CURSOS DE MAGIA\",\"item\":\"https:\\\/\\\/escuelademagia.net\\\/cursos-de-magia\\\/\"},{\"@type\":\"ListItem\",\"position\":3,\"name\":\"CURSOS INFANTILES DE MAGIA\",\"item\":\"https:\\\/\\\/escuelademagia.net\\\/cursos-de-magia\\\/cursos-infantiles\\\/\"},{\"@type\":\"ListItem\",\"position\":4,\"name\":\"CURSO DE MAGIA EN FAMILIA\"}]},{\"@type\":\"WebSite\",\"@id\":\"https:\\\/\\\/escuelademagia.net\\\/#website\",\"url\":\"https:\\\/\\\/escuelademagia.net\\\/\",\"name\":\"{:es}Escuela de Magia{:}{:ca}Escola de M\u00e0gia{:}\",\"description\":\"Escola de M&Atilde;&nbsp;gia a Barcelona per aficionats i profesionals\",\"publisher\":{\"@id\":\"https:\\\/\\\/escuelademagia.net\\\/#organization\"},\"potentialAction\":[{\"@type\":\"SearchAction\",\"target\":{\"@type\":\"EntryPoint\",\"urlTemplate\":\"https:\\\/\\\/escuelademagia.net\\\/?s={search_term_string}\"},\"query-input\":{\"@type\":\"PropertyValueSpecification\",\"valueRequired\":true,\"valueName\":\"search_term_string\"}}],\"inLanguage\":\"ca-ES\"},{\"@type\":\"Organization\",\"@id\":\"https:\\\/\\\/escuelademagia.net\\\/#organization\",\"name\":\"{:es}Escuela de Magia{:}{:ca}Escola de M\u00e0gia{:}\",\"url\":\"https:\\\/\\\/escuelademagia.net\\\/\",\"logo\":{\"@type\":\"ImageObject\",\"inLanguage\":\"ca-ES\",\"@id\":\"https:\\\/\\\/escuelademagia.net\\\/#\\\/schema\\\/logo\\\/image\\\/\",\"url\":\"http:\\\/\\\/escuelademagia.net\\\/wp-content\\\/uploads\\\/2024\\\/10\\\/logo-3detrebol.jpg\",\"contentUrl\":\"http:\\\/\\\/escuelademagia.net\\\/wp-content\\\/uploads\\\/2024\\\/10\\\/logo-3detrebol.jpg\",\"width\":669,\"height\":568,\"caption\":\"{:es}Escuela de Magia{:}{:ca}Escola de M\u00e0gia{:}\"},\"image\":{\"@id\":\"https:\\\/\\\/escuelademagia.net\\\/#\\\/schema\\\/logo\\\/image\\\/\"},\"sameAs\":[\"https:\\\/\\\/www.facebook.com\\\/escuela3detrebol\",\"https:\\\/\\\/www.instagram.com\\\/escuelademagianet\\\/\"]}]}<\/script>\n<!-- \/ Yoast SEO plugin. -->","yoast_head_json":{"title":"CURS EXPRESS DE M\u00c0GIA EN FAMILIA - Escuela de Magia","robots":{"index":"index","follow":"follow","max-snippet":"max-snippet:-1","max-image-preview":"max-image-preview:large","max-video-preview":"max-video-preview:-1"},"canonical":"https:\/\/escuelademagia.net\/cursos-de-magia\/cursos-infantiles\/magia-en-familia\/","og_locale":"ca_ES","og_type":"article","og_title":"CURS EXPRESS DE M\u00c0GIA EN FAMILIA - Escuela de Magia","og_url":"https:\/\/escuelademagia.net\/cursos-de-magia\/cursos-infantiles\/magia-en-familia\/","og_site_name":"Escuela de Magia","article_publisher":"https:\/\/www.facebook.com\/escuela3detrebol","article_modified_time":"2026-03-03T10:54:32+00:00","og_image":[{"width":425,"height":319,"url":"https:\/\/escuelademagia.net\/wp-content\/uploads\/2015\/06\/PUERTAENTRADAWEB.jpg","type":"image\/jpeg"}],"twitter_card":"summary_large_image","twitter_misc":{"Est. reading time":"2 minutes"},"schema":{"@context":"https:\/\/schema.org","@graph":[{"@type":"WebPage","@id":"https:\/\/escuelademagia.net\/cursos-de-magia\/cursos-infantiles\/magia-en-familia\/","url":"https:\/\/escuelademagia.net\/cursos-de-magia\/cursos-infantiles\/magia-en-familia\/","name":"CURS EXPRESS DE M\u00c0GIA EN FAMILIA - Escuela de Magia","isPartOf":{"@id":"https:\/\/escuelademagia.net\/#website"},"primaryImageOfPage":{"@id":"https:\/\/escuelademagia.net\/cursos-de-magia\/cursos-infantiles\/magia-en-familia\/#primaryimage"},"image":{"@id":"https:\/\/escuelademagia.net\/cursos-de-magia\/cursos-infantiles\/magia-en-familia\/#primaryimage"},"thumbnailUrl":"https:\/\/escuelademagia.net\/wp-content\/uploads\/2015\/06\/PUERTAENTRADAWEB.jpg","datePublished":"2015-06-19T16:07:10+00:00","dateModified":"2026-03-03T10:54:32+00:00","breadcrumb":{"@id":"https:\/\/escuelademagia.net\/cursos-de-magia\/cursos-infantiles\/magia-en-familia\/#breadcrumb"},"inLanguage":"ca-ES","potentialAction":[{"@type":"ReadAction","target":["https:\/\/escuelademagia.net\/cursos-de-magia\/cursos-infantiles\/magia-en-familia\/"]}]},{"@type":"ImageObject","inLanguage":"ca-ES","@id":"https:\/\/escuelademagia.net\/cursos-de-magia\/cursos-infantiles\/magia-en-familia\/#primaryimage","url":"https:\/\/escuelademagia.net\/wp-content\/uploads\/2015\/06\/PUERTAENTRADAWEB.jpg","contentUrl":"https:\/\/escuelademagia.net\/wp-content\/uploads\/2015\/06\/PUERTAENTRADAWEB.jpg","width":425,"height":319},{"@type":"BreadcrumbList","@id":"https:\/\/escuelademagia.net\/cursos-de-magia\/cursos-infantiles\/magia-en-familia\/#breadcrumb","itemListElement":[{"@type":"ListItem","position":1,"name":"Portada","item":"https:\/\/escuelademagia.net\/"},{"@type":"ListItem","position":2,"name":"CURSOS DE MAGIA","item":"https:\/\/escuelademagia.net\/cursos-de-magia\/"},{"@type":"ListItem","position":3,"name":"CURSOS INFANTILES DE MAGIA","item":"https:\/\/escuelademagia.net\/cursos-de-magia\/cursos-infantiles\/"},{"@type":"ListItem","position":4,"name":"CURSO DE MAGIA EN FAMILIA"}]},{"@type":"WebSite","@id":"https:\/\/escuelademagia.net\/#website","url":"https:\/\/escuelademagia.net\/","name":"{:es}Escuela de Magia{:}{:ca}Escola de M\u00e0gia{:}","description":"Escola de M&Atilde;&nbsp;gia a Barcelona per aficionats i profesionals","publisher":{"@id":"https:\/\/escuelademagia.net\/#organization"},"potentialAction":[{"@type":"SearchAction","target":{"@type":"EntryPoint","urlTemplate":"https:\/\/escuelademagia.net\/?s={search_term_string}"},"query-input":{"@type":"PropertyValueSpecification","valueRequired":true,"valueName":"search_term_string"}}],"inLanguage":"ca-ES"},{"@type":"Organization","@id":"https:\/\/escuelademagia.net\/#organization","name":"{:es}Escuela de Magia{:}{:ca}Escola de M\u00e0gia{:}","url":"https:\/\/escuelademagia.net\/","logo":{"@type":"ImageObject","inLanguage":"ca-ES","@id":"https:\/\/escuelademagia.net\/#\/schema\/logo\/image\/","url":"http:\/\/escuelademagia.net\/wp-content\/uploads\/2024\/10\/logo-3detrebol.jpg","contentUrl":"http:\/\/escuelademagia.net\/wp-content\/uploads\/2024\/10\/logo-3detrebol.jpg","width":669,"height":568,"caption":"{:es}Escuela de Magia{:}{:ca}Escola de M\u00e0gia{:}"},"image":{"@id":"https:\/\/escuelademagia.net\/#\/schema\/logo\/image\/"},"sameAs":["https:\/\/www.facebook.com\/escuela3detrebol","https:\/\/www.instagram.com\/escuelademagianet\/"]}]}},"_links":{"self":[{"href":"https:\/\/escuelademagia.net\/ca\/wp-json\/wp\/v2\/pages\/77","targetHints":{"allow":["GET"]}}],"collection":[{"href":"https:\/\/escuelademagia.net\/ca\/wp-json\/wp\/v2\/pages"}],"about":[{"href":"https:\/\/escuelademagia.net\/ca\/wp-json\/wp\/v2\/types\/page"}],"author":[{"embeddable":true,"href":"https:\/\/escuelademagia.net\/ca\/wp-json\/wp\/v2\/users\/1"}],"replies":[{"embeddable":true,"href":"https:\/\/escuelademagia.net\/ca\/wp-json\/wp\/v2\/comments?post=77"}],"version-history":[{"count":190,"href":"https:\/\/escuelademagia.net\/ca\/wp-json\/wp\/v2\/pages\/77\/revisions"}],"predecessor-version":[{"id":8268,"href":"https:\/\/escuelademagia.net\/ca\/wp-json\/wp\/v2\/pages\/77\/revisions\/8268"}],"up":[{"embeddable":true,"href":"https:\/\/escuelademagia.net\/ca\/wp-json\/wp\/v2\/pages\/113"}],"wp:featuredmedia":[{"embeddable":true,"href":"https:\/\/escuelademagia.net\/ca\/wp-json\/wp\/v2\/media\/358"}],"wp:attachment":[{"href":"https:\/\/escuelademagia.net\/ca\/wp-json\/wp\/v2\/media?parent=77"}],"curies":[{"name":"wp","href":"https:\/\/api.w.org\/{rel}","templated":true}]}}