{"id":7893,"date":"2025-05-05T08:48:05","date_gmt":"2025-05-05T08:48:05","guid":{"rendered":"https:\/\/escuelademagia.net\/?page_id=7893"},"modified":"2025-09-30T14:51:53","modified_gmt":"2025-09-30T14:51:53","slug":"show-de-magia-con-nuel-galan","status":"publish","type":"page","link":"https:\/\/escuelademagia.net\/ca\/show-de-magia-con-nuel-galan\/","title":{"rendered":"SHOW de Magia con NUEL GALAN"},"content":{"rendered":"<p><a href=\"https:\/\/escuelademagia.net\/wp-content\/uploads\/2025\/05\/nuel-galan3.jpg\"><img loading=\"lazy\" decoding=\"async\" class=\"wp-image-7894 aligncenter\" src=\"https:\/\/escuelademagia.net\/wp-content\/uploads\/2025\/05\/nuel-galan3-300x215.jpg\" alt=\"\" width=\"447\" height=\"320\" srcset=\"https:\/\/escuelademagia.net\/wp-content\/uploads\/2025\/05\/nuel-galan3-300x215.jpg 300w, https:\/\/escuelademagia.net\/wp-content\/uploads\/2025\/05\/nuel-galan3-1024x733.jpg 1024w, https:\/\/escuelademagia.net\/wp-content\/uploads\/2025\/05\/nuel-galan3-768x550.jpg 768w, https:\/\/escuelademagia.net\/wp-content\/uploads\/2025\/05\/nuel-galan3-150x107.jpg 150w, https:\/\/escuelademagia.net\/wp-content\/uploads\/2025\/05\/nuel-galan3.jpg 1150w\" sizes=\"auto, (max-width: 447px) 100vw, 447px\" \/><\/a><\/p>\n<p>Vive un viaje en el que conocer\u00e1s que no existen l\u00edmites, que se pueden conseguir cosas extraordinarias.<br \/>\nHumor, magia y emoci\u00f3n, har\u00e1n que nunca olvides este viaje.<\/p>\n<ul>\n<li>Asesor del mago Pop<\/li>\n<li>Colaborador en tv1 y antena 3<\/li>\n<li>Finalista del programa Pura Magia<\/li>\n<li>premio nacional de Magia<\/li>\n<li>Premio al mejor show de Magia en la Comunidad Valenciana 2023<\/li>\n<\/ul>\n<p><strong><span style=\"color: #ff0000;\">FECHA: 29 de noviembre 2025<\/span><\/strong><\/p>\n<p><strong><span style=\"color: #ff0000;\">HORARIO: 20:30 H<\/span><\/strong><\/p>\n<p><strong><span style=\"color: #ff0000;\">PRECIO: 24 \u20ac (ALUMNOS Y EX-ALUMNOS 20 \u20ac)<\/span><\/strong><\/p>\n<p>Puedes comprar tu entrada a trav\u00e9s del bot\u00f3n m\u00e1s abajo<\/p>\n<p><a href=\"https:\/\/www.atrapalo.com\/entradas\/show-de-magia-con-nuel-galan_e4930678\/\"><img loading=\"lazy\" decoding=\"async\" class=\" wp-image-7768 aligncenter\" src=\"https:\/\/escuelademagia.net\/wp-content\/uploads\/2025\/02\/boton-compra-ahora-300x87.png\" alt=\"\" width=\"183\" height=\"53\" srcset=\"https:\/\/escuelademagia.net\/wp-content\/uploads\/2025\/02\/boton-compra-ahora-300x87.png 300w, https:\/\/escuelademagia.net\/wp-content\/uploads\/2025\/02\/boton-compra-ahora-1024x297.png 1024w, https:\/\/escuelademagia.net\/wp-content\/uploads\/2025\/02\/boton-compra-ahora-768x223.png 768w, https:\/\/escuelademagia.net\/wp-content\/uploads\/2025\/02\/boton-compra-ahora-150x43.png 150w, https:\/\/escuelademagia.net\/wp-content\/uploads\/2025\/02\/boton-compra-ahora.png 1208w\" sizes=\"auto, (max-width: 183px) 100vw, 183px\" \/><\/a><\/p>\n","protected":false},"excerpt":{"rendered":"<p class=\"continue-reading-button\"> <a class=\"continue-reading-link\" href=\"https:\/\/escuelademagia.net\/ca\/show-de-magia-con-nuel-galan\/\"><i class=\"crycon-right-dir\"><\/i><\/a><\/p>\n","protected":false},"author":1,"featured_media":0,"parent":0,"menu_order":0,"comment_status":"closed","ping_status":"closed","template":"","meta":{"_crdt_document":"","footnotes":""},"class_list":["post-7893","page","type-page","status-publish","hentry"],"translation":{"provider":"WPGlobus","version":"3.0.2","language":"ca","enabled_languages":["es","ca"],"languages":{"es":{"title":true,"content":true,"excerpt":false},"ca":{"title":false,"content":false,"excerpt":false}}},"yoast_head":"<!-- This site is optimized with the Yoast SEO plugin v27.5 - https:\/\/yoast.com\/product\/yoast-seo-wordpress\/ -->\n<title>SHOW de Magia con NUEL GALAN - Escuela de Magia<\/title>\n<meta name=\"robots\" content=\"index, follow, max-snippet:-1, max-image-preview:large, max-video-preview:-1\" \/>\n<link rel=\"canonical\" href=\"https:\/\/escuelademagia.net\/show-de-magia-con-nuel-galan\/\" \/>\n<meta property=\"og:locale\" content=\"ca_ES\" \/>\n<meta property=\"og:type\" content=\"article\" \/>\n<meta property=\"og:title\" content=\"SHOW de Magia con NUEL GALAN - Escuela de Magia\" \/>\n<meta property=\"og:url\" content=\"https:\/\/escuelademagia.net\/show-de-magia-con-nuel-galan\/\" \/>\n<meta property=\"og:site_name\" content=\"Escuela de Magia\" \/>\n<meta property=\"article:publisher\" content=\"https:\/\/www.facebook.com\/escuela3detrebol\" \/>\n<meta property=\"article:modified_time\" content=\"2025-09-30T14:51:53+00:00\" \/>\n<meta property=\"og:image\" content=\"https:\/\/escuelademagia.net\/wp-content\/uploads\/2025\/05\/nuel-galan3-300x215.jpg\" \/>\n<meta name=\"twitter:card\" content=\"summary_large_image\" \/>\n<script type=\"application\/ld+json\" class=\"yoast-schema-graph\">{\"@context\":\"https:\\\/\\\/schema.org\",\"@graph\":[{\"@type\":\"WebPage\",\"@id\":\"https:\\\/\\\/escuelademagia.net\\\/show-de-magia-con-nuel-galan\\\/\",\"url\":\"https:\\\/\\\/escuelademagia.net\\\/show-de-magia-con-nuel-galan\\\/\",\"name\":\"SHOW de Magia con NUEL GALAN - Escuela de Magia\",\"isPartOf\":{\"@id\":\"https:\\\/\\\/escuelademagia.net\\\/#website\"},\"primaryImageOfPage\":{\"@id\":\"https:\\\/\\\/escuelademagia.net\\\/show-de-magia-con-nuel-galan\\\/#primaryimage\"},\"image\":{\"@id\":\"https:\\\/\\\/escuelademagia.net\\\/show-de-magia-con-nuel-galan\\\/#primaryimage\"},\"thumbnailUrl\":\"https:\\\/\\\/escuelademagia.net\\\/wp-content\\\/uploads\\\/2025\\\/05\\\/nuel-galan3-300x215.jpg\",\"datePublished\":\"2025-05-05T08:48:05+00:00\",\"dateModified\":\"2025-09-30T14:51:53+00:00\",\"breadcrumb\":{\"@id\":\"https:\\\/\\\/escuelademagia.net\\\/show-de-magia-con-nuel-galan\\\/#breadcrumb\"},\"inLanguage\":\"ca-ES\",\"potentialAction\":[{\"@type\":\"ReadAction\",\"target\":[\"https:\\\/\\\/escuelademagia.net\\\/show-de-magia-con-nuel-galan\\\/\"]}]},{\"@type\":\"ImageObject\",\"inLanguage\":\"ca-ES\",\"@id\":\"https:\\\/\\\/escuelademagia.net\\\/show-de-magia-con-nuel-galan\\\/#primaryimage\",\"url\":\"https:\\\/\\\/escuelademagia.net\\\/wp-content\\\/uploads\\\/2025\\\/05\\\/nuel-galan3-300x215.jpg\",\"contentUrl\":\"https:\\\/\\\/escuelademagia.net\\\/wp-content\\\/uploads\\\/2025\\\/05\\\/nuel-galan3-300x215.jpg\"},{\"@type\":\"BreadcrumbList\",\"@id\":\"https:\\\/\\\/escuelademagia.net\\\/show-de-magia-con-nuel-galan\\\/#breadcrumb\",\"itemListElement\":[{\"@type\":\"ListItem\",\"position\":1,\"name\":\"Portada\",\"item\":\"https:\\\/\\\/escuelademagia.net\\\/\"},{\"@type\":\"ListItem\",\"position\":2,\"name\":\"SHOW de Magia con NUEL GALAN\"}]},{\"@type\":\"WebSite\",\"@id\":\"https:\\\/\\\/escuelademagia.net\\\/#website\",\"url\":\"https:\\\/\\\/escuelademagia.net\\\/\",\"name\":\"{:es}Escuela de Magia{:}{:ca}Escola de M\u00e0gia{:}\",\"description\":\"Escola de M&Atilde;&nbsp;gia a Barcelona per aficionats i profesionals\",\"publisher\":{\"@id\":\"https:\\\/\\\/escuelademagia.net\\\/#organization\"},\"potentialAction\":[{\"@type\":\"SearchAction\",\"target\":{\"@type\":\"EntryPoint\",\"urlTemplate\":\"https:\\\/\\\/escuelademagia.net\\\/?s={search_term_string}\"},\"query-input\":{\"@type\":\"PropertyValueSpecification\",\"valueRequired\":true,\"valueName\":\"search_term_string\"}}],\"inLanguage\":\"ca-ES\"},{\"@type\":\"Organization\",\"@id\":\"https:\\\/\\\/escuelademagia.net\\\/#organization\",\"name\":\"{:es}Escuela de Magia{:}{:ca}Escola de M\u00e0gia{:}\",\"url\":\"https:\\\/\\\/escuelademagia.net\\\/\",\"logo\":{\"@type\":\"ImageObject\",\"inLanguage\":\"ca-ES\",\"@id\":\"https:\\\/\\\/escuelademagia.net\\\/#\\\/schema\\\/logo\\\/image\\\/\",\"url\":\"http:\\\/\\\/escuelademagia.net\\\/wp-content\\\/uploads\\\/2024\\\/10\\\/logo-3detrebol.jpg\",\"contentUrl\":\"http:\\\/\\\/escuelademagia.net\\\/wp-content\\\/uploads\\\/2024\\\/10\\\/logo-3detrebol.jpg\",\"width\":669,\"height\":568,\"caption\":\"{:es}Escuela de Magia{:}{:ca}Escola de M\u00e0gia{:}\"},\"image\":{\"@id\":\"https:\\\/\\\/escuelademagia.net\\\/#\\\/schema\\\/logo\\\/image\\\/\"},\"sameAs\":[\"https:\\\/\\\/www.facebook.com\\\/escuela3detrebol\",\"https:\\\/\\\/www.instagram.com\\\/escuelademagianet\\\/\"]}]}<\/script>\n<!-- \/ Yoast SEO plugin. -->","yoast_head_json":{"title":"SHOW de Magia con NUEL GALAN - Escuela de Magia","robots":{"index":"index","follow":"follow","max-snippet":"max-snippet:-1","max-image-preview":"max-image-preview:large","max-video-preview":"max-video-preview:-1"},"canonical":"https:\/\/escuelademagia.net\/show-de-magia-con-nuel-galan\/","og_locale":"ca_ES","og_type":"article","og_title":"SHOW de Magia con NUEL GALAN - Escuela de Magia","og_url":"https:\/\/escuelademagia.net\/show-de-magia-con-nuel-galan\/","og_site_name":"Escuela de Magia","article_publisher":"https:\/\/www.facebook.com\/escuela3detrebol","article_modified_time":"2025-09-30T14:51:53+00:00","og_image":[{"url":"https:\/\/escuelademagia.net\/wp-content\/uploads\/2025\/05\/nuel-galan3-300x215.jpg","type":"","width":"","height":""}],"twitter_card":"summary_large_image","schema":{"@context":"https:\/\/schema.org","@graph":[{"@type":"WebPage","@id":"https:\/\/escuelademagia.net\/show-de-magia-con-nuel-galan\/","url":"https:\/\/escuelademagia.net\/show-de-magia-con-nuel-galan\/","name":"SHOW de Magia con NUEL GALAN - Escuela de Magia","isPartOf":{"@id":"https:\/\/escuelademagia.net\/#website"},"primaryImageOfPage":{"@id":"https:\/\/escuelademagia.net\/show-de-magia-con-nuel-galan\/#primaryimage"},"image":{"@id":"https:\/\/escuelademagia.net\/show-de-magia-con-nuel-galan\/#primaryimage"},"thumbnailUrl":"https:\/\/escuelademagia.net\/wp-content\/uploads\/2025\/05\/nuel-galan3-300x215.jpg","datePublished":"2025-05-05T08:48:05+00:00","dateModified":"2025-09-30T14:51:53+00:00","breadcrumb":{"@id":"https:\/\/escuelademagia.net\/show-de-magia-con-nuel-galan\/#breadcrumb"},"inLanguage":"ca-ES","potentialAction":[{"@type":"ReadAction","target":["https:\/\/escuelademagia.net\/show-de-magia-con-nuel-galan\/"]}]},{"@type":"ImageObject","inLanguage":"ca-ES","@id":"https:\/\/escuelademagia.net\/show-de-magia-con-nuel-galan\/#primaryimage","url":"https:\/\/escuelademagia.net\/wp-content\/uploads\/2025\/05\/nuel-galan3-300x215.jpg","contentUrl":"https:\/\/escuelademagia.net\/wp-content\/uploads\/2025\/05\/nuel-galan3-300x215.jpg"},{"@type":"BreadcrumbList","@id":"https:\/\/escuelademagia.net\/show-de-magia-con-nuel-galan\/#breadcrumb","itemListElement":[{"@type":"ListItem","position":1,"name":"Portada","item":"https:\/\/escuelademagia.net\/"},{"@type":"ListItem","position":2,"name":"SHOW de Magia con NUEL GALAN"}]},{"@type":"WebSite","@id":"https:\/\/escuelademagia.net\/#website","url":"https:\/\/escuelademagia.net\/","name":"{:es}Escuela de Magia{:}{:ca}Escola de M\u00e0gia{:}","description":"Escola de M&Atilde;&nbsp;gia a Barcelona per aficionats i profesionals","publisher":{"@id":"https:\/\/escuelademagia.net\/#organization"},"potentialAction":[{"@type":"SearchAction","target":{"@type":"EntryPoint","urlTemplate":"https:\/\/escuelademagia.net\/?s={search_term_string}"},"query-input":{"@type":"PropertyValueSpecification","valueRequired":true,"valueName":"search_term_string"}}],"inLanguage":"ca-ES"},{"@type":"Organization","@id":"https:\/\/escuelademagia.net\/#organization","name":"{:es}Escuela de Magia{:}{:ca}Escola de M\u00e0gia{:}","url":"https:\/\/escuelademagia.net\/","logo":{"@type":"ImageObject","inLanguage":"ca-ES","@id":"https:\/\/escuelademagia.net\/#\/schema\/logo\/image\/","url":"http:\/\/escuelademagia.net\/wp-content\/uploads\/2024\/10\/logo-3detrebol.jpg","contentUrl":"http:\/\/escuelademagia.net\/wp-content\/uploads\/2024\/10\/logo-3detrebol.jpg","width":669,"height":568,"caption":"{:es}Escuela de Magia{:}{:ca}Escola de M\u00e0gia{:}"},"image":{"@id":"https:\/\/escuelademagia.net\/#\/schema\/logo\/image\/"},"sameAs":["https:\/\/www.facebook.com\/escuela3detrebol","https:\/\/www.instagram.com\/escuelademagianet\/"]}]}},"_links":{"self":[{"href":"https:\/\/escuelademagia.net\/ca\/wp-json\/wp\/v2\/pages\/7893","targetHints":{"allow":["GET"]}}],"collection":[{"href":"https:\/\/escuelademagia.net\/ca\/wp-json\/wp\/v2\/pages"}],"about":[{"href":"https:\/\/escuelademagia.net\/ca\/wp-json\/wp\/v2\/types\/page"}],"author":[{"embeddable":true,"href":"https:\/\/escuelademagia.net\/ca\/wp-json\/wp\/v2\/users\/1"}],"replies":[{"embeddable":true,"href":"https:\/\/escuelademagia.net\/ca\/wp-json\/wp\/v2\/comments?post=7893"}],"version-history":[{"count":7,"href":"https:\/\/escuelademagia.net\/ca\/wp-json\/wp\/v2\/pages\/7893\/revisions"}],"predecessor-version":[{"id":8058,"href":"https:\/\/escuelademagia.net\/ca\/wp-json\/wp\/v2\/pages\/7893\/revisions\/8058"}],"wp:attachment":[{"href":"https:\/\/escuelademagia.net\/ca\/wp-json\/wp\/v2\/media?parent=7893"}],"curies":[{"name":"wp","href":"https:\/\/api.w.org\/{rel}","templated":true}]}}