{"id":7920,"date":"2025-05-14T09:29:14","date_gmt":"2025-05-14T09:29:14","guid":{"rendered":"https:\/\/escuelademagia.net\/?page_id=7920"},"modified":"2025-05-16T18:42:38","modified_gmt":"2025-05-16T18:42:38","slug":"7920-2","status":"publish","type":"page","link":"https:\/\/escuelademagia.net\/ca\/7920-2\/","title":{"rendered":"Taller del libro  99 JOCS DE M\u00c0GIA MATEMATICA"},"content":{"rendered":"<p><a href=\"https:\/\/escuelademagia.net\/wp-content\/uploads\/2025\/05\/LIBRO.jpg\"><img loading=\"lazy\" decoding=\"async\" class=\"size-medium wp-image-7923 aligncenter\" src=\"https:\/\/escuelademagia.net\/wp-content\/uploads\/2025\/05\/LIBRO-223x300.jpg\" alt=\"\" width=\"223\" height=\"300\" srcset=\"https:\/\/escuelademagia.net\/wp-content\/uploads\/2025\/05\/LIBRO-223x300.jpg 223w, https:\/\/escuelademagia.net\/wp-content\/uploads\/2025\/05\/LIBRO-111x150.jpg 111w, https:\/\/escuelademagia.net\/wp-content\/uploads\/2025\/05\/LIBRO.jpg 584w\" sizes=\"auto, (max-width: 223px) 100vw, 223px\" \/><\/a><\/p>\n<p>Soy Jaume Andr\u00e9s B. \u2014 mago aficionado de largo recorrido, profesor jubilado pero con energ\u00eda de principiante.<\/p>\n<p>Licenciado en Humanidades, monitor, animador juvenil\u2026 y s\u00ed, tambi\u00e9n doy guerra con la varita m\u00e1gica.<\/p>\n<p>He tenido el placer (\u00a1y el privilegio!) de impartir 10 cursos de magia en otros centros.<\/p>\n<p>Ahora vengo con un libro muy especial:<br \/>\nNo es un tost\u00f3n de mates con truquitos m\u00e1gicos.<br \/>\nEs un libro de MAGIA con explicaciones matem\u00e1ticas tan simples que hasta tu cu\u00f1ado podr\u00eda entenderlas (y eso ya es decir).<\/p>\n<p>\u00bfQu\u00e9 encontrar\u00e1s?<br \/>\n40 juegos sin cartas<br \/>\n59 juegos con cartas<br \/>\nTrucos reales de mago: secretos, presentaciones con chispa, t\u00e9cnicas de memoria y c\u00f3mo no fallar cuando est\u00e1s en escena (aunque tiemble un poco el pulso).<br \/>\nY una gu\u00eda de iniciaci\u00f3n a la cartomagia: vocabulario b\u00e1sico, t\u00e9cnicas elementales, cortes falsos, mezclas tramposas y alg\u00fan que otro forzaje para sorprender como los grandes.<\/p>\n<p>Todo con un estilo pedag\u00f3gico, claro y cercano. Porque la magia no solo se aprende\u2026 \u00a1Tambi\u00e9n se vive!<\/p>\n<p><strong><span style=\"color: #ff0000;\">D\u00cdA: 24 DE MAYO de 2025<\/span><\/strong><\/p>\n<p><strong><span style=\"color: #ff0000;\">HORARIO; DE 10:00 H A 14:00 H Y DE 16:00 H A 20:00 H<\/span><\/strong><\/p>\n<p><strong><span style=\"color: #ff0000;\">PRECIO: 120 \u20ac<\/span><\/strong><\/p>\n<p>Para m\u00e1s informaci\u00f3n,\u00a0<span style=\"color: #ff0000;\"> tel\u00e9fono<\/span> <span style=\"color: #ff0000;\">695428407<\/span> y para comprar entradas en el bot\u00f3n m\u00e1s abajo<\/p>\n<p><a href=\"https:\/\/www.3detrebol.com\/escuelademagia-net\/eshop\/0\/0\/5\/1090\"><img loading=\"lazy\" decoding=\"async\" class=\"wp-image-7768 aligncenter\" src=\"https:\/\/escuelademagia.net\/wp-content\/uploads\/2025\/02\/boton-compra-ahora-300x87.png\" alt=\"\" width=\"190\" height=\"55\" srcset=\"https:\/\/escuelademagia.net\/wp-content\/uploads\/2025\/02\/boton-compra-ahora-300x87.png 300w, https:\/\/escuelademagia.net\/wp-content\/uploads\/2025\/02\/boton-compra-ahora-1024x297.png 1024w, https:\/\/escuelademagia.net\/wp-content\/uploads\/2025\/02\/boton-compra-ahora-768x223.png 768w, https:\/\/escuelademagia.net\/wp-content\/uploads\/2025\/02\/boton-compra-ahora-150x43.png 150w, https:\/\/escuelademagia.net\/wp-content\/uploads\/2025\/02\/boton-compra-ahora.png 1208w\" sizes=\"auto, (max-width: 190px) 100vw, 190px\" \/><\/a><\/p>\n","protected":false},"excerpt":{"rendered":"<p class=\"continue-reading-button\"> <a class=\"continue-reading-link\" href=\"https:\/\/escuelademagia.net\/ca\/7920-2\/\"><i class=\"crycon-right-dir\"><\/i><\/a><\/p>\n","protected":false},"author":1,"featured_media":0,"parent":0,"menu_order":0,"comment_status":"closed","ping_status":"closed","template":"","meta":{"_crdt_document":"","footnotes":""},"class_list":["post-7920","page","type-page","status-publish","hentry"],"translation":{"provider":"WPGlobus","version":"3.0.2","language":"ca","enabled_languages":["es","ca"],"languages":{"es":{"title":true,"content":true,"excerpt":false},"ca":{"title":false,"content":false,"excerpt":false}}},"yoast_head":"<!-- This site is optimized with the Yoast SEO plugin v27.5 - https:\/\/yoast.com\/product\/yoast-seo-wordpress\/ -->\n<title>Taller del libro 99 JOCS DE M\u00c0GIA MATEMATICA - Escuela de Magia<\/title>\n<meta name=\"robots\" content=\"index, follow, max-snippet:-1, max-image-preview:large, max-video-preview:-1\" \/>\n<link rel=\"canonical\" href=\"https:\/\/escuelademagia.net\/7920-2\/\" \/>\n<meta property=\"og:locale\" content=\"ca_ES\" \/>\n<meta property=\"og:type\" content=\"article\" \/>\n<meta property=\"og:title\" content=\"Taller del libro 99 JOCS DE M\u00c0GIA MATEMATICA - Escuela de Magia\" \/>\n<meta property=\"og:url\" content=\"https:\/\/escuelademagia.net\/7920-2\/\" \/>\n<meta property=\"og:site_name\" content=\"Escuela de Magia\" \/>\n<meta property=\"article:publisher\" content=\"https:\/\/www.facebook.com\/escuela3detrebol\" \/>\n<meta property=\"article:modified_time\" content=\"2025-05-16T18:42:38+00:00\" \/>\n<meta property=\"og:image\" content=\"https:\/\/escuelademagia.net\/wp-content\/uploads\/2025\/05\/LIBRO-223x300.jpg\" \/>\n<meta name=\"twitter:card\" content=\"summary_large_image\" \/>\n<meta name=\"twitter:label1\" content=\"Est. reading time\" \/>\n\t<meta name=\"twitter:data1\" content=\"1 minute\" \/>\n<script type=\"application\/ld+json\" class=\"yoast-schema-graph\">{\"@context\":\"https:\\\/\\\/schema.org\",\"@graph\":[{\"@type\":\"WebPage\",\"@id\":\"https:\\\/\\\/escuelademagia.net\\\/7920-2\\\/\",\"url\":\"https:\\\/\\\/escuelademagia.net\\\/7920-2\\\/\",\"name\":\"Taller del libro 99 JOCS DE M\u00c0GIA MATEMATICA - Escuela de Magia\",\"isPartOf\":{\"@id\":\"https:\\\/\\\/escuelademagia.net\\\/#website\"},\"primaryImageOfPage\":{\"@id\":\"https:\\\/\\\/escuelademagia.net\\\/7920-2\\\/#primaryimage\"},\"image\":{\"@id\":\"https:\\\/\\\/escuelademagia.net\\\/7920-2\\\/#primaryimage\"},\"thumbnailUrl\":\"https:\\\/\\\/escuelademagia.net\\\/wp-content\\\/uploads\\\/2025\\\/05\\\/LIBRO-223x300.jpg\",\"datePublished\":\"2025-05-14T09:29:14+00:00\",\"dateModified\":\"2025-05-16T18:42:38+00:00\",\"breadcrumb\":{\"@id\":\"https:\\\/\\\/escuelademagia.net\\\/7920-2\\\/#breadcrumb\"},\"inLanguage\":\"ca-ES\",\"potentialAction\":[{\"@type\":\"ReadAction\",\"target\":[\"https:\\\/\\\/escuelademagia.net\\\/7920-2\\\/\"]}]},{\"@type\":\"ImageObject\",\"inLanguage\":\"ca-ES\",\"@id\":\"https:\\\/\\\/escuelademagia.net\\\/7920-2\\\/#primaryimage\",\"url\":\"https:\\\/\\\/escuelademagia.net\\\/wp-content\\\/uploads\\\/2025\\\/05\\\/LIBRO-223x300.jpg\",\"contentUrl\":\"https:\\\/\\\/escuelademagia.net\\\/wp-content\\\/uploads\\\/2025\\\/05\\\/LIBRO-223x300.jpg\"},{\"@type\":\"BreadcrumbList\",\"@id\":\"https:\\\/\\\/escuelademagia.net\\\/7920-2\\\/#breadcrumb\",\"itemListElement\":[{\"@type\":\"ListItem\",\"position\":1,\"name\":\"Portada\",\"item\":\"https:\\\/\\\/escuelademagia.net\\\/\"},{\"@type\":\"ListItem\",\"position\":2,\"name\":\"Taller del libro 99 JOCS DE M\u00c0GIA MATEMATICA\"}]},{\"@type\":\"WebSite\",\"@id\":\"https:\\\/\\\/escuelademagia.net\\\/#website\",\"url\":\"https:\\\/\\\/escuelademagia.net\\\/\",\"name\":\"{:es}Escuela de Magia{:}{:ca}Escola de M\u00e0gia{:}\",\"description\":\"Escola de M&Atilde;&nbsp;gia a Barcelona per aficionats i profesionals\",\"publisher\":{\"@id\":\"https:\\\/\\\/escuelademagia.net\\\/#organization\"},\"potentialAction\":[{\"@type\":\"SearchAction\",\"target\":{\"@type\":\"EntryPoint\",\"urlTemplate\":\"https:\\\/\\\/escuelademagia.net\\\/?s={search_term_string}\"},\"query-input\":{\"@type\":\"PropertyValueSpecification\",\"valueRequired\":true,\"valueName\":\"search_term_string\"}}],\"inLanguage\":\"ca-ES\"},{\"@type\":\"Organization\",\"@id\":\"https:\\\/\\\/escuelademagia.net\\\/#organization\",\"name\":\"{:es}Escuela de Magia{:}{:ca}Escola de M\u00e0gia{:}\",\"url\":\"https:\\\/\\\/escuelademagia.net\\\/\",\"logo\":{\"@type\":\"ImageObject\",\"inLanguage\":\"ca-ES\",\"@id\":\"https:\\\/\\\/escuelademagia.net\\\/#\\\/schema\\\/logo\\\/image\\\/\",\"url\":\"http:\\\/\\\/escuelademagia.net\\\/wp-content\\\/uploads\\\/2024\\\/10\\\/logo-3detrebol.jpg\",\"contentUrl\":\"http:\\\/\\\/escuelademagia.net\\\/wp-content\\\/uploads\\\/2024\\\/10\\\/logo-3detrebol.jpg\",\"width\":669,\"height\":568,\"caption\":\"{:es}Escuela de Magia{:}{:ca}Escola de M\u00e0gia{:}\"},\"image\":{\"@id\":\"https:\\\/\\\/escuelademagia.net\\\/#\\\/schema\\\/logo\\\/image\\\/\"},\"sameAs\":[\"https:\\\/\\\/www.facebook.com\\\/escuela3detrebol\",\"https:\\\/\\\/www.instagram.com\\\/escuelademagianet\\\/\"]}]}<\/script>\n<!-- \/ Yoast SEO plugin. -->","yoast_head_json":{"title":"Taller del libro 99 JOCS DE M\u00c0GIA MATEMATICA - Escuela de Magia","robots":{"index":"index","follow":"follow","max-snippet":"max-snippet:-1","max-image-preview":"max-image-preview:large","max-video-preview":"max-video-preview:-1"},"canonical":"https:\/\/escuelademagia.net\/7920-2\/","og_locale":"ca_ES","og_type":"article","og_title":"Taller del libro 99 JOCS DE M\u00c0GIA MATEMATICA - Escuela de Magia","og_url":"https:\/\/escuelademagia.net\/7920-2\/","og_site_name":"Escuela de Magia","article_publisher":"https:\/\/www.facebook.com\/escuela3detrebol","article_modified_time":"2025-05-16T18:42:38+00:00","og_image":[{"url":"https:\/\/escuelademagia.net\/wp-content\/uploads\/2025\/05\/LIBRO-223x300.jpg","type":"","width":"","height":""}],"twitter_card":"summary_large_image","twitter_misc":{"Est. reading time":"1 minute"},"schema":{"@context":"https:\/\/schema.org","@graph":[{"@type":"WebPage","@id":"https:\/\/escuelademagia.net\/7920-2\/","url":"https:\/\/escuelademagia.net\/7920-2\/","name":"Taller del libro 99 JOCS DE M\u00c0GIA MATEMATICA - Escuela de Magia","isPartOf":{"@id":"https:\/\/escuelademagia.net\/#website"},"primaryImageOfPage":{"@id":"https:\/\/escuelademagia.net\/7920-2\/#primaryimage"},"image":{"@id":"https:\/\/escuelademagia.net\/7920-2\/#primaryimage"},"thumbnailUrl":"https:\/\/escuelademagia.net\/wp-content\/uploads\/2025\/05\/LIBRO-223x300.jpg","datePublished":"2025-05-14T09:29:14+00:00","dateModified":"2025-05-16T18:42:38+00:00","breadcrumb":{"@id":"https:\/\/escuelademagia.net\/7920-2\/#breadcrumb"},"inLanguage":"ca-ES","potentialAction":[{"@type":"ReadAction","target":["https:\/\/escuelademagia.net\/7920-2\/"]}]},{"@type":"ImageObject","inLanguage":"ca-ES","@id":"https:\/\/escuelademagia.net\/7920-2\/#primaryimage","url":"https:\/\/escuelademagia.net\/wp-content\/uploads\/2025\/05\/LIBRO-223x300.jpg","contentUrl":"https:\/\/escuelademagia.net\/wp-content\/uploads\/2025\/05\/LIBRO-223x300.jpg"},{"@type":"BreadcrumbList","@id":"https:\/\/escuelademagia.net\/7920-2\/#breadcrumb","itemListElement":[{"@type":"ListItem","position":1,"name":"Portada","item":"https:\/\/escuelademagia.net\/"},{"@type":"ListItem","position":2,"name":"Taller del libro 99 JOCS DE M\u00c0GIA MATEMATICA"}]},{"@type":"WebSite","@id":"https:\/\/escuelademagia.net\/#website","url":"https:\/\/escuelademagia.net\/","name":"{:es}Escuela de Magia{:}{:ca}Escola de M\u00e0gia{:}","description":"Escola de M&Atilde;&nbsp;gia a Barcelona per aficionats i profesionals","publisher":{"@id":"https:\/\/escuelademagia.net\/#organization"},"potentialAction":[{"@type":"SearchAction","target":{"@type":"EntryPoint","urlTemplate":"https:\/\/escuelademagia.net\/?s={search_term_string}"},"query-input":{"@type":"PropertyValueSpecification","valueRequired":true,"valueName":"search_term_string"}}],"inLanguage":"ca-ES"},{"@type":"Organization","@id":"https:\/\/escuelademagia.net\/#organization","name":"{:es}Escuela de Magia{:}{:ca}Escola de M\u00e0gia{:}","url":"https:\/\/escuelademagia.net\/","logo":{"@type":"ImageObject","inLanguage":"ca-ES","@id":"https:\/\/escuelademagia.net\/#\/schema\/logo\/image\/","url":"http:\/\/escuelademagia.net\/wp-content\/uploads\/2024\/10\/logo-3detrebol.jpg","contentUrl":"http:\/\/escuelademagia.net\/wp-content\/uploads\/2024\/10\/logo-3detrebol.jpg","width":669,"height":568,"caption":"{:es}Escuela de Magia{:}{:ca}Escola de M\u00e0gia{:}"},"image":{"@id":"https:\/\/escuelademagia.net\/#\/schema\/logo\/image\/"},"sameAs":["https:\/\/www.facebook.com\/escuela3detrebol","https:\/\/www.instagram.com\/escuelademagianet\/"]}]}},"_links":{"self":[{"href":"https:\/\/escuelademagia.net\/ca\/wp-json\/wp\/v2\/pages\/7920","targetHints":{"allow":["GET"]}}],"collection":[{"href":"https:\/\/escuelademagia.net\/ca\/wp-json\/wp\/v2\/pages"}],"about":[{"href":"https:\/\/escuelademagia.net\/ca\/wp-json\/wp\/v2\/types\/page"}],"author":[{"embeddable":true,"href":"https:\/\/escuelademagia.net\/ca\/wp-json\/wp\/v2\/users\/1"}],"replies":[{"embeddable":true,"href":"https:\/\/escuelademagia.net\/ca\/wp-json\/wp\/v2\/comments?post=7920"}],"version-history":[{"count":6,"href":"https:\/\/escuelademagia.net\/ca\/wp-json\/wp\/v2\/pages\/7920\/revisions"}],"predecessor-version":[{"id":7928,"href":"https:\/\/escuelademagia.net\/ca\/wp-json\/wp\/v2\/pages\/7920\/revisions\/7928"}],"wp:attachment":[{"href":"https:\/\/escuelademagia.net\/ca\/wp-json\/wp\/v2\/media?parent=7920"}],"curies":[{"name":"wp","href":"https:\/\/api.w.org\/{rel}","templated":true}]}}