{"id":7931,"date":"2025-05-16T18:52:17","date_gmt":"2025-05-16T18:52:17","guid":{"rendered":"https:\/\/escuelademagia.net\/?page_id=7931"},"modified":"2025-05-16T19:01:59","modified_gmt":"2025-05-16T19:01:59","slug":"presentacion-del-libro-99-jocs-de-magia-matematica","status":"publish","type":"page","link":"https:\/\/escuelademagia.net\/ca\/presentacion-del-libro-99-jocs-de-magia-matematica\/","title":{"rendered":"Presentaci\u00f3n  del libro  99 JOCS DE M\u00c0GIA MATEM\u00c0TICA"},"content":{"rendered":"<p>Presentaci\u00f3n del libro para alumnos exalumnos y socios de la Associacio 3 de Tr\u00e9bol<br \/>\n<strong><span style=\"color: #ff0000;\">D\u00cdA\u00a0 23 DE MAYO DEL 2025<\/span><\/strong><br \/>\n<strong><span style=\"color: #ff0000;\">HORARIO: 20:30 H<\/span><\/strong><br \/>\n<strong><span style=\"color: #ff0000;\">ENTRADA GRATUITA<\/span><\/strong><\/p>\n<p><span style=\"color: #ff6600;\">HACER RESERVA POR FI<\/span><\/p>\n<p style=\"text-align: center;\"><a href=\"https:\/\/escuelademagia.net\/wp-content\/uploads\/2025\/05\/LIBRO.jpg\"><img loading=\"lazy\" decoding=\"async\" class=\"alignnone size-medium wp-image-7923\" src=\"https:\/\/escuelademagia.net\/wp-content\/uploads\/2025\/05\/LIBRO-223x300.jpg\" alt=\"\" width=\"223\" height=\"300\" srcset=\"https:\/\/escuelademagia.net\/wp-content\/uploads\/2025\/05\/LIBRO-223x300.jpg 223w, https:\/\/escuelademagia.net\/wp-content\/uploads\/2025\/05\/LIBRO-111x150.jpg 111w, https:\/\/escuelademagia.net\/wp-content\/uploads\/2025\/05\/LIBRO.jpg 584w\" sizes=\"auto, (max-width: 223px) 100vw, 223px\" \/><\/a><\/p>\n<p><strong><span style=\"color: #ff0000;\">Para reservas e informaci\u00f3n tel\u00e9fono 696428407<\/span><\/strong><\/p>\n","protected":false},"excerpt":{"rendered":"<p class=\"continue-reading-button\"> <a class=\"continue-reading-link\" href=\"https:\/\/escuelademagia.net\/ca\/presentacion-del-libro-99-jocs-de-magia-matematica\/\"><i class=\"crycon-right-dir\"><\/i><\/a><\/p>\n","protected":false},"author":1,"featured_media":0,"parent":0,"menu_order":0,"comment_status":"closed","ping_status":"closed","template":"","meta":{"_crdt_document":"","footnotes":""},"class_list":["post-7931","page","type-page","status-publish","hentry"],"translation":{"provider":"WPGlobus","version":"3.0.2","language":"ca","enabled_languages":["es","ca"],"languages":{"es":{"title":true,"content":true,"excerpt":false},"ca":{"title":false,"content":false,"excerpt":false}}},"yoast_head":"<!-- This site is optimized with the Yoast SEO plugin v27.5 - https:\/\/yoast.com\/product\/yoast-seo-wordpress\/ -->\n<title>Presentaci\u00f3n del libro 99 JOCS DE M\u00c0GIA MATEM\u00c0TICA - Escuela de Magia<\/title>\n<meta name=\"robots\" content=\"index, follow, max-snippet:-1, max-image-preview:large, max-video-preview:-1\" \/>\n<link rel=\"canonical\" href=\"https:\/\/escuelademagia.net\/presentacion-del-libro-99-jocs-de-magia-matematica\/\" \/>\n<meta property=\"og:locale\" content=\"ca_ES\" \/>\n<meta property=\"og:type\" content=\"article\" \/>\n<meta property=\"og:title\" content=\"Presentaci\u00f3n del libro 99 JOCS DE M\u00c0GIA MATEM\u00c0TICA - Escuela de Magia\" \/>\n<meta property=\"og:url\" content=\"https:\/\/escuelademagia.net\/presentacion-del-libro-99-jocs-de-magia-matematica\/\" \/>\n<meta property=\"og:site_name\" content=\"Escuela de Magia\" \/>\n<meta property=\"article:publisher\" content=\"https:\/\/www.facebook.com\/escuela3detrebol\" \/>\n<meta property=\"article:modified_time\" content=\"2025-05-16T19:01:59+00:00\" \/>\n<meta property=\"og:image\" content=\"https:\/\/escuelademagia.net\/wp-content\/uploads\/2025\/05\/LIBRO-223x300.jpg\" \/>\n<meta name=\"twitter:card\" content=\"summary_large_image\" \/>\n<script type=\"application\/ld+json\" class=\"yoast-schema-graph\">{\"@context\":\"https:\\\/\\\/schema.org\",\"@graph\":[{\"@type\":\"WebPage\",\"@id\":\"https:\\\/\\\/escuelademagia.net\\\/presentacion-del-libro-99-jocs-de-magia-matematica\\\/\",\"url\":\"https:\\\/\\\/escuelademagia.net\\\/presentacion-del-libro-99-jocs-de-magia-matematica\\\/\",\"name\":\"Presentaci\u00f3n del libro 99 JOCS DE M\u00c0GIA MATEM\u00c0TICA - Escuela de Magia\",\"isPartOf\":{\"@id\":\"https:\\\/\\\/escuelademagia.net\\\/#website\"},\"primaryImageOfPage\":{\"@id\":\"https:\\\/\\\/escuelademagia.net\\\/presentacion-del-libro-99-jocs-de-magia-matematica\\\/#primaryimage\"},\"image\":{\"@id\":\"https:\\\/\\\/escuelademagia.net\\\/presentacion-del-libro-99-jocs-de-magia-matematica\\\/#primaryimage\"},\"thumbnailUrl\":\"https:\\\/\\\/escuelademagia.net\\\/wp-content\\\/uploads\\\/2025\\\/05\\\/LIBRO-223x300.jpg\",\"datePublished\":\"2025-05-16T18:52:17+00:00\",\"dateModified\":\"2025-05-16T19:01:59+00:00\",\"breadcrumb\":{\"@id\":\"https:\\\/\\\/escuelademagia.net\\\/presentacion-del-libro-99-jocs-de-magia-matematica\\\/#breadcrumb\"},\"inLanguage\":\"ca-ES\",\"potentialAction\":[{\"@type\":\"ReadAction\",\"target\":[\"https:\\\/\\\/escuelademagia.net\\\/presentacion-del-libro-99-jocs-de-magia-matematica\\\/\"]}]},{\"@type\":\"ImageObject\",\"inLanguage\":\"ca-ES\",\"@id\":\"https:\\\/\\\/escuelademagia.net\\\/presentacion-del-libro-99-jocs-de-magia-matematica\\\/#primaryimage\",\"url\":\"https:\\\/\\\/escuelademagia.net\\\/wp-content\\\/uploads\\\/2025\\\/05\\\/LIBRO-223x300.jpg\",\"contentUrl\":\"https:\\\/\\\/escuelademagia.net\\\/wp-content\\\/uploads\\\/2025\\\/05\\\/LIBRO-223x300.jpg\"},{\"@type\":\"BreadcrumbList\",\"@id\":\"https:\\\/\\\/escuelademagia.net\\\/presentacion-del-libro-99-jocs-de-magia-matematica\\\/#breadcrumb\",\"itemListElement\":[{\"@type\":\"ListItem\",\"position\":1,\"name\":\"Portada\",\"item\":\"https:\\\/\\\/escuelademagia.net\\\/\"},{\"@type\":\"ListItem\",\"position\":2,\"name\":\"Presentaci\u00f3n del libro 99 JOCS DE M\u00c0GIA MATEM\u00c0TICA\"}]},{\"@type\":\"WebSite\",\"@id\":\"https:\\\/\\\/escuelademagia.net\\\/#website\",\"url\":\"https:\\\/\\\/escuelademagia.net\\\/\",\"name\":\"{:es}Escuela de Magia{:}{:ca}Escola de M\u00e0gia{:}\",\"description\":\"Escola de M&Atilde;&nbsp;gia a Barcelona per aficionats i profesionals\",\"publisher\":{\"@id\":\"https:\\\/\\\/escuelademagia.net\\\/#organization\"},\"potentialAction\":[{\"@type\":\"SearchAction\",\"target\":{\"@type\":\"EntryPoint\",\"urlTemplate\":\"https:\\\/\\\/escuelademagia.net\\\/?s={search_term_string}\"},\"query-input\":{\"@type\":\"PropertyValueSpecification\",\"valueRequired\":true,\"valueName\":\"search_term_string\"}}],\"inLanguage\":\"ca-ES\"},{\"@type\":\"Organization\",\"@id\":\"https:\\\/\\\/escuelademagia.net\\\/#organization\",\"name\":\"{:es}Escuela de Magia{:}{:ca}Escola de M\u00e0gia{:}\",\"url\":\"https:\\\/\\\/escuelademagia.net\\\/\",\"logo\":{\"@type\":\"ImageObject\",\"inLanguage\":\"ca-ES\",\"@id\":\"https:\\\/\\\/escuelademagia.net\\\/#\\\/schema\\\/logo\\\/image\\\/\",\"url\":\"http:\\\/\\\/escuelademagia.net\\\/wp-content\\\/uploads\\\/2024\\\/10\\\/logo-3detrebol.jpg\",\"contentUrl\":\"http:\\\/\\\/escuelademagia.net\\\/wp-content\\\/uploads\\\/2024\\\/10\\\/logo-3detrebol.jpg\",\"width\":669,\"height\":568,\"caption\":\"{:es}Escuela de Magia{:}{:ca}Escola de M\u00e0gia{:}\"},\"image\":{\"@id\":\"https:\\\/\\\/escuelademagia.net\\\/#\\\/schema\\\/logo\\\/image\\\/\"},\"sameAs\":[\"https:\\\/\\\/www.facebook.com\\\/escuela3detrebol\",\"https:\\\/\\\/www.instagram.com\\\/escuelademagianet\\\/\"]}]}<\/script>\n<!-- \/ Yoast SEO plugin. -->","yoast_head_json":{"title":"Presentaci\u00f3n del libro 99 JOCS DE M\u00c0GIA MATEM\u00c0TICA - Escuela de Magia","robots":{"index":"index","follow":"follow","max-snippet":"max-snippet:-1","max-image-preview":"max-image-preview:large","max-video-preview":"max-video-preview:-1"},"canonical":"https:\/\/escuelademagia.net\/presentacion-del-libro-99-jocs-de-magia-matematica\/","og_locale":"ca_ES","og_type":"article","og_title":"Presentaci\u00f3n del libro 99 JOCS DE M\u00c0GIA MATEM\u00c0TICA - Escuela de Magia","og_url":"https:\/\/escuelademagia.net\/presentacion-del-libro-99-jocs-de-magia-matematica\/","og_site_name":"Escuela de Magia","article_publisher":"https:\/\/www.facebook.com\/escuela3detrebol","article_modified_time":"2025-05-16T19:01:59+00:00","og_image":[{"url":"https:\/\/escuelademagia.net\/wp-content\/uploads\/2025\/05\/LIBRO-223x300.jpg","type":"","width":"","height":""}],"twitter_card":"summary_large_image","schema":{"@context":"https:\/\/schema.org","@graph":[{"@type":"WebPage","@id":"https:\/\/escuelademagia.net\/presentacion-del-libro-99-jocs-de-magia-matematica\/","url":"https:\/\/escuelademagia.net\/presentacion-del-libro-99-jocs-de-magia-matematica\/","name":"Presentaci\u00f3n del libro 99 JOCS DE M\u00c0GIA MATEM\u00c0TICA - Escuela de Magia","isPartOf":{"@id":"https:\/\/escuelademagia.net\/#website"},"primaryImageOfPage":{"@id":"https:\/\/escuelademagia.net\/presentacion-del-libro-99-jocs-de-magia-matematica\/#primaryimage"},"image":{"@id":"https:\/\/escuelademagia.net\/presentacion-del-libro-99-jocs-de-magia-matematica\/#primaryimage"},"thumbnailUrl":"https:\/\/escuelademagia.net\/wp-content\/uploads\/2025\/05\/LIBRO-223x300.jpg","datePublished":"2025-05-16T18:52:17+00:00","dateModified":"2025-05-16T19:01:59+00:00","breadcrumb":{"@id":"https:\/\/escuelademagia.net\/presentacion-del-libro-99-jocs-de-magia-matematica\/#breadcrumb"},"inLanguage":"ca-ES","potentialAction":[{"@type":"ReadAction","target":["https:\/\/escuelademagia.net\/presentacion-del-libro-99-jocs-de-magia-matematica\/"]}]},{"@type":"ImageObject","inLanguage":"ca-ES","@id":"https:\/\/escuelademagia.net\/presentacion-del-libro-99-jocs-de-magia-matematica\/#primaryimage","url":"https:\/\/escuelademagia.net\/wp-content\/uploads\/2025\/05\/LIBRO-223x300.jpg","contentUrl":"https:\/\/escuelademagia.net\/wp-content\/uploads\/2025\/05\/LIBRO-223x300.jpg"},{"@type":"BreadcrumbList","@id":"https:\/\/escuelademagia.net\/presentacion-del-libro-99-jocs-de-magia-matematica\/#breadcrumb","itemListElement":[{"@type":"ListItem","position":1,"name":"Portada","item":"https:\/\/escuelademagia.net\/"},{"@type":"ListItem","position":2,"name":"Presentaci\u00f3n del libro 99 JOCS DE M\u00c0GIA MATEM\u00c0TICA"}]},{"@type":"WebSite","@id":"https:\/\/escuelademagia.net\/#website","url":"https:\/\/escuelademagia.net\/","name":"{:es}Escuela de Magia{:}{:ca}Escola de M\u00e0gia{:}","description":"Escola de M&Atilde;&nbsp;gia a Barcelona per aficionats i profesionals","publisher":{"@id":"https:\/\/escuelademagia.net\/#organization"},"potentialAction":[{"@type":"SearchAction","target":{"@type":"EntryPoint","urlTemplate":"https:\/\/escuelademagia.net\/?s={search_term_string}"},"query-input":{"@type":"PropertyValueSpecification","valueRequired":true,"valueName":"search_term_string"}}],"inLanguage":"ca-ES"},{"@type":"Organization","@id":"https:\/\/escuelademagia.net\/#organization","name":"{:es}Escuela de Magia{:}{:ca}Escola de M\u00e0gia{:}","url":"https:\/\/escuelademagia.net\/","logo":{"@type":"ImageObject","inLanguage":"ca-ES","@id":"https:\/\/escuelademagia.net\/#\/schema\/logo\/image\/","url":"http:\/\/escuelademagia.net\/wp-content\/uploads\/2024\/10\/logo-3detrebol.jpg","contentUrl":"http:\/\/escuelademagia.net\/wp-content\/uploads\/2024\/10\/logo-3detrebol.jpg","width":669,"height":568,"caption":"{:es}Escuela de Magia{:}{:ca}Escola de M\u00e0gia{:}"},"image":{"@id":"https:\/\/escuelademagia.net\/#\/schema\/logo\/image\/"},"sameAs":["https:\/\/www.facebook.com\/escuela3detrebol","https:\/\/www.instagram.com\/escuelademagianet\/"]}]}},"_links":{"self":[{"href":"https:\/\/escuelademagia.net\/ca\/wp-json\/wp\/v2\/pages\/7931","targetHints":{"allow":["GET"]}}],"collection":[{"href":"https:\/\/escuelademagia.net\/ca\/wp-json\/wp\/v2\/pages"}],"about":[{"href":"https:\/\/escuelademagia.net\/ca\/wp-json\/wp\/v2\/types\/page"}],"author":[{"embeddable":true,"href":"https:\/\/escuelademagia.net\/ca\/wp-json\/wp\/v2\/users\/1"}],"replies":[{"embeddable":true,"href":"https:\/\/escuelademagia.net\/ca\/wp-json\/wp\/v2\/comments?post=7931"}],"version-history":[{"count":4,"href":"https:\/\/escuelademagia.net\/ca\/wp-json\/wp\/v2\/pages\/7931\/revisions"}],"predecessor-version":[{"id":7933,"href":"https:\/\/escuelademagia.net\/ca\/wp-json\/wp\/v2\/pages\/7931\/revisions\/7933"}],"wp:attachment":[{"href":"https:\/\/escuelademagia.net\/ca\/wp-json\/wp\/v2\/media?parent=7931"}],"curies":[{"name":"wp","href":"https:\/\/api.w.org\/{rel}","templated":true}]}}