{"id":8240,"date":"2026-02-20T16:58:20","date_gmt":"2026-02-20T16:58:20","guid":{"rendered":"https:\/\/escuelademagia.net\/?page_id=8240"},"modified":"2026-02-20T17:14:15","modified_gmt":"2026-02-20T17:14:15","slug":"max-verdie","status":"publish","type":"page","link":"https:\/\/escuelademagia.net\/ca\/max-verdie\/","title":{"rendered":"La maquina de imaginar con Max Verdi\u00e9"},"content":{"rendered":"<p><a href=\"https:\/\/escuelademagia.net\/wp-content\/uploads\/2026\/02\/max5.jpeg\"><img loading=\"lazy\" decoding=\"async\" class=\"alignnone size-medium wp-image-8241\" src=\"https:\/\/escuelademagia.net\/wp-content\/uploads\/2026\/02\/max5-300x200.jpeg\" alt=\"\" width=\"300\" height=\"200\" srcset=\"https:\/\/escuelademagia.net\/wp-content\/uploads\/2026\/02\/max5-300x200.jpeg 300w, https:\/\/escuelademagia.net\/wp-content\/uploads\/2026\/02\/max5-1024x682.jpeg 1024w, https:\/\/escuelademagia.net\/wp-content\/uploads\/2026\/02\/max5-768x512.jpeg 768w, https:\/\/escuelademagia.net\/wp-content\/uploads\/2026\/02\/max5-150x100.jpeg 150w, https:\/\/escuelademagia.net\/wp-content\/uploads\/2026\/02\/max5.jpeg 1150w\" sizes=\"auto, (max-width: 300px) 100vw, 300px\" \/><\/a><\/p>\n<p><span style=\"color: #ffffff;\">En este show \u00edntimo, po\u00e9tico y personal el campe\u00f3n de Espa\u00f1a de mentalismo<strong><span style=\"color: #ff0000;\"> Max Verdi\u00e9<\/span><\/strong> nos lleva de viaje mostr\u00e1ndonos las posibilidades imposibles de la m\u00e1quina de imaginar. <\/span><\/p>\n<p><span style=\"color: #ffffff;\">Todos tenemos una: est\u00e1 dentro de tu cabeza. <\/span><\/p>\n<p><span style=\"color: #ffffff;\">\u00a1Y all\u00ed dentro es donde te espero!<\/span><\/p>\n<p><strong><span style=\"color: #ff0000;\">DIA 6 DE MARZO 2026<\/span><\/strong><\/p>\n<p><strong><span style=\"color: #ff0000;\">HORA: 20:30 H<\/span><\/strong><\/p>\n<p><strong><span style=\"color: #ff0000;\">PARA MAS INFORMACI\u00d3N TEL\u00c9FONO 696428407 <\/span><\/strong><\/p>\n<p><strong><span style=\"color: #ff0000;\">\u00a0ENTRADAS EN EL BOT\u00d3N MAS ABAJO<\/span><\/strong><\/p>\n<p><a href=\"https:\/\/www.atrapalo.com\/entradas\/la-maquina-de-imaginar-con-max-verdie_e4940066\/\"><img loading=\"lazy\" decoding=\"async\" class=\"wp-image-7768 aligncenter\" src=\"https:\/\/escuelademagia.net\/wp-content\/uploads\/2025\/02\/boton-compra-ahora-300x87.png\" alt=\"\" width=\"200\" height=\"58\" srcset=\"https:\/\/escuelademagia.net\/wp-content\/uploads\/2025\/02\/boton-compra-ahora-300x87.png 300w, https:\/\/escuelademagia.net\/wp-content\/uploads\/2025\/02\/boton-compra-ahora-1024x297.png 1024w, https:\/\/escuelademagia.net\/wp-content\/uploads\/2025\/02\/boton-compra-ahora-768x223.png 768w, https:\/\/escuelademagia.net\/wp-content\/uploads\/2025\/02\/boton-compra-ahora-150x43.png 150w, https:\/\/escuelademagia.net\/wp-content\/uploads\/2025\/02\/boton-compra-ahora.png 1208w\" sizes=\"auto, (max-width: 200px) 100vw, 200px\" \/><\/a>\u00a0<a href=\"https:\/\/escuelademagia.net\/wp-content\/uploads\/2026\/02\/max3.jpeg\"><img loading=\"lazy\" decoding=\"async\" class=\"alignnone size-medium wp-image-8245\" src=\"https:\/\/escuelademagia.net\/wp-content\/uploads\/2026\/02\/max3-200x300.jpeg\" alt=\"\" width=\"200\" height=\"300\" srcset=\"https:\/\/escuelademagia.net\/wp-content\/uploads\/2026\/02\/max3-200x300.jpeg 200w, https:\/\/escuelademagia.net\/wp-content\/uploads\/2026\/02\/max3-682x1024.jpeg 682w, https:\/\/escuelademagia.net\/wp-content\/uploads\/2026\/02\/max3-100x150.jpeg 100w, https:\/\/escuelademagia.net\/wp-content\/uploads\/2026\/02\/max3.jpeg 766w\" sizes=\"auto, (max-width: 200px) 100vw, 200px\" \/><\/a> <a href=\"https:\/\/escuelademagia.net\/wp-content\/uploads\/2026\/02\/max6.jpeg\"><img loading=\"lazy\" decoding=\"async\" class=\"alignnone size-medium wp-image-8246\" src=\"https:\/\/escuelademagia.net\/wp-content\/uploads\/2026\/02\/max6-200x300.jpeg\" alt=\"\" width=\"200\" height=\"300\" srcset=\"https:\/\/escuelademagia.net\/wp-content\/uploads\/2026\/02\/max6-200x300.jpeg 200w, https:\/\/escuelademagia.net\/wp-content\/uploads\/2026\/02\/max6-682x1024.jpeg 682w, https:\/\/escuelademagia.net\/wp-content\/uploads\/2026\/02\/max6-100x150.jpeg 100w, https:\/\/escuelademagia.net\/wp-content\/uploads\/2026\/02\/max6.jpeg 766w\" sizes=\"auto, (max-width: 200px) 100vw, 200px\" \/><\/a> <a href=\"https:\/\/escuelademagia.net\/wp-content\/uploads\/2026\/02\/max1.jpeg\"><img loading=\"lazy\" decoding=\"async\" class=\"alignnone size-medium wp-image-8247\" src=\"https:\/\/escuelademagia.net\/wp-content\/uploads\/2026\/02\/max1-200x300.jpeg\" alt=\"\" width=\"200\" height=\"300\" srcset=\"https:\/\/escuelademagia.net\/wp-content\/uploads\/2026\/02\/max1-200x300.jpeg 200w, https:\/\/escuelademagia.net\/wp-content\/uploads\/2026\/02\/max1-682x1024.jpeg 682w, https:\/\/escuelademagia.net\/wp-content\/uploads\/2026\/02\/max1-100x150.jpeg 100w, https:\/\/escuelademagia.net\/wp-content\/uploads\/2026\/02\/max1.jpeg 766w\" sizes=\"auto, (max-width: 200px) 100vw, 200px\" \/><\/a><\/p>\n","protected":false},"excerpt":{"rendered":"<p class=\"continue-reading-button\"> <a class=\"continue-reading-link\" href=\"https:\/\/escuelademagia.net\/ca\/max-verdie\/\"><i class=\"crycon-right-dir\"><\/i><\/a><\/p>\n","protected":false},"author":1,"featured_media":0,"parent":0,"menu_order":0,"comment_status":"closed","ping_status":"closed","template":"","meta":{"_crdt_document":"","footnotes":""},"class_list":["post-8240","page","type-page","status-publish","hentry"],"translation":{"provider":"WPGlobus","version":"3.0.2","language":"ca","enabled_languages":["es","ca"],"languages":{"es":{"title":true,"content":true,"excerpt":false},"ca":{"title":false,"content":false,"excerpt":false}}},"yoast_head":"<!-- This site is optimized with the Yoast SEO plugin v27.3 - https:\/\/yoast.com\/product\/yoast-seo-wordpress\/ -->\n<title>La maquina de imaginar con Max Verdi\u00e9 - Escuela de Magia<\/title>\n<meta name=\"robots\" content=\"index, follow, max-snippet:-1, max-image-preview:large, max-video-preview:-1\" \/>\n<link rel=\"canonical\" href=\"https:\/\/escuelademagia.net\/max-verdie\/\" \/>\n<meta property=\"og:locale\" content=\"ca_ES\" \/>\n<meta property=\"og:type\" content=\"article\" \/>\n<meta property=\"og:title\" content=\"La maquina de imaginar con Max Verdi\u00e9 - Escuela de Magia\" \/>\n<meta property=\"og:url\" content=\"https:\/\/escuelademagia.net\/max-verdie\/\" \/>\n<meta property=\"og:site_name\" content=\"Escuela de Magia\" \/>\n<meta property=\"article:publisher\" content=\"https:\/\/www.facebook.com\/escuela3detrebol\" \/>\n<meta property=\"article:modified_time\" content=\"2026-02-20T17:14:15+00:00\" \/>\n<meta property=\"og:image\" content=\"https:\/\/escuelademagia.net\/wp-content\/uploads\/2026\/02\/max5.jpeg\" \/>\n\t<meta property=\"og:image:width\" content=\"1150\" \/>\n\t<meta property=\"og:image:height\" content=\"766\" \/>\n\t<meta property=\"og:image:type\" content=\"image\/jpeg\" \/>\n<meta name=\"twitter:card\" content=\"summary_large_image\" \/>\n<meta name=\"twitter:label1\" content=\"Est. reading time\" \/>\n\t<meta name=\"twitter:data1\" content=\"2 minutes\" \/>\n<script type=\"application\/ld+json\" class=\"yoast-schema-graph\">{\"@context\":\"https:\\\/\\\/schema.org\",\"@graph\":[{\"@type\":\"WebPage\",\"@id\":\"https:\\\/\\\/escuelademagia.net\\\/max-verdie\\\/\",\"url\":\"https:\\\/\\\/escuelademagia.net\\\/max-verdie\\\/\",\"name\":\"La maquina de imaginar con Max Verdi\u00e9 - Escuela de Magia\",\"isPartOf\":{\"@id\":\"https:\\\/\\\/escuelademagia.net\\\/#website\"},\"primaryImageOfPage\":{\"@id\":\"https:\\\/\\\/escuelademagia.net\\\/max-verdie\\\/#primaryimage\"},\"image\":{\"@id\":\"https:\\\/\\\/escuelademagia.net\\\/max-verdie\\\/#primaryimage\"},\"thumbnailUrl\":\"https:\\\/\\\/escuelademagia.net\\\/wp-content\\\/uploads\\\/2026\\\/02\\\/max5-300x200.jpeg\",\"datePublished\":\"2026-02-20T16:58:20+00:00\",\"dateModified\":\"2026-02-20T17:14:15+00:00\",\"breadcrumb\":{\"@id\":\"https:\\\/\\\/escuelademagia.net\\\/max-verdie\\\/#breadcrumb\"},\"inLanguage\":\"ca-ES\",\"potentialAction\":[{\"@type\":\"ReadAction\",\"target\":[\"https:\\\/\\\/escuelademagia.net\\\/max-verdie\\\/\"]}]},{\"@type\":\"ImageObject\",\"inLanguage\":\"ca-ES\",\"@id\":\"https:\\\/\\\/escuelademagia.net\\\/max-verdie\\\/#primaryimage\",\"url\":\"https:\\\/\\\/escuelademagia.net\\\/wp-content\\\/uploads\\\/2026\\\/02\\\/max5-300x200.jpeg\",\"contentUrl\":\"https:\\\/\\\/escuelademagia.net\\\/wp-content\\\/uploads\\\/2026\\\/02\\\/max5-300x200.jpeg\"},{\"@type\":\"BreadcrumbList\",\"@id\":\"https:\\\/\\\/escuelademagia.net\\\/max-verdie\\\/#breadcrumb\",\"itemListElement\":[{\"@type\":\"ListItem\",\"position\":1,\"name\":\"Portada\",\"item\":\"https:\\\/\\\/escuelademagia.net\\\/\"},{\"@type\":\"ListItem\",\"position\":2,\"name\":\"La maquina de imaginar con Max Verdi\u00e9\"}]},{\"@type\":\"WebSite\",\"@id\":\"https:\\\/\\\/escuelademagia.net\\\/#website\",\"url\":\"https:\\\/\\\/escuelademagia.net\\\/\",\"name\":\"{:es}Escuela de Magia{:}{:ca}Escola de M\u00e0gia{:}\",\"description\":\"Escola de M&Atilde;&nbsp;gia a Barcelona per aficionats i profesionals\",\"publisher\":{\"@id\":\"https:\\\/\\\/escuelademagia.net\\\/#organization\"},\"potentialAction\":[{\"@type\":\"SearchAction\",\"target\":{\"@type\":\"EntryPoint\",\"urlTemplate\":\"https:\\\/\\\/escuelademagia.net\\\/?s={search_term_string}\"},\"query-input\":{\"@type\":\"PropertyValueSpecification\",\"valueRequired\":true,\"valueName\":\"search_term_string\"}}],\"inLanguage\":\"ca-ES\"},{\"@type\":\"Organization\",\"@id\":\"https:\\\/\\\/escuelademagia.net\\\/#organization\",\"name\":\"{:es}Escuela de Magia{:}{:ca}Escola de M\u00e0gia{:}\",\"url\":\"https:\\\/\\\/escuelademagia.net\\\/\",\"logo\":{\"@type\":\"ImageObject\",\"inLanguage\":\"ca-ES\",\"@id\":\"https:\\\/\\\/escuelademagia.net\\\/#\\\/schema\\\/logo\\\/image\\\/\",\"url\":\"http:\\\/\\\/escuelademagia.net\\\/wp-content\\\/uploads\\\/2024\\\/10\\\/logo-3detrebol.jpg\",\"contentUrl\":\"http:\\\/\\\/escuelademagia.net\\\/wp-content\\\/uploads\\\/2024\\\/10\\\/logo-3detrebol.jpg\",\"width\":669,\"height\":568,\"caption\":\"{:es}Escuela de Magia{:}{:ca}Escola de M\u00e0gia{:}\"},\"image\":{\"@id\":\"https:\\\/\\\/escuelademagia.net\\\/#\\\/schema\\\/logo\\\/image\\\/\"},\"sameAs\":[\"https:\\\/\\\/www.facebook.com\\\/escuela3detrebol\",\"https:\\\/\\\/www.instagram.com\\\/escuelademagianet\\\/\"]}]}<\/script>\n<!-- \/ Yoast SEO plugin. -->","yoast_head_json":{"title":"La maquina de imaginar con Max Verdi\u00e9 - Escuela de Magia","robots":{"index":"index","follow":"follow","max-snippet":"max-snippet:-1","max-image-preview":"max-image-preview:large","max-video-preview":"max-video-preview:-1"},"canonical":"https:\/\/escuelademagia.net\/max-verdie\/","og_locale":"ca_ES","og_type":"article","og_title":"La maquina de imaginar con Max Verdi\u00e9 - Escuela de Magia","og_url":"https:\/\/escuelademagia.net\/max-verdie\/","og_site_name":"Escuela de Magia","article_publisher":"https:\/\/www.facebook.com\/escuela3detrebol","article_modified_time":"2026-02-20T17:14:15+00:00","og_image":[{"width":1150,"height":766,"url":"https:\/\/escuelademagia.net\/wp-content\/uploads\/2026\/02\/max5.jpeg","type":"image\/jpeg"}],"twitter_card":"summary_large_image","twitter_misc":{"Est. reading time":"2 minutes"},"schema":{"@context":"https:\/\/schema.org","@graph":[{"@type":"WebPage","@id":"https:\/\/escuelademagia.net\/max-verdie\/","url":"https:\/\/escuelademagia.net\/max-verdie\/","name":"La maquina de imaginar con Max Verdi\u00e9 - Escuela de Magia","isPartOf":{"@id":"https:\/\/escuelademagia.net\/#website"},"primaryImageOfPage":{"@id":"https:\/\/escuelademagia.net\/max-verdie\/#primaryimage"},"image":{"@id":"https:\/\/escuelademagia.net\/max-verdie\/#primaryimage"},"thumbnailUrl":"https:\/\/escuelademagia.net\/wp-content\/uploads\/2026\/02\/max5-300x200.jpeg","datePublished":"2026-02-20T16:58:20+00:00","dateModified":"2026-02-20T17:14:15+00:00","breadcrumb":{"@id":"https:\/\/escuelademagia.net\/max-verdie\/#breadcrumb"},"inLanguage":"ca-ES","potentialAction":[{"@type":"ReadAction","target":["https:\/\/escuelademagia.net\/max-verdie\/"]}]},{"@type":"ImageObject","inLanguage":"ca-ES","@id":"https:\/\/escuelademagia.net\/max-verdie\/#primaryimage","url":"https:\/\/escuelademagia.net\/wp-content\/uploads\/2026\/02\/max5-300x200.jpeg","contentUrl":"https:\/\/escuelademagia.net\/wp-content\/uploads\/2026\/02\/max5-300x200.jpeg"},{"@type":"BreadcrumbList","@id":"https:\/\/escuelademagia.net\/max-verdie\/#breadcrumb","itemListElement":[{"@type":"ListItem","position":1,"name":"Portada","item":"https:\/\/escuelademagia.net\/"},{"@type":"ListItem","position":2,"name":"La maquina de imaginar con Max Verdi\u00e9"}]},{"@type":"WebSite","@id":"https:\/\/escuelademagia.net\/#website","url":"https:\/\/escuelademagia.net\/","name":"{:es}Escuela de Magia{:}{:ca}Escola de M\u00e0gia{:}","description":"Escola de M&Atilde;&nbsp;gia a Barcelona per aficionats i profesionals","publisher":{"@id":"https:\/\/escuelademagia.net\/#organization"},"potentialAction":[{"@type":"SearchAction","target":{"@type":"EntryPoint","urlTemplate":"https:\/\/escuelademagia.net\/?s={search_term_string}"},"query-input":{"@type":"PropertyValueSpecification","valueRequired":true,"valueName":"search_term_string"}}],"inLanguage":"ca-ES"},{"@type":"Organization","@id":"https:\/\/escuelademagia.net\/#organization","name":"{:es}Escuela de Magia{:}{:ca}Escola de M\u00e0gia{:}","url":"https:\/\/escuelademagia.net\/","logo":{"@type":"ImageObject","inLanguage":"ca-ES","@id":"https:\/\/escuelademagia.net\/#\/schema\/logo\/image\/","url":"http:\/\/escuelademagia.net\/wp-content\/uploads\/2024\/10\/logo-3detrebol.jpg","contentUrl":"http:\/\/escuelademagia.net\/wp-content\/uploads\/2024\/10\/logo-3detrebol.jpg","width":669,"height":568,"caption":"{:es}Escuela de Magia{:}{:ca}Escola de M\u00e0gia{:}"},"image":{"@id":"https:\/\/escuelademagia.net\/#\/schema\/logo\/image\/"},"sameAs":["https:\/\/www.facebook.com\/escuela3detrebol","https:\/\/www.instagram.com\/escuelademagianet\/"]}]}},"_links":{"self":[{"href":"https:\/\/escuelademagia.net\/ca\/wp-json\/wp\/v2\/pages\/8240","targetHints":{"allow":["GET"]}}],"collection":[{"href":"https:\/\/escuelademagia.net\/ca\/wp-json\/wp\/v2\/pages"}],"about":[{"href":"https:\/\/escuelademagia.net\/ca\/wp-json\/wp\/v2\/types\/page"}],"author":[{"embeddable":true,"href":"https:\/\/escuelademagia.net\/ca\/wp-json\/wp\/v2\/users\/1"}],"replies":[{"embeddable":true,"href":"https:\/\/escuelademagia.net\/ca\/wp-json\/wp\/v2\/comments?post=8240"}],"version-history":[{"count":4,"href":"https:\/\/escuelademagia.net\/ca\/wp-json\/wp\/v2\/pages\/8240\/revisions"}],"predecessor-version":[{"id":8248,"href":"https:\/\/escuelademagia.net\/ca\/wp-json\/wp\/v2\/pages\/8240\/revisions\/8248"}],"wp:attachment":[{"href":"https:\/\/escuelademagia.net\/ca\/wp-json\/wp\/v2\/media?parent=8240"}],"curies":[{"name":"wp","href":"https:\/\/api.w.org\/{rel}","templated":true}]}}