{"id":8250,"date":"2026-02-20T17:17:24","date_gmt":"2026-02-20T17:17:24","guid":{"rendered":"https:\/\/escuelademagia.net\/?page_id=8250"},"modified":"2026-02-20T17:39:04","modified_gmt":"2026-02-20T17:39:04","slug":"show-de-magia-con-cesc-alriols","status":"publish","type":"page","link":"https:\/\/escuelademagia.net\/ca\/show-de-magia-con-cesc-alriols\/","title":{"rendered":"MAGIA con Cesc Alriols"},"content":{"rendered":"<p><a href=\"https:\/\/escuelademagia.net\/wp-content\/uploads\/2026\/02\/Sin-titulo.jpeg\"><img loading=\"lazy\" decoding=\"async\" class=\"wp-image-8253 aligncenter\" src=\"https:\/\/escuelademagia.net\/wp-content\/uploads\/2026\/02\/Sin-titulo-182x300.jpeg\" alt=\"\" width=\"203\" height=\"335\" \/><\/a><\/p>\n<p>Tenemos el honor de presentar a un artista excepcional: Campe\u00f3n de Espa\u00f1a de Magia por la CEM y Subcampe\u00f3n de Portugal por la FESMA, en la exigente y prestigiosa disciplina de manipulaci\u00f3n de escena.<\/p>\n<p style=\"text-align: center;\"><strong><span style=\"color: #ff0000;\">CESC ALRIOLS<\/span><\/strong><\/p>\n<p>Ex-alumno de la reconocida Escuela de Magia 3 de Tr\u00e9bol y uno de los graduados destacados de nuestro curso profesional, nos trae un espect\u00e1culo que combina t\u00e9cnica, elegancia y carisma.<\/p>\n<p>Prep\u00e1rense para disfrutar de una propuesta divertida, sorprendente y llena de misterio, pensada para emocionar y maravillar a p\u00fablicos de todas las edades\u2026 \u00a1de 0 a 100 a\u00f1os!<\/p>\n<p>Un viaje imposible donde la destreza y la ilusi\u00f3n se dan la mano para recordarnos que la magia existe\u2026 y est\u00e1 a punto de comenzar.<\/p>\n<p><strong><span style=\"color: #ff0000;\">D\u00cdA 11 DE ABRIL 2026<\/span><\/strong><\/p>\n<p><strong><span style=\"color: #ff0000;\">HORARIO: 20:30 H<\/span><\/strong><\/p>\n<p><strong><span style=\"color: #ff0000;\">PRECIO :20,00 \u20ac ALUMNOS Y EX !5,00 \u20ac<\/span><\/strong><\/p>\n<p><span style=\"color: #ff0000;\">Para mas informaci\u00f3n tel\u00e9fono 696428407 y para comprar entrada mas abajo<\/span><\/p>\n<p><a href=\"https:\/\/escuelademagia.net\/wp-content\/uploads\/2025\/02\/boton-compra-ahora.png\"><img loading=\"lazy\" decoding=\"async\" class=\"wp-image-7768 aligncenter\" src=\"https:\/\/escuelademagia.net\/wp-content\/uploads\/2025\/02\/boton-compra-ahora-300x87.png\" alt=\"\" width=\"186\" height=\"54\" srcset=\"https:\/\/escuelademagia.net\/wp-content\/uploads\/2025\/02\/boton-compra-ahora-300x87.png 300w, https:\/\/escuelademagia.net\/wp-content\/uploads\/2025\/02\/boton-compra-ahora-1024x297.png 1024w, https:\/\/escuelademagia.net\/wp-content\/uploads\/2025\/02\/boton-compra-ahora-768x223.png 768w, https:\/\/escuelademagia.net\/wp-content\/uploads\/2025\/02\/boton-compra-ahora-150x43.png 150w, https:\/\/escuelademagia.net\/wp-content\/uploads\/2025\/02\/boton-compra-ahora.png 1208w\" sizes=\"auto, (max-width: 186px) 100vw, 186px\" \/><\/a><\/p>\n<p><a href=\"https:\/\/escuelademagia.net\/wp-content\/uploads\/2026\/02\/Sin-titulo2.jpeg\"><img loading=\"lazy\" decoding=\"async\" class=\"alignnone size-medium wp-image-8254\" src=\"https:\/\/escuelademagia.net\/wp-content\/uploads\/2026\/02\/Sin-titulo2-184x300.jpeg\" alt=\"\" width=\"184\" height=\"300\" srcset=\"https:\/\/escuelademagia.net\/wp-content\/uploads\/2026\/02\/Sin-titulo2-184x300.jpeg 184w, https:\/\/escuelademagia.net\/wp-content\/uploads\/2026\/02\/Sin-titulo2-628x1024.jpeg 628w, https:\/\/escuelademagia.net\/wp-content\/uploads\/2026\/02\/Sin-titulo2-92x150.jpeg 92w, https:\/\/escuelademagia.net\/wp-content\/uploads\/2026\/02\/Sin-titulo2.jpeg 705w\" sizes=\"auto, (max-width: 184px) 100vw, 184px\" \/><\/a><a href=\"https:\/\/escuelademagia.net\/wp-content\/uploads\/2026\/02\/Sin-titulo3.jpeg\"><img loading=\"lazy\" decoding=\"async\" class=\"alignnone size-medium wp-image-8255\" src=\"https:\/\/escuelademagia.net\/wp-content\/uploads\/2026\/02\/Sin-titulo3-226x300.jpeg\" alt=\"\" width=\"226\" height=\"300\" srcset=\"https:\/\/escuelademagia.net\/wp-content\/uploads\/2026\/02\/Sin-titulo3-226x300.jpeg 226w, https:\/\/escuelademagia.net\/wp-content\/uploads\/2026\/02\/Sin-titulo3-773x1024.jpeg 773w, https:\/\/escuelademagia.net\/wp-content\/uploads\/2026\/02\/Sin-titulo3-768x1018.jpeg 768w, https:\/\/escuelademagia.net\/wp-content\/uploads\/2026\/02\/Sin-titulo3-113x150.jpeg 113w, https:\/\/escuelademagia.net\/wp-content\/uploads\/2026\/02\/Sin-titulo3.jpeg 828w\" sizes=\"auto, (max-width: 226px) 100vw, 226px\" \/><\/a><\/p>\n","protected":false},"excerpt":{"rendered":"<p class=\"continue-reading-button\"> <a class=\"continue-reading-link\" href=\"https:\/\/escuelademagia.net\/ca\/show-de-magia-con-cesc-alriols\/\"><i class=\"crycon-right-dir\"><\/i><\/a><\/p>\n","protected":false},"author":1,"featured_media":0,"parent":0,"menu_order":0,"comment_status":"closed","ping_status":"closed","template":"","meta":{"_crdt_document":"","footnotes":""},"class_list":["post-8250","page","type-page","status-publish","hentry"],"translation":{"provider":"WPGlobus","version":"3.0.2","language":"ca","enabled_languages":["es","ca"],"languages":{"es":{"title":true,"content":true,"excerpt":false},"ca":{"title":false,"content":false,"excerpt":false}}},"yoast_head":"<!-- This site is optimized with the Yoast SEO plugin v27.3 - https:\/\/yoast.com\/product\/yoast-seo-wordpress\/ -->\n<title>MAGIA con Cesc Alriols - Escuela de Magia<\/title>\n<meta name=\"robots\" content=\"index, follow, max-snippet:-1, max-image-preview:large, max-video-preview:-1\" \/>\n<link rel=\"canonical\" href=\"https:\/\/escuelademagia.net\/show-de-magia-con-cesc-alriols\/\" \/>\n<meta property=\"og:locale\" content=\"ca_ES\" \/>\n<meta property=\"og:type\" content=\"article\" \/>\n<meta property=\"og:title\" content=\"MAGIA con Cesc Alriols - Escuela de Magia\" \/>\n<meta property=\"og:url\" content=\"https:\/\/escuelademagia.net\/show-de-magia-con-cesc-alriols\/\" \/>\n<meta property=\"og:site_name\" content=\"Escuela de Magia\" \/>\n<meta property=\"article:publisher\" content=\"https:\/\/www.facebook.com\/escuela3detrebol\" \/>\n<meta property=\"article:modified_time\" content=\"2026-02-20T17:39:04+00:00\" \/>\n<meta property=\"og:image\" content=\"https:\/\/escuelademagia.net\/wp-content\/uploads\/2026\/02\/Sin-titulo-e1772618988763.jpeg\" \/>\n\t<meta property=\"og:image:width\" content=\"291\" \/>\n\t<meta property=\"og:image:height\" content=\"479\" \/>\n\t<meta property=\"og:image:type\" content=\"image\/jpeg\" \/>\n<meta name=\"twitter:card\" content=\"summary_large_image\" \/>\n<meta name=\"twitter:label1\" content=\"Est. reading time\" \/>\n\t<meta name=\"twitter:data1\" content=\"2 minutes\" \/>\n<script type=\"application\/ld+json\" class=\"yoast-schema-graph\">{\"@context\":\"https:\\\/\\\/schema.org\",\"@graph\":[{\"@type\":\"WebPage\",\"@id\":\"https:\\\/\\\/escuelademagia.net\\\/show-de-magia-con-cesc-alriols\\\/\",\"url\":\"https:\\\/\\\/escuelademagia.net\\\/show-de-magia-con-cesc-alriols\\\/\",\"name\":\"MAGIA con Cesc Alriols - Escuela de Magia\",\"isPartOf\":{\"@id\":\"https:\\\/\\\/escuelademagia.net\\\/#website\"},\"primaryImageOfPage\":{\"@id\":\"https:\\\/\\\/escuelademagia.net\\\/show-de-magia-con-cesc-alriols\\\/#primaryimage\"},\"image\":{\"@id\":\"https:\\\/\\\/escuelademagia.net\\\/show-de-magia-con-cesc-alriols\\\/#primaryimage\"},\"thumbnailUrl\":\"https:\\\/\\\/escuelademagia.net\\\/wp-content\\\/uploads\\\/2026\\\/02\\\/Sin-titulo-182x300.jpeg\",\"datePublished\":\"2026-02-20T17:17:24+00:00\",\"dateModified\":\"2026-02-20T17:39:04+00:00\",\"breadcrumb\":{\"@id\":\"https:\\\/\\\/escuelademagia.net\\\/show-de-magia-con-cesc-alriols\\\/#breadcrumb\"},\"inLanguage\":\"ca-ES\",\"potentialAction\":[{\"@type\":\"ReadAction\",\"target\":[\"https:\\\/\\\/escuelademagia.net\\\/show-de-magia-con-cesc-alriols\\\/\"]}]},{\"@type\":\"ImageObject\",\"inLanguage\":\"ca-ES\",\"@id\":\"https:\\\/\\\/escuelademagia.net\\\/show-de-magia-con-cesc-alriols\\\/#primaryimage\",\"url\":\"https:\\\/\\\/escuelademagia.net\\\/wp-content\\\/uploads\\\/2026\\\/02\\\/Sin-titulo-182x300.jpeg\",\"contentUrl\":\"https:\\\/\\\/escuelademagia.net\\\/wp-content\\\/uploads\\\/2026\\\/02\\\/Sin-titulo-182x300.jpeg\"},{\"@type\":\"BreadcrumbList\",\"@id\":\"https:\\\/\\\/escuelademagia.net\\\/show-de-magia-con-cesc-alriols\\\/#breadcrumb\",\"itemListElement\":[{\"@type\":\"ListItem\",\"position\":1,\"name\":\"Portada\",\"item\":\"https:\\\/\\\/escuelademagia.net\\\/\"},{\"@type\":\"ListItem\",\"position\":2,\"name\":\"MAGIA con Cesc Alriols\"}]},{\"@type\":\"WebSite\",\"@id\":\"https:\\\/\\\/escuelademagia.net\\\/#website\",\"url\":\"https:\\\/\\\/escuelademagia.net\\\/\",\"name\":\"{:es}Escuela de Magia{:}{:ca}Escola de M\u00e0gia{:}\",\"description\":\"Escola de M&Atilde;&nbsp;gia a Barcelona per aficionats i profesionals\",\"publisher\":{\"@id\":\"https:\\\/\\\/escuelademagia.net\\\/#organization\"},\"potentialAction\":[{\"@type\":\"SearchAction\",\"target\":{\"@type\":\"EntryPoint\",\"urlTemplate\":\"https:\\\/\\\/escuelademagia.net\\\/?s={search_term_string}\"},\"query-input\":{\"@type\":\"PropertyValueSpecification\",\"valueRequired\":true,\"valueName\":\"search_term_string\"}}],\"inLanguage\":\"ca-ES\"},{\"@type\":\"Organization\",\"@id\":\"https:\\\/\\\/escuelademagia.net\\\/#organization\",\"name\":\"{:es}Escuela de Magia{:}{:ca}Escola de M\u00e0gia{:}\",\"url\":\"https:\\\/\\\/escuelademagia.net\\\/\",\"logo\":{\"@type\":\"ImageObject\",\"inLanguage\":\"ca-ES\",\"@id\":\"https:\\\/\\\/escuelademagia.net\\\/#\\\/schema\\\/logo\\\/image\\\/\",\"url\":\"http:\\\/\\\/escuelademagia.net\\\/wp-content\\\/uploads\\\/2024\\\/10\\\/logo-3detrebol.jpg\",\"contentUrl\":\"http:\\\/\\\/escuelademagia.net\\\/wp-content\\\/uploads\\\/2024\\\/10\\\/logo-3detrebol.jpg\",\"width\":669,\"height\":568,\"caption\":\"{:es}Escuela de Magia{:}{:ca}Escola de M\u00e0gia{:}\"},\"image\":{\"@id\":\"https:\\\/\\\/escuelademagia.net\\\/#\\\/schema\\\/logo\\\/image\\\/\"},\"sameAs\":[\"https:\\\/\\\/www.facebook.com\\\/escuela3detrebol\",\"https:\\\/\\\/www.instagram.com\\\/escuelademagianet\\\/\"]}]}<\/script>\n<!-- \/ Yoast SEO plugin. -->","yoast_head_json":{"title":"MAGIA con Cesc Alriols - Escuela de Magia","robots":{"index":"index","follow":"follow","max-snippet":"max-snippet:-1","max-image-preview":"max-image-preview:large","max-video-preview":"max-video-preview:-1"},"canonical":"https:\/\/escuelademagia.net\/show-de-magia-con-cesc-alriols\/","og_locale":"ca_ES","og_type":"article","og_title":"MAGIA con Cesc Alriols - Escuela de Magia","og_url":"https:\/\/escuelademagia.net\/show-de-magia-con-cesc-alriols\/","og_site_name":"Escuela de Magia","article_publisher":"https:\/\/www.facebook.com\/escuela3detrebol","article_modified_time":"2026-02-20T17:39:04+00:00","og_image":[{"width":291,"height":479,"url":"https:\/\/escuelademagia.net\/wp-content\/uploads\/2026\/02\/Sin-titulo-e1772618988763.jpeg","type":"image\/jpeg"}],"twitter_card":"summary_large_image","twitter_misc":{"Est. reading time":"2 minutes"},"schema":{"@context":"https:\/\/schema.org","@graph":[{"@type":"WebPage","@id":"https:\/\/escuelademagia.net\/show-de-magia-con-cesc-alriols\/","url":"https:\/\/escuelademagia.net\/show-de-magia-con-cesc-alriols\/","name":"MAGIA con Cesc Alriols - Escuela de Magia","isPartOf":{"@id":"https:\/\/escuelademagia.net\/#website"},"primaryImageOfPage":{"@id":"https:\/\/escuelademagia.net\/show-de-magia-con-cesc-alriols\/#primaryimage"},"image":{"@id":"https:\/\/escuelademagia.net\/show-de-magia-con-cesc-alriols\/#primaryimage"},"thumbnailUrl":"https:\/\/escuelademagia.net\/wp-content\/uploads\/2026\/02\/Sin-titulo-182x300.jpeg","datePublished":"2026-02-20T17:17:24+00:00","dateModified":"2026-02-20T17:39:04+00:00","breadcrumb":{"@id":"https:\/\/escuelademagia.net\/show-de-magia-con-cesc-alriols\/#breadcrumb"},"inLanguage":"ca-ES","potentialAction":[{"@type":"ReadAction","target":["https:\/\/escuelademagia.net\/show-de-magia-con-cesc-alriols\/"]}]},{"@type":"ImageObject","inLanguage":"ca-ES","@id":"https:\/\/escuelademagia.net\/show-de-magia-con-cesc-alriols\/#primaryimage","url":"https:\/\/escuelademagia.net\/wp-content\/uploads\/2026\/02\/Sin-titulo-182x300.jpeg","contentUrl":"https:\/\/escuelademagia.net\/wp-content\/uploads\/2026\/02\/Sin-titulo-182x300.jpeg"},{"@type":"BreadcrumbList","@id":"https:\/\/escuelademagia.net\/show-de-magia-con-cesc-alriols\/#breadcrumb","itemListElement":[{"@type":"ListItem","position":1,"name":"Portada","item":"https:\/\/escuelademagia.net\/"},{"@type":"ListItem","position":2,"name":"MAGIA con Cesc Alriols"}]},{"@type":"WebSite","@id":"https:\/\/escuelademagia.net\/#website","url":"https:\/\/escuelademagia.net\/","name":"{:es}Escuela de Magia{:}{:ca}Escola de M\u00e0gia{:}","description":"Escola de M&Atilde;&nbsp;gia a Barcelona per aficionats i profesionals","publisher":{"@id":"https:\/\/escuelademagia.net\/#organization"},"potentialAction":[{"@type":"SearchAction","target":{"@type":"EntryPoint","urlTemplate":"https:\/\/escuelademagia.net\/?s={search_term_string}"},"query-input":{"@type":"PropertyValueSpecification","valueRequired":true,"valueName":"search_term_string"}}],"inLanguage":"ca-ES"},{"@type":"Organization","@id":"https:\/\/escuelademagia.net\/#organization","name":"{:es}Escuela de Magia{:}{:ca}Escola de M\u00e0gia{:}","url":"https:\/\/escuelademagia.net\/","logo":{"@type":"ImageObject","inLanguage":"ca-ES","@id":"https:\/\/escuelademagia.net\/#\/schema\/logo\/image\/","url":"http:\/\/escuelademagia.net\/wp-content\/uploads\/2024\/10\/logo-3detrebol.jpg","contentUrl":"http:\/\/escuelademagia.net\/wp-content\/uploads\/2024\/10\/logo-3detrebol.jpg","width":669,"height":568,"caption":"{:es}Escuela de Magia{:}{:ca}Escola de M\u00e0gia{:}"},"image":{"@id":"https:\/\/escuelademagia.net\/#\/schema\/logo\/image\/"},"sameAs":["https:\/\/www.facebook.com\/escuela3detrebol","https:\/\/www.instagram.com\/escuelademagianet\/"]}]}},"_links":{"self":[{"href":"https:\/\/escuelademagia.net\/ca\/wp-json\/wp\/v2\/pages\/8250","targetHints":{"allow":["GET"]}}],"collection":[{"href":"https:\/\/escuelademagia.net\/ca\/wp-json\/wp\/v2\/pages"}],"about":[{"href":"https:\/\/escuelademagia.net\/ca\/wp-json\/wp\/v2\/types\/page"}],"author":[{"embeddable":true,"href":"https:\/\/escuelademagia.net\/ca\/wp-json\/wp\/v2\/users\/1"}],"replies":[{"embeddable":true,"href":"https:\/\/escuelademagia.net\/ca\/wp-json\/wp\/v2\/comments?post=8250"}],"version-history":[{"count":3,"href":"https:\/\/escuelademagia.net\/ca\/wp-json\/wp\/v2\/pages\/8250\/revisions"}],"predecessor-version":[{"id":8256,"href":"https:\/\/escuelademagia.net\/ca\/wp-json\/wp\/v2\/pages\/8250\/revisions\/8256"}],"wp:attachment":[{"href":"https:\/\/escuelademagia.net\/ca\/wp-json\/wp\/v2\/media?parent=8250"}],"curies":[{"name":"wp","href":"https:\/\/api.w.org\/{rel}","templated":true}]}}