{"id":8283,"date":"2026-03-04T10:33:52","date_gmt":"2026-03-04T10:33:52","guid":{"rendered":"https:\/\/escuelademagia.net\/?page_id=8283"},"modified":"2026-03-10T09:54:25","modified_gmt":"2026-03-10T09:54:25","slug":"taller-de-manipulacion-coreana-por-cesc-alriol","status":"publish","type":"page","link":"https:\/\/escuelademagia.net\/ca\/taller-de-manipulacion-coreana-por-cesc-alriol\/","title":{"rendered":"TALLER DE MANIPULACI\u00d3N COREANA por Cesc Alriol"},"content":{"rendered":"<p><a href=\"https:\/\/escuelademagia.net\/wp-content\/uploads\/2026\/02\/Sin-titulo-e1772618988763.jpeg\"><img loading=\"lazy\" decoding=\"async\" class=\"alignnone wp-image-8253\" src=\"https:\/\/escuelademagia.net\/wp-content\/uploads\/2026\/02\/Sin-titulo-e1772618988763.jpeg\" alt=\"\" width=\"191\" height=\"314\" \/><\/a><a href=\"https:\/\/escuelademagia.net\/wp-content\/uploads\/2026\/02\/Sin-titulo2.jpeg\"><img loading=\"lazy\" decoding=\"async\" class=\"alignnone size-medium wp-image-8254\" src=\"https:\/\/escuelademagia.net\/wp-content\/uploads\/2026\/02\/Sin-titulo2-184x300.jpeg\" alt=\"\" width=\"184\" height=\"300\" srcset=\"https:\/\/escuelademagia.net\/wp-content\/uploads\/2026\/02\/Sin-titulo2-184x300.jpeg 184w, https:\/\/escuelademagia.net\/wp-content\/uploads\/2026\/02\/Sin-titulo2-628x1024.jpeg 628w, https:\/\/escuelademagia.net\/wp-content\/uploads\/2026\/02\/Sin-titulo2-92x150.jpeg 92w, https:\/\/escuelademagia.net\/wp-content\/uploads\/2026\/02\/Sin-titulo2.jpeg 705w\" sizes=\"auto, (max-width: 184px) 100vw, 184px\" \/><\/a><a href=\"https:\/\/escuelademagia.net\/wp-content\/uploads\/2026\/02\/Sin-titulo3.jpeg\"><img loading=\"lazy\" decoding=\"async\" class=\"alignnone size-medium wp-image-8255\" src=\"https:\/\/escuelademagia.net\/wp-content\/uploads\/2026\/02\/Sin-titulo3-226x300.jpeg\" alt=\"\" width=\"226\" height=\"300\" srcset=\"https:\/\/escuelademagia.net\/wp-content\/uploads\/2026\/02\/Sin-titulo3-226x300.jpeg 226w, https:\/\/escuelademagia.net\/wp-content\/uploads\/2026\/02\/Sin-titulo3-773x1024.jpeg 773w, https:\/\/escuelademagia.net\/wp-content\/uploads\/2026\/02\/Sin-titulo3-768x1018.jpeg 768w, https:\/\/escuelademagia.net\/wp-content\/uploads\/2026\/02\/Sin-titulo3-113x150.jpeg 113w, https:\/\/escuelademagia.net\/wp-content\/uploads\/2026\/02\/Sin-titulo3.jpeg 828w\" sizes=\"auto, (max-width: 226px) 100vw, 226px\" \/><\/a><\/p>\n<article class=\"text-token-text-primary w-full focus:outline-none [--shadow-height:45px] has-data-writing-block:pointer-events-none has-data-writing-block:-mt-(--shadow-height) has-data-writing-block:pt-(--shadow-height) [&amp;:has([data-writing-block])&gt;*]:pointer-events-auto scroll-mt-(--header-height)\" dir=\"auto\" tabindex=\"-1\" data-turn-id=\"12f1588a-c4ce-4991-be5c-ace235f77920\" data-testid=\"conversation-turn-1\" data-scroll-anchor=\"false\" data-turn=\"user\">\n<div class=\"text-base my-auto mx-auto pt-3 [--thread-content-margin:--spacing(4)] @w-sm\/main:[--thread-content-margin:--spacing(6)] @w-lg\/main:[--thread-content-margin:--spacing(16)] px-(--thread-content-margin)\">\n<div class=\"[--thread-content-max-width:40rem] @w-lg\/main:[--thread-content-max-width:48rem] mx-auto max-w-(--thread-content-max-width) flex-1 group\/turn-messages focus-visible:outline-hidden relative flex w-full min-w-0 flex-col\" tabindex=\"-1\">\n<div class=\"flex max-w-full flex-col grow\">\n<div class=\"min-h-8 text-message relative flex w-full flex-col items-end gap-2 text-start break-words whitespace-normal [.text-message+&amp;]:mt-1\" dir=\"auto\" data-message-author-role=\"user\" data-message-id=\"12f1588a-c4ce-4991-be5c-ace235f77920\">\n<div class=\"flex w-full flex-col gap-1 empty:hidden items-end rtl:items-start\">\n<div class=\"user-message-bubble-color corner-superellipse\/1.1 relative rounded-[18px] px-4 py-1.5 data-[multiline]:py-3 max-w-[var(--user-chat-width,70%)]\" data-multiline=\"\">\n<div class=\"whitespace-pre-wrap\"><\/div>\n<\/div>\n<\/div>\n<\/div>\n<\/div>\n<div class=\"z-0 flex justify-end\"><\/div>\n<\/div>\n<\/div>\n<\/article>\n<article class=\"text-token-text-primary w-full focus:outline-none [--shadow-height:45px] has-data-writing-block:pointer-events-none has-data-writing-block:-mt-(--shadow-height) has-data-writing-block:pt-(--shadow-height) [&amp;:has([data-writing-block])&gt;*]:pointer-events-auto scroll-mt-[calc(var(--header-height)+min(200px,max(70px,20svh)))]\" dir=\"auto\" tabindex=\"-1\" data-turn-id=\"request-WEB:0140ce56-424c-404b-84e8-d60747961d08-0\" data-testid=\"conversation-turn-2\" data-scroll-anchor=\"true\" data-turn=\"assistant\">\n<div class=\"text-base my-auto mx-auto pb-10 [--thread-content-margin:--spacing(4)] @w-sm\/main:[--thread-content-margin:--spacing(6)] @w-lg\/main:[--thread-content-margin:--spacing(16)] px-(--thread-content-margin)\">\n<div class=\"[--thread-content-max-width:40rem] @w-lg\/main:[--thread-content-max-width:48rem] mx-auto max-w-(--thread-content-max-width) flex-1 group\/turn-messages focus-visible:outline-hidden relative flex w-full min-w-0 flex-col agent-turn\" tabindex=\"-1\">\n<div class=\"flex max-w-full flex-col grow\">\n<div class=\"min-h-8 text-message relative flex w-full flex-col items-end gap-2 text-start break-words whitespace-normal [.text-message+&amp;]:mt-1\" dir=\"auto\" data-message-author-role=\"assistant\" data-message-id=\"97a16e18-ca08-46e9-867e-9b10d668815a\" data-message-model-slug=\"gpt-5-2\">\n<div class=\"flex w-full flex-col gap-1 empty:hidden first:pt-[1px]\">\n<div class=\"markdown prose dark:prose-invert w-full wrap-break-word light markdown-new-styling\">\n<h3 data-start=\"110\" data-end=\"146\">\u00a0<strong><span style=\"color: #ff0000;\">TALLER DE MANIPULACI\u00d3N COREANA<\/span><\/strong><\/h3>\n<p data-start=\"148\" data-end=\"280\">La manipulaci\u00f3n est\u00e1 m\u00e1s de moda que nunca y ha supuesto una aut\u00e9ntica revoluci\u00f3n en la t\u00e9cnica cl\u00e1sica dentro de esta especialidad.<\/p>\n<p data-start=\"282\" data-end=\"533\">En esta ocasi\u00f3n contaremos con un aut\u00e9ntico referente en estas t\u00e9cnicas: <strong data-start=\"355\" data-end=\"396\"><span class=\"hover:entity-accent entity-underline inline cursor-pointer align-baseline\"><span class=\"whitespace-normal\">Cesc Ariol<\/span><\/span><\/strong>, quien impartir\u00e1 un taller exclusivo de manipulaci\u00f3n con cartas y bolas, combinando el estilo cl\u00e1sico con la innovadora t\u00e9cnica coreana.<\/p>\n<p data-start=\"535\" data-end=\"726\">Una oportunidad \u00fanica para descubrir a uno de los grandes exponentes de la manipulaci\u00f3n moderna y conocer de primera mano los secretos, la t\u00e9cnica y la elegancia que caracterizan este estilo.<\/p>\n<p data-start=\"728\" data-end=\"882\">\ud83d\udcc5 <strong><span style=\"color: #ff0000;\">D\u00cdAS: 11 y 12 de abril de 2026<\/span><\/strong><br data-start=\"765\" data-end=\"768\" \/>\ud83d\udd52<strong><span style=\"color: #ff0000;\"> HORARIO:\u2022 11 de abril: de 15:30 h a 19:30 h \u2022 12 de abril: de 10:00 h a 14:00 h<\/span><\/strong><br data-start=\"859\" data-end=\"862\" \/><strong><span style=\"color: #ff0000;\">\ud83d\udcb0 PRECIO: 120 \u20ac<\/span><\/strong><\/p>\n<h5 data-start=\"728\" data-end=\"882\">Para mas informaci\u00f3n tel\u00e9f. 696428407 o comprar directamente<\/h5>\n<p data-start=\"728\" data-end=\"882\"><a href=\"https:\/\/www.3detrebol.com\/escuelademagia-net\/eshop\/0\/0\/5\/1095\"><img loading=\"lazy\" decoding=\"async\" class=\" wp-image-7768 aligncenter\" src=\"https:\/\/escuelademagia.net\/wp-content\/uploads\/2025\/02\/boton-compra-ahora-300x87.png\" alt=\"\" width=\"228\" height=\"66\" srcset=\"https:\/\/escuelademagia.net\/wp-content\/uploads\/2025\/02\/boton-compra-ahora-300x87.png 300w, https:\/\/escuelademagia.net\/wp-content\/uploads\/2025\/02\/boton-compra-ahora-1024x297.png 1024w, https:\/\/escuelademagia.net\/wp-content\/uploads\/2025\/02\/boton-compra-ahora-768x223.png 768w, https:\/\/escuelademagia.net\/wp-content\/uploads\/2025\/02\/boton-compra-ahora-150x43.png 150w, https:\/\/escuelademagia.net\/wp-content\/uploads\/2025\/02\/boton-compra-ahora.png 1208w\" sizes=\"auto, (max-width: 228px) 100vw, 228px\" \/><\/a><\/p>\n<\/div>\n<\/div>\n<\/div>\n<\/div>\n<\/div>\n<\/div>\n<\/article>\n<p>&nbsp;<\/p>\n","protected":false},"excerpt":{"rendered":"<p class=\"continue-reading-button\"> <a class=\"continue-reading-link\" href=\"https:\/\/escuelademagia.net\/ca\/taller-de-manipulacion-coreana-por-cesc-alriol\/\"><i class=\"crycon-right-dir\"><\/i><\/a><\/p>\n","protected":false},"author":1,"featured_media":0,"parent":0,"menu_order":0,"comment_status":"closed","ping_status":"closed","template":"","meta":{"_crdt_document":"","footnotes":""},"class_list":["post-8283","page","type-page","status-publish","hentry"],"translation":{"provider":"WPGlobus","version":"3.0.2","language":"ca","enabled_languages":["es","ca"],"languages":{"es":{"title":true,"content":true,"excerpt":false},"ca":{"title":false,"content":false,"excerpt":false}}},"yoast_head":"<!-- This site is optimized with the Yoast SEO plugin v27.4 - https:\/\/yoast.com\/product\/yoast-seo-wordpress\/ -->\n<title>TALLER DE MANIPULACI\u00d3N COREANA por Cesc Alriol - Escuela de Magia<\/title>\n<meta name=\"robots\" content=\"index, follow, max-snippet:-1, max-image-preview:large, max-video-preview:-1\" \/>\n<link rel=\"canonical\" href=\"https:\/\/escuelademagia.net\/taller-de-manipulacion-coreana-por-cesc-alriol\/\" \/>\n<meta property=\"og:locale\" content=\"ca_ES\" \/>\n<meta property=\"og:type\" content=\"article\" \/>\n<meta property=\"og:title\" content=\"TALLER DE MANIPULACI\u00d3N COREANA por Cesc Alriol - Escuela de Magia\" \/>\n<meta property=\"og:url\" content=\"https:\/\/escuelademagia.net\/taller-de-manipulacion-coreana-por-cesc-alriol\/\" \/>\n<meta property=\"og:site_name\" content=\"Escuela de Magia\" \/>\n<meta property=\"article:publisher\" content=\"https:\/\/www.facebook.com\/escuela3detrebol\" \/>\n<meta property=\"article:modified_time\" content=\"2026-03-10T09:54:25+00:00\" \/>\n<meta property=\"og:image\" content=\"https:\/\/escuelademagia.net\/wp-content\/uploads\/2026\/02\/Sin-titulo-e1772618988763.jpeg\" \/>\n\t<meta property=\"og:image:width\" content=\"291\" \/>\n\t<meta property=\"og:image:height\" content=\"479\" \/>\n\t<meta property=\"og:image:type\" content=\"image\/jpeg\" \/>\n<meta name=\"twitter:card\" content=\"summary_large_image\" \/>\n<meta name=\"twitter:label1\" content=\"Est. reading time\" \/>\n\t<meta name=\"twitter:data1\" content=\"2 minutes\" \/>\n<script type=\"application\/ld+json\" class=\"yoast-schema-graph\">{\"@context\":\"https:\\\/\\\/schema.org\",\"@graph\":[{\"@type\":\"WebPage\",\"@id\":\"https:\\\/\\\/escuelademagia.net\\\/taller-de-manipulacion-coreana-por-cesc-alriol\\\/\",\"url\":\"https:\\\/\\\/escuelademagia.net\\\/taller-de-manipulacion-coreana-por-cesc-alriol\\\/\",\"name\":\"TALLER DE MANIPULACI\u00d3N COREANA por Cesc Alriol - Escuela de Magia\",\"isPartOf\":{\"@id\":\"https:\\\/\\\/escuelademagia.net\\\/#website\"},\"primaryImageOfPage\":{\"@id\":\"https:\\\/\\\/escuelademagia.net\\\/taller-de-manipulacion-coreana-por-cesc-alriol\\\/#primaryimage\"},\"image\":{\"@id\":\"https:\\\/\\\/escuelademagia.net\\\/taller-de-manipulacion-coreana-por-cesc-alriol\\\/#primaryimage\"},\"thumbnailUrl\":\"https:\\\/\\\/escuelademagia.net\\\/wp-content\\\/uploads\\\/2026\\\/02\\\/Sin-titulo-e1772618988763.jpeg\",\"datePublished\":\"2026-03-04T10:33:52+00:00\",\"dateModified\":\"2026-03-10T09:54:25+00:00\",\"breadcrumb\":{\"@id\":\"https:\\\/\\\/escuelademagia.net\\\/taller-de-manipulacion-coreana-por-cesc-alriol\\\/#breadcrumb\"},\"inLanguage\":\"ca-ES\",\"potentialAction\":[{\"@type\":\"ReadAction\",\"target\":[\"https:\\\/\\\/escuelademagia.net\\\/taller-de-manipulacion-coreana-por-cesc-alriol\\\/\"]}]},{\"@type\":\"ImageObject\",\"inLanguage\":\"ca-ES\",\"@id\":\"https:\\\/\\\/escuelademagia.net\\\/taller-de-manipulacion-coreana-por-cesc-alriol\\\/#primaryimage\",\"url\":\"https:\\\/\\\/escuelademagia.net\\\/wp-content\\\/uploads\\\/2026\\\/02\\\/Sin-titulo-e1772618988763.jpeg\",\"contentUrl\":\"https:\\\/\\\/escuelademagia.net\\\/wp-content\\\/uploads\\\/2026\\\/02\\\/Sin-titulo-e1772618988763.jpeg\"},{\"@type\":\"BreadcrumbList\",\"@id\":\"https:\\\/\\\/escuelademagia.net\\\/taller-de-manipulacion-coreana-por-cesc-alriol\\\/#breadcrumb\",\"itemListElement\":[{\"@type\":\"ListItem\",\"position\":1,\"name\":\"Portada\",\"item\":\"https:\\\/\\\/escuelademagia.net\\\/\"},{\"@type\":\"ListItem\",\"position\":2,\"name\":\"TALLER DE MANIPULACI\u00d3N COREANA por Cesc Alriol\"}]},{\"@type\":\"WebSite\",\"@id\":\"https:\\\/\\\/escuelademagia.net\\\/#website\",\"url\":\"https:\\\/\\\/escuelademagia.net\\\/\",\"name\":\"{:es}Escuela de Magia{:}{:ca}Escola de M\u00e0gia{:}\",\"description\":\"Escola de M&Atilde;&nbsp;gia a Barcelona per aficionats i profesionals\",\"publisher\":{\"@id\":\"https:\\\/\\\/escuelademagia.net\\\/#organization\"},\"potentialAction\":[{\"@type\":\"SearchAction\",\"target\":{\"@type\":\"EntryPoint\",\"urlTemplate\":\"https:\\\/\\\/escuelademagia.net\\\/?s={search_term_string}\"},\"query-input\":{\"@type\":\"PropertyValueSpecification\",\"valueRequired\":true,\"valueName\":\"search_term_string\"}}],\"inLanguage\":\"ca-ES\"},{\"@type\":\"Organization\",\"@id\":\"https:\\\/\\\/escuelademagia.net\\\/#organization\",\"name\":\"{:es}Escuela de Magia{:}{:ca}Escola de M\u00e0gia{:}\",\"url\":\"https:\\\/\\\/escuelademagia.net\\\/\",\"logo\":{\"@type\":\"ImageObject\",\"inLanguage\":\"ca-ES\",\"@id\":\"https:\\\/\\\/escuelademagia.net\\\/#\\\/schema\\\/logo\\\/image\\\/\",\"url\":\"http:\\\/\\\/escuelademagia.net\\\/wp-content\\\/uploads\\\/2024\\\/10\\\/logo-3detrebol.jpg\",\"contentUrl\":\"http:\\\/\\\/escuelademagia.net\\\/wp-content\\\/uploads\\\/2024\\\/10\\\/logo-3detrebol.jpg\",\"width\":669,\"height\":568,\"caption\":\"{:es}Escuela de Magia{:}{:ca}Escola de M\u00e0gia{:}\"},\"image\":{\"@id\":\"https:\\\/\\\/escuelademagia.net\\\/#\\\/schema\\\/logo\\\/image\\\/\"},\"sameAs\":[\"https:\\\/\\\/www.facebook.com\\\/escuela3detrebol\",\"https:\\\/\\\/www.instagram.com\\\/escuelademagianet\\\/\"]}]}<\/script>\n<!-- \/ Yoast SEO plugin. -->","yoast_head_json":{"title":"TALLER DE MANIPULACI\u00d3N COREANA por Cesc Alriol - Escuela de Magia","robots":{"index":"index","follow":"follow","max-snippet":"max-snippet:-1","max-image-preview":"max-image-preview:large","max-video-preview":"max-video-preview:-1"},"canonical":"https:\/\/escuelademagia.net\/taller-de-manipulacion-coreana-por-cesc-alriol\/","og_locale":"ca_ES","og_type":"article","og_title":"TALLER DE MANIPULACI\u00d3N COREANA por Cesc Alriol - Escuela de Magia","og_url":"https:\/\/escuelademagia.net\/taller-de-manipulacion-coreana-por-cesc-alriol\/","og_site_name":"Escuela de Magia","article_publisher":"https:\/\/www.facebook.com\/escuela3detrebol","article_modified_time":"2026-03-10T09:54:25+00:00","og_image":[{"width":291,"height":479,"url":"https:\/\/escuelademagia.net\/wp-content\/uploads\/2026\/02\/Sin-titulo-e1772618988763.jpeg","type":"image\/jpeg"}],"twitter_card":"summary_large_image","twitter_misc":{"Est. reading time":"2 minutes"},"schema":{"@context":"https:\/\/schema.org","@graph":[{"@type":"WebPage","@id":"https:\/\/escuelademagia.net\/taller-de-manipulacion-coreana-por-cesc-alriol\/","url":"https:\/\/escuelademagia.net\/taller-de-manipulacion-coreana-por-cesc-alriol\/","name":"TALLER DE MANIPULACI\u00d3N COREANA por Cesc Alriol - Escuela de Magia","isPartOf":{"@id":"https:\/\/escuelademagia.net\/#website"},"primaryImageOfPage":{"@id":"https:\/\/escuelademagia.net\/taller-de-manipulacion-coreana-por-cesc-alriol\/#primaryimage"},"image":{"@id":"https:\/\/escuelademagia.net\/taller-de-manipulacion-coreana-por-cesc-alriol\/#primaryimage"},"thumbnailUrl":"https:\/\/escuelademagia.net\/wp-content\/uploads\/2026\/02\/Sin-titulo-e1772618988763.jpeg","datePublished":"2026-03-04T10:33:52+00:00","dateModified":"2026-03-10T09:54:25+00:00","breadcrumb":{"@id":"https:\/\/escuelademagia.net\/taller-de-manipulacion-coreana-por-cesc-alriol\/#breadcrumb"},"inLanguage":"ca-ES","potentialAction":[{"@type":"ReadAction","target":["https:\/\/escuelademagia.net\/taller-de-manipulacion-coreana-por-cesc-alriol\/"]}]},{"@type":"ImageObject","inLanguage":"ca-ES","@id":"https:\/\/escuelademagia.net\/taller-de-manipulacion-coreana-por-cesc-alriol\/#primaryimage","url":"https:\/\/escuelademagia.net\/wp-content\/uploads\/2026\/02\/Sin-titulo-e1772618988763.jpeg","contentUrl":"https:\/\/escuelademagia.net\/wp-content\/uploads\/2026\/02\/Sin-titulo-e1772618988763.jpeg"},{"@type":"BreadcrumbList","@id":"https:\/\/escuelademagia.net\/taller-de-manipulacion-coreana-por-cesc-alriol\/#breadcrumb","itemListElement":[{"@type":"ListItem","position":1,"name":"Portada","item":"https:\/\/escuelademagia.net\/"},{"@type":"ListItem","position":2,"name":"TALLER DE MANIPULACI\u00d3N COREANA por Cesc Alriol"}]},{"@type":"WebSite","@id":"https:\/\/escuelademagia.net\/#website","url":"https:\/\/escuelademagia.net\/","name":"{:es}Escuela de Magia{:}{:ca}Escola de M\u00e0gia{:}","description":"Escola de M&Atilde;&nbsp;gia a Barcelona per aficionats i profesionals","publisher":{"@id":"https:\/\/escuelademagia.net\/#organization"},"potentialAction":[{"@type":"SearchAction","target":{"@type":"EntryPoint","urlTemplate":"https:\/\/escuelademagia.net\/?s={search_term_string}"},"query-input":{"@type":"PropertyValueSpecification","valueRequired":true,"valueName":"search_term_string"}}],"inLanguage":"ca-ES"},{"@type":"Organization","@id":"https:\/\/escuelademagia.net\/#organization","name":"{:es}Escuela de Magia{:}{:ca}Escola de M\u00e0gia{:}","url":"https:\/\/escuelademagia.net\/","logo":{"@type":"ImageObject","inLanguage":"ca-ES","@id":"https:\/\/escuelademagia.net\/#\/schema\/logo\/image\/","url":"http:\/\/escuelademagia.net\/wp-content\/uploads\/2024\/10\/logo-3detrebol.jpg","contentUrl":"http:\/\/escuelademagia.net\/wp-content\/uploads\/2024\/10\/logo-3detrebol.jpg","width":669,"height":568,"caption":"{:es}Escuela de Magia{:}{:ca}Escola de M\u00e0gia{:}"},"image":{"@id":"https:\/\/escuelademagia.net\/#\/schema\/logo\/image\/"},"sameAs":["https:\/\/www.facebook.com\/escuela3detrebol","https:\/\/www.instagram.com\/escuelademagianet\/"]}]}},"_links":{"self":[{"href":"https:\/\/escuelademagia.net\/ca\/wp-json\/wp\/v2\/pages\/8283","targetHints":{"allow":["GET"]}}],"collection":[{"href":"https:\/\/escuelademagia.net\/ca\/wp-json\/wp\/v2\/pages"}],"about":[{"href":"https:\/\/escuelademagia.net\/ca\/wp-json\/wp\/v2\/types\/page"}],"author":[{"embeddable":true,"href":"https:\/\/escuelademagia.net\/ca\/wp-json\/wp\/v2\/users\/1"}],"replies":[{"embeddable":true,"href":"https:\/\/escuelademagia.net\/ca\/wp-json\/wp\/v2\/comments?post=8283"}],"version-history":[{"count":3,"href":"https:\/\/escuelademagia.net\/ca\/wp-json\/wp\/v2\/pages\/8283\/revisions"}],"predecessor-version":[{"id":8315,"href":"https:\/\/escuelademagia.net\/ca\/wp-json\/wp\/v2\/pages\/8283\/revisions\/8315"}],"wp:attachment":[{"href":"https:\/\/escuelademagia.net\/ca\/wp-json\/wp\/v2\/media?parent=8283"}],"curies":[{"name":"wp","href":"https:\/\/api.w.org\/{rel}","templated":true}]}}