{"id":8343,"date":"2026-03-10T18:23:02","date_gmt":"2026-03-10T18:23:02","guid":{"rendered":"https:\/\/escuelademagia.net\/?page_id=8343"},"modified":"2026-03-10T18:30:15","modified_gmt":"2026-03-10T18:30:15","slug":"de-tal-palo-tal-mago-daba-cielo-y-sebak","status":"publish","type":"page","link":"https:\/\/escuelademagia.net\/ca\/de-tal-palo-tal-mago-daba-cielo-y-sebak\/","title":{"rendered":"De tal palo tal mago (daba, Cielo y Sebak)"},"content":{"rendered":"<p><a href=\"https:\/\/escuelademagia.net\/wp-content\/uploads\/2026\/03\/detalpalo.jpeg\"><img loading=\"lazy\" decoding=\"async\" class=\" wp-image-8344 aligncenter\" src=\"https:\/\/escuelademagia.net\/wp-content\/uploads\/2026\/03\/detalpalo-212x300.jpeg\" alt=\"\" width=\"259\" height=\"367\" srcset=\"https:\/\/escuelademagia.net\/wp-content\/uploads\/2026\/03\/detalpalo-212x300.jpeg 212w, https:\/\/escuelademagia.net\/wp-content\/uploads\/2026\/03\/detalpalo-724x1024.jpeg 724w, https:\/\/escuelademagia.net\/wp-content\/uploads\/2026\/03\/detalpalo-768x1086.jpeg 768w, https:\/\/escuelademagia.net\/wp-content\/uploads\/2026\/03\/detalpalo-106x150.jpeg 106w, https:\/\/escuelademagia.net\/wp-content\/uploads\/2026\/03\/detalpalo.jpeg 813w\" sizes=\"auto, (max-width: 259px) 100vw, 259px\" \/><\/a><br \/>\n\u00a1Un espect\u00e1culo de magia que no se repetir\u00e1!<br \/>\nDirectamente desde Argentina y dentro de su gira por Europa, llegan a nuestra sala Daba Cielo y Sebak, tres artistas incre\u00edblemente creativos que est\u00e1n sorprendiendo al p\u00fablico con su magia \u00fanica.<\/p>\n<p>Una sesi\u00f3n \u00fanica<br \/>\nMagia divertida, misteriosa y sorprendente<br \/>\nUn show que solo podr\u00e1s ver en nuestra sala<\/p>\n<p>Si te gusta dejarte sorprender? no te lo puedes perder.<br \/>\n?? Plazas limitadas<\/p>\n<p><strong><span style=\"color: #ff0000;\">D\u00cdA: 30 DE MAYO 2026<\/span><\/strong><\/p>\n<p><strong><span style=\"color: #ff0000;\">HORARIO: 20:30 H<\/span><\/strong><\/p>\n<p><strong><span style=\"color: #ff0000;\">PRECIO:: 20 \u20ac<\/span><\/strong><\/p>\n<p>&nbsp;<\/p>\n<p><a href=\"https:\/\/www.atrapalo.com\/entradas\/de-tal-palo-tal-mago-daba-cielo-y-sebak_e4943075\/\"><img loading=\"lazy\" decoding=\"async\" class=\" wp-image-7768 aligncenter\" src=\"https:\/\/escuelademagia.net\/wp-content\/uploads\/2025\/02\/boton-compra-ahora-300x87.png\" alt=\"\" width=\"197\" height=\"57\" srcset=\"https:\/\/escuelademagia.net\/wp-content\/uploads\/2025\/02\/boton-compra-ahora-300x87.png 300w, https:\/\/escuelademagia.net\/wp-content\/uploads\/2025\/02\/boton-compra-ahora-1024x297.png 1024w, https:\/\/escuelademagia.net\/wp-content\/uploads\/2025\/02\/boton-compra-ahora-768x223.png 768w, https:\/\/escuelademagia.net\/wp-content\/uploads\/2025\/02\/boton-compra-ahora-150x43.png 150w, https:\/\/escuelademagia.net\/wp-content\/uploads\/2025\/02\/boton-compra-ahora.png 1208w\" sizes=\"auto, (max-width: 197px) 100vw, 197px\" \/><\/a><\/p>\n","protected":false},"excerpt":{"rendered":"<p class=\"continue-reading-button\"> <a class=\"continue-reading-link\" href=\"https:\/\/escuelademagia.net\/ca\/de-tal-palo-tal-mago-daba-cielo-y-sebak\/\"><i class=\"crycon-right-dir\"><\/i><\/a><\/p>\n","protected":false},"author":1,"featured_media":0,"parent":0,"menu_order":0,"comment_status":"closed","ping_status":"closed","template":"","meta":{"_crdt_document":"","footnotes":""},"class_list":["post-8343","page","type-page","status-publish","hentry"],"translation":{"provider":"WPGlobus","version":"3.0.2","language":"ca","enabled_languages":["es","ca"],"languages":{"es":{"title":true,"content":true,"excerpt":false},"ca":{"title":false,"content":false,"excerpt":false}}},"yoast_head":"<!-- This site is optimized with the Yoast SEO plugin v27.4 - https:\/\/yoast.com\/product\/yoast-seo-wordpress\/ -->\n<title>De tal palo tal mago (daba, Cielo y Sebak) - Escuela de Magia<\/title>\n<meta name=\"robots\" content=\"index, follow, max-snippet:-1, max-image-preview:large, max-video-preview:-1\" \/>\n<link rel=\"canonical\" href=\"https:\/\/escuelademagia.net\/de-tal-palo-tal-mago-daba-cielo-y-sebak\/\" \/>\n<meta property=\"og:locale\" content=\"ca_ES\" \/>\n<meta property=\"og:type\" content=\"article\" \/>\n<meta property=\"og:title\" content=\"De tal palo tal mago (daba, Cielo y Sebak) - Escuela de Magia\" \/>\n<meta property=\"og:url\" content=\"https:\/\/escuelademagia.net\/de-tal-palo-tal-mago-daba-cielo-y-sebak\/\" \/>\n<meta property=\"og:site_name\" content=\"Escuela de Magia\" \/>\n<meta property=\"article:publisher\" content=\"https:\/\/www.facebook.com\/escuela3detrebol\" \/>\n<meta property=\"article:modified_time\" content=\"2026-03-10T18:30:15+00:00\" \/>\n<meta property=\"og:image\" content=\"https:\/\/escuelademagia.net\/wp-content\/uploads\/2026\/03\/detalpalo.jpeg\" \/>\n\t<meta property=\"og:image:width\" content=\"813\" \/>\n\t<meta property=\"og:image:height\" content=\"1150\" \/>\n\t<meta property=\"og:image:type\" content=\"image\/jpeg\" \/>\n<meta name=\"twitter:card\" content=\"summary_large_image\" \/>\n<meta name=\"twitter:label1\" content=\"Est. reading time\" \/>\n\t<meta name=\"twitter:data1\" content=\"1 minute\" \/>\n<script type=\"application\/ld+json\" class=\"yoast-schema-graph\">{\"@context\":\"https:\\\/\\\/schema.org\",\"@graph\":[{\"@type\":\"WebPage\",\"@id\":\"https:\\\/\\\/escuelademagia.net\\\/de-tal-palo-tal-mago-daba-cielo-y-sebak\\\/\",\"url\":\"https:\\\/\\\/escuelademagia.net\\\/de-tal-palo-tal-mago-daba-cielo-y-sebak\\\/\",\"name\":\"De tal palo tal mago (daba, Cielo y Sebak) - Escuela de Magia\",\"isPartOf\":{\"@id\":\"https:\\\/\\\/escuelademagia.net\\\/#website\"},\"primaryImageOfPage\":{\"@id\":\"https:\\\/\\\/escuelademagia.net\\\/de-tal-palo-tal-mago-daba-cielo-y-sebak\\\/#primaryimage\"},\"image\":{\"@id\":\"https:\\\/\\\/escuelademagia.net\\\/de-tal-palo-tal-mago-daba-cielo-y-sebak\\\/#primaryimage\"},\"thumbnailUrl\":\"https:\\\/\\\/escuelademagia.net\\\/wp-content\\\/uploads\\\/2026\\\/03\\\/detalpalo-212x300.jpeg\",\"datePublished\":\"2026-03-10T18:23:02+00:00\",\"dateModified\":\"2026-03-10T18:30:15+00:00\",\"breadcrumb\":{\"@id\":\"https:\\\/\\\/escuelademagia.net\\\/de-tal-palo-tal-mago-daba-cielo-y-sebak\\\/#breadcrumb\"},\"inLanguage\":\"ca-ES\",\"potentialAction\":[{\"@type\":\"ReadAction\",\"target\":[\"https:\\\/\\\/escuelademagia.net\\\/de-tal-palo-tal-mago-daba-cielo-y-sebak\\\/\"]}]},{\"@type\":\"ImageObject\",\"inLanguage\":\"ca-ES\",\"@id\":\"https:\\\/\\\/escuelademagia.net\\\/de-tal-palo-tal-mago-daba-cielo-y-sebak\\\/#primaryimage\",\"url\":\"https:\\\/\\\/escuelademagia.net\\\/wp-content\\\/uploads\\\/2026\\\/03\\\/detalpalo-212x300.jpeg\",\"contentUrl\":\"https:\\\/\\\/escuelademagia.net\\\/wp-content\\\/uploads\\\/2026\\\/03\\\/detalpalo-212x300.jpeg\"},{\"@type\":\"BreadcrumbList\",\"@id\":\"https:\\\/\\\/escuelademagia.net\\\/de-tal-palo-tal-mago-daba-cielo-y-sebak\\\/#breadcrumb\",\"itemListElement\":[{\"@type\":\"ListItem\",\"position\":1,\"name\":\"Portada\",\"item\":\"https:\\\/\\\/escuelademagia.net\\\/\"},{\"@type\":\"ListItem\",\"position\":2,\"name\":\"De tal palo tal mago (daba, Cielo y Sebak)\"}]},{\"@type\":\"WebSite\",\"@id\":\"https:\\\/\\\/escuelademagia.net\\\/#website\",\"url\":\"https:\\\/\\\/escuelademagia.net\\\/\",\"name\":\"{:es}Escuela de Magia{:}{:ca}Escola de M\u00e0gia{:}\",\"description\":\"Escola de M&Atilde;&nbsp;gia a Barcelona per aficionats i profesionals\",\"publisher\":{\"@id\":\"https:\\\/\\\/escuelademagia.net\\\/#organization\"},\"potentialAction\":[{\"@type\":\"SearchAction\",\"target\":{\"@type\":\"EntryPoint\",\"urlTemplate\":\"https:\\\/\\\/escuelademagia.net\\\/?s={search_term_string}\"},\"query-input\":{\"@type\":\"PropertyValueSpecification\",\"valueRequired\":true,\"valueName\":\"search_term_string\"}}],\"inLanguage\":\"ca-ES\"},{\"@type\":\"Organization\",\"@id\":\"https:\\\/\\\/escuelademagia.net\\\/#organization\",\"name\":\"{:es}Escuela de Magia{:}{:ca}Escola de M\u00e0gia{:}\",\"url\":\"https:\\\/\\\/escuelademagia.net\\\/\",\"logo\":{\"@type\":\"ImageObject\",\"inLanguage\":\"ca-ES\",\"@id\":\"https:\\\/\\\/escuelademagia.net\\\/#\\\/schema\\\/logo\\\/image\\\/\",\"url\":\"http:\\\/\\\/escuelademagia.net\\\/wp-content\\\/uploads\\\/2024\\\/10\\\/logo-3detrebol.jpg\",\"contentUrl\":\"http:\\\/\\\/escuelademagia.net\\\/wp-content\\\/uploads\\\/2024\\\/10\\\/logo-3detrebol.jpg\",\"width\":669,\"height\":568,\"caption\":\"{:es}Escuela de Magia{:}{:ca}Escola de M\u00e0gia{:}\"},\"image\":{\"@id\":\"https:\\\/\\\/escuelademagia.net\\\/#\\\/schema\\\/logo\\\/image\\\/\"},\"sameAs\":[\"https:\\\/\\\/www.facebook.com\\\/escuela3detrebol\",\"https:\\\/\\\/www.instagram.com\\\/escuelademagianet\\\/\"]}]}<\/script>\n<!-- \/ Yoast SEO plugin. -->","yoast_head_json":{"title":"De tal palo tal mago (daba, Cielo y Sebak) - Escuela de Magia","robots":{"index":"index","follow":"follow","max-snippet":"max-snippet:-1","max-image-preview":"max-image-preview:large","max-video-preview":"max-video-preview:-1"},"canonical":"https:\/\/escuelademagia.net\/de-tal-palo-tal-mago-daba-cielo-y-sebak\/","og_locale":"ca_ES","og_type":"article","og_title":"De tal palo tal mago (daba, Cielo y Sebak) - Escuela de Magia","og_url":"https:\/\/escuelademagia.net\/de-tal-palo-tal-mago-daba-cielo-y-sebak\/","og_site_name":"Escuela de Magia","article_publisher":"https:\/\/www.facebook.com\/escuela3detrebol","article_modified_time":"2026-03-10T18:30:15+00:00","og_image":[{"width":813,"height":1150,"url":"https:\/\/escuelademagia.net\/wp-content\/uploads\/2026\/03\/detalpalo.jpeg","type":"image\/jpeg"}],"twitter_card":"summary_large_image","twitter_misc":{"Est. reading time":"1 minute"},"schema":{"@context":"https:\/\/schema.org","@graph":[{"@type":"WebPage","@id":"https:\/\/escuelademagia.net\/de-tal-palo-tal-mago-daba-cielo-y-sebak\/","url":"https:\/\/escuelademagia.net\/de-tal-palo-tal-mago-daba-cielo-y-sebak\/","name":"De tal palo tal mago (daba, Cielo y Sebak) - Escuela de Magia","isPartOf":{"@id":"https:\/\/escuelademagia.net\/#website"},"primaryImageOfPage":{"@id":"https:\/\/escuelademagia.net\/de-tal-palo-tal-mago-daba-cielo-y-sebak\/#primaryimage"},"image":{"@id":"https:\/\/escuelademagia.net\/de-tal-palo-tal-mago-daba-cielo-y-sebak\/#primaryimage"},"thumbnailUrl":"https:\/\/escuelademagia.net\/wp-content\/uploads\/2026\/03\/detalpalo-212x300.jpeg","datePublished":"2026-03-10T18:23:02+00:00","dateModified":"2026-03-10T18:30:15+00:00","breadcrumb":{"@id":"https:\/\/escuelademagia.net\/de-tal-palo-tal-mago-daba-cielo-y-sebak\/#breadcrumb"},"inLanguage":"ca-ES","potentialAction":[{"@type":"ReadAction","target":["https:\/\/escuelademagia.net\/de-tal-palo-tal-mago-daba-cielo-y-sebak\/"]}]},{"@type":"ImageObject","inLanguage":"ca-ES","@id":"https:\/\/escuelademagia.net\/de-tal-palo-tal-mago-daba-cielo-y-sebak\/#primaryimage","url":"https:\/\/escuelademagia.net\/wp-content\/uploads\/2026\/03\/detalpalo-212x300.jpeg","contentUrl":"https:\/\/escuelademagia.net\/wp-content\/uploads\/2026\/03\/detalpalo-212x300.jpeg"},{"@type":"BreadcrumbList","@id":"https:\/\/escuelademagia.net\/de-tal-palo-tal-mago-daba-cielo-y-sebak\/#breadcrumb","itemListElement":[{"@type":"ListItem","position":1,"name":"Portada","item":"https:\/\/escuelademagia.net\/"},{"@type":"ListItem","position":2,"name":"De tal palo tal mago (daba, Cielo y Sebak)"}]},{"@type":"WebSite","@id":"https:\/\/escuelademagia.net\/#website","url":"https:\/\/escuelademagia.net\/","name":"{:es}Escuela de Magia{:}{:ca}Escola de M\u00e0gia{:}","description":"Escola de M&Atilde;&nbsp;gia a Barcelona per aficionats i profesionals","publisher":{"@id":"https:\/\/escuelademagia.net\/#organization"},"potentialAction":[{"@type":"SearchAction","target":{"@type":"EntryPoint","urlTemplate":"https:\/\/escuelademagia.net\/?s={search_term_string}"},"query-input":{"@type":"PropertyValueSpecification","valueRequired":true,"valueName":"search_term_string"}}],"inLanguage":"ca-ES"},{"@type":"Organization","@id":"https:\/\/escuelademagia.net\/#organization","name":"{:es}Escuela de Magia{:}{:ca}Escola de M\u00e0gia{:}","url":"https:\/\/escuelademagia.net\/","logo":{"@type":"ImageObject","inLanguage":"ca-ES","@id":"https:\/\/escuelademagia.net\/#\/schema\/logo\/image\/","url":"http:\/\/escuelademagia.net\/wp-content\/uploads\/2024\/10\/logo-3detrebol.jpg","contentUrl":"http:\/\/escuelademagia.net\/wp-content\/uploads\/2024\/10\/logo-3detrebol.jpg","width":669,"height":568,"caption":"{:es}Escuela de Magia{:}{:ca}Escola de M\u00e0gia{:}"},"image":{"@id":"https:\/\/escuelademagia.net\/#\/schema\/logo\/image\/"},"sameAs":["https:\/\/www.facebook.com\/escuela3detrebol","https:\/\/www.instagram.com\/escuelademagianet\/"]}]}},"_links":{"self":[{"href":"https:\/\/escuelademagia.net\/ca\/wp-json\/wp\/v2\/pages\/8343","targetHints":{"allow":["GET"]}}],"collection":[{"href":"https:\/\/escuelademagia.net\/ca\/wp-json\/wp\/v2\/pages"}],"about":[{"href":"https:\/\/escuelademagia.net\/ca\/wp-json\/wp\/v2\/types\/page"}],"author":[{"embeddable":true,"href":"https:\/\/escuelademagia.net\/ca\/wp-json\/wp\/v2\/users\/1"}],"replies":[{"embeddable":true,"href":"https:\/\/escuelademagia.net\/ca\/wp-json\/wp\/v2\/comments?post=8343"}],"version-history":[{"count":2,"href":"https:\/\/escuelademagia.net\/ca\/wp-json\/wp\/v2\/pages\/8343\/revisions"}],"predecessor-version":[{"id":8346,"href":"https:\/\/escuelademagia.net\/ca\/wp-json\/wp\/v2\/pages\/8343\/revisions\/8346"}],"wp:attachment":[{"href":"https:\/\/escuelademagia.net\/ca\/wp-json\/wp\/v2\/media?parent=8343"}],"curies":[{"name":"wp","href":"https:\/\/api.w.org\/{rel}","templated":true}]}}