{"id":8381,"date":"2026-03-18T11:12:17","date_gmt":"2026-03-18T11:12:17","guid":{"rendered":"https:\/\/escuelademagia.net\/?page_id=8381"},"modified":"2026-04-09T17:02:39","modified_gmt":"2026-04-09T17:02:39","slug":"colonias-magicas-verano-2026","status":"publish","type":"page","link":"https:\/\/escuelademagia.net\/ca\/colonias-magicas-verano-2026\/","title":{"rendered":"COLONIAS M\u00c1GICAS VERANO 2026"},"content":{"rendered":"<p style=\"text-align: left;\"><strong><span style=\"color: #ff0000;\">ESTE VERANO\u2026 TODO VA A CAMBIAR<\/span><\/strong><\/p>\n<p style=\"text-align: left;\">En un lugar oculto\u2026<br \/>\ndonde la magia es real\u2026<br \/>\ny solo los m\u00e1s valientes aceptan el reto\u2026<\/p>\n<p style=\"text-align: left;\"><a href=\"https:\/\/escuelademagia.net\/wp-content\/uploads\/2026\/03\/Sin-titulo-1.jpeg\"><img loading=\"lazy\" decoding=\"async\" class=\"size-medium wp-image-8386 aligncenter\" src=\"https:\/\/escuelademagia.net\/wp-content\/uploads\/2026\/03\/Sin-titulo-1-212x300.jpeg\" alt=\"\" width=\"212\" height=\"300\" srcset=\"https:\/\/escuelademagia.net\/wp-content\/uploads\/2026\/03\/Sin-titulo-1-212x300.jpeg 212w, https:\/\/escuelademagia.net\/wp-content\/uploads\/2026\/03\/Sin-titulo-1-724x1024.jpeg 724w, https:\/\/escuelademagia.net\/wp-content\/uploads\/2026\/03\/Sin-titulo-1-768x1086.jpeg 768w, https:\/\/escuelademagia.net\/wp-content\/uploads\/2026\/03\/Sin-titulo-1-106x150.jpeg 106w, https:\/\/escuelademagia.net\/wp-content\/uploads\/2026\/03\/Sin-titulo-1.jpeg 813w\" sizes=\"auto, (max-width: 212px) 100vw, 212px\" \/><\/a><\/p>\n<p style=\"text-align: left;\">Bienvenido a tu propia historia en Hogwarts<\/p>\n<ul style=\"text-align: left;\">\n<li>\u00a0Un sombrero decidir\u00e1 tu destino de las Cuatro casas\u2026<br \/>\nUn solo objetivo: <strong><span style=\"color: #ffffff;\">GANAR LA COPA<\/span><\/strong><\/li>\n<\/ul>\n<p style=\"text-align: left;\"><strong>Entrenar\u00e1s como un verdadero mago:<\/strong><br \/>\nRecrea P\u00f3cimas que desaf\u00edan lo imposible<br \/>\nAprende Ilusionismo que dejar\u00e1 a todos sin palabras<br \/>\nRetos m\u00e1gicos donde solo los mejores sobreviven<br \/>\nM\u00e1ster Class con aut\u00e9nticos profesionales<\/p>\n<p style=\"text-align: left;\">Y cuando caiga la noche\u2026<br \/>\nprep\u00e1rate para un <strong><span style=\"color: #ffffff;\">espect\u00e1culo de magia que no olvidar\u00e1s jam\u00e1s<\/span><\/strong><\/p>\n<p style=\"text-align: left;\">Pero esto no es todo\u2026<br \/>\nPiscina, laberintos, animales, gimcanas,, \u2026<br \/>\nPorque la aventura\u2026 <strong>no se detiene<\/strong><\/p>\n<p style=\"text-align: left;\"><strong><span style=\"color: #ffffff;\">PLAZAS MUY LIMITADAS<\/span><\/strong><\/p>\n<p style=\"text-align: left;\"><strong>Lugar:<\/strong><\/p>\n<p style=\"text-align: left;\"><strong>Fechas:<\/strong><\/p>\n<p style=\"text-align: left;\"><strong>Precio;\u00a0<\/strong><\/p>\n<p style=\"text-align: left;\"><em><strong>\u00a0\u00bfEst\u00e1s listo\u2026 o te lo van a contar?<\/strong><\/em><\/p>\n<p style=\"text-align: left;\">Para informaci\u00f3n e inscripciones tel\u00e9fono <strong><span style=\"color: #ffffff;\">696 428 407<\/span><\/strong><\/p>\n<p style=\"text-align: center;\"><strong>No es un campus.<\/strong><br \/>\n<strong>No es unas colonias.<\/strong><br \/>\n<strong><span style=\"color: #ffffff;\">ES TU LEYENDA<\/span><\/strong><\/p>\n<p style=\"text-align: left;\">\n","protected":false},"excerpt":{"rendered":"<p class=\"continue-reading-button\"> <a class=\"continue-reading-link\" href=\"https:\/\/escuelademagia.net\/ca\/colonias-magicas-verano-2026\/\"><i class=\"crycon-right-dir\"><\/i><\/a><\/p>\n","protected":false},"author":1,"featured_media":0,"parent":0,"menu_order":0,"comment_status":"closed","ping_status":"closed","template":"","meta":{"_crdt_document":"","footnotes":""},"class_list":["post-8381","page","type-page","status-publish","hentry"],"translation":{"provider":"WPGlobus","version":"3.0.2","language":"ca","enabled_languages":["es","ca"],"languages":{"es":{"title":true,"content":true,"excerpt":false},"ca":{"title":false,"content":false,"excerpt":false}}},"yoast_head":"<!-- This site is optimized with the Yoast SEO plugin v27.5 - https:\/\/yoast.com\/product\/yoast-seo-wordpress\/ -->\n<title>COLONIAS M\u00c1GICAS VERANO 2026 - Escuela de Magia<\/title>\n<meta name=\"robots\" content=\"index, follow, max-snippet:-1, max-image-preview:large, max-video-preview:-1\" \/>\n<link rel=\"canonical\" href=\"https:\/\/escuelademagia.net\/colonias-magicas-verano-2026\/\" \/>\n<meta property=\"og:locale\" content=\"ca_ES\" \/>\n<meta property=\"og:type\" content=\"article\" \/>\n<meta property=\"og:title\" content=\"COLONIAS M\u00c1GICAS VERANO 2026 - Escuela de Magia\" \/>\n<meta property=\"og:url\" content=\"https:\/\/escuelademagia.net\/colonias-magicas-verano-2026\/\" \/>\n<meta property=\"og:site_name\" content=\"Escuela de Magia\" \/>\n<meta property=\"article:publisher\" content=\"https:\/\/www.facebook.com\/escuela3detrebol\" \/>\n<meta property=\"article:modified_time\" content=\"2026-04-09T17:02:39+00:00\" \/>\n<meta property=\"og:image\" content=\"https:\/\/escuelademagia.net\/wp-content\/uploads\/2026\/03\/Sin-titulo-1.jpeg\" \/>\n\t<meta property=\"og:image:width\" content=\"813\" \/>\n\t<meta property=\"og:image:height\" content=\"1150\" \/>\n\t<meta property=\"og:image:type\" content=\"image\/jpeg\" \/>\n<meta name=\"twitter:card\" content=\"summary_large_image\" \/>\n<meta name=\"twitter:label1\" content=\"Est. reading time\" \/>\n\t<meta name=\"twitter:data1\" content=\"1 minute\" \/>\n<script type=\"application\/ld+json\" class=\"yoast-schema-graph\">{\"@context\":\"https:\\\/\\\/schema.org\",\"@graph\":[{\"@type\":\"WebPage\",\"@id\":\"https:\\\/\\\/escuelademagia.net\\\/colonias-magicas-verano-2026\\\/\",\"url\":\"https:\\\/\\\/escuelademagia.net\\\/colonias-magicas-verano-2026\\\/\",\"name\":\"COLONIAS M\u00c1GICAS VERANO 2026 - Escuela de Magia\",\"isPartOf\":{\"@id\":\"https:\\\/\\\/escuelademagia.net\\\/#website\"},\"primaryImageOfPage\":{\"@id\":\"https:\\\/\\\/escuelademagia.net\\\/colonias-magicas-verano-2026\\\/#primaryimage\"},\"image\":{\"@id\":\"https:\\\/\\\/escuelademagia.net\\\/colonias-magicas-verano-2026\\\/#primaryimage\"},\"thumbnailUrl\":\"https:\\\/\\\/escuelademagia.net\\\/wp-content\\\/uploads\\\/2026\\\/03\\\/Sin-titulo-1-212x300.jpeg\",\"datePublished\":\"2026-03-18T11:12:17+00:00\",\"dateModified\":\"2026-04-09T17:02:39+00:00\",\"breadcrumb\":{\"@id\":\"https:\\\/\\\/escuelademagia.net\\\/colonias-magicas-verano-2026\\\/#breadcrumb\"},\"inLanguage\":\"ca-ES\",\"potentialAction\":[{\"@type\":\"ReadAction\",\"target\":[\"https:\\\/\\\/escuelademagia.net\\\/colonias-magicas-verano-2026\\\/\"]}]},{\"@type\":\"ImageObject\",\"inLanguage\":\"ca-ES\",\"@id\":\"https:\\\/\\\/escuelademagia.net\\\/colonias-magicas-verano-2026\\\/#primaryimage\",\"url\":\"https:\\\/\\\/escuelademagia.net\\\/wp-content\\\/uploads\\\/2026\\\/03\\\/Sin-titulo-1-212x300.jpeg\",\"contentUrl\":\"https:\\\/\\\/escuelademagia.net\\\/wp-content\\\/uploads\\\/2026\\\/03\\\/Sin-titulo-1-212x300.jpeg\"},{\"@type\":\"BreadcrumbList\",\"@id\":\"https:\\\/\\\/escuelademagia.net\\\/colonias-magicas-verano-2026\\\/#breadcrumb\",\"itemListElement\":[{\"@type\":\"ListItem\",\"position\":1,\"name\":\"Portada\",\"item\":\"https:\\\/\\\/escuelademagia.net\\\/\"},{\"@type\":\"ListItem\",\"position\":2,\"name\":\"COLONIAS M\u00c1GICAS VERANO 2026\"}]},{\"@type\":\"WebSite\",\"@id\":\"https:\\\/\\\/escuelademagia.net\\\/#website\",\"url\":\"https:\\\/\\\/escuelademagia.net\\\/\",\"name\":\"{:es}Escuela de Magia{:}{:ca}Escola de M\u00e0gia{:}\",\"description\":\"Escola de M&Atilde;&nbsp;gia a Barcelona per aficionats i profesionals\",\"publisher\":{\"@id\":\"https:\\\/\\\/escuelademagia.net\\\/#organization\"},\"potentialAction\":[{\"@type\":\"SearchAction\",\"target\":{\"@type\":\"EntryPoint\",\"urlTemplate\":\"https:\\\/\\\/escuelademagia.net\\\/?s={search_term_string}\"},\"query-input\":{\"@type\":\"PropertyValueSpecification\",\"valueRequired\":true,\"valueName\":\"search_term_string\"}}],\"inLanguage\":\"ca-ES\"},{\"@type\":\"Organization\",\"@id\":\"https:\\\/\\\/escuelademagia.net\\\/#organization\",\"name\":\"{:es}Escuela de Magia{:}{:ca}Escola de M\u00e0gia{:}\",\"url\":\"https:\\\/\\\/escuelademagia.net\\\/\",\"logo\":{\"@type\":\"ImageObject\",\"inLanguage\":\"ca-ES\",\"@id\":\"https:\\\/\\\/escuelademagia.net\\\/#\\\/schema\\\/logo\\\/image\\\/\",\"url\":\"http:\\\/\\\/escuelademagia.net\\\/wp-content\\\/uploads\\\/2024\\\/10\\\/logo-3detrebol.jpg\",\"contentUrl\":\"http:\\\/\\\/escuelademagia.net\\\/wp-content\\\/uploads\\\/2024\\\/10\\\/logo-3detrebol.jpg\",\"width\":669,\"height\":568,\"caption\":\"{:es}Escuela de Magia{:}{:ca}Escola de M\u00e0gia{:}\"},\"image\":{\"@id\":\"https:\\\/\\\/escuelademagia.net\\\/#\\\/schema\\\/logo\\\/image\\\/\"},\"sameAs\":[\"https:\\\/\\\/www.facebook.com\\\/escuela3detrebol\",\"https:\\\/\\\/www.instagram.com\\\/escuelademagianet\\\/\"]}]}<\/script>\n<!-- \/ Yoast SEO plugin. -->","yoast_head_json":{"title":"COLONIAS M\u00c1GICAS VERANO 2026 - Escuela de Magia","robots":{"index":"index","follow":"follow","max-snippet":"max-snippet:-1","max-image-preview":"max-image-preview:large","max-video-preview":"max-video-preview:-1"},"canonical":"https:\/\/escuelademagia.net\/colonias-magicas-verano-2026\/","og_locale":"ca_ES","og_type":"article","og_title":"COLONIAS M\u00c1GICAS VERANO 2026 - Escuela de Magia","og_url":"https:\/\/escuelademagia.net\/colonias-magicas-verano-2026\/","og_site_name":"Escuela de Magia","article_publisher":"https:\/\/www.facebook.com\/escuela3detrebol","article_modified_time":"2026-04-09T17:02:39+00:00","og_image":[{"width":813,"height":1150,"url":"https:\/\/escuelademagia.net\/wp-content\/uploads\/2026\/03\/Sin-titulo-1.jpeg","type":"image\/jpeg"}],"twitter_card":"summary_large_image","twitter_misc":{"Est. reading time":"1 minute"},"schema":{"@context":"https:\/\/schema.org","@graph":[{"@type":"WebPage","@id":"https:\/\/escuelademagia.net\/colonias-magicas-verano-2026\/","url":"https:\/\/escuelademagia.net\/colonias-magicas-verano-2026\/","name":"COLONIAS M\u00c1GICAS VERANO 2026 - Escuela de Magia","isPartOf":{"@id":"https:\/\/escuelademagia.net\/#website"},"primaryImageOfPage":{"@id":"https:\/\/escuelademagia.net\/colonias-magicas-verano-2026\/#primaryimage"},"image":{"@id":"https:\/\/escuelademagia.net\/colonias-magicas-verano-2026\/#primaryimage"},"thumbnailUrl":"https:\/\/escuelademagia.net\/wp-content\/uploads\/2026\/03\/Sin-titulo-1-212x300.jpeg","datePublished":"2026-03-18T11:12:17+00:00","dateModified":"2026-04-09T17:02:39+00:00","breadcrumb":{"@id":"https:\/\/escuelademagia.net\/colonias-magicas-verano-2026\/#breadcrumb"},"inLanguage":"ca-ES","potentialAction":[{"@type":"ReadAction","target":["https:\/\/escuelademagia.net\/colonias-magicas-verano-2026\/"]}]},{"@type":"ImageObject","inLanguage":"ca-ES","@id":"https:\/\/escuelademagia.net\/colonias-magicas-verano-2026\/#primaryimage","url":"https:\/\/escuelademagia.net\/wp-content\/uploads\/2026\/03\/Sin-titulo-1-212x300.jpeg","contentUrl":"https:\/\/escuelademagia.net\/wp-content\/uploads\/2026\/03\/Sin-titulo-1-212x300.jpeg"},{"@type":"BreadcrumbList","@id":"https:\/\/escuelademagia.net\/colonias-magicas-verano-2026\/#breadcrumb","itemListElement":[{"@type":"ListItem","position":1,"name":"Portada","item":"https:\/\/escuelademagia.net\/"},{"@type":"ListItem","position":2,"name":"COLONIAS M\u00c1GICAS VERANO 2026"}]},{"@type":"WebSite","@id":"https:\/\/escuelademagia.net\/#website","url":"https:\/\/escuelademagia.net\/","name":"{:es}Escuela de Magia{:}{:ca}Escola de M\u00e0gia{:}","description":"Escola de M&Atilde;&nbsp;gia a Barcelona per aficionats i profesionals","publisher":{"@id":"https:\/\/escuelademagia.net\/#organization"},"potentialAction":[{"@type":"SearchAction","target":{"@type":"EntryPoint","urlTemplate":"https:\/\/escuelademagia.net\/?s={search_term_string}"},"query-input":{"@type":"PropertyValueSpecification","valueRequired":true,"valueName":"search_term_string"}}],"inLanguage":"ca-ES"},{"@type":"Organization","@id":"https:\/\/escuelademagia.net\/#organization","name":"{:es}Escuela de Magia{:}{:ca}Escola de M\u00e0gia{:}","url":"https:\/\/escuelademagia.net\/","logo":{"@type":"ImageObject","inLanguage":"ca-ES","@id":"https:\/\/escuelademagia.net\/#\/schema\/logo\/image\/","url":"http:\/\/escuelademagia.net\/wp-content\/uploads\/2024\/10\/logo-3detrebol.jpg","contentUrl":"http:\/\/escuelademagia.net\/wp-content\/uploads\/2024\/10\/logo-3detrebol.jpg","width":669,"height":568,"caption":"{:es}Escuela de Magia{:}{:ca}Escola de M\u00e0gia{:}"},"image":{"@id":"https:\/\/escuelademagia.net\/#\/schema\/logo\/image\/"},"sameAs":["https:\/\/www.facebook.com\/escuela3detrebol","https:\/\/www.instagram.com\/escuelademagianet\/"]}]}},"_links":{"self":[{"href":"https:\/\/escuelademagia.net\/ca\/wp-json\/wp\/v2\/pages\/8381","targetHints":{"allow":["GET"]}}],"collection":[{"href":"https:\/\/escuelademagia.net\/ca\/wp-json\/wp\/v2\/pages"}],"about":[{"href":"https:\/\/escuelademagia.net\/ca\/wp-json\/wp\/v2\/types\/page"}],"author":[{"embeddable":true,"href":"https:\/\/escuelademagia.net\/ca\/wp-json\/wp\/v2\/users\/1"}],"replies":[{"embeddable":true,"href":"https:\/\/escuelademagia.net\/ca\/wp-json\/wp\/v2\/comments?post=8381"}],"version-history":[{"count":9,"href":"https:\/\/escuelademagia.net\/ca\/wp-json\/wp\/v2\/pages\/8381\/revisions"}],"predecessor-version":[{"id":8443,"href":"https:\/\/escuelademagia.net\/ca\/wp-json\/wp\/v2\/pages\/8381\/revisions\/8443"}],"wp:attachment":[{"href":"https:\/\/escuelademagia.net\/ca\/wp-json\/wp\/v2\/media?parent=8381"}],"curies":[{"name":"wp","href":"https:\/\/api.w.org\/{rel}","templated":true}]}}