{"id":8409,"date":"2026-04-09T09:56:00","date_gmt":"2026-04-09T09:56:00","guid":{"rendered":"https:\/\/escuelademagia.net\/?page_id=8409"},"modified":"2026-04-09T10:45:44","modified_gmt":"2026-04-09T10:45:44","slug":"cien-por-cien-dani-daortiz","status":"publish","type":"page","link":"https:\/\/escuelademagia.net\/ca\/cien-por-cien-dani-daortiz\/","title":{"rendered":"Cien por Cien Dani Daortiz"},"content":{"rendered":"<p><a href=\"https:\/\/escuelademagia.net\/wp-content\/uploads\/2026\/04\/dani.jpeg\"><img loading=\"lazy\" decoding=\"async\" class=\" wp-image-8412 aligncenter\" src=\"https:\/\/escuelademagia.net\/wp-content\/uploads\/2026\/04\/dani-212x300.jpeg\" alt=\"\" width=\"247\" height=\"350\" srcset=\"https:\/\/escuelademagia.net\/wp-content\/uploads\/2026\/04\/dani-212x300.jpeg 212w, https:\/\/escuelademagia.net\/wp-content\/uploads\/2026\/04\/dani-724x1024.jpeg 724w, https:\/\/escuelademagia.net\/wp-content\/uploads\/2026\/04\/dani-768x1086.jpeg 768w, https:\/\/escuelademagia.net\/wp-content\/uploads\/2026\/04\/dani-106x150.jpeg 106w, https:\/\/escuelademagia.net\/wp-content\/uploads\/2026\/04\/dani.jpeg 813w\" sizes=\"auto, (max-width: 247px) 100vw, 247px\" \/><\/a><\/p>\n<h5>El mejor cartomago del mundo, en exclusiva en 3 de Tr\u00e9bol<br \/>\nDescubre lo \u00faltimo de este genio de la magia en un espect\u00e1culo \u00edntimo y sorprendente.<br \/>\nEn directo con Dani<br \/>\nMagia con cartas como nunca la has visto<br \/>\nPlazas muy limitadas<br \/>\nEs imprescindible reservar con antelaci\u00f3n\u2026 \u00a1y ya quedan muy pocas entradas!<br \/>\nNo te quedes fuera de una experiencia \u00fanica.<\/h5>\n<p>Para mas informaci\u00f3n\u00a0 y reservas tel\u00e9fono\u00a0 <strong><span style=\"color: #ff0000;\">696428407<\/span><\/strong><\/p>\n<p>Para comprar directamente aqu\u00ed<\/p>\n<p><a href=\"https:\/\/www.atrapalo.com\/entradas\/cien-por-cien-dani-daortiz_e4944048\/???P%C3%B1\"><img loading=\"lazy\" decoding=\"async\" class=\"wp-image-7768 aligncenter\" src=\"https:\/\/escuelademagia.net\/wp-content\/uploads\/2025\/02\/boton-compra-ahora-300x87.png\" alt=\"\" width=\"224\" height=\"65\" srcset=\"https:\/\/escuelademagia.net\/wp-content\/uploads\/2025\/02\/boton-compra-ahora-300x87.png 300w, https:\/\/escuelademagia.net\/wp-content\/uploads\/2025\/02\/boton-compra-ahora-1024x297.png 1024w, https:\/\/escuelademagia.net\/wp-content\/uploads\/2025\/02\/boton-compra-ahora-768x223.png 768w, https:\/\/escuelademagia.net\/wp-content\/uploads\/2025\/02\/boton-compra-ahora-150x43.png 150w, https:\/\/escuelademagia.net\/wp-content\/uploads\/2025\/02\/boton-compra-ahora.png 1208w\" sizes=\"auto, (max-width: 224px) 100vw, 224px\" \/><\/a><\/p>\n","protected":false},"excerpt":{"rendered":"<p class=\"continue-reading-button\"> <a class=\"continue-reading-link\" href=\"https:\/\/escuelademagia.net\/ca\/cien-por-cien-dani-daortiz\/\"><i class=\"crycon-right-dir\"><\/i><\/a><\/p>\n","protected":false},"author":1,"featured_media":0,"parent":0,"menu_order":0,"comment_status":"closed","ping_status":"closed","template":"","meta":{"_crdt_document":"","footnotes":""},"class_list":["post-8409","page","type-page","status-publish","hentry"],"translation":{"provider":"WPGlobus","version":"3.0.2","language":"ca","enabled_languages":["es","ca"],"languages":{"es":{"title":true,"content":true,"excerpt":false},"ca":{"title":false,"content":false,"excerpt":false}}},"yoast_head":"<!-- This site is optimized with the Yoast SEO plugin v27.3 - https:\/\/yoast.com\/product\/yoast-seo-wordpress\/ -->\n<title>Cien por Cien Dani Daortiz - Escuela de Magia<\/title>\n<meta name=\"robots\" content=\"index, follow, max-snippet:-1, max-image-preview:large, max-video-preview:-1\" \/>\n<link rel=\"canonical\" href=\"https:\/\/escuelademagia.net\/cien-por-cien-dani-daortiz\/\" \/>\n<meta property=\"og:locale\" content=\"ca_ES\" \/>\n<meta property=\"og:type\" content=\"article\" \/>\n<meta property=\"og:title\" content=\"Cien por Cien Dani Daortiz - Escuela de Magia\" \/>\n<meta property=\"og:url\" content=\"https:\/\/escuelademagia.net\/cien-por-cien-dani-daortiz\/\" \/>\n<meta property=\"og:site_name\" content=\"Escuela de Magia\" \/>\n<meta property=\"article:publisher\" content=\"https:\/\/www.facebook.com\/escuela3detrebol\" \/>\n<meta property=\"article:modified_time\" content=\"2026-04-09T10:45:44+00:00\" \/>\n<meta property=\"og:image\" content=\"https:\/\/escuelademagia.net\/wp-content\/uploads\/2026\/04\/dani.jpeg\" \/>\n\t<meta property=\"og:image:width\" content=\"813\" \/>\n\t<meta property=\"og:image:height\" content=\"1150\" \/>\n\t<meta property=\"og:image:type\" content=\"image\/jpeg\" \/>\n<meta name=\"twitter:card\" content=\"summary_large_image\" \/>\n<meta name=\"twitter:label1\" content=\"Est. reading time\" \/>\n\t<meta name=\"twitter:data1\" content=\"1 minute\" \/>\n<script type=\"application\/ld+json\" class=\"yoast-schema-graph\">{\"@context\":\"https:\\\/\\\/schema.org\",\"@graph\":[{\"@type\":\"WebPage\",\"@id\":\"https:\\\/\\\/escuelademagia.net\\\/cien-por-cien-dani-daortiz\\\/\",\"url\":\"https:\\\/\\\/escuelademagia.net\\\/cien-por-cien-dani-daortiz\\\/\",\"name\":\"Cien por Cien Dani Daortiz - Escuela de Magia\",\"isPartOf\":{\"@id\":\"https:\\\/\\\/escuelademagia.net\\\/#website\"},\"primaryImageOfPage\":{\"@id\":\"https:\\\/\\\/escuelademagia.net\\\/cien-por-cien-dani-daortiz\\\/#primaryimage\"},\"image\":{\"@id\":\"https:\\\/\\\/escuelademagia.net\\\/cien-por-cien-dani-daortiz\\\/#primaryimage\"},\"thumbnailUrl\":\"https:\\\/\\\/escuelademagia.net\\\/wp-content\\\/uploads\\\/2026\\\/04\\\/dani-212x300.jpeg\",\"datePublished\":\"2026-04-09T09:56:00+00:00\",\"dateModified\":\"2026-04-09T10:45:44+00:00\",\"breadcrumb\":{\"@id\":\"https:\\\/\\\/escuelademagia.net\\\/cien-por-cien-dani-daortiz\\\/#breadcrumb\"},\"inLanguage\":\"ca-ES\",\"potentialAction\":[{\"@type\":\"ReadAction\",\"target\":[\"https:\\\/\\\/escuelademagia.net\\\/cien-por-cien-dani-daortiz\\\/\"]}]},{\"@type\":\"ImageObject\",\"inLanguage\":\"ca-ES\",\"@id\":\"https:\\\/\\\/escuelademagia.net\\\/cien-por-cien-dani-daortiz\\\/#primaryimage\",\"url\":\"https:\\\/\\\/escuelademagia.net\\\/wp-content\\\/uploads\\\/2026\\\/04\\\/dani-212x300.jpeg\",\"contentUrl\":\"https:\\\/\\\/escuelademagia.net\\\/wp-content\\\/uploads\\\/2026\\\/04\\\/dani-212x300.jpeg\"},{\"@type\":\"BreadcrumbList\",\"@id\":\"https:\\\/\\\/escuelademagia.net\\\/cien-por-cien-dani-daortiz\\\/#breadcrumb\",\"itemListElement\":[{\"@type\":\"ListItem\",\"position\":1,\"name\":\"Portada\",\"item\":\"https:\\\/\\\/escuelademagia.net\\\/\"},{\"@type\":\"ListItem\",\"position\":2,\"name\":\"Cien por Cien Dani Daortiz\"}]},{\"@type\":\"WebSite\",\"@id\":\"https:\\\/\\\/escuelademagia.net\\\/#website\",\"url\":\"https:\\\/\\\/escuelademagia.net\\\/\",\"name\":\"{:es}Escuela de Magia{:}{:ca}Escola de M\u00e0gia{:}\",\"description\":\"Escola de M&Atilde;&nbsp;gia a Barcelona per aficionats i profesionals\",\"publisher\":{\"@id\":\"https:\\\/\\\/escuelademagia.net\\\/#organization\"},\"potentialAction\":[{\"@type\":\"SearchAction\",\"target\":{\"@type\":\"EntryPoint\",\"urlTemplate\":\"https:\\\/\\\/escuelademagia.net\\\/?s={search_term_string}\"},\"query-input\":{\"@type\":\"PropertyValueSpecification\",\"valueRequired\":true,\"valueName\":\"search_term_string\"}}],\"inLanguage\":\"ca-ES\"},{\"@type\":\"Organization\",\"@id\":\"https:\\\/\\\/escuelademagia.net\\\/#organization\",\"name\":\"{:es}Escuela de Magia{:}{:ca}Escola de M\u00e0gia{:}\",\"url\":\"https:\\\/\\\/escuelademagia.net\\\/\",\"logo\":{\"@type\":\"ImageObject\",\"inLanguage\":\"ca-ES\",\"@id\":\"https:\\\/\\\/escuelademagia.net\\\/#\\\/schema\\\/logo\\\/image\\\/\",\"url\":\"http:\\\/\\\/escuelademagia.net\\\/wp-content\\\/uploads\\\/2024\\\/10\\\/logo-3detrebol.jpg\",\"contentUrl\":\"http:\\\/\\\/escuelademagia.net\\\/wp-content\\\/uploads\\\/2024\\\/10\\\/logo-3detrebol.jpg\",\"width\":669,\"height\":568,\"caption\":\"{:es}Escuela de Magia{:}{:ca}Escola de M\u00e0gia{:}\"},\"image\":{\"@id\":\"https:\\\/\\\/escuelademagia.net\\\/#\\\/schema\\\/logo\\\/image\\\/\"},\"sameAs\":[\"https:\\\/\\\/www.facebook.com\\\/escuela3detrebol\",\"https:\\\/\\\/www.instagram.com\\\/escuelademagianet\\\/\"]}]}<\/script>\n<!-- \/ Yoast SEO plugin. -->","yoast_head_json":{"title":"Cien por Cien Dani Daortiz - Escuela de Magia","robots":{"index":"index","follow":"follow","max-snippet":"max-snippet:-1","max-image-preview":"max-image-preview:large","max-video-preview":"max-video-preview:-1"},"canonical":"https:\/\/escuelademagia.net\/cien-por-cien-dani-daortiz\/","og_locale":"ca_ES","og_type":"article","og_title":"Cien por Cien Dani Daortiz - Escuela de Magia","og_url":"https:\/\/escuelademagia.net\/cien-por-cien-dani-daortiz\/","og_site_name":"Escuela de Magia","article_publisher":"https:\/\/www.facebook.com\/escuela3detrebol","article_modified_time":"2026-04-09T10:45:44+00:00","og_image":[{"width":813,"height":1150,"url":"https:\/\/escuelademagia.net\/wp-content\/uploads\/2026\/04\/dani.jpeg","type":"image\/jpeg"}],"twitter_card":"summary_large_image","twitter_misc":{"Est. reading time":"1 minute"},"schema":{"@context":"https:\/\/schema.org","@graph":[{"@type":"WebPage","@id":"https:\/\/escuelademagia.net\/cien-por-cien-dani-daortiz\/","url":"https:\/\/escuelademagia.net\/cien-por-cien-dani-daortiz\/","name":"Cien por Cien Dani Daortiz - Escuela de Magia","isPartOf":{"@id":"https:\/\/escuelademagia.net\/#website"},"primaryImageOfPage":{"@id":"https:\/\/escuelademagia.net\/cien-por-cien-dani-daortiz\/#primaryimage"},"image":{"@id":"https:\/\/escuelademagia.net\/cien-por-cien-dani-daortiz\/#primaryimage"},"thumbnailUrl":"https:\/\/escuelademagia.net\/wp-content\/uploads\/2026\/04\/dani-212x300.jpeg","datePublished":"2026-04-09T09:56:00+00:00","dateModified":"2026-04-09T10:45:44+00:00","breadcrumb":{"@id":"https:\/\/escuelademagia.net\/cien-por-cien-dani-daortiz\/#breadcrumb"},"inLanguage":"ca-ES","potentialAction":[{"@type":"ReadAction","target":["https:\/\/escuelademagia.net\/cien-por-cien-dani-daortiz\/"]}]},{"@type":"ImageObject","inLanguage":"ca-ES","@id":"https:\/\/escuelademagia.net\/cien-por-cien-dani-daortiz\/#primaryimage","url":"https:\/\/escuelademagia.net\/wp-content\/uploads\/2026\/04\/dani-212x300.jpeg","contentUrl":"https:\/\/escuelademagia.net\/wp-content\/uploads\/2026\/04\/dani-212x300.jpeg"},{"@type":"BreadcrumbList","@id":"https:\/\/escuelademagia.net\/cien-por-cien-dani-daortiz\/#breadcrumb","itemListElement":[{"@type":"ListItem","position":1,"name":"Portada","item":"https:\/\/escuelademagia.net\/"},{"@type":"ListItem","position":2,"name":"Cien por Cien Dani Daortiz"}]},{"@type":"WebSite","@id":"https:\/\/escuelademagia.net\/#website","url":"https:\/\/escuelademagia.net\/","name":"{:es}Escuela de Magia{:}{:ca}Escola de M\u00e0gia{:}","description":"Escola de M&Atilde;&nbsp;gia a Barcelona per aficionats i profesionals","publisher":{"@id":"https:\/\/escuelademagia.net\/#organization"},"potentialAction":[{"@type":"SearchAction","target":{"@type":"EntryPoint","urlTemplate":"https:\/\/escuelademagia.net\/?s={search_term_string}"},"query-input":{"@type":"PropertyValueSpecification","valueRequired":true,"valueName":"search_term_string"}}],"inLanguage":"ca-ES"},{"@type":"Organization","@id":"https:\/\/escuelademagia.net\/#organization","name":"{:es}Escuela de Magia{:}{:ca}Escola de M\u00e0gia{:}","url":"https:\/\/escuelademagia.net\/","logo":{"@type":"ImageObject","inLanguage":"ca-ES","@id":"https:\/\/escuelademagia.net\/#\/schema\/logo\/image\/","url":"http:\/\/escuelademagia.net\/wp-content\/uploads\/2024\/10\/logo-3detrebol.jpg","contentUrl":"http:\/\/escuelademagia.net\/wp-content\/uploads\/2024\/10\/logo-3detrebol.jpg","width":669,"height":568,"caption":"{:es}Escuela de Magia{:}{:ca}Escola de M\u00e0gia{:}"},"image":{"@id":"https:\/\/escuelademagia.net\/#\/schema\/logo\/image\/"},"sameAs":["https:\/\/www.facebook.com\/escuela3detrebol","https:\/\/www.instagram.com\/escuelademagianet\/"]}]}},"_links":{"self":[{"href":"https:\/\/escuelademagia.net\/ca\/wp-json\/wp\/v2\/pages\/8409","targetHints":{"allow":["GET"]}}],"collection":[{"href":"https:\/\/escuelademagia.net\/ca\/wp-json\/wp\/v2\/pages"}],"about":[{"href":"https:\/\/escuelademagia.net\/ca\/wp-json\/wp\/v2\/types\/page"}],"author":[{"embeddable":true,"href":"https:\/\/escuelademagia.net\/ca\/wp-json\/wp\/v2\/users\/1"}],"replies":[{"embeddable":true,"href":"https:\/\/escuelademagia.net\/ca\/wp-json\/wp\/v2\/comments?post=8409"}],"version-history":[{"count":5,"href":"https:\/\/escuelademagia.net\/ca\/wp-json\/wp\/v2\/pages\/8409\/revisions"}],"predecessor-version":[{"id":8420,"href":"https:\/\/escuelademagia.net\/ca\/wp-json\/wp\/v2\/pages\/8409\/revisions\/8420"}],"wp:attachment":[{"href":"https:\/\/escuelademagia.net\/ca\/wp-json\/wp\/v2\/media?parent=8409"}],"curies":[{"name":"wp","href":"https:\/\/api.w.org\/{rel}","templated":true}]}}