{"id":8435,"date":"2026-04-09T15:49:48","date_gmt":"2026-04-09T15:49:48","guid":{"rendered":"https:\/\/escuelademagia.net\/?page_id=8435"},"modified":"2026-04-09T16:20:07","modified_gmt":"2026-04-09T16:20:07","slug":"taller-de-manipulacion-con-sebak","status":"publish","type":"page","link":"https:\/\/escuelademagia.net\/ca\/taller-de-manipulacion-con-sebak\/","title":{"rendered":"Taller de manipulaci\u00f3n con Sebak"},"content":{"rendered":"<p><a href=\"https:\/\/escuelademagia.net\/wp-content\/uploads\/2026\/04\/Sin-titulo.jpeg\"><img loading=\"lazy\" decoding=\"async\" class=\"size-medium wp-image-8437 aligncenter\" src=\"https:\/\/escuelademagia.net\/wp-content\/uploads\/2026\/04\/Sin-titulo-212x300.jpeg\" alt=\"\" width=\"212\" height=\"300\" srcset=\"https:\/\/escuelademagia.net\/wp-content\/uploads\/2026\/04\/Sin-titulo-212x300.jpeg 212w, https:\/\/escuelademagia.net\/wp-content\/uploads\/2026\/04\/Sin-titulo-724x1024.jpeg 724w, https:\/\/escuelademagia.net\/wp-content\/uploads\/2026\/04\/Sin-titulo-768x1086.jpeg 768w, https:\/\/escuelademagia.net\/wp-content\/uploads\/2026\/04\/Sin-titulo-106x150.jpeg 106w, https:\/\/escuelademagia.net\/wp-content\/uploads\/2026\/04\/Sin-titulo.jpeg 813w\" sizes=\"auto, (max-width: 212px) 100vw, 212px\" \/><\/a><\/p>\n<p class=\"isSelectedEnd\"><strong><span style=\"color: #ff0000;\">\u00a1Llega Sebak, un mago muy singular!<\/span><\/strong><\/p>\n<p class=\"isSelectedEnd\">Directamente desde Argentina, este joven mago trae una propuesta \u00fanica: \u00a1imagina realizar un n\u00famero de manipulaci\u00f3n\u2026 en la playa!<br \/>\nS\u00ed, en condiciones incre\u00edbles y con recursos m\u00ednimos.<\/p>\n<p class=\"isSelectedEnd\">Adem\u00e1s, nos ofrece un taller lleno de novedades y t\u00e9cnicas innovadoras que no te puedes perder.<\/p>\n<p class=\"isSelectedEnd\">\u00a0<strong><span style=\"color: #ff0000;\">Fechas: 30 y 31 de mayo de 2026 (taller de 8 h en dos d\u00edas)<\/span><\/strong><br \/>\n<strong><span style=\"color: #ff0000;\">Horarios:<\/span><\/strong><br \/>\n<strong><span style=\"color: #ff0000;\">\u2022 S\u00e1bado 30: de 15:30 a 19:30<\/span><\/strong><br \/>\n<strong><span style=\"color: #ff0000;\">\u2022 Domingo 31: de 10:00 a 14:00<\/span><\/strong><\/p>\n<p class=\"isSelectedEnd\"><strong><span style=\"color: #ff0000;\">\ud83d\udcb0 Precio: 120 \u20ac<\/span><\/strong><\/p>\n<p>\u00a1Una experiencia m\u00e1gica diferente, creativa y totalmente inspiradora!<\/p>\n<p>&nbsp;<\/p>\n<p>Para mas informaci\u00f3n y reservas tel\u00e9fono<strong><span style=\"color: #ff0000;\"> 696428407<\/span><\/strong> o comprar mas abajo<\/p>\n<p><a href=\"https:\/\/escuelademagia.net\/wp-content\/uploads\/2025\/02\/boton-compra-ahora.png\"><img loading=\"lazy\" decoding=\"async\" class=\"wp-image-7768 aligncenter\" src=\"https:\/\/escuelademagia.net\/wp-content\/uploads\/2025\/02\/boton-compra-ahora-300x87.png\" alt=\"\" width=\"238\" height=\"69\" srcset=\"https:\/\/escuelademagia.net\/wp-content\/uploads\/2025\/02\/boton-compra-ahora-300x87.png 300w, https:\/\/escuelademagia.net\/wp-content\/uploads\/2025\/02\/boton-compra-ahora-1024x297.png 1024w, https:\/\/escuelademagia.net\/wp-content\/uploads\/2025\/02\/boton-compra-ahora-768x223.png 768w, https:\/\/escuelademagia.net\/wp-content\/uploads\/2025\/02\/boton-compra-ahora-150x43.png 150w, https:\/\/escuelademagia.net\/wp-content\/uploads\/2025\/02\/boton-compra-ahora.png 1208w\" sizes=\"auto, (max-width: 238px) 100vw, 238px\" \/><\/a><\/p>\n","protected":false},"excerpt":{"rendered":"<p class=\"continue-reading-button\"> <a class=\"continue-reading-link\" href=\"https:\/\/escuelademagia.net\/ca\/taller-de-manipulacion-con-sebak\/\"><i class=\"crycon-right-dir\"><\/i><\/a><\/p>\n","protected":false},"author":1,"featured_media":0,"parent":0,"menu_order":0,"comment_status":"closed","ping_status":"closed","template":"","meta":{"_crdt_document":"","footnotes":""},"class_list":["post-8435","page","type-page","status-publish","hentry"],"translation":{"provider":"WPGlobus","version":"3.0.2","language":"ca","enabled_languages":["es","ca"],"languages":{"es":{"title":true,"content":true,"excerpt":false},"ca":{"title":false,"content":false,"excerpt":false}}},"yoast_head":"<!-- This site is optimized with the Yoast SEO plugin v27.3 - https:\/\/yoast.com\/product\/yoast-seo-wordpress\/ -->\n<title>Taller de manipulaci\u00f3n con Sebak - Escuela de Magia<\/title>\n<meta name=\"robots\" content=\"index, follow, max-snippet:-1, max-image-preview:large, max-video-preview:-1\" \/>\n<link rel=\"canonical\" href=\"https:\/\/escuelademagia.net\/taller-de-manipulacion-con-sebak\/\" \/>\n<meta property=\"og:locale\" content=\"ca_ES\" \/>\n<meta property=\"og:type\" content=\"article\" \/>\n<meta property=\"og:title\" content=\"Taller de manipulaci\u00f3n con Sebak - Escuela de Magia\" \/>\n<meta property=\"og:url\" content=\"https:\/\/escuelademagia.net\/taller-de-manipulacion-con-sebak\/\" \/>\n<meta property=\"og:site_name\" content=\"Escuela de Magia\" \/>\n<meta property=\"article:publisher\" content=\"https:\/\/www.facebook.com\/escuela3detrebol\" \/>\n<meta property=\"article:modified_time\" content=\"2026-04-09T16:20:07+00:00\" \/>\n<meta property=\"og:image\" content=\"https:\/\/escuelademagia.net\/wp-content\/uploads\/2026\/04\/Sin-titulo.jpeg\" \/>\n\t<meta property=\"og:image:width\" content=\"813\" \/>\n\t<meta property=\"og:image:height\" content=\"1150\" \/>\n\t<meta property=\"og:image:type\" content=\"image\/jpeg\" \/>\n<meta name=\"twitter:card\" content=\"summary_large_image\" \/>\n<meta name=\"twitter:label1\" content=\"Est. reading time\" \/>\n\t<meta name=\"twitter:data1\" content=\"1 minute\" \/>\n<script type=\"application\/ld+json\" class=\"yoast-schema-graph\">{\"@context\":\"https:\\\/\\\/schema.org\",\"@graph\":[{\"@type\":\"WebPage\",\"@id\":\"https:\\\/\\\/escuelademagia.net\\\/taller-de-manipulacion-con-sebak\\\/\",\"url\":\"https:\\\/\\\/escuelademagia.net\\\/taller-de-manipulacion-con-sebak\\\/\",\"name\":\"Taller de manipulaci\u00f3n con Sebak - Escuela de Magia\",\"isPartOf\":{\"@id\":\"https:\\\/\\\/escuelademagia.net\\\/#website\"},\"primaryImageOfPage\":{\"@id\":\"https:\\\/\\\/escuelademagia.net\\\/taller-de-manipulacion-con-sebak\\\/#primaryimage\"},\"image\":{\"@id\":\"https:\\\/\\\/escuelademagia.net\\\/taller-de-manipulacion-con-sebak\\\/#primaryimage\"},\"thumbnailUrl\":\"https:\\\/\\\/escuelademagia.net\\\/wp-content\\\/uploads\\\/2026\\\/04\\\/Sin-titulo-212x300.jpeg\",\"datePublished\":\"2026-04-09T15:49:48+00:00\",\"dateModified\":\"2026-04-09T16:20:07+00:00\",\"breadcrumb\":{\"@id\":\"https:\\\/\\\/escuelademagia.net\\\/taller-de-manipulacion-con-sebak\\\/#breadcrumb\"},\"inLanguage\":\"ca-ES\",\"potentialAction\":[{\"@type\":\"ReadAction\",\"target\":[\"https:\\\/\\\/escuelademagia.net\\\/taller-de-manipulacion-con-sebak\\\/\"]}]},{\"@type\":\"ImageObject\",\"inLanguage\":\"ca-ES\",\"@id\":\"https:\\\/\\\/escuelademagia.net\\\/taller-de-manipulacion-con-sebak\\\/#primaryimage\",\"url\":\"https:\\\/\\\/escuelademagia.net\\\/wp-content\\\/uploads\\\/2026\\\/04\\\/Sin-titulo-212x300.jpeg\",\"contentUrl\":\"https:\\\/\\\/escuelademagia.net\\\/wp-content\\\/uploads\\\/2026\\\/04\\\/Sin-titulo-212x300.jpeg\"},{\"@type\":\"BreadcrumbList\",\"@id\":\"https:\\\/\\\/escuelademagia.net\\\/taller-de-manipulacion-con-sebak\\\/#breadcrumb\",\"itemListElement\":[{\"@type\":\"ListItem\",\"position\":1,\"name\":\"Portada\",\"item\":\"https:\\\/\\\/escuelademagia.net\\\/\"},{\"@type\":\"ListItem\",\"position\":2,\"name\":\"Taller de manipulaci\u00f3n con Sebak\"}]},{\"@type\":\"WebSite\",\"@id\":\"https:\\\/\\\/escuelademagia.net\\\/#website\",\"url\":\"https:\\\/\\\/escuelademagia.net\\\/\",\"name\":\"{:es}Escuela de Magia{:}{:ca}Escola de M\u00e0gia{:}\",\"description\":\"Escola de M&Atilde;&nbsp;gia a Barcelona per aficionats i profesionals\",\"publisher\":{\"@id\":\"https:\\\/\\\/escuelademagia.net\\\/#organization\"},\"potentialAction\":[{\"@type\":\"SearchAction\",\"target\":{\"@type\":\"EntryPoint\",\"urlTemplate\":\"https:\\\/\\\/escuelademagia.net\\\/?s={search_term_string}\"},\"query-input\":{\"@type\":\"PropertyValueSpecification\",\"valueRequired\":true,\"valueName\":\"search_term_string\"}}],\"inLanguage\":\"ca-ES\"},{\"@type\":\"Organization\",\"@id\":\"https:\\\/\\\/escuelademagia.net\\\/#organization\",\"name\":\"{:es}Escuela de Magia{:}{:ca}Escola de M\u00e0gia{:}\",\"url\":\"https:\\\/\\\/escuelademagia.net\\\/\",\"logo\":{\"@type\":\"ImageObject\",\"inLanguage\":\"ca-ES\",\"@id\":\"https:\\\/\\\/escuelademagia.net\\\/#\\\/schema\\\/logo\\\/image\\\/\",\"url\":\"http:\\\/\\\/escuelademagia.net\\\/wp-content\\\/uploads\\\/2024\\\/10\\\/logo-3detrebol.jpg\",\"contentUrl\":\"http:\\\/\\\/escuelademagia.net\\\/wp-content\\\/uploads\\\/2024\\\/10\\\/logo-3detrebol.jpg\",\"width\":669,\"height\":568,\"caption\":\"{:es}Escuela de Magia{:}{:ca}Escola de M\u00e0gia{:}\"},\"image\":{\"@id\":\"https:\\\/\\\/escuelademagia.net\\\/#\\\/schema\\\/logo\\\/image\\\/\"},\"sameAs\":[\"https:\\\/\\\/www.facebook.com\\\/escuela3detrebol\",\"https:\\\/\\\/www.instagram.com\\\/escuelademagianet\\\/\"]}]}<\/script>\n<!-- \/ Yoast SEO plugin. -->","yoast_head_json":{"title":"Taller de manipulaci\u00f3n con Sebak - Escuela de Magia","robots":{"index":"index","follow":"follow","max-snippet":"max-snippet:-1","max-image-preview":"max-image-preview:large","max-video-preview":"max-video-preview:-1"},"canonical":"https:\/\/escuelademagia.net\/taller-de-manipulacion-con-sebak\/","og_locale":"ca_ES","og_type":"article","og_title":"Taller de manipulaci\u00f3n con Sebak - Escuela de Magia","og_url":"https:\/\/escuelademagia.net\/taller-de-manipulacion-con-sebak\/","og_site_name":"Escuela de Magia","article_publisher":"https:\/\/www.facebook.com\/escuela3detrebol","article_modified_time":"2026-04-09T16:20:07+00:00","og_image":[{"width":813,"height":1150,"url":"https:\/\/escuelademagia.net\/wp-content\/uploads\/2026\/04\/Sin-titulo.jpeg","type":"image\/jpeg"}],"twitter_card":"summary_large_image","twitter_misc":{"Est. reading time":"1 minute"},"schema":{"@context":"https:\/\/schema.org","@graph":[{"@type":"WebPage","@id":"https:\/\/escuelademagia.net\/taller-de-manipulacion-con-sebak\/","url":"https:\/\/escuelademagia.net\/taller-de-manipulacion-con-sebak\/","name":"Taller de manipulaci\u00f3n con Sebak - Escuela de Magia","isPartOf":{"@id":"https:\/\/escuelademagia.net\/#website"},"primaryImageOfPage":{"@id":"https:\/\/escuelademagia.net\/taller-de-manipulacion-con-sebak\/#primaryimage"},"image":{"@id":"https:\/\/escuelademagia.net\/taller-de-manipulacion-con-sebak\/#primaryimage"},"thumbnailUrl":"https:\/\/escuelademagia.net\/wp-content\/uploads\/2026\/04\/Sin-titulo-212x300.jpeg","datePublished":"2026-04-09T15:49:48+00:00","dateModified":"2026-04-09T16:20:07+00:00","breadcrumb":{"@id":"https:\/\/escuelademagia.net\/taller-de-manipulacion-con-sebak\/#breadcrumb"},"inLanguage":"ca-ES","potentialAction":[{"@type":"ReadAction","target":["https:\/\/escuelademagia.net\/taller-de-manipulacion-con-sebak\/"]}]},{"@type":"ImageObject","inLanguage":"ca-ES","@id":"https:\/\/escuelademagia.net\/taller-de-manipulacion-con-sebak\/#primaryimage","url":"https:\/\/escuelademagia.net\/wp-content\/uploads\/2026\/04\/Sin-titulo-212x300.jpeg","contentUrl":"https:\/\/escuelademagia.net\/wp-content\/uploads\/2026\/04\/Sin-titulo-212x300.jpeg"},{"@type":"BreadcrumbList","@id":"https:\/\/escuelademagia.net\/taller-de-manipulacion-con-sebak\/#breadcrumb","itemListElement":[{"@type":"ListItem","position":1,"name":"Portada","item":"https:\/\/escuelademagia.net\/"},{"@type":"ListItem","position":2,"name":"Taller de manipulaci\u00f3n con Sebak"}]},{"@type":"WebSite","@id":"https:\/\/escuelademagia.net\/#website","url":"https:\/\/escuelademagia.net\/","name":"{:es}Escuela de Magia{:}{:ca}Escola de M\u00e0gia{:}","description":"Escola de M&Atilde;&nbsp;gia a Barcelona per aficionats i profesionals","publisher":{"@id":"https:\/\/escuelademagia.net\/#organization"},"potentialAction":[{"@type":"SearchAction","target":{"@type":"EntryPoint","urlTemplate":"https:\/\/escuelademagia.net\/?s={search_term_string}"},"query-input":{"@type":"PropertyValueSpecification","valueRequired":true,"valueName":"search_term_string"}}],"inLanguage":"ca-ES"},{"@type":"Organization","@id":"https:\/\/escuelademagia.net\/#organization","name":"{:es}Escuela de Magia{:}{:ca}Escola de M\u00e0gia{:}","url":"https:\/\/escuelademagia.net\/","logo":{"@type":"ImageObject","inLanguage":"ca-ES","@id":"https:\/\/escuelademagia.net\/#\/schema\/logo\/image\/","url":"http:\/\/escuelademagia.net\/wp-content\/uploads\/2024\/10\/logo-3detrebol.jpg","contentUrl":"http:\/\/escuelademagia.net\/wp-content\/uploads\/2024\/10\/logo-3detrebol.jpg","width":669,"height":568,"caption":"{:es}Escuela de Magia{:}{:ca}Escola de M\u00e0gia{:}"},"image":{"@id":"https:\/\/escuelademagia.net\/#\/schema\/logo\/image\/"},"sameAs":["https:\/\/www.facebook.com\/escuela3detrebol","https:\/\/www.instagram.com\/escuelademagianet\/"]}]}},"_links":{"self":[{"href":"https:\/\/escuelademagia.net\/ca\/wp-json\/wp\/v2\/pages\/8435","targetHints":{"allow":["GET"]}}],"collection":[{"href":"https:\/\/escuelademagia.net\/ca\/wp-json\/wp\/v2\/pages"}],"about":[{"href":"https:\/\/escuelademagia.net\/ca\/wp-json\/wp\/v2\/types\/page"}],"author":[{"embeddable":true,"href":"https:\/\/escuelademagia.net\/ca\/wp-json\/wp\/v2\/users\/1"}],"replies":[{"embeddable":true,"href":"https:\/\/escuelademagia.net\/ca\/wp-json\/wp\/v2\/comments?post=8435"}],"version-history":[{"count":2,"href":"https:\/\/escuelademagia.net\/ca\/wp-json\/wp\/v2\/pages\/8435\/revisions"}],"predecessor-version":[{"id":8438,"href":"https:\/\/escuelademagia.net\/ca\/wp-json\/wp\/v2\/pages\/8435\/revisions\/8438"}],"wp:attachment":[{"href":"https:\/\/escuelademagia.net\/ca\/wp-json\/wp\/v2\/media?parent=8435"}],"curies":[{"name":"wp","href":"https:\/\/api.w.org\/{rel}","templated":true}]}}