{"id":97,"date":"2015-06-19T16:29:39","date_gmt":"2015-06-19T16:29:39","guid":{"rendered":"http:\/\/escuelademagia.com\/?page_id=97"},"modified":"2019-03-06T10:59:40","modified_gmt":"2019-03-06T10:59:40","slug":"curso-intensivo2-iniciacion-magia","status":"publish","type":"page","link":"https:\/\/escuelademagia.net\/ca\/cursos-de-magia\/curso-intensivo2-iniciacion-magia\/","title":{"rendered":"CURS D&#8217;INICIACI\u00d3 2 A LA M\u00c0GIA"},"content":{"rendered":"<div class=\"article-content\">\n<div id=\"attachment_478\" style=\"width: 369px\" class=\"wp-caption alignnone\"><a href=\"http:\/\/escuelademagia.net\/wp-content\/uploads\/2015\/06\/EGEA-WEB.jpg\"><img loading=\"lazy\" decoding=\"async\" aria-describedby=\"caption-attachment-478\" class=\" wp-image-478\" src=\"http:\/\/escuelademagia.net\/wp-content\/uploads\/2015\/06\/EGEA-WEB-300x220.jpg\" alt=\"SONY DSC\" width=\"359\" height=\"263\" srcset=\"https:\/\/escuelademagia.net\/wp-content\/uploads\/2015\/06\/EGEA-WEB-300x220.jpg 300w, https:\/\/escuelademagia.net\/wp-content\/uploads\/2015\/06\/EGEA-WEB-204x150.jpg 204w, https:\/\/escuelademagia.net\/wp-content\/uploads\/2015\/06\/EGEA-WEB-150x110.jpg 150w, https:\/\/escuelademagia.net\/wp-content\/uploads\/2015\/06\/EGEA-WEB.jpg 425w\" sizes=\"auto, (max-width: 359px) 100vw, 359px\" \/><\/a><p id=\"caption-attachment-478\" class=\"wp-caption-text\">Escuela de magia 3deTrebol<\/p><\/div>\n<p>Curs per a Adults que vulguin continuar despr\u00e9s del curs d&#8217;iniciaci\u00f3 a la M\u00e0gia (o acreditin el seu nivell), per tenir mes repertori, mes tecniques b\u00e0siques i mes t\u00e8cniques de presentaci\u00f3.<\/p>\n<ul>\n<li>Teoria M\u00e0gica<br \/>\nCartomagia o m\u00e0gia amb cartas<br \/>\nNumismagia o magia amb monedes<br \/>\nMagia amb cordes<br \/>\nM\u00e0gia amb gobelets<br \/>\nM\u00e0gia amb obj\u00e8ctes div\u00e8rses<br \/>\nLa m\u00e0gia de les esponges<\/li>\n<\/ul>\n<p><span style=\"color: #ff0000;\"><strong>Curs de 20 hores<\/strong><\/span><br \/>\nD<span style=\"color: #ff0000;\"><strong>IJOUS de 19,30H. a 21,30 h.<\/strong><\/span><br \/>\n<strong><span style=\"color: #ff0000;\">Preu:<\/span><\/strong> 80 \u20ac de matr\u00edcula i dos pagaments de 120 \u20ac.<br \/>\n<strong><span style=\"color: #ff0000;\">Comen\u00e7ament:<\/span> <\/strong><em>9 DE GENER 2018<br \/>\n<\/em><\/p>\n<p>Aprendr\u00e0s m\u00e9s de 100 jocs d&#8217;il\u00b7lusionisme<br \/>\nM\u00e9s de 100 t\u00e8cniques diferents amb diversos objectes<br \/>\ni coneixer\u00e0s 1 teoria de la M\u00e0gia imprescindible per fer bona M\u00e0gia<\/p>\n<p>Per a m\u00e9s informaci\u00f3 trucar al tel\u00e8fon<span style=\"color: #ff0000;\"><b> 932989572 de 16,30h a 20,30h., <\/b><\/span>o al<span style=\"color: #ff0000;\"><b> 696428407 <\/b><\/span>a qualsevol hora, o tamb\u00e9 pots omplir el formulari<\/p>\n\n<div class=\"wpcf7 no-js\" id=\"wpcf7-f7262-o1\" lang=\"es-ES\" dir=\"ltr\" data-wpcf7-id=\"7262\">\n<div class=\"screen-reader-response\"><p role=\"status\" aria-live=\"polite\" aria-atomic=\"true\"><\/p> <ul><\/ul><\/div>\n<form action=\"\/ca\/wp-json\/wp\/v2\/pages\/97#wpcf7-f7262-o1\" method=\"post\" class=\"wpcf7-form init\" aria-label=\"Contact form\" novalidate=\"novalidate\" data-status=\"init\">\n<fieldset class=\"hidden-fields-container\"><input type=\"hidden\" name=\"_wpcf7\" value=\"7262\" \/><input type=\"hidden\" name=\"_wpcf7_version\" value=\"6.1.5\" \/><input type=\"hidden\" name=\"_wpcf7_locale\" value=\"es_ES\" \/><input type=\"hidden\" name=\"_wpcf7_unit_tag\" value=\"wpcf7-f7262-o1\" \/><input type=\"hidden\" name=\"_wpcf7_container_post\" value=\"0\" \/><input type=\"hidden\" name=\"_wpcf7_posted_data_hash\" value=\"\" \/>\n<\/fieldset>\n<p><label> Tu nombre<br \/>\n<span class=\"wpcf7-form-control-wrap\" data-name=\"your-name\"><input size=\"40\" maxlength=\"400\" class=\"wpcf7-form-control wpcf7-text wpcf7-validates-as-required\" autocomplete=\"name\" aria-required=\"true\" aria-invalid=\"false\" value=\"\" type=\"text\" name=\"your-name\" \/><\/span> <\/label>\n<\/p>\n<p><label> Tu correo electr\u00f3nico<br \/>\n<span class=\"wpcf7-form-control-wrap\" data-name=\"your-email\"><input size=\"40\" maxlength=\"400\" class=\"wpcf7-form-control wpcf7-email wpcf7-validates-as-required wpcf7-text wpcf7-validates-as-email\" autocomplete=\"email\" aria-required=\"true\" aria-invalid=\"false\" value=\"\" type=\"email\" name=\"your-email\" \/><\/span> <\/label>\n<\/p>\n<p><label> Asunto<br \/>\n<span class=\"wpcf7-form-control-wrap\" data-name=\"your-subject\"><input size=\"40\" maxlength=\"400\" class=\"wpcf7-form-control wpcf7-text wpcf7-validates-as-required\" aria-required=\"true\" aria-invalid=\"false\" value=\"\" type=\"text\" name=\"your-subject\" \/><\/span> <\/label>\n<\/p>\n<p><label> Tu mensaje (opcional)<br \/>\n<span class=\"wpcf7-form-control-wrap\" data-name=\"your-message\"><textarea cols=\"40\" rows=\"10\" maxlength=\"2000\" class=\"wpcf7-form-control wpcf7-textarea\" aria-invalid=\"false\" name=\"your-message\"><\/textarea><\/span> <\/label>\n<\/p>\n<p><input class=\"wpcf7-form-control wpcf7-submit has-spinner\" type=\"submit\" value=\"Enviar\" \/>\n<\/p><div class=\"wpcf7-response-output\" aria-hidden=\"true\"><\/div>\n<\/form>\n<\/div>\n\n<\/div>\n","protected":false},"excerpt":{"rendered":"<p class=\"continue-reading-button\"> <a class=\"continue-reading-link\" href=\"https:\/\/escuelademagia.net\/ca\/cursos-de-magia\/curso-intensivo2-iniciacion-magia\/\"><i class=\"crycon-right-dir\"><\/i><\/a><\/p>\n","protected":false},"author":1,"featured_media":0,"parent":212,"menu_order":0,"comment_status":"closed","ping_status":"closed","template":"","meta":{"_crdt_document":"","footnotes":""},"class_list":["post-97","page","type-page","status-publish","hentry"],"translation":{"provider":"WPGlobus","version":"3.0.2","language":"ca","enabled_languages":["es","ca"],"languages":{"es":{"title":true,"content":true,"excerpt":false},"ca":{"title":true,"content":true,"excerpt":false}}},"yoast_head":"<!-- This site is optimized with the Yoast SEO plugin v27.4 - https:\/\/yoast.com\/product\/yoast-seo-wordpress\/ -->\n<title>CURS D&#039;INICIACI\u00d3 2 A LA M\u00c0GIA - Escuela de Magia<\/title>\n<meta name=\"robots\" content=\"index, follow, max-snippet:-1, max-image-preview:large, max-video-preview:-1\" \/>\n<link rel=\"canonical\" href=\"https:\/\/escuelademagia.net\/cursos-de-magia\/curso-intensivo2-iniciacion-magia\/\" \/>\n<meta property=\"og:locale\" content=\"ca_ES\" \/>\n<meta property=\"og:type\" content=\"article\" \/>\n<meta property=\"og:title\" content=\"CURS D&#039;INICIACI\u00d3 2 A LA M\u00c0GIA - Escuela de Magia\" \/>\n<meta property=\"og:url\" content=\"https:\/\/escuelademagia.net\/cursos-de-magia\/curso-intensivo2-iniciacion-magia\/\" \/>\n<meta property=\"og:site_name\" content=\"Escuela de Magia\" \/>\n<meta property=\"article:publisher\" content=\"https:\/\/www.facebook.com\/escuela3detrebol\" \/>\n<meta property=\"article:modified_time\" content=\"2019-03-06T10:59:40+00:00\" \/>\n<meta property=\"og:image\" content=\"http:\/\/escuelademagia.net\/wp-content\/uploads\/2015\/06\/EGEA-WEB-300x220.jpg\" \/>\n<meta name=\"twitter:card\" content=\"summary_large_image\" \/>\n<meta name=\"twitter:label1\" content=\"Est. reading time\" \/>\n\t<meta name=\"twitter:data1\" content=\"2 minutes\" \/>\n<script type=\"application\/ld+json\" class=\"yoast-schema-graph\">{\"@context\":\"https:\\\/\\\/schema.org\",\"@graph\":[{\"@type\":\"WebPage\",\"@id\":\"https:\\\/\\\/escuelademagia.net\\\/cursos-de-magia\\\/curso-intensivo2-iniciacion-magia\\\/\",\"url\":\"https:\\\/\\\/escuelademagia.net\\\/cursos-de-magia\\\/curso-intensivo2-iniciacion-magia\\\/\",\"name\":\"CURS D'INICIACI\u00d3 2 A LA M\u00c0GIA - Escuela de Magia\",\"isPartOf\":{\"@id\":\"https:\\\/\\\/escuelademagia.net\\\/#website\"},\"primaryImageOfPage\":{\"@id\":\"https:\\\/\\\/escuelademagia.net\\\/cursos-de-magia\\\/curso-intensivo2-iniciacion-magia\\\/#primaryimage\"},\"image\":{\"@id\":\"https:\\\/\\\/escuelademagia.net\\\/cursos-de-magia\\\/curso-intensivo2-iniciacion-magia\\\/#primaryimage\"},\"thumbnailUrl\":\"http:\\\/\\\/escuelademagia.net\\\/wp-content\\\/uploads\\\/2015\\\/06\\\/EGEA-WEB-300x220.jpg\",\"datePublished\":\"2015-06-19T16:29:39+00:00\",\"dateModified\":\"2019-03-06T10:59:40+00:00\",\"breadcrumb\":{\"@id\":\"https:\\\/\\\/escuelademagia.net\\\/cursos-de-magia\\\/curso-intensivo2-iniciacion-magia\\\/#breadcrumb\"},\"inLanguage\":\"ca-ES\",\"potentialAction\":[{\"@type\":\"ReadAction\",\"target\":[\"https:\\\/\\\/escuelademagia.net\\\/cursos-de-magia\\\/curso-intensivo2-iniciacion-magia\\\/\"]}]},{\"@type\":\"ImageObject\",\"inLanguage\":\"ca-ES\",\"@id\":\"https:\\\/\\\/escuelademagia.net\\\/cursos-de-magia\\\/curso-intensivo2-iniciacion-magia\\\/#primaryimage\",\"url\":\"http:\\\/\\\/escuelademagia.net\\\/wp-content\\\/uploads\\\/2015\\\/06\\\/EGEA-WEB-300x220.jpg\",\"contentUrl\":\"http:\\\/\\\/escuelademagia.net\\\/wp-content\\\/uploads\\\/2015\\\/06\\\/EGEA-WEB-300x220.jpg\"},{\"@type\":\"BreadcrumbList\",\"@id\":\"https:\\\/\\\/escuelademagia.net\\\/cursos-de-magia\\\/curso-intensivo2-iniciacion-magia\\\/#breadcrumb\",\"itemListElement\":[{\"@type\":\"ListItem\",\"position\":1,\"name\":\"Portada\",\"item\":\"https:\\\/\\\/escuelademagia.net\\\/\"},{\"@type\":\"ListItem\",\"position\":2,\"name\":\"CURSOS DE MAGIA\",\"item\":\"https:\\\/\\\/escuelademagia.net\\\/cursos-de-magia\\\/\"},{\"@type\":\"ListItem\",\"position\":3,\"name\":\"CURSO 2 DE INICIACION A LA MAGIA\"}]},{\"@type\":\"WebSite\",\"@id\":\"https:\\\/\\\/escuelademagia.net\\\/#website\",\"url\":\"https:\\\/\\\/escuelademagia.net\\\/\",\"name\":\"{:es}Escuela de Magia{:}{:ca}Escola de M\u00e0gia{:}\",\"description\":\"Escola de M&Atilde;&nbsp;gia a Barcelona per aficionats i profesionals\",\"publisher\":{\"@id\":\"https:\\\/\\\/escuelademagia.net\\\/#organization\"},\"potentialAction\":[{\"@type\":\"SearchAction\",\"target\":{\"@type\":\"EntryPoint\",\"urlTemplate\":\"https:\\\/\\\/escuelademagia.net\\\/?s={search_term_string}\"},\"query-input\":{\"@type\":\"PropertyValueSpecification\",\"valueRequired\":true,\"valueName\":\"search_term_string\"}}],\"inLanguage\":\"ca-ES\"},{\"@type\":\"Organization\",\"@id\":\"https:\\\/\\\/escuelademagia.net\\\/#organization\",\"name\":\"{:es}Escuela de Magia{:}{:ca}Escola de M\u00e0gia{:}\",\"url\":\"https:\\\/\\\/escuelademagia.net\\\/\",\"logo\":{\"@type\":\"ImageObject\",\"inLanguage\":\"ca-ES\",\"@id\":\"https:\\\/\\\/escuelademagia.net\\\/#\\\/schema\\\/logo\\\/image\\\/\",\"url\":\"http:\\\/\\\/escuelademagia.net\\\/wp-content\\\/uploads\\\/2024\\\/10\\\/logo-3detrebol.jpg\",\"contentUrl\":\"http:\\\/\\\/escuelademagia.net\\\/wp-content\\\/uploads\\\/2024\\\/10\\\/logo-3detrebol.jpg\",\"width\":669,\"height\":568,\"caption\":\"{:es}Escuela de Magia{:}{:ca}Escola de M\u00e0gia{:}\"},\"image\":{\"@id\":\"https:\\\/\\\/escuelademagia.net\\\/#\\\/schema\\\/logo\\\/image\\\/\"},\"sameAs\":[\"https:\\\/\\\/www.facebook.com\\\/escuela3detrebol\",\"https:\\\/\\\/www.instagram.com\\\/escuelademagianet\\\/\"]}]}<\/script>\n<!-- \/ Yoast SEO plugin. -->","yoast_head_json":{"title":"CURS D'INICIACI\u00d3 2 A LA M\u00c0GIA - Escuela de Magia","robots":{"index":"index","follow":"follow","max-snippet":"max-snippet:-1","max-image-preview":"max-image-preview:large","max-video-preview":"max-video-preview:-1"},"canonical":"https:\/\/escuelademagia.net\/cursos-de-magia\/curso-intensivo2-iniciacion-magia\/","og_locale":"ca_ES","og_type":"article","og_title":"CURS D'INICIACI\u00d3 2 A LA M\u00c0GIA - Escuela de Magia","og_url":"https:\/\/escuelademagia.net\/cursos-de-magia\/curso-intensivo2-iniciacion-magia\/","og_site_name":"Escuela de Magia","article_publisher":"https:\/\/www.facebook.com\/escuela3detrebol","article_modified_time":"2019-03-06T10:59:40+00:00","og_image":[{"url":"http:\/\/escuelademagia.net\/wp-content\/uploads\/2015\/06\/EGEA-WEB-300x220.jpg","type":"","width":"","height":""}],"twitter_card":"summary_large_image","twitter_misc":{"Est. reading time":"2 minutes"},"schema":{"@context":"https:\/\/schema.org","@graph":[{"@type":"WebPage","@id":"https:\/\/escuelademagia.net\/cursos-de-magia\/curso-intensivo2-iniciacion-magia\/","url":"https:\/\/escuelademagia.net\/cursos-de-magia\/curso-intensivo2-iniciacion-magia\/","name":"CURS D'INICIACI\u00d3 2 A LA M\u00c0GIA - Escuela de Magia","isPartOf":{"@id":"https:\/\/escuelademagia.net\/#website"},"primaryImageOfPage":{"@id":"https:\/\/escuelademagia.net\/cursos-de-magia\/curso-intensivo2-iniciacion-magia\/#primaryimage"},"image":{"@id":"https:\/\/escuelademagia.net\/cursos-de-magia\/curso-intensivo2-iniciacion-magia\/#primaryimage"},"thumbnailUrl":"http:\/\/escuelademagia.net\/wp-content\/uploads\/2015\/06\/EGEA-WEB-300x220.jpg","datePublished":"2015-06-19T16:29:39+00:00","dateModified":"2019-03-06T10:59:40+00:00","breadcrumb":{"@id":"https:\/\/escuelademagia.net\/cursos-de-magia\/curso-intensivo2-iniciacion-magia\/#breadcrumb"},"inLanguage":"ca-ES","potentialAction":[{"@type":"ReadAction","target":["https:\/\/escuelademagia.net\/cursos-de-magia\/curso-intensivo2-iniciacion-magia\/"]}]},{"@type":"ImageObject","inLanguage":"ca-ES","@id":"https:\/\/escuelademagia.net\/cursos-de-magia\/curso-intensivo2-iniciacion-magia\/#primaryimage","url":"http:\/\/escuelademagia.net\/wp-content\/uploads\/2015\/06\/EGEA-WEB-300x220.jpg","contentUrl":"http:\/\/escuelademagia.net\/wp-content\/uploads\/2015\/06\/EGEA-WEB-300x220.jpg"},{"@type":"BreadcrumbList","@id":"https:\/\/escuelademagia.net\/cursos-de-magia\/curso-intensivo2-iniciacion-magia\/#breadcrumb","itemListElement":[{"@type":"ListItem","position":1,"name":"Portada","item":"https:\/\/escuelademagia.net\/"},{"@type":"ListItem","position":2,"name":"CURSOS DE MAGIA","item":"https:\/\/escuelademagia.net\/cursos-de-magia\/"},{"@type":"ListItem","position":3,"name":"CURSO 2 DE INICIACION A LA MAGIA"}]},{"@type":"WebSite","@id":"https:\/\/escuelademagia.net\/#website","url":"https:\/\/escuelademagia.net\/","name":"{:es}Escuela de Magia{:}{:ca}Escola de M\u00e0gia{:}","description":"Escola de M&Atilde;&nbsp;gia a Barcelona per aficionats i profesionals","publisher":{"@id":"https:\/\/escuelademagia.net\/#organization"},"potentialAction":[{"@type":"SearchAction","target":{"@type":"EntryPoint","urlTemplate":"https:\/\/escuelademagia.net\/?s={search_term_string}"},"query-input":{"@type":"PropertyValueSpecification","valueRequired":true,"valueName":"search_term_string"}}],"inLanguage":"ca-ES"},{"@type":"Organization","@id":"https:\/\/escuelademagia.net\/#organization","name":"{:es}Escuela de Magia{:}{:ca}Escola de M\u00e0gia{:}","url":"https:\/\/escuelademagia.net\/","logo":{"@type":"ImageObject","inLanguage":"ca-ES","@id":"https:\/\/escuelademagia.net\/#\/schema\/logo\/image\/","url":"http:\/\/escuelademagia.net\/wp-content\/uploads\/2024\/10\/logo-3detrebol.jpg","contentUrl":"http:\/\/escuelademagia.net\/wp-content\/uploads\/2024\/10\/logo-3detrebol.jpg","width":669,"height":568,"caption":"{:es}Escuela de Magia{:}{:ca}Escola de M\u00e0gia{:}"},"image":{"@id":"https:\/\/escuelademagia.net\/#\/schema\/logo\/image\/"},"sameAs":["https:\/\/www.facebook.com\/escuela3detrebol","https:\/\/www.instagram.com\/escuelademagianet\/"]}]}},"_links":{"self":[{"href":"https:\/\/escuelademagia.net\/ca\/wp-json\/wp\/v2\/pages\/97","targetHints":{"allow":["GET"]}}],"collection":[{"href":"https:\/\/escuelademagia.net\/ca\/wp-json\/wp\/v2\/pages"}],"about":[{"href":"https:\/\/escuelademagia.net\/ca\/wp-json\/wp\/v2\/types\/page"}],"author":[{"embeddable":true,"href":"https:\/\/escuelademagia.net\/ca\/wp-json\/wp\/v2\/users\/1"}],"replies":[{"embeddable":true,"href":"https:\/\/escuelademagia.net\/ca\/wp-json\/wp\/v2\/comments?post=97"}],"version-history":[{"count":21,"href":"https:\/\/escuelademagia.net\/ca\/wp-json\/wp\/v2\/pages\/97\/revisions"}],"predecessor-version":[{"id":3359,"href":"https:\/\/escuelademagia.net\/ca\/wp-json\/wp\/v2\/pages\/97\/revisions\/3359"}],"up":[{"embeddable":true,"href":"https:\/\/escuelademagia.net\/ca\/wp-json\/wp\/v2\/pages\/212"}],"wp:attachment":[{"href":"https:\/\/escuelademagia.net\/ca\/wp-json\/wp\/v2\/media?parent=97"}],"curies":[{"name":"wp","href":"https:\/\/api.w.org\/{rel}","templated":true}]}}